{"id":77,"date":"2016-11-22T20:36:10","date_gmt":"2016-11-22T19:36:10","guid":{"rendered":"http:\/\/blog.uclm.es\/ignacioforcada\/?page_id=77"},"modified":"2016-11-22T20:36:10","modified_gmt":"2016-11-22T19:36:10","slug":"publicaciones","status":"publish","type":"page","link":"https:\/\/blog.uclm.es\/ignacioforcada\/publicaciones\/","title":{"rendered":"PUBLICACIONES"},"content":{"rendered":"<p>A.- LIBROS<\/p>\n<p>&#8211;\tFERN\u00c1NDEZ TOM\u00c1S, A., S\u00c1NCHEZ LEGIDO, A., ORTEGA TEROL, J.M., MART\u00cdNEZ CARMENA, M., BALLESTEROS MOYA, V., y FORCADA BARONA, I. (2015), Curso de derecho internacional p\u00fablico, Valencia, Tirant Lo Blanc, ISBN: 978-84-9086-817-1.<\/p>\n<p>&#8211;\tFORCADA BARONA, I. (2012), Curso b\u00e1sico de Derecho internacional p\u00fablico, Albacete, Ediciones QVE, 2016 Edici\u00f3n corregida y ampliada, ISBN: 978-84-15546-42-9. 175 p.<\/p>\n<p>&#8211;\tFERN\u00c1NDEZ TOM\u00c1S, A., S\u00c1NCHEZ LEGIDO, A., ORTEGA TEROL, J.M. y FORCADA BARONA, I. (2011), Lecciones de Derecho Internacional P\u00fablico, Valencia, Tirant Lo Blanc. ISBN: 978-84-9004-070-6.<\/p>\n<p>&#8211;\tFORCADA BARONA, I. (2011), <a href=\"https:\/\/papers.ssrn.com\/sol3\/papers.cfm?abstract_id=2715752\" target=\"_blank\" rel=\"noopener\">Derecho Internacional y Justicia Transicional. Cuando el derecho se convierte en religi\u00f3n<\/a>, Madrid, Thomson Reuters\/Civitas. ISBN: 978-84-470-3582-3.<\/p>\n<p>&#8211;\tFERNANDEZ TOMAS, A., SANCHEZ LEGIDO, A., HUESA VINAIXA, R., FORCADA BARONA, I. (2000), 2\u00aa ED., Instituciones de Derecho Comunitario (Institutions of the European Community), Valencia, Tirant Lo Blanc, 319 p\u00e1gs. ISBN: 84-8442-048-5. <\/p>\n<p>&#8211;\tFORCADA BARONA, I. (1996), <a href=\"https:\/\/papers.ssrn.com\/sol3\/papers.cfm?abstract_id=2718382\" target=\"_blank\" rel=\"noopener\">El condicionamiento pol\u00edtico y econ\u00f3mico de la Ayuda Oficial al Desarrollo<\/a> (The Political and Economic Conditionality of Development Assistance), Valencia, Tirant Lo Blanc. ISBN: 84-8002-334-1. 317 p.<\/p>\n<p>&#8211;\tFERNANDEZ TOMAS, A., SANCHEZ LEGIDO, A., HUESA VINAIXA, R., FORCADA BARONA, I. (1996),  Instituciones de Derecho Comunitario ( Institutions of the European Community), Valencia, Tirant Lo Blanc. 262 p. ISBN: 84-8002-343-0.<\/p>\n<p>B.- CAP\u00cdTULOS DE OBRAS COLECTIVOS<\/p>\n<p>&#8211;\tFORCADA BARONA, I. (2016), <a href=\"https:\/\/papers.ssrn.com\/sol3\/papers.cfm?abstract_id=2874741\" target=\"_blank\" rel=\"noopener\">La adaptaci\u00f3n del grado en derecho de la Universidad de Castilla-La Mancha al Espacio Europeo de Educaci\u00f3n Superior: el medio es el mensaje<\/a>, Valencia, Tirant Lo Blanc, ISBN 978-84-9143-496-2.<\/p>\n<p>&#8211;\tFORCADA BARONA, I. (2013), <a href=\"https:\/\/papers.ssrn.com\/sol3\/papers.cfm?abstract_id=2715744\" target=\"_blank\" rel=\"noopener\">\u201cLa cooperaci\u00f3n al desarrollo en la Uni\u00f3n Europea y en Naciones Unidas: 2015, el final de la escapada\u201d<\/a>, en BLANC ALTEMIR, A. (2013), Las relaciones entre las Naciones Unidas y la Uni\u00f3n Europea: seguridad, cooperaci\u00f3n y derechos humanos\u201d, pp. 334 \u2013 347, Madrid, Tecnos. ISBN 978-84-3095-856-6.<\/p>\n<p>&#8211;\tFORCADA BARONA, I. (2012), <a href=\"https:\/\/papers.ssrn.com\/sol3\/papers.cfm?abstract_id=2715700\" target=\"_blank\" rel=\"noopener\">\u201cLos problemas que plantea la aplicaci\u00f3n del Derecho Internacional penal al conflicto palestino-israel\u00ed: un ejemplo extra\u00eddo de la doctrina espa\u00f1ola del Derecho Internacional\u201d<\/a>, en HUESA VINAIXA, R. (Coord.), Entre la excepci\u00f3n jur\u00eddica y la irrelevancia del derecho. Estudios de Derecho internacional en torno al conflicto palestino-israel\u00ed, Valencia, Tirant Lo Blanc, ISBN: 978 84 9004 737 8, pp. 177-259.<\/p>\n<p>&#8211;\tFORCADA BARONA, I. (2012), <a href=\"https:\/\/papers.ssrn.com\/sol3\/papers.cfm?abstract_id=2715739\" target=\"_blank\" rel=\"noopener\">\u201cLa influencia de la religi\u00f3n cat\u00f3lica en la doctrina internacionalista espa\u00f1ola del per\u00edodo de entreguerras (1918-1939)\u201d<\/a>, en DE LA RASILLA, I. y GAMARRA, Y. (Coord.), Historia del pensamiento iusinternacionalista espa\u00f1ol del siglo XX. Vol. I: en el umbral del 36, pp. 231 \u2013 287, Madrid, Thomson Reuters Aranzadi, ISBN 978-84-9014-320-9.<\/p>\n<p>&#8211;\tFORCADA BARONA, I. (2011), <a href=\"https:\/\/papers.ssrn.com\/sol3\/papers.cfm?abstract_id=2715698\" target=\"_blank\" rel=\"noopener\">\u201cLas relaciones exteriores de la Uni\u00f3n Europea\u201d<\/a>, en DE LA SIERRA, S. y ORTEGA, L. (Dir.), Estudios de la Uni\u00f3n Europea, Servicio de Publicaciones de la Universidad de Castilla-La Mancha. ISBN: 978-84-693-8768-9.<\/p>\n<p>&#8211;\tFORCADA BARONA, I., (2009), <a href=\"https:\/\/papers.ssrn.com\/sol3\/papers.cfm?abstract_id=2715676\" target=\"_blank\" rel=\"noopener\">\u201cLa contribuci\u00f3n del feminismo al desarrollo progresivo de un derecho internacional democr\u00e1tico y participativo\u201d<\/a>, en GALLEGO DUR\u00c1N, M. (Coord.), GARC\u00cdA GUTI\u00c9RREZ, R. Y GILES CARNERO, R. (eds.), G\u00e9nero, Ciudadan\u00eda y Globalizaci\u00f3n, Sevilla, Ediciones Alfar, pp. 253-287. ISBN: 978-84-7898-291-2.<\/p>\n<p>&#8211;\t FORCADA BARONA, I. (2008), <a href=\"https:\/\/papers.ssrn.com\/sol3\/papers.cfm?abstract_id=2715518\" target=\"_blank\" rel=\"noopener\">\u201cObservando elecciones en Palestina: el derecho internacional, la psicolog\u00eda evolutiva, la selecci\u00f3n cultural  y los viejos rostros de la hipocres\u00eda imperial (o de qu\u00e9 ocurre en la pr\u00e1ctica cuando interseccionan sistemas en el ordenamiento jur\u00eddico internacional)\u201d<\/a>, en HUESA VINAIXA, R. (Coord.), Derechos Humanos, Responsabilidad internacional y Seguridad Colectiva. Intersecci\u00f3n de Sistemas. Estudios en Homenaje al profesor Eloy Ruiloba Santana, Madrid, Marcial Pons, pp. 327-378. ISBN: 978-84-9768-501-6.<\/p>\n<p>&#8211;\tFORCADA BARONA, I. (2008), \u201cEl condicionamiento pol\u00edtico de la ayuda oficial al desarrollo en la Uni\u00f3n Europea\u201d, en ALDECOA LUZ\u00c1RRAGA, F. (Coord.), Los Tratados de Roma en su cincuenta aniversario: perspectivas desde la Asociaci\u00f3n Espa\u00f1ola de Profesores de Derecho Internacional y Relaciones Internacionales, Madrid, Marcial Pons, pp. 1211-1228, ISBN: 978-84-9768-517-7.<\/p>\n<p>&#8211;\tFORCADA BARONA, I. (2008), <a href=\"https:\/\/papers.ssrn.com\/sol3\/papers.cfm?abstract_id=2715693\" target=\"_blank\" rel=\"noopener\">\u00abLa coordinaci\u00f3n entre donantes y receptores de Ayuda Oficial al Desarrollo. El caso de Mozambique\u00bb<\/a> (Coordination between aid givers and aid receivers. The case of Mozambique), en J. J. MAR\u00cdN L\u00d3PEZ (Coord.), Libro Homenaje al Prof. Iv\u00e1n Trujillo D\u00edez, Cuenca, Servicio de Publicaciones de la UCLM, pp. 117-158.<\/p>\n<p>&#8211;\tFORCADA BARONA, I. (2006), <a href=\"https:\/\/papers.ssrn.com\/sol3\/papers.cfm?abstract_id=2715510\" target=\"_blank\" rel=\"noopener\">\u201cOrganizaci\u00f3n de las Naciones Unidas: liquidaci\u00f3n por derribo\u201d<\/a> (United Nations: Liquidation for demolition), en SANROMA, J. y D\u00cdAZ REVORIO, F.J., Armas y Letras. La guerra y el derecho en el IV Centenario del Quijote, Madrid, Marcial Pons Historia\/Consejo Consultivo de Castilla-La Mancha, pp. 321-324, ISBN: 84-96467-24-4<\/p>\n<p>&#8211;\tFORCADA BARONA, I. (2006), <a href=\"https:\/\/papers.ssrn.com\/sol3\/papers.cfm?abstract_id=2715512\" target=\"_blank\" rel=\"noopener\">\u201cIntervenciones de las fuerzas armadas espa\u00f1olas fuera del territorio nacional desde el final de la guerra fr\u00eda: ensayo de catalogaci\u00f3n\u201d<\/a> (Military Interventions of Spanish Armed Forces after the Cold War: a Classification), en SANROMA, J. y D\u00cdAZ REVORIO, F.J., Armas y Letras. La guerra y el derecho en el IV Centenario del Quijote, Madrid, Marcial Pons Historia\/Consejo Consultivo de Castilla-La Mancha, pp. 341-346, ISBN: 84-96467-24-4<\/p>\n<p>&#8211;\tFORCADA BARONA, I. (2006), <a href=\"https:\/\/papers.ssrn.com\/sol3\/papers.cfm?abstract_id=2715504\" target=\"_blank\" rel=\"noopener\">\u201cA Renewed Place for Doctrine as the Source of International Law in a Time of Fragmentation. A Commentaire\u201d<\/a> en HUESA VINAIXA, R. y WELLENS, K. (eds.), L\u2019influence des sources sur l\u2019unit\u00e9 et la fragmentation du droit international, Travaux du s\u00e9minaire tenu \u00e0 Palma, les 20-21 mai 2005, Bruselas, Bruylant, pp. 263-269. ISBN: 2-8027-2194-1.<\/p>\n<p>C.- ART\u00cdCULOS EN REVISTAS ESPECIALIZADAS\t<\/p>\n<p>&#8211;\tFORCADA BARONA, I. (2012), <a href=\"https:\/\/papers.ssrn.com\/sol3\/papers.cfm?abstract_id=2715704\" target=\"_blank\" rel=\"noopener\">\u00abEspa\u00f1a, la Uni\u00f3n Europea y las revoluciones en el mundo \u00e1rabe: entre la apariencia y la realidad\u00bb<\/a>, Revista Internacional de Pensamiento Pol\u00edtico, vol. 7, pp. 13-25.<\/p>\n<p>&#8211;\tFORCADA BARONA, I. (2006),<a href=\"https:\/\/papers.ssrn.com\/sol3\/papers.cfm?abstract_id=952295\" target=\"_blank\" rel=\"noopener\"> \u201cEl ordenamiento jur\u00eddico internacional entre el caos y el orden: consecuencias de la fragmentaci\u00f3n del \u201csistema\u201d para una docencia socialmente significativa\u201d<\/a> (International Legal System between Chaos and Order: Consequences of the System\u2019s Fragmentation for a Socially Meaningful Teaching, REEI, n\u00ba 11.<br \/>\n&#8211;\tFORCADA BARONA, I. (2001), <a href=\"https:\/\/papers.ssrn.com\/sol3\/papers.cfm?abstract_id=1856466\" target=\"_blank\" rel=\"noopener\">\u201cLa ense\u00f1anza del Derecho Internacional P\u00fablico en Espa\u00f1a: una perspectiva desde el an\u00e1lisis cr\u00edtico del discurso\u201d<\/a> (International Legal Education in Spain: a Critical Discourse Analisys Perspective), REEI, n\u00ba 3. <\/p>\n<p>&#8211;\tFORCADA BARONA, I. (1999), <a href=\"https:\/\/papers.ssrn.com\/sol3\/papers.cfm?abstract_id=2715481\" target=\"_blank\" rel=\"noopener\">\u201cEl concepto de Derecho Internacional P\u00fablico en el umbral del siglo XXI: la \u201cNueva Corriente\u201d <\/a>(The concept of International Law at the beginning of the XXI century: The New Stream), Anuario Argentino de Derecho Internacional,  vol. IX, 1999, pp. 181-220.<\/p>\n<p>&#8211;\tFORCADA BARONA, I. (1998), <a href=\"https:\/\/papers.ssrn.com\/sol3\/papers.cfm?abstract_id=1024111\" target=\"_blank\" rel=\"noopener\">\u201cLa evoluci\u00f3n de los principios jur\u00eddicos que rigen la explotaci\u00f3n de los recursos econ\u00f3micos de los fondos marinos y del alta mar: retorno a la soberan\u00eda\u201d<\/a> (The Evolution of the Legal Principles Governing the Exploitation of the Economic Resources of the Sea-Bed Area and the High Seas: Back to Sovereignty), Anuario de Derecho Internacional, vol. XIV.<\/p>\n<p>&#8211;\tFORCADA BARONA, I. (1996), <a href=\"https:\/\/papers.ssrn.com\/sol3\/papers.cfm?abstract_id=2715474\" target=\"_blank\" rel=\"noopener\">\u00abEl condicionamiento pol\u00edtico de la ayuda al desarrollo en la Uni\u00f3n Europea\u00bb<\/a> (Political Conditionality of Development  Assistance in the European Union), Gaceta Jur\u00eddica de la Uni\u00f3n  Europea, serie D, n\u00ba 25, p. 291-327.<\/p>\n<p>&#8211;\tFORCADA BARONA, I. (1995),<a href=\"https:\/\/papers.ssrn.com\/sol3\/papers.cfm?abstract_id=2715459\" target=\"_blank\" rel=\"noopener\"> \u00abLa Ayuda Oficial al Desarrollo en Espa\u00f1a: dos prioridades para el futuro\u00bb<\/a> (Official Development Aid in Spain: Two Priorities  for the Future\u00bb), Tiempo de Paz, n\u00ba 37-38, p. 60-71.<\/p>\n<p>D.- TRADUCCIONES<\/p>\n<p>&#8211;\tKENNEDY, D. (2002), Rompiendo moldes en el Derecho Internacional: Cuando la renovaci\u00f3n es repetici\u00f3n, Madrid, Dykinson. ISBN: 84-8155-903-2.<\/p>\n<p>&#8211;\tBERMAN, N. (2012), \u201cEntre la alianza y la localizaci\u00f3n: el nacionalismo y el nuevo oscilacionismo\u201d, en DE LA RASILLA, I. y GAMARRA, Y. (Coord.) (2012), Historia del pensamiento iusinternacionalista espa\u00f1ol del siglo XX. Vol. I: en el umbral del 36, pp. 231 \u2013 287, Thomson Reuters Aranzadi, ISBN 978-84-9014-pp. 333 &#8211; 373. <\/p>\n","protected":false},"excerpt":{"rendered":"<p>A.- LIBROS &#8211; FERN\u00c1NDEZ TOM\u00c1S, A., S\u00c1NCHEZ LEGIDO, A., ORTEGA TEROL, J.M., MART\u00cdNEZ CARMENA, M., BALLESTEROS MOYA, V., y FORCADA BARONA, I. (2015), Curso de derecho internacional p\u00fablico, Valencia, Tirant Lo Blanc, ISBN: 978-84-9086-817-1. &#8211; FORCADA BARONA, I. (2012), Curso &hellip; <a href=\"https:\/\/blog.uclm.es\/ignacioforcada\/publicaciones\/\">Sigue leyendo <span class=\"meta-nav\">&rarr;<\/span><\/a><\/p>\n","protected":false},"author":83,"featured_media":0,"parent":0,"menu_order":0,"comment_status":"closed","ping_status":"closed","template":"","meta":{"footnotes":""},"class_list":["post-77","page","type-page","status-publish","hentry"],"_links":{"self":[{"href":"https:\/\/blog.uclm.es\/ignacioforcada\/wp-json\/wp\/v2\/pages\/77","targetHints":{"allow":["GET"]}}],"collection":[{"href":"https:\/\/blog.uclm.es\/ignacioforcada\/wp-json\/wp\/v2\/pages"}],"about":[{"href":"https:\/\/blog.uclm.es\/ignacioforcada\/wp-json\/wp\/v2\/types\/page"}],"author":[{"embeddable":true,"href":"https:\/\/blog.uclm.es\/ignacioforcada\/wp-json\/wp\/v2\/users\/83"}],"replies":[{"embeddable":true,"href":"https:\/\/blog.uclm.es\/ignacioforcada\/wp-json\/wp\/v2\/comments?post=77"}],"version-history":[{"count":0,"href":"https:\/\/blog.uclm.es\/ignacioforcada\/wp-json\/wp\/v2\/pages\/77\/revisions"}],"wp:attachment":[{"href":"https:\/\/blog.uclm.es\/ignacioforcada\/wp-json\/wp\/v2\/media?parent=77"}],"curies":[{"name":"wp","href":"https:\/\/api.w.org\/{rel}","templated":true}]}}