{"id":75,"date":"2016-11-22T20:32:56","date_gmt":"2016-11-22T19:32:56","guid":{"rendered":"http:\/\/blog.uclm.es\/ignacioforcada\/?page_id=75"},"modified":"2016-11-22T20:32:56","modified_gmt":"2016-11-22T19:32:56","slug":"proyectos-de-investigacion","status":"publish","type":"page","link":"https:\/\/blog.uclm.es\/ignacioforcada\/proyectos-de-investigacion\/","title":{"rendered":"PROYECTOS DE INVESTIGACI\u00d3N"},"content":{"rendered":"<p>1. T\u00edtulo: <strong>Los muros y el derecho internacional contempor\u00e1neo: implicaciones para la seguridad, la dignidad de la persona y el desarrollo sostenible <\/strong>(DER2015-65486-R) <\/p>\n<p>Entidad financiadora: Ministerio de Econom\u00eda y Competitividad. Secretar\u00eda de Estado de Investigaci\u00f3n, Desarrollo e Innovaci\u00f3n<br \/>\nEntidad participantes: Universidad de M\u00e1laga. Universidad de las Islas Baleares. Universidad del Pa\u00eds Vasco. Universidad de Castilla-La Mancha<br \/>\nDuraci\u00f3n desde: 01\/01\/2016 . hasta: 31\/12\/2018 . Cuant\u00eda de la subvenci\u00f3n : 17.000,00<br \/>\nCar\u00e1cter: Nacional<br \/>\nAutores: Alonso Moreda, Nicolas; Ballesteros Moya, Maria Vanessa; Bollo Arocena, Mar\u00cda Dolores; Fernandez Tomas, Antonio Francisco; Forcada Barona, Ignacio; Huesa Vinaixa, Rosario; Iruretagoiena Agirrezabalaga, I\u00d1igo; Martinez Carmena, Maria; Ortega Terol, Juan Miguel; Salinas De Frias, Ana Mar\u00cda; Sanchez Legido, Angel; Soroeta Liceras, Juan; Janer Torrens, Joan David; Capell\u00c1 Roig, Margalida.   <\/p>\n<p>2. T\u00edtulo: <strong>La dimensi\u00f3n internacional de las transformaciones pol\u00edticas en el mundo \u00e1rabe (CSO2014-52998-C3-3-P)<\/strong> <\/p>\n<p>Entidad financiadora: Ministerio de Econom\u00eda y Competitividad. Secretar\u00eda de Estado de I+D+I<br \/>\nEntidad participantes:  Universidad de Castilla-La Mancha<br \/>\nDuraci\u00f3n desde: 01\/01\/2015 . hasta: 31\/12\/2017 . Cuant\u00eda de la subvenci\u00f3n : 37.510,00<br \/>\nCar\u00e1cter: Nacional<br \/>\nAutores: Hernando De Larramendi Martinez, Miguel; Forcada Barona, Ignacio; Azaola Piazza, B\u00e1rbara<\/p>\n<p>3. T\u00edtulo: <strong>Seguridad, derechos humanos y desarrollo sostenible como l\u00edmites a la transferencia internacional de armamentos <\/strong>(DER 2012-35049) <\/p>\n<p>Entidad financiadora: Ministerio de Econom\u00eda y Competitividad<br \/>\nEntidad participantes: Universidad de Castilla-La Mancha, Universidad del Pa\u00eds Vasco, Universidad de las Islas Baleares, Universidad de M\u00e1laga<br \/>\nDuraci\u00f3n desde: 01\/01\/2013 . hasta: 31\/12\/2015 . Cuant\u00eda de la subvenci\u00f3n : 18.000,00<br \/>\nCar\u00e1cter: Nacional<br \/>\nAutores: Forcada Barona, Ignacio; Sanchez Legido, Angel; Fernandez Tomas, Antonio Francisco; Ballesteros Moya, Maria Vanessa; Martinez Carmena, Maria; Ortega Terol, Juan Miguel; Huesa Vinaixa, Rosario; Rup\u00d1erez Cornell, Pilar; Soroeta Liceras, Juan; Iruretagoiena Agirrezabalaga, I\u00d1igo; Bollo Arocena, Mar\u00cda Dolores; Alonso Moreda, Nicolas; Abalde Cantero, Oscar; Capell\u00c1 Roig, Margalida; Salinas De Frias, Ana Mar\u00cda; Quel Lopez, Javier  <\/p>\n<p>4. T\u00edtulo: <strong>El pensamiento iusinternacionalista espa\u00f1ol del siglo XX. Historia del derecho internacional en Espa\u00f1a, Europa y Latinoam\u00e9rica, 1914-1953 (DER-2010\/16350)<\/strong> <\/p>\n<p>Entidad financiadora: Ministerio de Ciencia e Innovaci\u00f3n<br \/>\nEntidad participantes: Universidad de Zaragoza, Universidad de Sevilla, Universidad Pablo de Olavide, Universidad Carlos III, Universidad Complutense, Universidad de Helsinki, Brown University<br \/>\nDuraci\u00f3n desde: 01\/10\/2010 . hasta: 30\/09\/2012 . Cuant\u00eda de la subvenci\u00f3n : 20.000,00<br \/>\nCar\u00e1cter: Nacional<br \/>\nAutores: Gamarra Chopo, Yolanda; El\u00f3segui Ichaso, Mar\u00cda; Gil Cremades, Juan Jos\u00e9; Contreras Pel\u00e1ez, Francisco Jos\u00e9; De La Rasilla Del Moral, Ignacio; Koskenniemi , Martti; Berman , Nathaniel; Oliva Mart\u00ednez, Juan Daniel; Forcada Barona, Ignacio  <\/p>\n<p>5. T\u00edtulo: <strong>La educaci\u00f3n para la paz como medio de prevenci\u00f3n de la violencia en el seno de la familia <\/strong><\/p>\n<p>Entidad financiadora: Universidad de Alcal\u00e1<br \/>\nEntidad participantes: Universidad del Istmo (Guatemala) y Universidad Americana de Managua<br \/>\nDuraci\u00f3n desde: 01\/06\/2010 . hasta: 30\/06\/2011 . Cuant\u00eda de la subvenci\u00f3n : 32.400,00<br \/>\nCar\u00e1cter: Regional<br \/>\nAutores: Velasco Retamosa, J.M.; Crespo Garrido, Mar\u00eda; Forcada Barona, Ignacio; Cuartero Rubio, Mar\u00eda Victoria  <\/p>\n<p>6. T\u00edtulo: <strong>Acci\u00f3n complementaria a la investigaci\u00f3n en el \u00e1mbito universitario asociada al proyecto Educaci\u00f3n para la paz como medio de prevenci\u00f3n de la violencia en el seno de la familia <\/strong><\/p>\n<p>Entidad financiadora: Instituto de la Mujer<br \/>\nEntidad participantes: Universidad de Alcal\u00e1, Universidad del Istmo (Guatemala) y Universidad Americana de Managua<br \/>\nDuraci\u00f3n desde: 01\/06\/2010 . hasta: 30\/06\/2011 . Cuant\u00eda de la subvenci\u00f3n : 25.000,00<br \/>\nCar\u00e1cter: Nacional<br \/>\nAutores: Velasco Retamosa, J.M; Cuartero Rubio, Mar\u00eda Victoria; Forcada Barona, Ignacio; Crespo Garrido, Mar\u00eda  <\/p>\n<p>7. T\u00edtulo: <strong>Acci\u00f3n especial destinada al fomento de la investigaci\u00f3n y desarrollo tecnol\u00f3gico asociada al proyecto de investigaci\u00f3n Educaci\u00f3n para la paz como medio de prevenci\u00f3n de la violencia en el seno de la familia <\/strong><\/p>\n<p>Entidad financiadora: Junta de Comunidades de Castilla-La Mancha<br \/>\nDuraci\u00f3n desde: 01\/06\/2010 . hasta: 30\/06\/2011 . Cuant\u00eda de la subvenci\u00f3n : 2.000,00<br \/>\nCar\u00e1cter: Regional<br \/>\nAutores: Cuartero Rubio, Maria Victoria; Velasco Retamosa, J.M; Forcada Barona, Ignacio; Crespo Garrido, Mar\u00eda <\/p>\n<p>8. T\u00edtulo: <strong>Imperatividad y normatividad relativa en la dial\u00e9ctica entre seguridad colectiva y derechos humanos (aspectos problem\u00e1ticos de la constitucionalizaci\u00f3n del orden jur\u00eddico internacional)(DER2009-09566)<br \/>\n<\/strong><\/p>\n<p>Entidad financiadora: Ministerio de Ciencia e Innovaci\u00f3n<br \/>\nEntidad participantes: Universidad de Castilla-La Mancha, Universidad de las Islas Baleares, Universidad del Pa\u00eds Vasco<br \/>\nDuraci\u00f3n desde: 01\/10\/2009 . hasta: 30\/09\/2012 . Cuant\u00eda de la subvenci\u00f3n : 22.000,00<br \/>\nCar\u00e1cter: Nacional<br \/>\nAutores: Ballesteros Moya, Mar\u00eda Vanessa; S\u00e1nchez Legido, \u00c1ngel; Fern\u00e1ndez Tomas, Antonio Francisco; Ortega Terol, Juan Miguel; Mart\u00ednez Carmena, Mar\u00eda; Huesa Vinaixa, Rosario; Janer Torrens, Joan David; Capell\u00c1 Roig, Margalida; Rup\u00d1erez Cornell, Pilar; Soroeta Liceras, Juan; Alonso Moreda, Nicol\u00e1s; Abalde Cantero, Oscar; Bollo Arocena, Mar\u00eda Dolores; Quel Lopez, Javier; Forcada Barona, Ignacio  <\/p>\n<p>9. T\u00edtulo: <strong>Proyecto de innovaci\u00f3n docente y de implantaci\u00f3n ECTS (A3-01610095) <\/strong><\/p>\n<p>Entidad financiadora: UCLM. Vicerrectorado de Convergencia Europea y Ordenaci\u00f3n acad\u00e9mica.<br \/>\nDuraci\u00f3n desde: 01\/01\/2007 . hasta: 31\/12\/2007 . Cuant\u00eda de la subvenci\u00f3n : 2.000,00<br \/>\nCar\u00e1cter: Regional<br \/>\nAutores: Clemente Fernandez, Ana Isabel; Barrios Pintado, Feliciano; Cordero Lobato, Encarnacion; Diaz Revorio, Francisco Javier; Escribano Gamir, Maria Cristina; Forcada Barona, Ignacio; Garcia Rico, Agustin; Martin Sanchez, Maria; Padilla Galvez, Jesus; Prieto Sanchis, Luis Fernando; Serrano-piedecasas Fernandez, Jose Ramon; Valma\u00d1a Ochaita, Alicia <\/p>\n<p>10. T\u00edtulo: <strong>Proyecto de innovaci\u00f3n docente y de implantaci\u00f3n ECTS A3-01610095 <\/strong><\/p>\n<p>Entidad financiadora: UCLM. Vicerrectorado de Convergencia Europea y Ordenaci\u00f3n acad\u00e9mica.<br \/>\nDuraci\u00f3n desde: 27\/10\/2006 . hasta: 31\/12\/2006 . Cuant\u00eda de la subvenci\u00f3n : 2.000,00<br \/>\nCar\u00e1cter: Regional<br \/>\nAutores: Escribano Gamir, Maria Cristina; Valma\u00d1a Ochaita, Alicia; Diaz Revorio, Francisco Javier; Forcada Barona, Ignacio; Martin Sanchez, Maria; Barrios Pintado, Feliciano; Padilla Galvez, Jesus; Prieto Sanchis, Luis Fernando; Clemente Fernandez, Ana Isabel; Cordero Lobato, Encarnacion; Serrano-piedecasas Fernandez, Jose Ramon; Garcia Rico, Agustin  <\/p>\n<p>11. T\u00edtulo:<strong> El programa de La Haya y la cooperaci\u00f3n judicial penal en la Uni\u00f3n Europea: conceptos, principios, instrumentos <\/strong><\/p>\n<p>Entidad financiadora: Secretar\u00eda de Estado de Universidades e Investigaci\u00f3n<br \/>\nDuraci\u00f3n desde: 01\/10\/2006 . hasta: 30\/09\/2009 . Cuant\u00eda de la subvenci\u00f3n : 43.560,00<br \/>\nCar\u00e1cter: Nacional<br \/>\nAutores: \u00c1ngeles G. Zarza; Forcada Barona, Ignacio; Martin L\u00f3pez, Teresa <\/p>\n<p>12- T\u00edtulo: <strong>Cooperaci\u00f3n y confrontaci\u00f3n en el dise\u00f1o de un nuevo sistema de seguridad colectiva: detecci\u00f3n y an\u00e1lisis de las nuevas pautas de regulaci\u00f3n y de institucionalizaci\u00f3n(SEJ2006-03867)<\/strong> <\/p>\n<p>Entidad financiadora: Ministerio de Educaci\u00f3n y Ciencia Secretar\u00eda de Estado de Universidades e Investigaci\u00f3n Secretar\u00eda General de Pol\u00edtica Cient\u00edfica y Tecnol\u00f3gica Direcci\u00f3n General de Investigaci\u00f3n<br \/>\nEntidad participantes: Universidad de las Islas Baleares Universidad de Castilla-La Mancha Universidad del Pa\u00eds Vasco<br \/>\nDuraci\u00f3n desde: 01\/10\/2006 . hasta: 30\/06\/2009 . Cuant\u00eda de la subvenci\u00f3n : 81.070,00<br \/>\nCar\u00e1cter: Nacional<br \/>\nAutores: Fernandez Tomas, Antonio Francisco; Forcada Barona, Ignacio; Martinez Carmena, Maria; Ortega Terol, Juan Miguel; Sanchez Legido, Angel; Huesa Vinaixa, Rosario; Quel , Javier; Janer Torrens, Joan David <\/p>\n<p>13. T\u00edtulo: <strong>Juegos de Rol en Derecho Internacional <\/strong><\/p>\n<p>Entidad financiadora: Universidad de Castilla-La Mancha<br \/>\nDuraci\u00f3n desde: 01\/01\/2005 . hasta: 31\/12\/2005 . Cuant\u00eda de la subvenci\u00f3n : 2.200,00<br \/>\nCar\u00e1cter: Regional<br \/>\nAutores: Fern\u00e1ndez Tom\u00e1s, Antonio Francisco; S\u00e1nchez Legido, \u00c1ngel; Forcada Barona, Ignacio; Mart\u00ednez Carmena, Mar\u00eda <\/p>\n<p>14.T\u00edtulo: <strong>Juegos de Rol y Derecho Internacional P\u00fablico (PAI 05-064) <\/strong><\/p>\n<p>Entidad financiadora: Junta de Comunidades de Castilla-La Mancha<br \/>\nDuraci\u00f3n desde: 01\/01\/2005 . hasta: 31\/12\/2007 . Cuant\u00eda de la subvenci\u00f3n : 23.000,00<br \/>\nCar\u00e1cter: Regional<br \/>\nAutores: Fern\u00e1ndez Tom\u00e1s, Antonio Francisco; S\u00e1nchez Legido, \u00c1ngel; Forcada Barona, Ignacio; Ortega Terol, Juan Miguel; Mart\u00ednez Carmena, Mar\u00eda<\/p>\n<p>15. T\u00edtulo: <strong>Terrorismo y seguridad internacional: respuestas en un marco regional<br \/>\n<\/strong><br \/>\nEntidad financiadora: Universidad de Castilla-La Mancha<br \/>\nDuraci\u00f3n desde: 01\/01\/2004 . hasta: 31\/12\/2004 . Cuant\u00eda de la subvenci\u00f3n : 3.600,00<br \/>\nCar\u00e1cter: Regional<br \/>\nAutores: Fern\u00e1ndez Tomas, Antonio Francisco; S\u00e1nchez Legido, \u00c1ngel; Torres Garc\u00eda, Carmen Isabel; Forcada Barona, Ignacio; Ortega Terol, Juan Miguel; Mart\u00ednez Carmena, Mar\u00eda <\/p>\n<p>16. T\u00edtulo:<strong> El conflicto entre \u00e1rabes e israel\u00edes: el derecho internacional entre la hipocres\u00eda y la injusticia <\/strong><br \/>\nEntidad financiadora: Universidad de Castilla-La Mancha<br \/>\nDuraci\u00f3n desde: 01\/01\/2004 . hasta: 31\/12\/2004 . Cuant\u00eda de la subvenci\u00f3n : 550,00<br \/>\nCar\u00e1cter: Regional<br \/>\nAutores: Forcada Barona, Ignacio <\/p>\n<p>17. T\u00edtulo: <strong>Estudio comparativo de las pol\u00edticas de cooperaci\u00f3n al desarrollo desarrolladas desde las Comunidades Aut\u00f3nomas, en particular la Comunidad de Castilla-La Mancha <\/strong><br \/>\nEntidad financiadora: Universidad de Castilla-La Mancha<br \/>\nDuraci\u00f3n desde: 01\/01\/2003 . hasta: 31\/12\/2003 . Cuant\u00eda de la subvenci\u00f3n : 470,00<br \/>\nCar\u00e1cter: Regional<br \/>\nAutores: Forcada Barona, Ignacio  <\/p>\n<p>18. T\u00edtulo: <strong>Iniciativas para una democracia global: el arte de lo posible<\/strong><br \/>\nEntidad financiadora: Universidad de Castilla-La Mancha<br \/>\nDuraci\u00f3n desde: 01\/01\/2003 . hasta: 01\/01\/2004 . Cuant\u00eda de la subvenci\u00f3n : 1.500,00<br \/>\nCar\u00e1cter: Regional<br \/>\nAutores: Forcada Barona, Ignacio       <\/p>\n<p>19. T\u00edtulo:<strong> Derechos humanos, responsabilidad internacional y seguridad colectiva: intersecci\u00f3n de sistemas (BJU2002-00559)<\/strong><br \/>\nEntidad financiadora: Ministerio de Ciencia y Tecnolog\u00eda<br \/>\nDuraci\u00f3n desde: 01\/01\/2002 . hasta: 31\/12\/2005 . Cuant\u00eda de la subvenci\u00f3n : 42.000,00<br \/>\nCar\u00e1cter: Nacional<br \/>\nAutores: Forcada Barona, Ignacio; Bollo Arocena, Mar\u00eda Dolores; Capell\u00e1 Roig, Margalida; Fern\u00e1ndez Tomas, Antonio Francisco; Huesa Vinaixa, Rosario; Janer Torrens, Joan David; Martinez Carmena, Maria; S\u00e1nchez Legido, \u00c1ngel; Ortega Terol, Juan Miguel; Rup\u00e9rez Cornell, Pilar; Soroeta Liceras, Juan; Quel Lopez, Javier <\/p>\n<p>20. T\u00edtulo: <strong>Las actividades de las entidades espa\u00f1olas con proyecci\u00f3n internacional: los hermanamientos entre municipios espa\u00f1oles y municipios situados en Estados no reconocidos por Espa\u00f1a<\/strong><br \/>\nEntidad financiadora: Universidad de Castilla-La Mancha<br \/>\nDuraci\u00f3n desde: 01\/01\/2001 . hasta: 31\/12\/2001 . Cuant\u00eda de la subvenci\u00f3n : 902,00<br \/>\nCar\u00e1cter: Local<br \/>\nAutores: Forcada Barona, Ignacio; Mart\u00ednez Carmena, Mar\u00eda<\/p>\n<p>21. T\u00edtulo: <strong>Los retos de la Uni\u00f3n Europea ante la ampliaci\u00f3n a la Europa central y oriental(PB97-0428)<\/strong> <\/p>\n<p>Entidad financiadora: Direcci\u00f3n General de Ense\u00f1anza Superior e Investigaci\u00f3n Cient\u00edfica (Extinguido)<br \/>\nDuraci\u00f3n desde: 01\/10\/1998 . hasta: 01\/10\/2001 . Cuant\u00eda de la subvenci\u00f3n : 6.611,00<br \/>\nCar\u00e1cter: Nacional<br \/>\nAutores: Fernandez Tomas, Antonio Francisco; Sanchez Legido, Angel; Forcada Barona, Ignacio; Ortega Terol, Juan Miguel <\/p>\n","protected":false},"excerpt":{"rendered":"<p>1. T\u00edtulo: Los muros y el derecho internacional contempor\u00e1neo: implicaciones para la seguridad, la dignidad de la persona y el desarrollo sostenible (DER2015-65486-R) Entidad financiadora: Ministerio de Econom\u00eda y Competitividad. Secretar\u00eda de Estado de Investigaci\u00f3n, Desarrollo e Innovaci\u00f3n Entidad participantes: &hellip; <a href=\"https:\/\/blog.uclm.es\/ignacioforcada\/proyectos-de-investigacion\/\">Sigue leyendo <span class=\"meta-nav\">&rarr;<\/span><\/a><\/p>\n","protected":false},"author":83,"featured_media":0,"parent":0,"menu_order":0,"comment_status":"closed","ping_status":"closed","template":"","meta":{"footnotes":""},"class_list":["post-75","page","type-page","status-publish","hentry"],"_links":{"self":[{"href":"https:\/\/blog.uclm.es\/ignacioforcada\/wp-json\/wp\/v2\/pages\/75","targetHints":{"allow":["GET"]}}],"collection":[{"href":"https:\/\/blog.uclm.es\/ignacioforcada\/wp-json\/wp\/v2\/pages"}],"about":[{"href":"https:\/\/blog.uclm.es\/ignacioforcada\/wp-json\/wp\/v2\/types\/page"}],"author":[{"embeddable":true,"href":"https:\/\/blog.uclm.es\/ignacioforcada\/wp-json\/wp\/v2\/users\/83"}],"replies":[{"embeddable":true,"href":"https:\/\/blog.uclm.es\/ignacioforcada\/wp-json\/wp\/v2\/comments?post=75"}],"version-history":[{"count":0,"href":"https:\/\/blog.uclm.es\/ignacioforcada\/wp-json\/wp\/v2\/pages\/75\/revisions"}],"wp:attachment":[{"href":"https:\/\/blog.uclm.es\/ignacioforcada\/wp-json\/wp\/v2\/media?parent=75"}],"curies":[{"name":"wp","href":"https:\/\/api.w.org\/{rel}","templated":true}]}}