{"id":129,"date":"2016-11-23T14:08:38","date_gmt":"2016-11-23T14:08:38","guid":{"rendered":"http:\/\/blog.uclm.es\/ignacioforcada\/?page_id=129"},"modified":"2022-10-17T15:13:48","modified_gmt":"2022-10-17T15:13:48","slug":"blog","status":"publish","type":"page","link":"https:\/\/blog.uclm.es\/ignacioforcada\/blog\/","title":{"rendered":"BLOG"},"content":{"rendered":"<ul class=\"wp-block-latest-posts__list wp-block-latest-posts\"><li><a class=\"wp-block-latest-posts__post-title\" href=\"https:\/\/blog.uclm.es\/ignacioforcada\/2024\/10\/02\/serie-un-elefante-en-la-habitacion\/\">SERIE: UN ELEFANTE EN LA HABITACI\u00d3N<\/a><div class=\"wp-block-latest-posts__post-excerpt\">NUESTROS QUERIDOS AMIGOS LOS JUECES, EN ESPECIAL EL \u201c\u00cdNCLITO\u201d JUEZ MANUEL \u201cPOR DETR\u00c1S\u201d MARCHENA Y SUS SECUACES, SU INDEPENDENCIA Y LA INTERPRETACI\u00d3N DEL DERECHO Ha habido \u00faltimamente mucho ruido pol\u00edtico y medi\u00e1tico a prop\u00f3sito de la renovaci\u00f3n del Consejo General del Poder Judicial (CGPJ) y su relaci\u00f3n con la independencia de los jueces. Con el &hellip; <a href=\"https:\/\/blog.uclm.es\/ignacioforcada\/2024\/10\/02\/serie-un-elefante-en-la-habitacion\/\">Sigue leyendo <span class=\"meta-nav\">&rarr;<\/span><\/a><\/div><\/li>\n<li><div class=\"wp-block-latest-posts__featured-image\"><img loading=\"lazy\" decoding=\"async\" width=\"584\" height=\"394\" src=\"https:\/\/blog.uclm.es\/ignacioforcada\/wp-content\/uploads\/sites\/72\/2019\/06\/serveimage.jpg\" class=\"attachment-large size-large wp-post-image\" alt=\"\" style=\"\" srcset=\"https:\/\/blog.uclm.es\/ignacioforcada\/wp-content\/uploads\/sites\/72\/2019\/06\/serveimage.jpg 1024w, https:\/\/blog.uclm.es\/ignacioforcada\/wp-content\/uploads\/sites\/72\/2019\/06\/serveimage-300x202.jpg 300w, https:\/\/blog.uclm.es\/ignacioforcada\/wp-content\/uploads\/sites\/72\/2019\/06\/serveimage-768x518.jpg 768w, https:\/\/blog.uclm.es\/ignacioforcada\/wp-content\/uploads\/sites\/72\/2019\/06\/serveimage-445x300.jpg 445w\" sizes=\"auto, (max-width: 584px) 100vw, 584px\" \/><\/div><a class=\"wp-block-latest-posts__post-title\" href=\"https:\/\/blog.uclm.es\/ignacioforcada\/2019\/06\/26\/el-tribunal-superior-de-schleswig-holstein-el-nacionalismo-espanol-y-la-navaja-de-ockham-a-proposito-de-la-penosa-instruccion-del-incompetente-juez-llarena\/\">EL TRIBUNAL SUPERIOR DE SCHLESWIG-HOLSTEIN, EL NACIONALISMO ESPA\u00d1OL Y LA NAVAJA DE OCKHAM: A PROP\u00d3SITO DE LA PENOSA INSTRUCCI\u00d3N DEL INCOMPETENTE JUEZ LLARENA<\/a><div class=\"wp-block-latest-posts__post-excerpt\">Ignacio Forcada Barona Profesor Titular de Derecho Internacional P\u00fablico Universidad de Castilla-La Mancha Si el asunto no afectara a la administraci\u00f3n de justicia, funci\u00f3n esencial del Estado moderno con la que todos nosotros, nacionalistas o no, m\u00e1s pronto o m\u00e1s tarde tenemos que lidiar, la verdad es que las reacciones m\u00e1s rancias del nacionalismo espa\u00f1ol &hellip; <a href=\"https:\/\/blog.uclm.es\/ignacioforcada\/2019\/06\/26\/el-tribunal-superior-de-schleswig-holstein-el-nacionalismo-espanol-y-la-navaja-de-ockham-a-proposito-de-la-penosa-instruccion-del-incompetente-juez-llarena\/\">Sigue leyendo <span class=\"meta-nav\">&rarr;<\/span><\/a><\/div><\/li>\n<li><div class=\"wp-block-latest-posts__featured-image\"><img loading=\"lazy\" decoding=\"async\" width=\"584\" height=\"389\" src=\"https:\/\/blog.uclm.es\/ignacioforcada\/wp-content\/uploads\/sites\/72\/2016\/11\/121009_espana_cataluna_aburrida_cosntitucion_independencia.jpg\" class=\"attachment-large size-large wp-post-image\" alt=\"\" style=\"\" srcset=\"https:\/\/blog.uclm.es\/ignacioforcada\/wp-content\/uploads\/sites\/72\/2016\/11\/121009_espana_cataluna_aburrida_cosntitucion_independencia.jpg 624w, https:\/\/blog.uclm.es\/ignacioforcada\/wp-content\/uploads\/sites\/72\/2016\/11\/121009_espana_cataluna_aburrida_cosntitucion_independencia-300x200.jpg 300w, https:\/\/blog.uclm.es\/ignacioforcada\/wp-content\/uploads\/sites\/72\/2016\/11\/121009_espana_cataluna_aburrida_cosntitucion_independencia-450x300.jpg 450w\" sizes=\"auto, (max-width: 584px) 100vw, 584px\" \/><\/div><a class=\"wp-block-latest-posts__post-title\" href=\"https:\/\/blog.uclm.es\/ignacioforcada\/2016\/11\/23\/andre-breton-y-la-independencia-de-cataluna\/\">ANDR\u00c9 BRETON Y LA INDEPENDENCIA DE CATALU\u00d1A<\/a><div class=\"wp-block-latest-posts__post-excerpt\">Ignacio Forcada Barona Profesor Titular de Derecho Internacional P\u00fablico Universidad de Castilla-La Mancha El espect\u00e1culo que han dado dos de los nacionalismos que pueblan la pen\u00ednsula ib\u00e9rica a prop\u00f3sito de las elecciones auton\u00f3micas catalanas ha sido, para quienes la identidad nacional no define especialmente su forma de estar en este mundo, uno de los \u201chappenings\u201d &hellip; <a href=\"https:\/\/blog.uclm.es\/ignacioforcada\/2016\/11\/23\/andre-breton-y-la-independencia-de-cataluna\/\">Sigue leyendo <span class=\"meta-nav\">&rarr;<\/span><\/a><\/div><\/li>\n<\/ul>","protected":false},"excerpt":{"rendered":"","protected":false},"author":83,"featured_media":0,"parent":0,"menu_order":0,"comment_status":"closed","ping_status":"closed","template":"","meta":{"footnotes":""},"class_list":["post-129","page","type-page","status-publish","hentry"],"_links":{"self":[{"href":"https:\/\/blog.uclm.es\/ignacioforcada\/wp-json\/wp\/v2\/pages\/129","targetHints":{"allow":["GET"]}}],"collection":[{"href":"https:\/\/blog.uclm.es\/ignacioforcada\/wp-json\/wp\/v2\/pages"}],"about":[{"href":"https:\/\/blog.uclm.es\/ignacioforcada\/wp-json\/wp\/v2\/types\/page"}],"author":[{"embeddable":true,"href":"https:\/\/blog.uclm.es\/ignacioforcada\/wp-json\/wp\/v2\/users\/83"}],"replies":[{"embeddable":true,"href":"https:\/\/blog.uclm.es\/ignacioforcada\/wp-json\/wp\/v2\/comments?post=129"}],"version-history":[{"count":4,"href":"https:\/\/blog.uclm.es\/ignacioforcada\/wp-json\/wp\/v2\/pages\/129\/revisions"}],"predecessor-version":[{"id":165,"href":"https:\/\/blog.uclm.es\/ignacioforcada\/wp-json\/wp\/v2\/pages\/129\/revisions\/165"}],"wp:attachment":[{"href":"https:\/\/blog.uclm.es\/ignacioforcada\/wp-json\/wp\/v2\/media?parent=129"}],"curies":[{"name":"wp","href":"https:\/\/api.w.org\/{rel}","templated":true}]}}