{"id":3572,"date":"2026-04-08T10:19:57","date_gmt":"2026-04-08T08:19:57","guid":{"rendered":"https:\/\/blog.uclm.es\/humatec\/?page_id=3572"},"modified":"2026-04-08T11:58:08","modified_gmt":"2026-04-08T09:58:08","slug":"publicaciones","status":"publish","type":"page","link":"https:\/\/blog.uclm.es\/humatec\/publicaciones\/","title":{"rendered":"Publicaciones"},"content":{"rendered":"\n<h2 data-wp-context---core-fit-text=\"core\/fit-text::{&quot;fontSize&quot;:&quot;&quot;}\" data-wp-init---core-fit-text=\"core\/fit-text::callbacks.init\" data-wp-interactive data-wp-style--font-size=\"core\/fit-text::context.fontSize\" class=\"wp-block-heading has-fit-text has-system-font-font-family\">Publicaciones<\/h2>\n\n\n<ul class=\"wp-block-latest-posts__list is-grid columns-2 has-dates wp-block-latest-posts\"><li><div class=\"wp-block-latest-posts__featured-image\"><img loading=\"lazy\" decoding=\"async\" width=\"863\" height=\"477\" src=\"https:\/\/blog.uclm.es\/humatec\/wp-content\/uploads\/sites\/346\/2026\/04\/Destacada-Publicaciones.jpg\" class=\"attachment-large size-large wp-post-image\" alt=\"\" style=\"\" srcset=\"https:\/\/blog.uclm.es\/humatec\/wp-content\/uploads\/sites\/346\/2026\/04\/Destacada-Publicaciones.jpg 863w, https:\/\/blog.uclm.es\/humatec\/wp-content\/uploads\/sites\/346\/2026\/04\/Destacada-Publicaciones-300x166.jpg 300w, https:\/\/blog.uclm.es\/humatec\/wp-content\/uploads\/sites\/346\/2026\/04\/Destacada-Publicaciones-768x424.jpg 768w\" sizes=\"auto, (max-width: 863px) 100vw, 863px\" \/><\/div><a class=\"wp-block-latest-posts__post-title\" href=\"https:\/\/blog.uclm.es\/humatec\/2025\/07\/02\/la-uclm-inicia-sus-cursos-de-verano-en-albacete-con-uno-sobre-discapacidad-genero-y-ruralidad-desde-la-digitalizacion\/\">La UCLM inicia sus cursos de verano en Albacete con uno sobre discapacidad, g\u00e9nero y ruralidad desde la digitalizaci\u00f3n<\/a><time datetime=\"2025-07-02T23:55:13+02:00\" class=\"wp-block-latest-posts__post-date\">2 de julio de 2025<\/time><div class=\"wp-block-latest-posts__post-excerpt\">El rector de la Universidad de Castilla-La Mancha (UCLM), Juli\u00e1n Garde, ha inaugurado el primer curso de verano del Campus de Albacete \u201cDiscapacidad, g\u00e9nero y ruralidad: una mirada desde la digitalizaci\u00f3n\u201d, que ha comenzado esta ma\u00f1ana para un total de 50 inscritos. El programa se estructura en una ponencia inaugural&#8230; <a class=\"wp-block-latest-posts__read-more\" href=\"https:\/\/blog.uclm.es\/humatec\/2025\/07\/02\/la-uclm-inicia-sus-cursos-de-verano-en-albacete-con-uno-sobre-discapacidad-genero-y-ruralidad-desde-la-digitalizacion\/\" rel=\"noopener noreferrer\">Lee m\u00e1s<span class=\"screen-reader-text\">: La UCLM inicia sus cursos de verano en Albacete con uno sobre discapacidad, g\u00e9nero y ruralidad desde la digitalizaci\u00f3n<\/span><\/a><\/div><\/li>\n<li><div class=\"wp-block-latest-posts__featured-image\"><img loading=\"lazy\" decoding=\"async\" width=\"863\" height=\"477\" src=\"https:\/\/blog.uclm.es\/humatec\/wp-content\/uploads\/sites\/346\/2026\/04\/Destacada-Publicaciones.jpg\" class=\"attachment-large size-large wp-post-image\" alt=\"\" style=\"\" srcset=\"https:\/\/blog.uclm.es\/humatec\/wp-content\/uploads\/sites\/346\/2026\/04\/Destacada-Publicaciones.jpg 863w, https:\/\/blog.uclm.es\/humatec\/wp-content\/uploads\/sites\/346\/2026\/04\/Destacada-Publicaciones-300x166.jpg 300w, https:\/\/blog.uclm.es\/humatec\/wp-content\/uploads\/sites\/346\/2026\/04\/Destacada-Publicaciones-768x424.jpg 768w\" sizes=\"auto, (max-width: 863px) 100vw, 863px\" \/><\/div><a class=\"wp-block-latest-posts__post-title\" href=\"https:\/\/blog.uclm.es\/humatec\/2025\/07\/01\/juana-morcillo-confiamos-en-la-digitalizacion-bien-utilizada-que-no-deja-a-nadie-atras\/\">Juana Morcillo \u201cConfiamos en la digitalizaci\u00f3n bien utilizada que no deja a nadie atr\u00e1s\u201d<\/a><time datetime=\"2025-07-01T23:56:19+02:00\" class=\"wp-block-latest-posts__post-date\">1 de julio de 2025<\/time><div class=\"wp-block-latest-posts__post-excerpt\">Juana Morcillo \u201cConfiamos en la digitalizaci\u00f3n bien utilizada que no deja a nadie atr\u00e1s\u201d. &#8216;La Ventana de Castilla-La Mancha&#8217; | Cadena Ser. Fecha: 1 de julio de 2025.<\/div><\/li>\n<li><div class=\"wp-block-latest-posts__featured-image\"><img loading=\"lazy\" decoding=\"async\" width=\"863\" height=\"477\" src=\"https:\/\/blog.uclm.es\/humatec\/wp-content\/uploads\/sites\/346\/2026\/04\/Destacada-Publicaciones.jpg\" class=\"attachment-large size-large wp-post-image\" alt=\"\" style=\"\" srcset=\"https:\/\/blog.uclm.es\/humatec\/wp-content\/uploads\/sites\/346\/2026\/04\/Destacada-Publicaciones.jpg 863w, https:\/\/blog.uclm.es\/humatec\/wp-content\/uploads\/sites\/346\/2026\/04\/Destacada-Publicaciones-300x166.jpg 300w, https:\/\/blog.uclm.es\/humatec\/wp-content\/uploads\/sites\/346\/2026\/04\/Destacada-Publicaciones-768x424.jpg 768w\" sizes=\"auto, (max-width: 863px) 100vw, 863px\" \/><\/div><a class=\"wp-block-latest-posts__post-title\" href=\"https:\/\/blog.uclm.es\/humatec\/2025\/06\/27\/susana-de-la-sierra-the-european-unions-internal-market\/\">Susana de la Sierra, \u201cThe European Union&#8217;s Internal Market\u201d<\/a><time datetime=\"2025-06-27T11:42:52+02:00\" class=\"wp-block-latest-posts__post-date\">27 de junio de 2025<\/time><div class=\"wp-block-latest-posts__post-excerpt\">Susana de la Sierra, \u201cThe European Union&#8217;s Internal Market\u201d. En: VV.AA. The International Law of Economic Integration. Julien Chaisse and Christoph Herrmann (dirs.), OUP, 2025<\/div><\/li>\n<li><div class=\"wp-block-latest-posts__featured-image\"><img loading=\"lazy\" decoding=\"async\" width=\"863\" height=\"477\" src=\"https:\/\/blog.uclm.es\/humatec\/wp-content\/uploads\/sites\/346\/2026\/04\/Destacada-Publicaciones.jpg\" class=\"attachment-large size-large wp-post-image\" alt=\"\" style=\"\" srcset=\"https:\/\/blog.uclm.es\/humatec\/wp-content\/uploads\/sites\/346\/2026\/04\/Destacada-Publicaciones.jpg 863w, https:\/\/blog.uclm.es\/humatec\/wp-content\/uploads\/sites\/346\/2026\/04\/Destacada-Publicaciones-300x166.jpg 300w, https:\/\/blog.uclm.es\/humatec\/wp-content\/uploads\/sites\/346\/2026\/04\/Destacada-Publicaciones-768x424.jpg 768w\" sizes=\"auto, (max-width: 863px) 100vw, 863px\" \/><\/div><a class=\"wp-block-latest-posts__post-title\" href=\"https:\/\/blog.uclm.es\/humatec\/2025\/06\/27\/susana-de-la-sierra-taming-the-smart-cyber-beast-a-network-of-courts-and-other-authorities\/\">Susana de la Sierra, \u201cTaming the Smart Cyber Beast: A Network of Courts and Other Authorities\u201d<\/a><time datetime=\"2025-06-27T11:34:39+02:00\" class=\"wp-block-latest-posts__post-date\">27 de junio de 2025<\/time><div class=\"wp-block-latest-posts__post-excerpt\">Susana de la Sierra, \u201cTaming the Smart Cyber Beast: A Network of Courts and Other Authorities\u201d. European Review of Digital Administration &amp; Law \u2013 Erdal, 2024, Volume 5, Issue 1, pp. 85-97<\/div><\/li>\n<li><div class=\"wp-block-latest-posts__featured-image\"><img loading=\"lazy\" decoding=\"async\" width=\"863\" height=\"477\" src=\"https:\/\/blog.uclm.es\/humatec\/wp-content\/uploads\/sites\/346\/2026\/04\/Destacada-Actividades.jpg\" class=\"attachment-large size-large wp-post-image\" alt=\"\" style=\"\" srcset=\"https:\/\/blog.uclm.es\/humatec\/wp-content\/uploads\/sites\/346\/2026\/04\/Destacada-Actividades.jpg 863w, https:\/\/blog.uclm.es\/humatec\/wp-content\/uploads\/sites\/346\/2026\/04\/Destacada-Actividades-300x166.jpg 300w, https:\/\/blog.uclm.es\/humatec\/wp-content\/uploads\/sites\/346\/2026\/04\/Destacada-Actividades-768x424.jpg 768w\" sizes=\"auto, (max-width: 863px) 100vw, 863px\" \/><\/div><a class=\"wp-block-latest-posts__post-title\" href=\"https:\/\/blog.uclm.es\/humatec\/2025\/06\/20\/curso-de-verano-discapacidad-genero-y-ruralidad-una-mirada-desde-la-digitalizacion\/\">Curso de verano \u201cDiscapacidad, g\u00e9nero y ruralidad: una mirada desde la digitalizaci\u00f3n\u201d<\/a><time datetime=\"2025-06-20T09:34:04+02:00\" class=\"wp-block-latest-posts__post-date\">20 de junio de 2025<\/time><div class=\"wp-block-latest-posts__post-excerpt\">Ver programa de la jornada. Fecha: 2 y 3 de julio de 2025. Lugar: Sal\u00f3n de Actos de la Facultad de Derecho de Albacete. Objetivos: Ofrecer una visi\u00f3n global de c\u00f3mo afecta la digitalizaci\u00f3n y la IA a las personas con discapacidad, a las mujeres y a quienes habitan en&#8230; <a class=\"wp-block-latest-posts__read-more\" href=\"https:\/\/blog.uclm.es\/humatec\/2025\/06\/20\/curso-de-verano-discapacidad-genero-y-ruralidad-una-mirada-desde-la-digitalizacion\/\" rel=\"noopener noreferrer\">Lee m\u00e1s<span class=\"screen-reader-text\">: Curso de verano \u201cDiscapacidad, g\u00e9nero y ruralidad: una mirada desde la digitalizaci\u00f3n\u201d<\/span><\/a><\/div><\/li>\n<li><div class=\"wp-block-latest-posts__featured-image\"><img loading=\"lazy\" decoding=\"async\" width=\"863\" height=\"477\" src=\"https:\/\/blog.uclm.es\/humatec\/wp-content\/uploads\/sites\/346\/2026\/04\/Destacada-Actividades.jpg\" class=\"attachment-large size-large wp-post-image\" alt=\"\" style=\"\" srcset=\"https:\/\/blog.uclm.es\/humatec\/wp-content\/uploads\/sites\/346\/2026\/04\/Destacada-Actividades.jpg 863w, https:\/\/blog.uclm.es\/humatec\/wp-content\/uploads\/sites\/346\/2026\/04\/Destacada-Actividades-300x166.jpg 300w, https:\/\/blog.uclm.es\/humatec\/wp-content\/uploads\/sites\/346\/2026\/04\/Destacada-Actividades-768x424.jpg 768w\" sizes=\"auto, (max-width: 863px) 100vw, 863px\" \/><\/div><a class=\"wp-block-latest-posts__post-title\" href=\"https:\/\/blog.uclm.es\/humatec\/2025\/06\/16\/curso-de-verano-entre-la-despoblacion-y-la-vulnerabilidad-el-papel-de-la-union-europea-en-la-revitalizacion-social-y-economica-de-castilla-la-mancha\/\">Curso de verano \u201cEntre la despoblaci\u00f3n y la vulnerabilidad: el papel de la Uni\u00f3n Europea en la revitalizaci\u00f3n social y econ\u00f3mica de Castilla &#8211; La Mancha\u201d<\/a><time datetime=\"2025-06-16T08:46:35+02:00\" class=\"wp-block-latest-posts__post-date\">16 de junio de 2025<\/time><div class=\"wp-block-latest-posts__post-excerpt\">Ver programa de la actividad. Fecha: 16 y 17 de junio de 2025. Lugar: Sala de Juntas de la Facultad de Derecho y CC.SS. de Ciudad Real. Objetivos: a) Proporcionar un marco de an\u00e1lisis e investigador sobre c\u00f3mo la despoblaci\u00f3n econ\u00f3mica y social afecta a la regi\u00f3n castellano-manchega; b) Analizar&#8230; <a class=\"wp-block-latest-posts__read-more\" href=\"https:\/\/blog.uclm.es\/humatec\/2025\/06\/16\/curso-de-verano-entre-la-despoblacion-y-la-vulnerabilidad-el-papel-de-la-union-europea-en-la-revitalizacion-social-y-economica-de-castilla-la-mancha\/\" rel=\"noopener noreferrer\">Lee m\u00e1s<span class=\"screen-reader-text\">: Curso de verano \u201cEntre la despoblaci\u00f3n y la vulnerabilidad: el papel de la Uni\u00f3n Europea en la revitalizaci\u00f3n social y econ\u00f3mica de Castilla &#8211; La Mancha\u201d<\/span><\/a><\/div><\/li>\n<li><div class=\"wp-block-latest-posts__featured-image\"><img loading=\"lazy\" decoding=\"async\" width=\"863\" height=\"477\" src=\"https:\/\/blog.uclm.es\/humatec\/wp-content\/uploads\/sites\/346\/2026\/04\/Destacada-Actividades.jpg\" class=\"attachment-large size-large wp-post-image\" alt=\"\" style=\"\" srcset=\"https:\/\/blog.uclm.es\/humatec\/wp-content\/uploads\/sites\/346\/2026\/04\/Destacada-Actividades.jpg 863w, https:\/\/blog.uclm.es\/humatec\/wp-content\/uploads\/sites\/346\/2026\/04\/Destacada-Actividades-300x166.jpg 300w, https:\/\/blog.uclm.es\/humatec\/wp-content\/uploads\/sites\/346\/2026\/04\/Destacada-Actividades-768x424.jpg 768w\" sizes=\"auto, (max-width: 863px) 100vw, 863px\" \/><\/div><a class=\"wp-block-latest-posts__post-title\" href=\"https:\/\/blog.uclm.es\/humatec\/2025\/06\/10\/la-carta-de-los-derechos-fundamentales-de-la-union-europea-a-los-veinticinco-anos-de-su-proclamacion\/\">La Carta de los Derechos Fundamentales de la Uni\u00f3n Europea a los veinticinco a\u00f1os de su proclamaci\u00f3n<\/a><time datetime=\"2025-06-10T17:39:33+02:00\" class=\"wp-block-latest-posts__post-date\">10 de junio de 2025<\/time><div class=\"wp-block-latest-posts__post-excerpt\">Ver programa de la jornada. Fecha: 12 de junio de 2025. Lugar: Centro de Estudios Pol\u00edticos y Constitucionales (Madrid). Objetivos: Conmemorar el 25\u00ba. aniversario de la proclamaci\u00f3n de la Carta de los Derechos Fundamentales de la Uni\u00f3n Europea. Se abordar\u00e1 desde el origen de la Carta al estado actual, la&#8230; <a class=\"wp-block-latest-posts__read-more\" href=\"https:\/\/blog.uclm.es\/humatec\/2025\/06\/10\/la-carta-de-los-derechos-fundamentales-de-la-union-europea-a-los-veinticinco-anos-de-su-proclamacion\/\" rel=\"noopener noreferrer\">Lee m\u00e1s<span class=\"screen-reader-text\">: La Carta de los Derechos Fundamentales de la Uni\u00f3n Europea a los veinticinco a\u00f1os de su proclamaci\u00f3n<\/span><\/a><\/div><\/li>\n<li><div class=\"wp-block-latest-posts__featured-image\"><img loading=\"lazy\" decoding=\"async\" width=\"863\" height=\"477\" src=\"https:\/\/blog.uclm.es\/humatec\/wp-content\/uploads\/sites\/346\/2026\/04\/Destacada-Actividades.jpg\" class=\"attachment-large size-large wp-post-image\" alt=\"\" style=\"\" srcset=\"https:\/\/blog.uclm.es\/humatec\/wp-content\/uploads\/sites\/346\/2026\/04\/Destacada-Actividades.jpg 863w, https:\/\/blog.uclm.es\/humatec\/wp-content\/uploads\/sites\/346\/2026\/04\/Destacada-Actividades-300x166.jpg 300w, https:\/\/blog.uclm.es\/humatec\/wp-content\/uploads\/sites\/346\/2026\/04\/Destacada-Actividades-768x424.jpg 768w\" sizes=\"auto, (max-width: 863px) 100vw, 863px\" \/><\/div><a class=\"wp-block-latest-posts__post-title\" href=\"https:\/\/blog.uclm.es\/humatec\/2025\/06\/02\/xxiv-seminario-de-teoria-y-metodo-del-derecho-publico\/\">XXIV Seminario de Teor\u00eda y M\u00e9todo del Derecho P\u00fablico<\/a><time datetime=\"2025-06-02T11:52:09+02:00\" class=\"wp-block-latest-posts__post-date\">2 de junio de 2025<\/time><div class=\"wp-block-latest-posts__post-excerpt\">Ver programa de la jornada. Fecha: 30 de mayo de 2025. Lugar: Facultad de Ciencias Jur\u00eddicas y Sociales de Toledo. Objetivos: articular un espacio para la exposici\u00f3n, la discusi\u00f3n, la cr\u00edtica y el intercambio de ideas cient\u00edficas en relaci\u00f3n, principalmente, con los m\u00e9todos que se utilizan o que deber\u00edan utilizarse&#8230; <a class=\"wp-block-latest-posts__read-more\" href=\"https:\/\/blog.uclm.es\/humatec\/2025\/06\/02\/xxiv-seminario-de-teoria-y-metodo-del-derecho-publico\/\" rel=\"noopener noreferrer\">Lee m\u00e1s<span class=\"screen-reader-text\">: XXIV Seminario de Teor\u00eda y M\u00e9todo del Derecho P\u00fablico<\/span><\/a><\/div><\/li>\n<li><div class=\"wp-block-latest-posts__featured-image\"><img loading=\"lazy\" decoding=\"async\" width=\"863\" height=\"477\" src=\"https:\/\/blog.uclm.es\/humatec\/wp-content\/uploads\/sites\/346\/2026\/04\/Destacada-Actividades.jpg\" class=\"attachment-large size-large wp-post-image\" alt=\"\" style=\"\" srcset=\"https:\/\/blog.uclm.es\/humatec\/wp-content\/uploads\/sites\/346\/2026\/04\/Destacada-Actividades.jpg 863w, https:\/\/blog.uclm.es\/humatec\/wp-content\/uploads\/sites\/346\/2026\/04\/Destacada-Actividades-300x166.jpg 300w, https:\/\/blog.uclm.es\/humatec\/wp-content\/uploads\/sites\/346\/2026\/04\/Destacada-Actividades-768x424.jpg 768w\" sizes=\"auto, (max-width: 863px) 100vw, 863px\" \/><\/div><a class=\"wp-block-latest-posts__post-title\" href=\"https:\/\/blog.uclm.es\/humatec\/2025\/05\/22\/v-congreso-nacional-y-ii-congreso-internacional-de-derecho-de-la-discapacidad-la-salud-mental-como-cuestion-de-derechos-humanos\/\">V Congreso Nacional y II Congreso Internacional de Derecho de la Discapacidad. La salud mental como cuesti\u00f3n de derechos humanos<\/a><time datetime=\"2025-05-22T15:01:21+02:00\" class=\"wp-block-latest-posts__post-date\">22 de mayo de 2025<\/time><div class=\"wp-block-latest-posts__post-excerpt\">Ver programa de la jornada. Fecha: 21, 22 y 23 de mayo de 2025. Lugar: Paraninfo Luis Arroyo. UCLM, Ciudad Real (Ronda Toledo, s\/n). Objetivos: a) Constituir un espacio de debate para abordar los temas de actualidad en relaci\u00f3n al derecho de la discapacidad relacionado con la salud mental; b)&#8230; <a class=\"wp-block-latest-posts__read-more\" href=\"https:\/\/blog.uclm.es\/humatec\/2025\/05\/22\/v-congreso-nacional-y-ii-congreso-internacional-de-derecho-de-la-discapacidad-la-salud-mental-como-cuestion-de-derechos-humanos\/\" rel=\"noopener noreferrer\">Lee m\u00e1s<span class=\"screen-reader-text\">: V Congreso Nacional y II Congreso Internacional de Derecho de la Discapacidad. La salud mental como cuesti\u00f3n de derechos humanos<\/span><\/a><\/div><\/li>\n<li><div class=\"wp-block-latest-posts__featured-image\"><img loading=\"lazy\" decoding=\"async\" width=\"863\" height=\"477\" src=\"https:\/\/blog.uclm.es\/humatec\/wp-content\/uploads\/sites\/346\/2026\/04\/Destacada-Publicaciones.jpg\" class=\"attachment-large size-large wp-post-image\" alt=\"\" style=\"\" srcset=\"https:\/\/blog.uclm.es\/humatec\/wp-content\/uploads\/sites\/346\/2026\/04\/Destacada-Publicaciones.jpg 863w, https:\/\/blog.uclm.es\/humatec\/wp-content\/uploads\/sites\/346\/2026\/04\/Destacada-Publicaciones-300x166.jpg 300w, https:\/\/blog.uclm.es\/humatec\/wp-content\/uploads\/sites\/346\/2026\/04\/Destacada-Publicaciones-768x424.jpg 768w\" sizes=\"auto, (max-width: 863px) 100vw, 863px\" \/><\/div><a class=\"wp-block-latest-posts__post-title\" href=\"https:\/\/blog.uclm.es\/humatec\/2025\/04\/29\/pablo-meix-cereceda-lenguaje-poder-y-derecho-en-la-edad-de-la-informacion-iustel-madrid\/\">Pablo Meix Cereceda, Lenguaje, poder y derecho en la Edad de la informaci\u00f3n, Iustel, Madrid<\/a><time datetime=\"2025-04-29T15:01:05+02:00\" class=\"wp-block-latest-posts__post-date\">29 de abril de 2025<\/time><div class=\"wp-block-latest-posts__post-excerpt\">Pablo Meix Cereceda, Lenguaje, poder y derecho en la Edad de la informaci\u00f3n, Iustel, Madrid, 2025. ISBN: 9788498905007<\/div><\/li>\n<\/ul>\n\n\n<figure class=\"wp-block-image size-large\"><img loading=\"lazy\" decoding=\"async\" width=\"1024\" height=\"176\" src=\"https:\/\/blog.uclm.es\/humatec\/wp-content\/uploads\/sites\/346\/2026\/03\/Logos-inferiores-V2.jpg-1024x176.webp\" alt=\"\" class=\"wp-image-156\" srcset=\"https:\/\/blog.uclm.es\/humatec\/wp-content\/uploads\/sites\/346\/2026\/03\/Logos-inferiores-V2.jpg-1024x176.webp 1024w, https:\/\/blog.uclm.es\/humatec\/wp-content\/uploads\/sites\/346\/2026\/03\/Logos-inferiores-V2.jpg-300x52.webp 300w, https:\/\/blog.uclm.es\/humatec\/wp-content\/uploads\/sites\/346\/2026\/03\/Logos-inferiores-V2.jpg-768x132.webp 768w, https:\/\/blog.uclm.es\/humatec\/wp-content\/uploads\/sites\/346\/2026\/03\/Logos-inferiores-V2.jpg-1536x264.webp 1536w, https:\/\/blog.uclm.es\/humatec\/wp-content\/uploads\/sites\/346\/2026\/03\/Logos-inferiores-V2.jpg.webp 1920w\" sizes=\"auto, (max-width: 1024px) 100vw, 1024px\" \/><\/figure>\n","protected":false},"excerpt":{"rendered":"<p>Publicaciones<\/p>\n","protected":false},"author":55,"featured_media":0,"parent":0,"menu_order":0,"comment_status":"closed","ping_status":"closed","template":"","meta":{"footnotes":""},"class_list":["post-3572","page","type-page","status-publish","hentry"],"_links":{"self":[{"href":"https:\/\/blog.uclm.es\/humatec\/wp-json\/wp\/v2\/pages\/3572","targetHints":{"allow":["GET"]}}],"collection":[{"href":"https:\/\/blog.uclm.es\/humatec\/wp-json\/wp\/v2\/pages"}],"about":[{"href":"https:\/\/blog.uclm.es\/humatec\/wp-json\/wp\/v2\/types\/page"}],"author":[{"embeddable":true,"href":"https:\/\/blog.uclm.es\/humatec\/wp-json\/wp\/v2\/users\/55"}],"replies":[{"embeddable":true,"href":"https:\/\/blog.uclm.es\/humatec\/wp-json\/wp\/v2\/comments?post=3572"}],"version-history":[{"count":5,"href":"https:\/\/blog.uclm.es\/humatec\/wp-json\/wp\/v2\/pages\/3572\/revisions"}],"predecessor-version":[{"id":3630,"href":"https:\/\/blog.uclm.es\/humatec\/wp-json\/wp\/v2\/pages\/3572\/revisions\/3630"}],"wp:attachment":[{"href":"https:\/\/blog.uclm.es\/humatec\/wp-json\/wp\/v2\/media?parent=3572"}],"curies":[{"name":"wp","href":"https:\/\/api.w.org\/{rel}","templated":true}]}}