{"id":131,"date":"2026-04-08T10:11:48","date_gmt":"2026-04-08T08:11:48","guid":{"rendered":"https:\/\/blog.uclm.es\/humatec\/?page_id=131"},"modified":"2026-04-08T11:57:42","modified_gmt":"2026-04-08T09:57:42","slug":"actividades","status":"publish","type":"page","link":"https:\/\/blog.uclm.es\/humatec\/actividades\/","title":{"rendered":"Actividades"},"content":{"rendered":"\n<h2 data-wp-context---core-fit-text=\"core\/fit-text::{&quot;fontSize&quot;:&quot;&quot;}\" data-wp-init---core-fit-text=\"core\/fit-text::callbacks.init\" data-wp-interactive data-wp-style--font-size=\"core\/fit-text::context.fontSize\" class=\"wp-block-heading has-fit-text has-system-font-font-family\">Actividades<\/h2>\n\n\n<ul style=\"padding-top:var(--wp--preset--spacing--30);padding-bottom:var(--wp--preset--spacing--30);padding-left:var(--wp--preset--spacing--20);padding-right:var(--wp--preset--spacing--20);margin-top:0;margin-bottom:0;\" class=\"wp-block-latest-posts__list is-grid columns-2 has-dates wp-block-latest-posts\"><li><div class=\"wp-block-latest-posts__featured-image\"><img loading=\"lazy\" decoding=\"async\" width=\"863\" height=\"477\" src=\"https:\/\/blog.uclm.es\/humatec\/wp-content\/uploads\/sites\/346\/2026\/04\/Destacada-Actividades.jpg\" class=\"attachment-large size-large wp-post-image\" alt=\"\" style=\"\" srcset=\"https:\/\/blog.uclm.es\/humatec\/wp-content\/uploads\/sites\/346\/2026\/04\/Destacada-Actividades.jpg 863w, https:\/\/blog.uclm.es\/humatec\/wp-content\/uploads\/sites\/346\/2026\/04\/Destacada-Actividades-300x166.jpg 300w, https:\/\/blog.uclm.es\/humatec\/wp-content\/uploads\/sites\/346\/2026\/04\/Destacada-Actividades-768x424.jpg 768w\" sizes=\"auto, (max-width: 863px) 100vw, 863px\" \/><\/div><a class=\"wp-block-latest-posts__post-title\" href=\"https:\/\/blog.uclm.es\/humatec\/2025\/06\/20\/curso-de-verano-discapacidad-genero-y-ruralidad-una-mirada-desde-la-digitalizacion\/\">Curso de verano \u201cDiscapacidad, g\u00e9nero y ruralidad: una mirada desde la digitalizaci\u00f3n\u201d<\/a><time datetime=\"2025-06-20T09:34:04+02:00\" class=\"wp-block-latest-posts__post-date\">20 de junio de 2025<\/time><div class=\"wp-block-latest-posts__post-excerpt\">Ver programa de la jornada. Fecha: 2 y 3 de julio de 2025. Lugar: Sal\u00f3n de Actos de la Facultad de Derecho de Albacete. Objetivos: Ofrecer una visi\u00f3n global de c\u00f3mo afecta la digitalizaci\u00f3n y la IA a las personas con discapacidad, a las mujeres y a quienes&#8230; <a class=\"wp-block-latest-posts__read-more\" href=\"https:\/\/blog.uclm.es\/humatec\/2025\/06\/20\/curso-de-verano-discapacidad-genero-y-ruralidad-una-mirada-desde-la-digitalizacion\/\" rel=\"noopener noreferrer\">Lee m\u00e1s<span class=\"screen-reader-text\">: Curso de verano \u201cDiscapacidad, g\u00e9nero y ruralidad: una mirada desde la digitalizaci\u00f3n\u201d<\/span><\/a><\/div><\/li>\n<li><div class=\"wp-block-latest-posts__featured-image\"><img loading=\"lazy\" decoding=\"async\" width=\"863\" height=\"477\" src=\"https:\/\/blog.uclm.es\/humatec\/wp-content\/uploads\/sites\/346\/2026\/04\/Destacada-Actividades.jpg\" class=\"attachment-large size-large wp-post-image\" alt=\"\" style=\"\" srcset=\"https:\/\/blog.uclm.es\/humatec\/wp-content\/uploads\/sites\/346\/2026\/04\/Destacada-Actividades.jpg 863w, https:\/\/blog.uclm.es\/humatec\/wp-content\/uploads\/sites\/346\/2026\/04\/Destacada-Actividades-300x166.jpg 300w, https:\/\/blog.uclm.es\/humatec\/wp-content\/uploads\/sites\/346\/2026\/04\/Destacada-Actividades-768x424.jpg 768w\" sizes=\"auto, (max-width: 863px) 100vw, 863px\" \/><\/div><a class=\"wp-block-latest-posts__post-title\" href=\"https:\/\/blog.uclm.es\/humatec\/2025\/06\/16\/curso-de-verano-entre-la-despoblacion-y-la-vulnerabilidad-el-papel-de-la-union-europea-en-la-revitalizacion-social-y-economica-de-castilla-la-mancha\/\">Curso de verano \u201cEntre la despoblaci\u00f3n y la vulnerabilidad: el papel de la Uni\u00f3n Europea en la revitalizaci\u00f3n social y econ\u00f3mica de Castilla &#8211; La Mancha\u201d<\/a><time datetime=\"2025-06-16T08:46:35+02:00\" class=\"wp-block-latest-posts__post-date\">16 de junio de 2025<\/time><div class=\"wp-block-latest-posts__post-excerpt\">Ver programa de la actividad. Fecha: 16 y 17 de junio de 2025. Lugar: Sala de Juntas de la Facultad de Derecho y CC.SS. de Ciudad Real. Objetivos: a) Proporcionar un marco de an\u00e1lisis e investigador sobre c\u00f3mo la despoblaci\u00f3n econ\u00f3mica y social afecta a la regi\u00f3n castellano-manchega;&#8230; <a class=\"wp-block-latest-posts__read-more\" href=\"https:\/\/blog.uclm.es\/humatec\/2025\/06\/16\/curso-de-verano-entre-la-despoblacion-y-la-vulnerabilidad-el-papel-de-la-union-europea-en-la-revitalizacion-social-y-economica-de-castilla-la-mancha\/\" rel=\"noopener noreferrer\">Lee m\u00e1s<span class=\"screen-reader-text\">: Curso de verano \u201cEntre la despoblaci\u00f3n y la vulnerabilidad: el papel de la Uni\u00f3n Europea en la revitalizaci\u00f3n social y econ\u00f3mica de Castilla &#8211; La Mancha\u201d<\/span><\/a><\/div><\/li>\n<li><div class=\"wp-block-latest-posts__featured-image\"><img loading=\"lazy\" decoding=\"async\" width=\"863\" height=\"477\" src=\"https:\/\/blog.uclm.es\/humatec\/wp-content\/uploads\/sites\/346\/2026\/04\/Destacada-Actividades.jpg\" class=\"attachment-large size-large wp-post-image\" alt=\"\" style=\"\" srcset=\"https:\/\/blog.uclm.es\/humatec\/wp-content\/uploads\/sites\/346\/2026\/04\/Destacada-Actividades.jpg 863w, https:\/\/blog.uclm.es\/humatec\/wp-content\/uploads\/sites\/346\/2026\/04\/Destacada-Actividades-300x166.jpg 300w, https:\/\/blog.uclm.es\/humatec\/wp-content\/uploads\/sites\/346\/2026\/04\/Destacada-Actividades-768x424.jpg 768w\" sizes=\"auto, (max-width: 863px) 100vw, 863px\" \/><\/div><a class=\"wp-block-latest-posts__post-title\" href=\"https:\/\/blog.uclm.es\/humatec\/2025\/06\/10\/la-carta-de-los-derechos-fundamentales-de-la-union-europea-a-los-veinticinco-anos-de-su-proclamacion\/\">La Carta de los Derechos Fundamentales de la Uni\u00f3n Europea a los veinticinco a\u00f1os de su proclamaci\u00f3n<\/a><time datetime=\"2025-06-10T17:39:33+02:00\" class=\"wp-block-latest-posts__post-date\">10 de junio de 2025<\/time><div class=\"wp-block-latest-posts__post-excerpt\">Ver programa de la jornada. Fecha: 12 de junio de 2025. Lugar: Centro de Estudios Pol\u00edticos y Constitucionales (Madrid). Objetivos: Conmemorar el 25\u00ba. aniversario de la proclamaci\u00f3n de la Carta de los Derechos Fundamentales de la Uni\u00f3n Europea. Se abordar\u00e1 desde el origen de la Carta al estado&#8230; <a class=\"wp-block-latest-posts__read-more\" href=\"https:\/\/blog.uclm.es\/humatec\/2025\/06\/10\/la-carta-de-los-derechos-fundamentales-de-la-union-europea-a-los-veinticinco-anos-de-su-proclamacion\/\" rel=\"noopener noreferrer\">Lee m\u00e1s<span class=\"screen-reader-text\">: La Carta de los Derechos Fundamentales de la Uni\u00f3n Europea a los veinticinco a\u00f1os de su proclamaci\u00f3n<\/span><\/a><\/div><\/li>\n<li><div class=\"wp-block-latest-posts__featured-image\"><img loading=\"lazy\" decoding=\"async\" width=\"863\" height=\"477\" src=\"https:\/\/blog.uclm.es\/humatec\/wp-content\/uploads\/sites\/346\/2026\/04\/Destacada-Actividades.jpg\" class=\"attachment-large size-large wp-post-image\" alt=\"\" style=\"\" srcset=\"https:\/\/blog.uclm.es\/humatec\/wp-content\/uploads\/sites\/346\/2026\/04\/Destacada-Actividades.jpg 863w, https:\/\/blog.uclm.es\/humatec\/wp-content\/uploads\/sites\/346\/2026\/04\/Destacada-Actividades-300x166.jpg 300w, https:\/\/blog.uclm.es\/humatec\/wp-content\/uploads\/sites\/346\/2026\/04\/Destacada-Actividades-768x424.jpg 768w\" sizes=\"auto, (max-width: 863px) 100vw, 863px\" \/><\/div><a class=\"wp-block-latest-posts__post-title\" href=\"https:\/\/blog.uclm.es\/humatec\/2025\/06\/02\/xxiv-seminario-de-teoria-y-metodo-del-derecho-publico\/\">XXIV Seminario de Teor\u00eda y M\u00e9todo del Derecho P\u00fablico<\/a><time datetime=\"2025-06-02T11:52:09+02:00\" class=\"wp-block-latest-posts__post-date\">2 de junio de 2025<\/time><div class=\"wp-block-latest-posts__post-excerpt\">Ver programa de la jornada. Fecha: 30 de mayo de 2025. Lugar: Facultad de Ciencias Jur\u00eddicas y Sociales de Toledo. Objetivos: articular un espacio para la exposici\u00f3n, la discusi\u00f3n, la cr\u00edtica y el intercambio de ideas cient\u00edficas en relaci\u00f3n, principalmente, con los m\u00e9todos que se utilizan o que&#8230; <a class=\"wp-block-latest-posts__read-more\" href=\"https:\/\/blog.uclm.es\/humatec\/2025\/06\/02\/xxiv-seminario-de-teoria-y-metodo-del-derecho-publico\/\" rel=\"noopener noreferrer\">Lee m\u00e1s<span class=\"screen-reader-text\">: XXIV Seminario de Teor\u00eda y M\u00e9todo del Derecho P\u00fablico<\/span><\/a><\/div><\/li>\n<li><div class=\"wp-block-latest-posts__featured-image\"><img loading=\"lazy\" decoding=\"async\" width=\"863\" height=\"477\" src=\"https:\/\/blog.uclm.es\/humatec\/wp-content\/uploads\/sites\/346\/2026\/04\/Destacada-Actividades.jpg\" class=\"attachment-large size-large wp-post-image\" alt=\"\" style=\"\" srcset=\"https:\/\/blog.uclm.es\/humatec\/wp-content\/uploads\/sites\/346\/2026\/04\/Destacada-Actividades.jpg 863w, https:\/\/blog.uclm.es\/humatec\/wp-content\/uploads\/sites\/346\/2026\/04\/Destacada-Actividades-300x166.jpg 300w, https:\/\/blog.uclm.es\/humatec\/wp-content\/uploads\/sites\/346\/2026\/04\/Destacada-Actividades-768x424.jpg 768w\" sizes=\"auto, (max-width: 863px) 100vw, 863px\" \/><\/div><a class=\"wp-block-latest-posts__post-title\" href=\"https:\/\/blog.uclm.es\/humatec\/2025\/05\/22\/v-congreso-nacional-y-ii-congreso-internacional-de-derecho-de-la-discapacidad-la-salud-mental-como-cuestion-de-derechos-humanos\/\">V Congreso Nacional y II Congreso Internacional de Derecho de la Discapacidad. La salud mental como cuesti\u00f3n de derechos humanos<\/a><time datetime=\"2025-05-22T15:01:21+02:00\" class=\"wp-block-latest-posts__post-date\">22 de mayo de 2025<\/time><div class=\"wp-block-latest-posts__post-excerpt\">Ver programa de la jornada. Fecha: 21, 22 y 23 de mayo de 2025. Lugar: Paraninfo Luis Arroyo. UCLM, Ciudad Real (Ronda Toledo, s\/n). Objetivos: a) Constituir un espacio de debate para abordar los temas de actualidad en relaci\u00f3n al derecho de la discapacidad relacionado con la salud&#8230; <a class=\"wp-block-latest-posts__read-more\" href=\"https:\/\/blog.uclm.es\/humatec\/2025\/05\/22\/v-congreso-nacional-y-ii-congreso-internacional-de-derecho-de-la-discapacidad-la-salud-mental-como-cuestion-de-derechos-humanos\/\" rel=\"noopener noreferrer\">Lee m\u00e1s<span class=\"screen-reader-text\">: V Congreso Nacional y II Congreso Internacional de Derecho de la Discapacidad. La salud mental como cuesti\u00f3n de derechos humanos<\/span><\/a><\/div><\/li>\n<li><div class=\"wp-block-latest-posts__featured-image\"><img loading=\"lazy\" decoding=\"async\" width=\"863\" height=\"477\" src=\"https:\/\/blog.uclm.es\/humatec\/wp-content\/uploads\/sites\/346\/2026\/04\/Destacada-Actividades.jpg\" class=\"attachment-large size-large wp-post-image\" alt=\"\" style=\"\" srcset=\"https:\/\/blog.uclm.es\/humatec\/wp-content\/uploads\/sites\/346\/2026\/04\/Destacada-Actividades.jpg 863w, https:\/\/blog.uclm.es\/humatec\/wp-content\/uploads\/sites\/346\/2026\/04\/Destacada-Actividades-300x166.jpg 300w, https:\/\/blog.uclm.es\/humatec\/wp-content\/uploads\/sites\/346\/2026\/04\/Destacada-Actividades-768x424.jpg 768w\" sizes=\"auto, (max-width: 863px) 100vw, 863px\" \/><\/div><a class=\"wp-block-latest-posts__post-title\" href=\"https:\/\/blog.uclm.es\/humatec\/2025\/04\/10\/nordic-education-law-symposium-2025-juridification-of-educational-spheres\/\">Nordic Education Law Symposium 2025: Juridification of Educational Spheres<\/a><time datetime=\"2025-04-10T14:20:58+02:00\" class=\"wp-block-latest-posts__post-date\">10 de abril de 2025<\/time><div class=\"wp-block-latest-posts__post-excerpt\">Ver programa de la actividad. Fecha: 3-4 de abril de 2025. Lugar: The Faculty Room, Tr\u00e4dg\u00e5rdsgatan 1, Uppsala. Objetivos: se exploraron los principales avances en el derecho de la educaci\u00f3n en los pa\u00edses del norte de Europa, entre los temas que se estuvieron trataron fueron: a) estado del&#8230; <a class=\"wp-block-latest-posts__read-more\" href=\"https:\/\/blog.uclm.es\/humatec\/2025\/04\/10\/nordic-education-law-symposium-2025-juridification-of-educational-spheres\/\" rel=\"noopener noreferrer\">Lee m\u00e1s<span class=\"screen-reader-text\">: Nordic Education Law Symposium 2025: Juridification of Educational Spheres<\/span><\/a><\/div><\/li>\n<li><div class=\"wp-block-latest-posts__featured-image\"><img loading=\"lazy\" decoding=\"async\" width=\"863\" height=\"477\" src=\"https:\/\/blog.uclm.es\/humatec\/wp-content\/uploads\/sites\/346\/2026\/04\/Destacada-Actividades.jpg\" class=\"attachment-large size-large wp-post-image\" alt=\"\" style=\"\" srcset=\"https:\/\/blog.uclm.es\/humatec\/wp-content\/uploads\/sites\/346\/2026\/04\/Destacada-Actividades.jpg 863w, https:\/\/blog.uclm.es\/humatec\/wp-content\/uploads\/sites\/346\/2026\/04\/Destacada-Actividades-300x166.jpg 300w, https:\/\/blog.uclm.es\/humatec\/wp-content\/uploads\/sites\/346\/2026\/04\/Destacada-Actividades-768x424.jpg 768w\" sizes=\"auto, (max-width: 863px) 100vw, 863px\" \/><\/div><a class=\"wp-block-latest-posts__post-title\" href=\"https:\/\/blog.uclm.es\/humatec\/2025\/03\/07\/el-acceso-a-la-carrera-judicial-a-debate\/\">El acceso a la carrera judicial a debate<\/a><time datetime=\"2025-03-07T18:06:26+01:00\" class=\"wp-block-latest-posts__post-date\">7 de marzo de 2025<\/time><div class=\"wp-block-latest-posts__post-excerpt\">Ver programa de la jornada. Fecha: 27 de febrero. Lugar: Webinar. Objetivos: plantear las fortalezas y debilidades del actual sistema de acceso a la justicia en Espa\u00f1a. Organizaci\u00f3n: Hay Derecho. Participaci\u00f3n: Susana de la Sierra, investigadora principal de los proyectos, intervino para exponer un tema del que lleva&#8230; <a class=\"wp-block-latest-posts__read-more\" href=\"https:\/\/blog.uclm.es\/humatec\/2025\/03\/07\/el-acceso-a-la-carrera-judicial-a-debate\/\" rel=\"noopener noreferrer\">Lee m\u00e1s<span class=\"screen-reader-text\">: El acceso a la carrera judicial a debate<\/span><\/a><\/div><\/li>\n<li><div class=\"wp-block-latest-posts__featured-image\"><img loading=\"lazy\" decoding=\"async\" width=\"863\" height=\"477\" src=\"https:\/\/blog.uclm.es\/humatec\/wp-content\/uploads\/sites\/346\/2026\/04\/Destacada-Actividades.jpg\" class=\"attachment-large size-large wp-post-image\" alt=\"\" style=\"\" srcset=\"https:\/\/blog.uclm.es\/humatec\/wp-content\/uploads\/sites\/346\/2026\/04\/Destacada-Actividades.jpg 863w, https:\/\/blog.uclm.es\/humatec\/wp-content\/uploads\/sites\/346\/2026\/04\/Destacada-Actividades-300x166.jpg 300w, https:\/\/blog.uclm.es\/humatec\/wp-content\/uploads\/sites\/346\/2026\/04\/Destacada-Actividades-768x424.jpg 768w\" sizes=\"auto, (max-width: 863px) 100vw, 863px\" \/><\/div><a class=\"wp-block-latest-posts__post-title\" href=\"https:\/\/blog.uclm.es\/humatec\/2025\/03\/07\/jornada-sobre-inteligencia-artificial-ia-y-administracion-local\/\">Jornada sobre Inteligencia Artificial (IA) y Administraci\u00f3n Local<\/a><time datetime=\"2025-03-07T17:43:57+01:00\" class=\"wp-block-latest-posts__post-date\">7 de marzo de 2025<\/time><div class=\"wp-block-latest-posts__post-excerpt\">Ver programa de la jornada. Fecha: 24 de febrero de 2025. Lugar: Semipresencial. Sede INAP\/Plataforma Moodle Objetivos: Comprender el contexto normativo de la implantaci\u00f3n de la IA en la Administraci\u00f3n local, el conocimiento de diferentes sistemas, nociones de ciberseguridad y experiencias de implementaci\u00f3n en el \u00e1mbito local. Organizaci\u00f3n:&#8230; <a class=\"wp-block-latest-posts__read-more\" href=\"https:\/\/blog.uclm.es\/humatec\/2025\/03\/07\/jornada-sobre-inteligencia-artificial-ia-y-administracion-local\/\" rel=\"noopener noreferrer\">Lee m\u00e1s<span class=\"screen-reader-text\">: Jornada sobre Inteligencia Artificial (IA) y Administraci\u00f3n Local<\/span><\/a><\/div><\/li>\n<li><div class=\"wp-block-latest-posts__featured-image\"><img loading=\"lazy\" decoding=\"async\" width=\"863\" height=\"477\" src=\"https:\/\/blog.uclm.es\/humatec\/wp-content\/uploads\/sites\/346\/2026\/04\/Destacada-Actividades.jpg\" class=\"attachment-large size-large wp-post-image\" alt=\"\" style=\"\" srcset=\"https:\/\/blog.uclm.es\/humatec\/wp-content\/uploads\/sites\/346\/2026\/04\/Destacada-Actividades.jpg 863w, https:\/\/blog.uclm.es\/humatec\/wp-content\/uploads\/sites\/346\/2026\/04\/Destacada-Actividades-300x166.jpg 300w, https:\/\/blog.uclm.es\/humatec\/wp-content\/uploads\/sites\/346\/2026\/04\/Destacada-Actividades-768x424.jpg 768w\" sizes=\"auto, (max-width: 863px) 100vw, 863px\" \/><\/div><a class=\"wp-block-latest-posts__post-title\" href=\"https:\/\/blog.uclm.es\/humatec\/2025\/02\/17\/la-inteligencia-artificial-y-control-de-las-administraciones-publicas\/\">La inteligencia artificial y control de las Administraciones p\u00fablicas<\/a><time datetime=\"2025-02-17T19:30:51+01:00\" class=\"wp-block-latest-posts__post-date\">17 de febrero de 2025<\/time><div class=\"wp-block-latest-posts__post-excerpt\">Ver programa de la jornada. Fecha: 20 de febrero de 2025. Lugar: Santiago de Compostela (EGAP). Objetivos: a) identificar casos de uso y utilidades de la inteligencia artificial en el sector p\u00fablico, teniendo presentes los riesgos que expone una tecnolog\u00eda de estas caracter\u00edsticas; b) presentar el marco normativo&#8230; <a class=\"wp-block-latest-posts__read-more\" href=\"https:\/\/blog.uclm.es\/humatec\/2025\/02\/17\/la-inteligencia-artificial-y-control-de-las-administraciones-publicas\/\" rel=\"noopener noreferrer\">Lee m\u00e1s<span class=\"screen-reader-text\">: La inteligencia artificial y control de las Administraciones p\u00fablicas<\/span><\/a><\/div><\/li>\n<li><div class=\"wp-block-latest-posts__featured-image\"><img loading=\"lazy\" decoding=\"async\" width=\"863\" height=\"477\" src=\"https:\/\/blog.uclm.es\/humatec\/wp-content\/uploads\/sites\/346\/2026\/04\/Destacada-Actividades.jpg\" class=\"attachment-large size-large wp-post-image\" alt=\"\" style=\"\" srcset=\"https:\/\/blog.uclm.es\/humatec\/wp-content\/uploads\/sites\/346\/2026\/04\/Destacada-Actividades.jpg 863w, https:\/\/blog.uclm.es\/humatec\/wp-content\/uploads\/sites\/346\/2026\/04\/Destacada-Actividades-300x166.jpg 300w, https:\/\/blog.uclm.es\/humatec\/wp-content\/uploads\/sites\/346\/2026\/04\/Destacada-Actividades-768x424.jpg 768w\" sizes=\"auto, (max-width: 863px) 100vw, 863px\" \/><\/div><a class=\"wp-block-latest-posts__post-title\" href=\"https:\/\/blog.uclm.es\/humatec\/2025\/02\/06\/el-derecho-de-la-discapacidad-en-latinoamerica-costa-rica-y-espana-en-clave-comparada\/\">El Derecho de la discapacidad en Latinoam\u00e9rica: Costa Rica y Espa\u00f1a en clave comparada<\/a><time datetime=\"2025-02-06T18:46:49+01:00\" class=\"wp-block-latest-posts__post-date\">6 de febrero de 2025<\/time><div class=\"wp-block-latest-posts__post-excerpt\">Ver programa de la jornada. Ver cartel de la jornada. Fecha: lunes 17 de febrero de 2025. Lugar: Sala de Juntas, Facultad de Derecho y CC.SS. de Ciudad Real. Objetivos: realizar un ejercicio de Derecho comparado entre los ordenamientos jur\u00eddicos de Espa\u00f1a y Costa Rica acerca de las&#8230; <a class=\"wp-block-latest-posts__read-more\" href=\"https:\/\/blog.uclm.es\/humatec\/2025\/02\/06\/el-derecho-de-la-discapacidad-en-latinoamerica-costa-rica-y-espana-en-clave-comparada\/\" rel=\"noopener noreferrer\">Lee m\u00e1s<span class=\"screen-reader-text\">: El Derecho de la discapacidad en Latinoam\u00e9rica: Costa Rica y Espa\u00f1a en clave comparada<\/span><\/a><\/div><\/li>\n<\/ul>\n\n\n<div class=\"wp-block-columns is-layout-flex wp-container-core-columns-is-layout-28f84493 wp-block-columns-is-layout-flex\">\n<div class=\"wp-block-column is-vertically-aligned-center is-layout-flow wp-block-column-is-layout-flow\" style=\"flex-basis:100%\">\n<div class=\"wp-block-columns is-layout-flex wp-container-core-columns-is-layout-28f84493 wp-block-columns-is-layout-flex\">\n<div class=\"wp-block-column is-layout-flow wp-block-column-is-layout-flow\"><\/div>\n\n\n\n<div class=\"wp-block-column is-layout-flow wp-block-column-is-layout-flow\"><\/div>\n<\/div>\n<\/div>\n<\/div>\n\n\n\n<figure class=\"wp-block-image size-large\"><img loading=\"lazy\" decoding=\"async\" width=\"1024\" height=\"176\" src=\"https:\/\/blog.uclm.es\/humatec\/wp-content\/uploads\/sites\/346\/2026\/03\/Logos-inferiores-V2.jpg-1024x176.webp\" alt=\"\" class=\"wp-image-156\" srcset=\"https:\/\/blog.uclm.es\/humatec\/wp-content\/uploads\/sites\/346\/2026\/03\/Logos-inferiores-V2.jpg-1024x176.webp 1024w, https:\/\/blog.uclm.es\/humatec\/wp-content\/uploads\/sites\/346\/2026\/03\/Logos-inferiores-V2.jpg-300x52.webp 300w, https:\/\/blog.uclm.es\/humatec\/wp-content\/uploads\/sites\/346\/2026\/03\/Logos-inferiores-V2.jpg-768x132.webp 768w, https:\/\/blog.uclm.es\/humatec\/wp-content\/uploads\/sites\/346\/2026\/03\/Logos-inferiores-V2.jpg-1536x264.webp 1536w, https:\/\/blog.uclm.es\/humatec\/wp-content\/uploads\/sites\/346\/2026\/03\/Logos-inferiores-V2.jpg.webp 1920w\" sizes=\"auto, (max-width: 1024px) 100vw, 1024px\" \/><\/figure>\n","protected":false},"excerpt":{"rendered":"<p>Actividades<\/p>\n","protected":false},"author":55,"featured_media":0,"parent":0,"menu_order":0,"comment_status":"closed","ping_status":"closed","template":"","meta":{"footnotes":""},"class_list":["post-131","page","type-page","status-publish","hentry"],"_links":{"self":[{"href":"https:\/\/blog.uclm.es\/humatec\/wp-json\/wp\/v2\/pages\/131","targetHints":{"allow":["GET"]}}],"collection":[{"href":"https:\/\/blog.uclm.es\/humatec\/wp-json\/wp\/v2\/pages"}],"about":[{"href":"https:\/\/blog.uclm.es\/humatec\/wp-json\/wp\/v2\/types\/page"}],"author":[{"embeddable":true,"href":"https:\/\/blog.uclm.es\/humatec\/wp-json\/wp\/v2\/users\/55"}],"replies":[{"embeddable":true,"href":"https:\/\/blog.uclm.es\/humatec\/wp-json\/wp\/v2\/comments?post=131"}],"version-history":[{"count":8,"href":"https:\/\/blog.uclm.es\/humatec\/wp-json\/wp\/v2\/pages\/131\/revisions"}],"predecessor-version":[{"id":3629,"href":"https:\/\/blog.uclm.es\/humatec\/wp-json\/wp\/v2\/pages\/131\/revisions\/3629"}],"wp:attachment":[{"href":"https:\/\/blog.uclm.es\/humatec\/wp-json\/wp\/v2\/media?parent=131"}],"curies":[{"name":"wp","href":"https:\/\/api.w.org\/{rel}","templated":true}]}}