{"id":3,"date":"2015-11-13T13:47:16","date_gmt":"2015-11-13T13:47:16","guid":{"rendered":"http:\/\/blog.uclm.es\/heliacpereira\/?page_id=2"},"modified":"2015-11-13T13:47:16","modified_gmt":"2015-11-13T13:47:16","slug":"pagina-ejemplo-2","status":"publish","type":"page","link":"https:\/\/blog.uclm.es\/heliacpereira\/","title":{"rendered":"Contacto"},"content":{"rendered":"<p>Profesora Titular<br \/>\n<a href=\"https:\/\/www.uclm.es\/departamentos\/matematicas\" target=\"_blank\" rel=\"noopener\">Departamento de Matem\u00e1ticas<\/a><br \/>\n<a href=\"https:\/\/www.uclm.es\/ciudad-real\/quimicas\" target=\"_blank\" rel=\"noopener\">Facultad de Ciencias y Tecnolog\u00edas Qu\u00edmicas<\/a><br \/>\n<a href=\"http:\/\/www.uclm.es\" target=\"_blank\" rel=\"noopener\">Universidad de Castilla-La Mancha<\/a><br \/>\nAv. Camilo Jos\u00e9 Cela 10<br \/>\n13071 Ciudad Real<br \/>\nEspa\u00f1a<\/p>\n<p>e-mail: heliac.pereira@uclm.es<\/p>\n","protected":false},"excerpt":{"rendered":"<p>Profesora Titular Departamento de Matem\u00e1ticas Facultad de Ciencias y Tecnolog\u00edas Qu\u00edmicas Universidad de Castilla-La Mancha Av. Camilo Jos\u00e9 Cela 10 13071 Ciudad Real Espa\u00f1a e-mail: heliac.pereira@uclm.es<\/p>\n","protected":false},"author":76,"featured_media":0,"parent":0,"menu_order":0,"comment_status":"closed","ping_status":"open","template":"","meta":{"footnotes":""},"class_list":["post-3","page","type-page","status-publish","hentry"],"_links":{"self":[{"href":"https:\/\/blog.uclm.es\/heliacpereira\/wp-json\/wp\/v2\/pages\/3","targetHints":{"allow":["GET"]}}],"collection":[{"href":"https:\/\/blog.uclm.es\/heliacpereira\/wp-json\/wp\/v2\/pages"}],"about":[{"href":"https:\/\/blog.uclm.es\/heliacpereira\/wp-json\/wp\/v2\/types\/page"}],"author":[{"embeddable":true,"href":"https:\/\/blog.uclm.es\/heliacpereira\/wp-json\/wp\/v2\/users\/76"}],"replies":[{"embeddable":true,"href":"https:\/\/blog.uclm.es\/heliacpereira\/wp-json\/wp\/v2\/comments?post=3"}],"version-history":[{"count":0,"href":"https:\/\/blog.uclm.es\/heliacpereira\/wp-json\/wp\/v2\/pages\/3\/revisions"}],"wp:attachment":[{"href":"https:\/\/blog.uclm.es\/heliacpereira\/wp-json\/wp\/v2\/media?parent=3"}],"curies":[{"name":"wp","href":"https:\/\/api.w.org\/{rel}","templated":true}]}}