{"id":13,"date":"2015-11-13T17:32:53","date_gmt":"2015-11-13T16:32:53","guid":{"rendered":"http:\/\/blog.uclm.es\/heliacpereira\/?page_id=13"},"modified":"2023-10-30T09:41:42","modified_gmt":"2023-10-30T09:41:42","slug":"links","status":"publish","type":"page","link":"https:\/\/blog.uclm.es\/heliacpereira\/links\/","title":{"rendered":"Links"},"content":{"rendered":"<p><a href=\"http:\/\/www.researchgate.net\/profile\/Helia_Serrano\" target=\"_blank\" rel=\"noopener\">ResearchGate<\/a><\/p>\n<p><a href=\"http:\/\/matematicas.uclm.es\/omeva\/\" target=\"_blank\" rel=\"noopener\">OMEVA &#8211; Optimization and Variational Methods Group<\/a> de la Universidad de Castilla-La Mancha<\/p>\n<p><a href=\"https:\/\/www.uclm.es\/estudios\/masteres\/master-inter-fisica-matematicas\" target=\"_blank\" rel=\"noopener\">M\u00e1ster en F\u00edsica y Matem\u00e1ticas<\/a> &#8211; FISYMAT &#8211; de la Universidad de Castilla-La Mancha<\/p>\n<p><a href=\"http:\/\/www.rsme.es\" target=\"_blank\" rel=\"noopener\">Real Sociedad Matem\u00e1tica Espa\u00f1ola<\/a><\/p>\n<p><a href=\"http:\/\/www.euro-math-soc.eu\" target=\"_blank\" rel=\"noopener\">European Mathematical Society<\/a><\/p>\n<p><a href=\"http:\/\/www.ams.org\" target=\"_blank\" rel=\"noopener\">American Mathematical Society<\/a><\/p>\n","protected":false},"excerpt":{"rendered":"<p>ResearchGate OMEVA &#8211; Optimization and Variational Methods Group de la Universidad de Castilla-La Mancha M\u00e1ster en F\u00edsica y Matem\u00e1ticas &#8211; FISYMAT &#8211; de la Universidad de Castilla-La Mancha Real Sociedad Matem\u00e1tica Espa\u00f1ola European Mathematical Society American Mathematical Society<\/p>\n","protected":false},"author":76,"featured_media":0,"parent":0,"menu_order":0,"comment_status":"closed","ping_status":"closed","template":"","meta":{"footnotes":""},"class_list":["post-13","page","type-page","status-publish","hentry"],"_links":{"self":[{"href":"https:\/\/blog.uclm.es\/heliacpereira\/wp-json\/wp\/v2\/pages\/13","targetHints":{"allow":["GET"]}}],"collection":[{"href":"https:\/\/blog.uclm.es\/heliacpereira\/wp-json\/wp\/v2\/pages"}],"about":[{"href":"https:\/\/blog.uclm.es\/heliacpereira\/wp-json\/wp\/v2\/types\/page"}],"author":[{"embeddable":true,"href":"https:\/\/blog.uclm.es\/heliacpereira\/wp-json\/wp\/v2\/users\/76"}],"replies":[{"embeddable":true,"href":"https:\/\/blog.uclm.es\/heliacpereira\/wp-json\/wp\/v2\/comments?post=13"}],"version-history":[{"count":1,"href":"https:\/\/blog.uclm.es\/heliacpereira\/wp-json\/wp\/v2\/pages\/13\/revisions"}],"predecessor-version":[{"id":36,"href":"https:\/\/blog.uclm.es\/heliacpereira\/wp-json\/wp\/v2\/pages\/13\/revisions\/36"}],"wp:attachment":[{"href":"https:\/\/blog.uclm.es\/heliacpereira\/wp-json\/wp\/v2\/media?parent=13"}],"curies":[{"name":"wp","href":"https:\/\/api.w.org\/{rel}","templated":true}]}}