{"id":11,"date":"2015-11-13T17:30:04","date_gmt":"2015-11-13T16:30:04","guid":{"rendered":"http:\/\/blog.uclm.es\/heliacpereira\/?page_id=11"},"modified":"2024-01-11T09:39:53","modified_gmt":"2024-01-11T09:39:53","slug":"docencia","status":"publish","type":"page","link":"https:\/\/blog.uclm.es\/heliacpereira\/docencia\/","title":{"rendered":"Docencia"},"content":{"rendered":"<p><strong>Licenciaturas y Grados<\/strong><\/p>\n<p>1. \u00c1lgebra y C\u00e1lculo para la Licenciatura de Ingeniero Industrial, y los Grados en Ingenier\u00eda El\u00e9ctrica, Mec\u00e1nica, Electr\u00f3nica y Autom\u00e1tica Industrial en la Escuela T\u00e9cnica Superior de Ingenieros Industriales de Ciudad Real de 2004 a 2012.<br \/>\n2. Matem\u00e1ticas y Estad\u00edstica y M\u00e9todos Computacionales para los Grados en Qu\u00edmica y Ciencia y Tecnolog\u00eda de los Alimentos de la Facultad de Ciencias y Tecnolog\u00edas Qu\u00edmicas de Ciudad Real desde 2012.<\/p>\n<p><strong>P\u00f3s-Grado<\/strong><\/p>\n<p>1. M\u00e1ster en F\u00edsica y Matem\u00e1ticas (FisyMat) de la Universidad de Castilla-La Mancha.<br \/>\n2. M\u00e1ster Universitario en Profesor de Educaci\u00f3n Secundaria Obligatoria y Bachillerato, Formaci\u00f3n Profesional y Ense\u00f1anza de Idiomas (MUFPS), especialidad de Matem\u00e1ticas, de la Universidad de Castilla-La Mancha.<\/p>\n<p><strong>Publicaciones<\/strong><\/p>\n<p>1. G. F. Calvo, J. Belmonte, H. Serrano, Curso cero de Matem\u00e1ticas y F\u00edsica, www.lulu.com, 2012. (ISBN 978-12-911960-7-8)<br \/>\n2. H. Serrano, Pr\u00e1cticas Computacionales de Matem\u00e1ticas, Actividades Pr\u00e1cticas del Grado en Qu\u00edmica, Editorial Casa Ruiz-Morote, 2014. (ISBN 978-84-939630-6-4)<br \/>\n3. F. Pla, H. Serrano, Pr\u00e1cticas Computacionales de Matem\u00e1ticas y Estad\u00edstica, Actividades Pr\u00e1cticas del Grado en Ciencia y Tecnolog\u00eda de los Alimentos, Editorial Casa Ruiz-Morote, 2014. (ISBN 978-84-939630-5-7)<br \/>\n4. R. E. Pruneda, M. C. Castillo, C.M. Mozos, A. M. Sanz, H. Serrano,\u00a0Competencias Digitales para el Profesorado Universitario, Ediciones de la Universidad de Castilla-La Mancha, Colecci\u00f3n Atenea 37, 2023. (ISBN \u00a0978-84-9044-566-2)<\/p>\n","protected":false},"excerpt":{"rendered":"<p>Licenciaturas y Grados 1. \u00c1lgebra y C\u00e1lculo para la Licenciatura de Ingeniero Industrial, y los Grados en Ingenier\u00eda El\u00e9ctrica, Mec\u00e1nica, Electr\u00f3nica y Autom\u00e1tica Industrial en la Escuela T\u00e9cnica Superior de Ingenieros Industriales de Ciudad Real de 2004 a 2012. 2. Matem\u00e1ticas y Estad\u00edstica y M\u00e9todos Computacionales para los Grados en Qu\u00edmica y Ciencia y Tecnolog\u00eda &hellip; <a href=\"https:\/\/blog.uclm.es\/heliacpereira\/docencia\/\" class=\"more-link\">Seguir leyendo <span class=\"screen-reader-text\">Docencia<\/span> <span class=\"meta-nav\">&rarr;<\/span><\/a><\/p>\n","protected":false},"author":76,"featured_media":0,"parent":0,"menu_order":0,"comment_status":"closed","ping_status":"closed","template":"","meta":{"footnotes":""},"class_list":["post-11","page","type-page","status-publish","hentry"],"_links":{"self":[{"href":"https:\/\/blog.uclm.es\/heliacpereira\/wp-json\/wp\/v2\/pages\/11","targetHints":{"allow":["GET"]}}],"collection":[{"href":"https:\/\/blog.uclm.es\/heliacpereira\/wp-json\/wp\/v2\/pages"}],"about":[{"href":"https:\/\/blog.uclm.es\/heliacpereira\/wp-json\/wp\/v2\/types\/page"}],"author":[{"embeddable":true,"href":"https:\/\/blog.uclm.es\/heliacpereira\/wp-json\/wp\/v2\/users\/76"}],"replies":[{"embeddable":true,"href":"https:\/\/blog.uclm.es\/heliacpereira\/wp-json\/wp\/v2\/comments?post=11"}],"version-history":[{"count":3,"href":"https:\/\/blog.uclm.es\/heliacpereira\/wp-json\/wp\/v2\/pages\/11\/revisions"}],"predecessor-version":[{"id":42,"href":"https:\/\/blog.uclm.es\/heliacpereira\/wp-json\/wp\/v2\/pages\/11\/revisions\/42"}],"wp:attachment":[{"href":"https:\/\/blog.uclm.es\/heliacpereira\/wp-json\/wp\/v2\/media?parent=11"}],"curies":[{"name":"wp","href":"https:\/\/api.w.org\/{rel}","templated":true}]}}