{"id":944,"date":"2018-03-20T23:08:40","date_gmt":"2018-03-20T22:08:40","guid":{"rendered":"http:\/\/blog.uclm.es\/grupotajo\/?page_id=944"},"modified":"2018-03-20T23:08:40","modified_gmt":"2018-03-20T22:08:40","slug":"informe-impactos-socioeconomicos-del-tts-sobre-los-municipios-riberenos-de-entrepenas-y-buendia","status":"publish","type":"page","link":"https:\/\/blog.uclm.es\/grupotajo\/informe-impactos-socioeconomicos-del-tts-sobre-los-municipios-riberenos-de-entrepenas-y-buendia\/","title":{"rendered":"INFORME IMPACTOS SOCIOECON\u00d3MICOS DEL TTS SOBRE LOS MUNICIPIOS RIBERE\u00d1OS DE ENTREPE\u00d1AS Y BUEND\u00cdA"},"content":{"rendered":"<p><a href=\"https:\/\/blog.uclm.es\/grupotajo\/wp-content\/uploads\/sites\/35\/2018\/03\/Informe-impactos-socioeconomicos-ATS-en-AMREB-7-Marzo-2018_baja-resolucion.pdf\">Informe impactos socioecon\u00f3micos ATS en AMREB-7 Marzo 2018<\/a><\/p>\n<p><a href=\"https:\/\/blog.uclm.es\/grupotajo\/wp-content\/uploads\/sites\/35\/2018\/03\/portada-informe.png\"><img loading=\"lazy\" decoding=\"async\" class=\"size-medium wp-image-945 aligncenter\" src=\"https:\/\/blog.uclm.es\/grupotajo\/wp-content\/uploads\/sites\/35\/2018\/03\/portada-informe-215x300.png\" alt=\"\" width=\"215\" height=\"300\" srcset=\"https:\/\/blog.uclm.es\/grupotajo\/wp-content\/uploads\/sites\/35\/2018\/03\/portada-informe-215x300.png 215w, https:\/\/blog.uclm.es\/grupotajo\/wp-content\/uploads\/sites\/35\/2018\/03\/portada-informe.png 362w\" sizes=\"auto, (max-width: 215px) 100vw, 215px\" \/><\/a><\/p>\n<p>&nbsp;<\/p>\n","protected":false},"excerpt":{"rendered":"<p>Informe impactos socioecon\u00f3micos ATS en AMREB-7 Marzo 2018 &nbsp;<\/p>\n","protected":false},"author":30,"featured_media":0,"parent":0,"menu_order":0,"comment_status":"closed","ping_status":"closed","template":"","meta":{"footnotes":""},"class_list":["post-944","page","type-page","status-publish","hentry"],"_links":{"self":[{"href":"https:\/\/blog.uclm.es\/grupotajo\/wp-json\/wp\/v2\/pages\/944","targetHints":{"allow":["GET"]}}],"collection":[{"href":"https:\/\/blog.uclm.es\/grupotajo\/wp-json\/wp\/v2\/pages"}],"about":[{"href":"https:\/\/blog.uclm.es\/grupotajo\/wp-json\/wp\/v2\/types\/page"}],"author":[{"embeddable":true,"href":"https:\/\/blog.uclm.es\/grupotajo\/wp-json\/wp\/v2\/users\/30"}],"replies":[{"embeddable":true,"href":"https:\/\/blog.uclm.es\/grupotajo\/wp-json\/wp\/v2\/comments?post=944"}],"version-history":[{"count":0,"href":"https:\/\/blog.uclm.es\/grupotajo\/wp-json\/wp\/v2\/pages\/944\/revisions"}],"wp:attachment":[{"href":"https:\/\/blog.uclm.es\/grupotajo\/wp-json\/wp\/v2\/media?parent=944"}],"curies":[{"name":"wp","href":"https:\/\/api.w.org\/{rel}","templated":true}]}}