{"id":927,"date":"2018-02-05T14:06:19","date_gmt":"2018-02-05T13:06:19","guid":{"rendered":"http:\/\/blog.uclm.es\/grupotajo\/?page_id=927"},"modified":"2018-02-05T14:06:19","modified_gmt":"2018-02-05T13:06:19","slug":"conferencias-2018","status":"publish","type":"page","link":"https:\/\/blog.uclm.es\/grupotajo\/conferencias-2018\/","title":{"rendered":"Conferencias 2018"},"content":{"rendered":"<p>Por quinto a\u00f1o consecutivo, continuamos ofreciendo el Ciclo de Conferencias <em>Investigando el Tajo<\/em>, en colaboraci\u00f3n con la Real Fundaci\u00f3n de Toledo. Pueden consultar el programa del a\u00f1o completo.<a href=\"https:\/\/blog.uclm.es\/grupotajo\/wp-content\/uploads\/sites\/35\/2018\/09\/Programa-2018.png\"><img loading=\"lazy\" decoding=\"async\" class=\"alignleft size-medium wp-image-964\" src=\"https:\/\/blog.uclm.es\/grupotajo\/wp-content\/uploads\/sites\/35\/2018\/09\/Programa-2018-220x300.png\" alt=\"\" width=\"220\" height=\"300\" srcset=\"https:\/\/blog.uclm.es\/grupotajo\/wp-content\/uploads\/sites\/35\/2018\/09\/Programa-2018-220x300.png 220w, https:\/\/blog.uclm.es\/grupotajo\/wp-content\/uploads\/sites\/35\/2018\/09\/Programa-2018.png 428w\" sizes=\"auto, (max-width: 220px) 100vw, 220px\" \/><\/a><\/p>\n","protected":false},"excerpt":{"rendered":"<p>Por quinto a\u00f1o consecutivo, continuamos ofreciendo el Ciclo de Conferencias Investigando el Tajo, en colaboraci\u00f3n con la Real Fundaci\u00f3n de Toledo. Pueden consultar el programa del a\u00f1o completo.<\/p>\n","protected":false},"author":30,"featured_media":0,"parent":0,"menu_order":0,"comment_status":"closed","ping_status":"closed","template":"","meta":{"footnotes":""},"class_list":["post-927","page","type-page","status-publish","hentry"],"_links":{"self":[{"href":"https:\/\/blog.uclm.es\/grupotajo\/wp-json\/wp\/v2\/pages\/927","targetHints":{"allow":["GET"]}}],"collection":[{"href":"https:\/\/blog.uclm.es\/grupotajo\/wp-json\/wp\/v2\/pages"}],"about":[{"href":"https:\/\/blog.uclm.es\/grupotajo\/wp-json\/wp\/v2\/types\/page"}],"author":[{"embeddable":true,"href":"https:\/\/blog.uclm.es\/grupotajo\/wp-json\/wp\/v2\/users\/30"}],"replies":[{"embeddable":true,"href":"https:\/\/blog.uclm.es\/grupotajo\/wp-json\/wp\/v2\/comments?post=927"}],"version-history":[{"count":0,"href":"https:\/\/blog.uclm.es\/grupotajo\/wp-json\/wp\/v2\/pages\/927\/revisions"}],"wp:attachment":[{"href":"https:\/\/blog.uclm.es\/grupotajo\/wp-json\/wp\/v2\/media?parent=927"}],"curies":[{"name":"wp","href":"https:\/\/api.w.org\/{rel}","templated":true}]}}