{"id":833,"date":"2017-03-05T13:20:47","date_gmt":"2017-03-05T12:20:47","guid":{"rendered":"http:\/\/blog.uclm.es\/grupotajo\/?page_id=833"},"modified":"2017-03-05T13:20:47","modified_gmt":"2017-03-05T12:20:47","slug":"conferencias-2017","status":"publish","type":"page","link":"https:\/\/blog.uclm.es\/grupotajo\/conferencias-2017\/","title":{"rendered":"Conferencias 2017"},"content":{"rendered":"<p>Por cuarto a\u00f1o consecutivo, continuamos ofreciendo el Ciclo de Conferencias <em>Investigando el Tajo<\/em>, en colaboraci\u00f3n con la Real Fundaci\u00f3n de Toledo. Pueden consultar el programa del a\u00f1o completo.<\/p>\n<p><a href=\"https:\/\/blog.uclm.es\/grupotajo\/wp-content\/uploads\/sites\/35\/2017\/03\/Programa-2017-jpg-1.png\"><img loading=\"lazy\" decoding=\"async\" class=\"alignleft size-medium wp-image-897\" src=\"https:\/\/blog.uclm.es\/grupotajo\/wp-content\/uploads\/sites\/35\/2017\/03\/Programa-2017-jpg-1-211x300.png\" alt=\"\" width=\"211\" height=\"300\" srcset=\"https:\/\/blog.uclm.es\/grupotajo\/wp-content\/uploads\/sites\/35\/2017\/03\/Programa-2017-jpg-1-211x300.png 211w, https:\/\/blog.uclm.es\/grupotajo\/wp-content\/uploads\/sites\/35\/2017\/03\/Programa-2017-jpg-1-721x1024.png 721w, https:\/\/blog.uclm.es\/grupotajo\/wp-content\/uploads\/sites\/35\/2017\/03\/Programa-2017-jpg-1-768x1090.png 768w, https:\/\/blog.uclm.es\/grupotajo\/wp-content\/uploads\/sites\/35\/2017\/03\/Programa-2017-jpg-1.png 973w\" sizes=\"auto, (max-width: 211px) 100vw, 211px\" \/><br \/>\n<\/a><\/p>\n<p><a href=\"https:\/\/blog.uclm.es\/grupotajo\/wp-content\/uploads\/sites\/35\/2017\/03\/Programa-2017-jpg.png\"><br \/>\n<\/a><\/p>\n","protected":false},"excerpt":{"rendered":"<p>Por cuarto a\u00f1o consecutivo, continuamos ofreciendo el Ciclo de Conferencias Investigando el Tajo, en colaboraci\u00f3n con la Real Fundaci\u00f3n de Toledo. Pueden consultar el programa del a\u00f1o completo.<\/p>\n","protected":false},"author":30,"featured_media":0,"parent":0,"menu_order":0,"comment_status":"closed","ping_status":"closed","template":"","meta":{"footnotes":""},"class_list":["post-833","page","type-page","status-publish","hentry"],"_links":{"self":[{"href":"https:\/\/blog.uclm.es\/grupotajo\/wp-json\/wp\/v2\/pages\/833","targetHints":{"allow":["GET"]}}],"collection":[{"href":"https:\/\/blog.uclm.es\/grupotajo\/wp-json\/wp\/v2\/pages"}],"about":[{"href":"https:\/\/blog.uclm.es\/grupotajo\/wp-json\/wp\/v2\/types\/page"}],"author":[{"embeddable":true,"href":"https:\/\/blog.uclm.es\/grupotajo\/wp-json\/wp\/v2\/users\/30"}],"replies":[{"embeddable":true,"href":"https:\/\/blog.uclm.es\/grupotajo\/wp-json\/wp\/v2\/comments?post=833"}],"version-history":[{"count":0,"href":"https:\/\/blog.uclm.es\/grupotajo\/wp-json\/wp\/v2\/pages\/833\/revisions"}],"wp:attachment":[{"href":"https:\/\/blog.uclm.es\/grupotajo\/wp-json\/wp\/v2\/media?parent=833"}],"curies":[{"name":"wp","href":"https:\/\/api.w.org\/{rel}","templated":true}]}}