{"id":793,"date":"2016-11-27T20:23:02","date_gmt":"2016-11-27T19:23:02","guid":{"rendered":"http:\/\/blog.uclm.es\/grupotajo\/?page_id=793"},"modified":"2016-11-27T20:23:02","modified_gmt":"2016-11-27T19:23:02","slug":"interreg-sudoe-aguamod","status":"publish","type":"page","link":"https:\/\/blog.uclm.es\/grupotajo\/interreg-sudoe-aguamod\/","title":{"rendered":"Proyecto Europeo Interreg SUDOE AGUAMOD"},"content":{"rendered":"<p><img loading=\"lazy\" decoding=\"async\" class=\"wp-image-857 alignleft\" src=\"https:\/\/blog.uclm.es\/grupotajo\/wp-content\/uploads\/sites\/35\/2016\/11\/Logos-de-todos-300x83.png\" alt=\"\" width=\"463\" height=\"128\" srcset=\"https:\/\/blog.uclm.es\/grupotajo\/wp-content\/uploads\/sites\/35\/2016\/11\/Logos-de-todos-300x83.png 300w, https:\/\/blog.uclm.es\/grupotajo\/wp-content\/uploads\/sites\/35\/2016\/11\/Logos-de-todos-768x213.png 768w, https:\/\/blog.uclm.es\/grupotajo\/wp-content\/uploads\/sites\/35\/2016\/11\/Logos-de-todos.png 960w\" sizes=\"auto, (max-width: 463px) 100vw, 463px\" \/><strong><span style=\"color: #3366ff\">Desarrollo de una plataforma de gesti\u00f3n de recursos h\u00eddricos durante el estiaje en el territorio SUDOE<\/span><\/strong><\/p>\n<p>En el marco de las pol\u00edticas p\u00fablicas europeas, nacionales y regionales del espacio SUDOE se evidencian problemas relacionados con los recursos h\u00eddricos, de creciente relevancia en un contexto de cambio clim\u00e1tico. La evoluci\u00f3n de las pol\u00edticas ambientales est\u00e1 estrechamente vinculada a la obligaci\u00f3n de resultados de las medidas que deben aplicarse en los pr\u00f3ximos a\u00f1os, en cumplimiento de la Directiva Marco del Agua (DMA 2000\/60). En el espacio SUDOE, la aplicaci\u00f3n de las normativas europeas se enfrenta al problema de la gesti\u00f3n del agua en periodos de estiaje, lo que est\u00e1 fuertemente ligado tanto a la disponibilidad de los recursos naturales como a la propia estrategia de gesti\u00f3n para responder a la demanda preservando a la vez el medio natural. La gesti\u00f3n integrada de los recursos h\u00eddricos en el espacio SUDOE necesita herramientas innovadoras adaptadas al territorio, y que tengan en cuenta el conjunto de componentes, incluyendo el contexto econ\u00f3mico y social.<\/p>\n<p>AGUAMOD propone una plataforma de gesti\u00f3n integrada de los recursos h\u00eddricos en todo el territorio SUDOE, que tome en consideraci\u00f3n los recursos h\u00eddricos disponibles, los usos del agua, y, tambi\u00e9n, las cuestiones econ\u00f3micas y de percepci\u00f3n social ligadas a la gobernanza del agua. La plataforma se construir\u00e1 en colaboraci\u00f3n con los agentes interesados en la gesti\u00f3n del recurso (incluyendo las agencias territoriales del agua), y tiene como objetivo promover una visi\u00f3n compartid del recurso en situaciones de estiaje. Adem\u00e1s, proporcionar\u00e1 herramientas de apoyo para la toma de decisiones en la gesti\u00f3n, a trav\u00e9s de escenarios de adaptaci\u00f3n al horizonte 2050 que incluyan cambios en el clima, los usos del agua o la gobernanza. El enfoque transnacional del proyecto permitir\u00e1 combinar los retos y los contextos territoriales con el fin de ofrecer una herramienta innovadora, com\u00fan y adaptada al conjunto del espacio SUDOE.<\/p>\n<p>Herramientas de comunicaci\u00f3n, como un SERIOUS GAME, y una pel\u00edcula de animaci\u00f3n permitir\u00e1n a los usuarios tener un mejor conocimiento del valor patrimonial de los recursos h\u00eddricos, en funci\u00f3n de las formas de gesti\u00f3n y de gobernanza establecidas.<\/p>\n","protected":false},"excerpt":{"rendered":"<p>Desarrollo de una plataforma de gesti\u00f3n de recursos h\u00eddricos durante el estiaje en el territorio SUDOE En el marco de las pol\u00edticas p\u00fablicas europeas, nacionales y regionales del espacio SUDOE se evidencian problemas relacionados con los recursos h\u00eddricos, de creciente relevancia en un contexto de cambio clim\u00e1tico. La evoluci\u00f3n de las pol\u00edticas ambientales est\u00e1 estrechamente &hellip; <a href=\"https:\/\/blog.uclm.es\/grupotajo\/interreg-sudoe-aguamod\/\" class=\"more-link\">Seguir leyendo <span class=\"screen-reader-text\">Proyecto Europeo Interreg SUDOE AGUAMOD<\/span> <span class=\"meta-nav\">&rarr;<\/span><\/a><\/p>\n","protected":false},"author":195,"featured_media":0,"parent":0,"menu_order":0,"comment_status":"closed","ping_status":"closed","template":"","meta":{"footnotes":""},"class_list":["post-793","page","type-page","status-publish","hentry"],"_links":{"self":[{"href":"https:\/\/blog.uclm.es\/grupotajo\/wp-json\/wp\/v2\/pages\/793","targetHints":{"allow":["GET"]}}],"collection":[{"href":"https:\/\/blog.uclm.es\/grupotajo\/wp-json\/wp\/v2\/pages"}],"about":[{"href":"https:\/\/blog.uclm.es\/grupotajo\/wp-json\/wp\/v2\/types\/page"}],"author":[{"embeddable":true,"href":"https:\/\/blog.uclm.es\/grupotajo\/wp-json\/wp\/v2\/users\/195"}],"replies":[{"embeddable":true,"href":"https:\/\/blog.uclm.es\/grupotajo\/wp-json\/wp\/v2\/comments?post=793"}],"version-history":[{"count":0,"href":"https:\/\/blog.uclm.es\/grupotajo\/wp-json\/wp\/v2\/pages\/793\/revisions"}],"wp:attachment":[{"href":"https:\/\/blog.uclm.es\/grupotajo\/wp-json\/wp\/v2\/media?parent=793"}],"curies":[{"name":"wp","href":"https:\/\/api.w.org\/{rel}","templated":true}]}}