{"id":759,"date":"2016-05-14T09:58:48","date_gmt":"2016-05-14T08:58:48","guid":{"rendered":"http:\/\/blog.uclm.es\/grupotajo\/?page_id=759"},"modified":"2016-05-14T09:58:48","modified_gmt":"2016-05-14T08:58:48","slug":"curso-en-gestion-y-planificacion-del-agua-en-la-cuenca-del-tajo","status":"publish","type":"page","link":"https:\/\/blog.uclm.es\/grupotajo\/curso-en-gestion-y-planificacion-del-agua-en-la-cuenca-del-tajo\/","title":{"rendered":"CURSO EN GESTI\u00d3N Y PLANIFICACI\u00d3N DEL AGUA EN LA CUENCA DEL TAJO"},"content":{"rendered":"\n<figure class=\"wp-block-image\"><img loading=\"lazy\" decoding=\"async\" width=\"709\" height=\"1024\" src=\"https:\/\/blog.uclm.es\/grupotajo\/files\/2019\/02\/Cartel-2_2019-709x1024.jpg\" alt=\"\" class=\"wp-image-980\" srcset=\"https:\/\/blog.uclm.es\/grupotajo\/wp-content\/uploads\/sites\/35\/2019\/02\/Cartel-2_2019-709x1024.jpg 709w, https:\/\/blog.uclm.es\/grupotajo\/wp-content\/uploads\/sites\/35\/2019\/02\/Cartel-2_2019-208x300.jpg 208w, https:\/\/blog.uclm.es\/grupotajo\/wp-content\/uploads\/sites\/35\/2019\/02\/Cartel-2_2019.jpg 720w\" sizes=\"auto, (max-width: 709px) 100vw, 709px\" \/><\/figure>\n\n\n<p style=\"text-align: justify\"><strong>\u00a0V EDICI\u00d3N del <\/strong>\u00a0<strong>CURSO PROPIO DE GESTI\u00d3N Y PLANIFICACI\u00d3N DEL AGUA EN LA CUENCA DEL TAJO (UCLM)<\/strong><\/p>\n<hr \/>\n<p style=\"text-align: justify\"><strong>Fecha del evento:\u00a0<\/strong>8 al\u00a011 de\u00a0abril de 2019<\/p>\n<p style=\"text-align: justify\"><strong>Directora:<\/strong> Beatriz Larraz Iribas<\/p>\n<p style=\"text-align: justify\"><strong>Coordinadora:<\/strong> Nuria Hern\u00e1ndez-Mora Zapata<\/p>\n<p><strong>Horas lectivas totales:<\/strong>\u00a040h. (4ECTS)<\/p>\n<p><strong>Precio de la matr\u00edcula:<\/strong>\u00a0100\u20ac<\/p>\n<p><a href=\"http:\/\/www.cgpa-5.posgrado.uclm.es\/solicitud.aspx\">Matr\u00edcula<\/a><\/p>\n<p>https:\/\/cursosweb.uclm.es\/<\/p>\n<p><strong>Lugar de celebraci\u00f3n: <\/strong>Facultad de Ciencias Jur\u00eddicas y Sociales. Universidad de Castilla-La Mancha. Cobertizo de San Pedro M\u00e1rtir, s\/n. 45071 Toledo.<\/p>\n<hr \/>\n<p style=\"text-align: justify\"><strong>Objetivos:<\/strong> El curso propio que se solicita pretende ofrecer una panor\u00e1mica de las principales cuestiones relacionadas con la gesti\u00f3n y planificaci\u00f3n del agua en la cuenca del Tajo, con un \u00e9nfasis fundamental en la gesti\u00f3n del agua en el macro-sistema (desde la cabecera del Tajo hasta Talavera de la Reina), pero sin olvidar el tramo medio ni el car\u00e1cter internacional de la cuenca. En concreto se expondr\u00e1n, analizar\u00e1n y trabajar\u00e1n sobre las cinco cuestiones que m\u00e1s afectan a la gesti\u00f3n de la cuenca:<\/p>\n<ul>\n<li style=\"list-style-type: none\">\n<ul>\n<li style=\"text-align: justify\">El peso del uso del agua para abastecimientos (aproximadamente el 30% de los usos consuntivos de agua en la cuenca frente al 12% de media para usos de abastecimiento en Espa\u00f1a) y la consiguiente menor importancia del regad\u00edo (60% de usos consuntivos frente al 82% en Espa\u00f1a).<\/li>\n<\/ul>\n<\/li>\n<\/ul>\n<ul>\n<li style=\"text-align: justify\">La disminuci\u00f3n de las aportaciones naturales en cabecera en m\u00e1s del 40% en los \u00faltimos 30 a\u00f1os.<\/li>\n<li style=\"text-align: justify\">La existencia del mayor trasvase inter-cuencas operativo en la Pen\u00ednsula Ib\u00e9rica: el acueducto Tajo-Segura, que puede llegar a trasvasar hasta 600 hm3 desde la cabecera.<\/li>\n<li style=\"text-align: justify\">La importancia de los usos hidroel\u00e9ctricos en el tramo medio y bajo del r\u00edo (Extremadura fundamentalmente).<\/li>\n<li style=\"text-align: justify\">El car\u00e1cter internacional de la cuenca y por lo tanto, la obligaci\u00f3n de cumplimiento de las obligaciones del Convenio de Albufeira.<\/li>\n<\/ul>\n<p>\u00a0<\/p>\n<p><strong>PROGRAMA <\/strong><\/p>\n<p><strong>Lunes 8 de abril: La planificaci\u00f3n y gesti\u00f3n del agua en Espa\u00f1a y en la demarcaci\u00f3n del Tajo <\/strong><\/p>\n<p><strong>11:00 \u2013 11:30\u00a0\u00a0 Bienvenida y presentaciones <\/strong><\/p>\n<p>Beatriz Larraz Iribas y Nuria Hern\u00e1ndez-Mora, Universidad de Castilla-La Mancha, directora y coordinadora del Curso Propio<\/p>\n<p>Marisa Feijo\u00f3 y Luc\u00eda Soriano, Directoras del Master en Gesti\u00f3n sostenible de Aguas<\/p>\n<p><strong>11:30-13:30<\/strong>\u00a0\u00a0\u00a0\u00a0\u00a0\u00a0 <strong>La planificaci\u00f3n y gesti\u00f3n del agua en la cuenca del Tajo. <\/strong>Mar\u00eda Soledad Gallego Bernad, Abogada ambiental<\/p>\n<p><strong>15:00 \u2013 16:30\u00a0\u00a0\u00a0 Impactos socioecon\u00f3micos del Trasvase Tajo-Segura en la cuenca del Tajo. <\/strong>Enrique San Mart\u00edn, Universidad Nacional de Educaci\u00f3n a Distancia<\/p>\n<p><strong>\u00a0<\/strong><strong>16:30-19:30<\/strong>\u00a0\u00a0\u00a0\u00a0\u00a0\u00a0 <strong>Paseo GUIADO<\/strong> por las riberas del Tajo con Enrique Garc\u00eda G\u00f3mez, Diputaci\u00f3n de Toledo y Alejandro Cano Saavedra, Plataforma de Toledo en Defensa del Tajo<\/p>\n<p>\u00a0<\/p>\n<p><strong>Martes 9 de abril: El trasvase Tajo Segura<\/strong><\/p>\n<p><strong>9:00-18:00<\/strong>\u00a0\u00a0\u00a0\u00a0\u00a0 <strong>Visita de campo a la cabecera del r\u00edo Tajo <\/strong><\/p>\n<p>Embalses de Entrepe\u00f1as, Playa de Saced\u00f3n, presa y central de Bolarque, estaci\u00f3n de bombeo del trasvase Tajo-Segura<\/p>\n<p><strong>Participan: <\/strong>Antonio Sastre Merl\u00edn, Universidad de Alcal\u00e1 de Henares;\u00a0 Mar\u00eda Soledad Gallego, Abogada ambiental y FNCA; Ayuntamiento de Saced\u00f3n. Contexto socioecon\u00f3mico.<\/p>\n<p>\u00a0<\/p>\n<p><strong>\u00a0<\/strong><strong>Mi\u00e9rcoles 10 de abril: El eje central del Tajo, retos y soluciones <\/strong><\/p>\n<p><strong>\u00a0<\/strong><strong>9:00 \u2013 10:15\u00a0\u00a0\u00a0 <\/strong><strong>Las aguas residuales de la comunidad de Madrid y la presi\u00f3n sobre el Tajo.<\/strong>\u00a0 Antonio Bolinches, Universidad Complutense de Madrid<\/p>\n<p><strong>\u00a0<\/strong><strong>10:15-11:30<\/strong>\u00a0\u00a0\u00a0 <strong>Seguimiento y estado de conservaci\u00f3n de los peces nativos del Tajo. <\/strong>Graciela G\u00f3mez N\u00edcola, Universidad de Castilla-La Mancha<\/p>\n<p><strong>\u00a0<\/strong><strong>12:00-16:00\u00a0\u00a0\u00a0 Visita a la presa de Castrej\u00f3n y Puebla de Montalb\u00e1n. <\/strong>Miguel \u00c1ngel S\u00e1nchez P\u00e9rez, Plataforma de Talavera en Defensa del Tajo y Experto invitado en el Consejo del Agua del Tajo; Jos\u00e9 Luis Yela Garc\u00eda, Universidad de Castilla-La Mancha<\/p>\n<p><strong>16:30 \u2013 18:30 Producci\u00f3n hidroel\u00e9ctrica en la Demarcaci\u00f3n Hidrogr\u00e1fica del Tajo. <\/strong>Emilio Men\u00e9ndez y Domingo Baeza, Universidad Aut\u00f3noma de Madrid<\/p>\n<p><strong>\u00a0<\/strong><\/p>\n<p><strong>Jueves 11 de abril: La gesti\u00f3n de la cuenca media y baja de la Demarcaci\u00f3n Hidrogr\u00e1fica Internacional del Tajo<\/strong><\/p>\n<p><strong>9<\/strong><strong>:00-10:30\u00a0\u00a0\u00a0\u00a0\u00a0 La gesti\u00f3n del Tajo como demarcaci\u00f3n internacional: El Convenio de Albufeira. <\/strong>Pedro Brufao, Universidad de Extremadura<\/p>\n<p><strong>11:00-13:30 \u00a0\u00a0 Mesa redonda. La gesti\u00f3n del agua en la cuenca del Tajo. Retos, perspectivas de futuro y posibles soluciones<\/strong><\/p>\n<p><strong>La visi\u00f3n de la administraci\u00f3n del agua: El Plan de Cuenca y el Programa de Medidas &#8211; Estado de implementaci\u00f3n. <\/strong>Jefe Oficina Planificaci\u00f3n, Confederaci\u00f3n Hidrogr\u00e1fica del Tajo (pendiente de confirmaci\u00f3n)<\/p>\n<p><strong>El reto de los abastecimientos: La perspectiva de Castilla La Mancha. <\/strong>Alejandro Gil, Director-Gerente de Infraestructuras del Agua, Consejer\u00eda de Fomento de Castilla La Mancha, La perspectiva del sector de los abastecimientos. (pendiente de confirmaci\u00f3n)<\/p>\n<p><strong>Im<\/strong><strong>plicaciones ambientales de la gesti\u00f3n del agua en la cuenca del Tajo. <\/strong>Miguel \u00c1ngel Hern\u00e1ndez, Coordinador de Ecologistas en Acci\u00f3n de Castilla La Mancha<\/p>\n<p><strong>Usuarios recreativos en la cuenca del Tajo. <\/strong>Soledad de la Llama, Federaci\u00f3n Castellano-Manchega de Pirag\u00fcismo<\/p>\n<p><strong>La perspectiva del regad\u00edo en la cuenca del Tajo. <\/strong>Representante FERTAJO<\/p>\n<p><strong>15:30-17:00\u00a0\u00a0\u00a0 Presentaci\u00f3n de alumnos, debate final y cierre<\/strong><\/p>\n<p><strong>\u00a0<\/strong><\/p>\n<p><span style=\"color: #ff009d\"><strong>Curso Propio organizado en colaboraci\u00f3n con la Universidad de Zaragoza y la Fundaci\u00f3n Nueva Cultura del Agua<\/strong><\/span><\/p>\n<p><!-- [if gte vml 1]&gt;--><\/p>\n<p><a href=\"https:\/\/blog.uclm.es\/grupotajo\/wp-content\/uploads\/sites\/35\/2016\/05\/1.png\"><img loading=\"lazy\" decoding=\"async\" class=\"alignnone size-full wp-image-763\" src=\"https:\/\/blog.uclm.es\/grupotajo\/wp-content\/uploads\/sites\/35\/2016\/05\/1.png\" alt=\"_1\" width=\"213\" height=\"71\" \/><\/a><a href=\"https:\/\/blog.uclm.es\/grupotajo\/wp-content\/uploads\/sites\/35\/2016\/05\/2.png\"><img loading=\"lazy\" decoding=\"async\" class=\"size-medium wp-image-764 alignnone\" src=\"https:\/\/blog.uclm.es\/grupotajo\/wp-content\/uploads\/sites\/35\/2016\/05\/2.png\" alt=\"_2\" width=\"97\" height=\"81\" \/><\/a><br \/><!--[endif]--><\/p>\n<p><span style=\"color: #ff00ff\"><strong>\u00a0<\/strong><\/span><strong>\u00a0\u00a0<\/strong><\/p>\n<p><strong>\u00a0<\/strong><\/p>\n<p><strong>\u00a0<\/strong><\/p>\n<p><strong>\u00a0<\/strong><\/p>\n<p><strong>\u00a0<\/strong><\/p>\n<p><strong>\u00a0<\/strong><\/p>\n<p><strong>\u00a0<\/strong><\/p>\n<p><strong>\u00a0<\/strong><\/p>\n<p>\u00a0<\/p>","protected":false},"excerpt":{"rendered":"<p>\u00a0V EDICI\u00d3N del \u00a0CURSO PROPIO DE GESTI\u00d3N Y PLANIFICACI\u00d3N DEL AGUA EN LA CUENCA DEL TAJO (UCLM) Fecha del evento:\u00a08 al\u00a011 de\u00a0abril de 2019 Directora: Beatriz Larraz Iribas Coordinadora: Nuria Hern\u00e1ndez-Mora Zapata Horas lectivas totales:\u00a040h. (4ECTS) Precio de la matr\u00edcula:\u00a0100\u20ac Matr\u00edcula https:\/\/cursosweb.uclm.es\/ Lugar de celebraci\u00f3n: Facultad de Ciencias Jur\u00eddicas y Sociales. Universidad de Castilla-La Mancha. &hellip; <a href=\"https:\/\/blog.uclm.es\/grupotajo\/curso-en-gestion-y-planificacion-del-agua-en-la-cuenca-del-tajo\/\" class=\"more-link\">Seguir leyendo <span class=\"screen-reader-text\">CURSO EN GESTI\u00d3N Y PLANIFICACI\u00d3N DEL AGUA EN LA CUENCA DEL TAJO<\/span> <span class=\"meta-nav\">&rarr;<\/span><\/a><\/p>\n","protected":false},"author":184,"featured_media":0,"parent":0,"menu_order":0,"comment_status":"closed","ping_status":"closed","template":"","meta":{"footnotes":""},"class_list":["post-759","page","type-page","status-publish","hentry"],"_links":{"self":[{"href":"https:\/\/blog.uclm.es\/grupotajo\/wp-json\/wp\/v2\/pages\/759","targetHints":{"allow":["GET"]}}],"collection":[{"href":"https:\/\/blog.uclm.es\/grupotajo\/wp-json\/wp\/v2\/pages"}],"about":[{"href":"https:\/\/blog.uclm.es\/grupotajo\/wp-json\/wp\/v2\/types\/page"}],"author":[{"embeddable":true,"href":"https:\/\/blog.uclm.es\/grupotajo\/wp-json\/wp\/v2\/users\/184"}],"replies":[{"embeddable":true,"href":"https:\/\/blog.uclm.es\/grupotajo\/wp-json\/wp\/v2\/comments?post=759"}],"version-history":[{"count":0,"href":"https:\/\/blog.uclm.es\/grupotajo\/wp-json\/wp\/v2\/pages\/759\/revisions"}],"wp:attachment":[{"href":"https:\/\/blog.uclm.es\/grupotajo\/wp-json\/wp\/v2\/media?parent=759"}],"curies":[{"name":"wp","href":"https:\/\/api.w.org\/{rel}","templated":true}]}}