{"id":597,"date":"2016-02-01T15:43:49","date_gmt":"2016-02-01T14:43:49","guid":{"rendered":"http:\/\/blog.uclm.es\/grupotajo\/?page_id=597"},"modified":"2016-02-01T15:43:49","modified_gmt":"2016-02-01T14:43:49","slug":"tagus-river-toledo-spain-a-polluted-dying-river","status":"publish","type":"page","link":"https:\/\/blog.uclm.es\/grupotajo\/tagus-river-toledo-spain-a-polluted-dying-river\/","title":{"rendered":"Tagus River, Toledo (Spain), a polluted dying river"},"content":{"rendered":"<div>\n<div style=\"text-align: justify\"><\/div>\n<ul>\n<li style=\"text-align: justify\"><a href=\"https:\/\/www.youtube.com\/watch?v=GTPzBLzCA3M&amp;feature=youtu.be\">Tagus River, Toledo (Spain), a polluted dying river<\/a><\/li>\n<li style=\"text-align: justify\"><a href=\"https:\/\/www.youtube.com\/watch?v=A5rYGpLZBnw\">R\u00edo Tajo, un r\u00edo contaminado y moribundo<\/a><\/li>\n<\/ul>\n<div style=\"text-align: justify\">Gracias a la colaboraci\u00f3n de Jaime Montero y a una estudiante de EEUU, que vino de pr\u00e1cticas al Hospital Virgen de la Salud, Claudine Wouden, se ha editado en ingl\u00e9s, el v\u00eddeo de 3 minutos que tuvo tanta repercusi\u00f3n en Facebook, tras la excursi\u00f3n a la Junta de los r\u00edos Jarama, Tajo y a Bolarque.<\/div>\n<div style=\"text-align: justify\">Fue idea de Jaime traducir y subir en diferentes idiomas este v\u00eddeo, dada la fama de Toledo como destino tur\u00edstico, para que de esa manera se\u00a0pudiera conseguir\u00a0una concienciaci\u00f3n incluso internacional.\u00a0El v\u00eddeo tambi\u00e9n se puede conseguir en castellano, facilitado por Emilio Rubio.<\/div>\n<div style=\"text-align: justify\"><\/div>\n<div style=\"text-align: justify\"><\/div>\n<div style=\"text-align: justify\"><\/div>\n<div style=\"text-align: justify\"><\/div>\n<div style=\"text-align: justify\"><\/div>\n<div style=\"text-align: justify\"><\/div>\n<div style=\"text-align: justify\"><\/div>\n<div style=\"text-align: justify\"><\/div>\n<div><\/div>\n<\/div>\n<div><\/div>\n","protected":false},"excerpt":{"rendered":"<p>Tagus River, Toledo (Spain), a polluted dying river R\u00edo Tajo, un r\u00edo contaminado y moribundo Gracias a la colaboraci\u00f3n de Jaime Montero y a una estudiante de EEUU, que vino de pr\u00e1cticas al Hospital Virgen de la Salud, Claudine Wouden, se ha editado en ingl\u00e9s, el v\u00eddeo de 3 minutos que tuvo tanta repercusi\u00f3n en &hellip; <a href=\"https:\/\/blog.uclm.es\/grupotajo\/tagus-river-toledo-spain-a-polluted-dying-river\/\" class=\"more-link\">Seguir leyendo <span class=\"screen-reader-text\">Tagus River, Toledo (Spain), a polluted dying river<\/span> <span class=\"meta-nav\">&rarr;<\/span><\/a><\/p>\n","protected":false},"author":184,"featured_media":0,"parent":0,"menu_order":0,"comment_status":"closed","ping_status":"closed","template":"","meta":{"footnotes":""},"class_list":["post-597","page","type-page","status-publish","hentry"],"_links":{"self":[{"href":"https:\/\/blog.uclm.es\/grupotajo\/wp-json\/wp\/v2\/pages\/597","targetHints":{"allow":["GET"]}}],"collection":[{"href":"https:\/\/blog.uclm.es\/grupotajo\/wp-json\/wp\/v2\/pages"}],"about":[{"href":"https:\/\/blog.uclm.es\/grupotajo\/wp-json\/wp\/v2\/types\/page"}],"author":[{"embeddable":true,"href":"https:\/\/blog.uclm.es\/grupotajo\/wp-json\/wp\/v2\/users\/184"}],"replies":[{"embeddable":true,"href":"https:\/\/blog.uclm.es\/grupotajo\/wp-json\/wp\/v2\/comments?post=597"}],"version-history":[{"count":0,"href":"https:\/\/blog.uclm.es\/grupotajo\/wp-json\/wp\/v2\/pages\/597\/revisions"}],"wp:attachment":[{"href":"https:\/\/blog.uclm.es\/grupotajo\/wp-json\/wp\/v2\/media?parent=597"}],"curies":[{"name":"wp","href":"https:\/\/api.w.org\/{rel}","templated":true}]}}