{"id":517,"date":"2016-01-30T11:49:13","date_gmt":"2016-01-30T10:49:13","guid":{"rendered":"http:\/\/blog.uclm.es\/grupotajo\/?page_id=517"},"modified":"2016-01-30T11:49:13","modified_gmt":"2016-01-30T10:49:13","slug":"2016-2","status":"publish","type":"page","link":"https:\/\/blog.uclm.es\/grupotajo\/2016-2\/","title":{"rendered":"Conferencias 2016"},"content":{"rendered":"<p style=\"text-align: justify\">&#8211;<strong>18 de Mayo 2016:\u00a0<\/strong>Estrategias de supervivencia de las poblaciones biol\u00f3gicas del r\u00edo Tajo a los cambios de r\u00e9gimen de caudales.\u00a0<strong>Domingo Baeza Sanz<\/strong><\/p>\n<p>https:\/\/www.youtube.com\/watch?v=pVl9oY0SENE&#038;feature=youtu.be<\/p>\n<p>https:\/\/www.youtube.com\/watch?v=ourqAb-ILNU&#038;feature=youtu.be<\/p>\n<p>&#8211;<strong>30 Marzo 2016:\u00a0<\/strong>Las aguas subterr\u00e1neas en la cuenca del Tajo: patrimonio h\u00eddrico, ambiental y cultural. <strong>Antonio Sastre Merl\u00edn<\/strong><\/p>\n<p style=\"text-align: justify\">\n<p style=\"text-align: justify\">No se dispone de v\u00eddeos de la conferencia pero en el siguiente enlace puede encontrar m\u00e1s informaci\u00f3n.<\/p>\n<p style=\"text-align: justify\">Leer m\u00e1s:\u00a0<a href=\"http:\/\/www.eldiario.es\/clm\/Aguas-subterraneas-Tajo-patrimonio-desconocido_0_501850503.html\">eldiario.es. \u00abAguas subterr\u00e1neas del Tajo, el patrimonio desconocido\u00bb.<\/a><\/p>\n<p style=\"text-align: justify\">&#8211;<strong>26 Enero 2016:\u00a0<\/strong>Sistemas de depuraci\u00f3n adecuados para poblaciones que vierten a la cuenca del Tajo. <strong>Enrique Ortega de Miguel<\/strong><\/p>\n<p>https:\/\/www.youtube.com\/watch?v=2xCdu9sA4-I&#038;feature=youtu.be<\/p>\n<p>https:\/\/www.youtube.com\/watch?v=Dlv-bWsxogo&#038;feature=youtu.be<\/p>\n<p>&nbsp;<\/p>\n<h3 class=\"post-title entry-title\"><\/h3>\n<p>&nbsp;<\/p>\n","protected":false},"excerpt":{"rendered":"<p>&#8211;18 de Mayo 2016:\u00a0Estrategias de supervivencia de las poblaciones biol\u00f3gicas del r\u00edo Tajo a los cambios de r\u00e9gimen de caudales.\u00a0Domingo Baeza Sanz https:\/\/www.youtube.com\/watch?v=pVl9oY0SENE&#038;feature=youtu.be https:\/\/www.youtube.com\/watch?v=ourqAb-ILNU&#038;feature=youtu.be &#8211;30 Marzo 2016:\u00a0Las aguas subterr\u00e1neas en la cuenca del Tajo: patrimonio h\u00eddrico, ambiental y cultural. Antonio Sastre Merl\u00edn No se dispone de v\u00eddeos de la conferencia pero en el siguiente enlace &hellip; <a href=\"https:\/\/blog.uclm.es\/grupotajo\/2016-2\/\" class=\"more-link\">Seguir leyendo <span class=\"screen-reader-text\">Conferencias 2016<\/span> <span class=\"meta-nav\">&rarr;<\/span><\/a><\/p>\n","protected":false},"author":184,"featured_media":0,"parent":0,"menu_order":0,"comment_status":"closed","ping_status":"closed","template":"","meta":{"footnotes":""},"class_list":["post-517","page","type-page","status-publish","hentry"],"_links":{"self":[{"href":"https:\/\/blog.uclm.es\/grupotajo\/wp-json\/wp\/v2\/pages\/517","targetHints":{"allow":["GET"]}}],"collection":[{"href":"https:\/\/blog.uclm.es\/grupotajo\/wp-json\/wp\/v2\/pages"}],"about":[{"href":"https:\/\/blog.uclm.es\/grupotajo\/wp-json\/wp\/v2\/types\/page"}],"author":[{"embeddable":true,"href":"https:\/\/blog.uclm.es\/grupotajo\/wp-json\/wp\/v2\/users\/184"}],"replies":[{"embeddable":true,"href":"https:\/\/blog.uclm.es\/grupotajo\/wp-json\/wp\/v2\/comments?post=517"}],"version-history":[{"count":0,"href":"https:\/\/blog.uclm.es\/grupotajo\/wp-json\/wp\/v2\/pages\/517\/revisions"}],"wp:attachment":[{"href":"https:\/\/blog.uclm.es\/grupotajo\/wp-json\/wp\/v2\/media?parent=517"}],"curies":[{"name":"wp","href":"https:\/\/api.w.org\/{rel}","templated":true}]}}