{"id":515,"date":"2016-01-30T11:49:03","date_gmt":"2016-01-30T10:49:03","guid":{"rendered":"http:\/\/blog.uclm.es\/grupotajo\/?page_id=515"},"modified":"2016-01-30T11:49:03","modified_gmt":"2016-01-30T10:49:03","slug":"2015-2","status":"publish","type":"page","link":"https:\/\/blog.uclm.es\/grupotajo\/2015-2\/","title":{"rendered":"Conferencias 2015"},"content":{"rendered":"<p>Segundo\u00a0Ciclo de Conferencias \u00abInvestigando el Tajo\u00bb del a\u00f1o 2015 completo.<\/p>\n<p style=\"text-align: justify\">Gracias a la colaboraci\u00f3n de Aurelio G\u00f3mez, autor del blog\u00a0<a href=\"http:\/\/atletismotoledano.blogspot.com.es\/\">Atletismo Toledano<\/a>, se tienen los v\u00eddeos de las conferencias:<\/p>\n<p><strong>-28 de enero:\u00a0<\/strong>Proyecto Europeo Attenagua por Jose M\u00aa Bodoque<\/p>\n<p>https:\/\/www.youtube.com\/watch?v=lDHIH0lZt08<\/p>\n<p><strong>-25 de marzo:\u00a0<\/strong>Situaci\u00f3n actual del eje del Tajo por Miguel \u00c1ngel S\u00e1nchez<\/p>\n<p>https:\/\/www.youtube.com\/watch?v=tkeXFuCI5KM<\/p>\n<p>&#8211;<strong>27 de mayo:\u00a0<\/strong>Implicaciones de la situaci\u00f3n de cabecera en la calidad del agua del Tajo a su paso por Toledo por\u00a0Ra\u00fal Urquiaga Cela (Portavoz de GRAMA y Jarama Vivo)<\/p>\n<p>https:\/\/www.youtube.com\/watch?v=7FP3FcrD_LQ<\/p>\n<p><strong>-30 septiembre:\u00a0<\/strong>Situaci\u00f3n en las riberas del Tajo en la Comunidad Aut\u00f3noma de Madrid por Jose A. Garc\u00eda<\/p>\n<p>https:\/\/www.youtube.com\/watch?v=uUajrvlCh5U&#038;feature=youtu.be<\/p>\n<p><strong>-28 de octubre:\u00a0<\/strong>Presencia de drogas en el r\u00edo Tajo por Yolanda Valc\u00e1rcel Rivera<\/p>\n<p><strong>-25 de noviembre:\u00a0<\/strong><a href=\"http:\/\/www.redtajo.es\/images\/newformato\/Disfuncionalidades%20en%20la%20gesti%C3%B3n%20del%20agua%20en%20la%20cuenca%20del%20Tajo%20-%20RFT-271115.pdf\">Disfuncionalidades de la gesti\u00f3n del agua en la cuenca del Tajo: Poder, mercados y sociedad civil<\/a>\u00a0por\u00a0Nuria Hernandez-Mora.<\/p>\n<p>&nbsp;<\/p>\n<p style=\"text-align: justify\">\n","protected":false},"excerpt":{"rendered":"<p>Segundo\u00a0Ciclo de Conferencias \u00abInvestigando el Tajo\u00bb del a\u00f1o 2015 completo. Gracias a la colaboraci\u00f3n de Aurelio G\u00f3mez, autor del blog\u00a0Atletismo Toledano, se tienen los v\u00eddeos de las conferencias: -28 de enero:\u00a0Proyecto Europeo Attenagua por Jose M\u00aa Bodoque https:\/\/www.youtube.com\/watch?v=lDHIH0lZt08 -25 de marzo:\u00a0Situaci\u00f3n actual del eje del Tajo por Miguel \u00c1ngel S\u00e1nchez https:\/\/www.youtube.com\/watch?v=tkeXFuCI5KM &#8211;27 de mayo:\u00a0Implicaciones de &hellip; <a href=\"https:\/\/blog.uclm.es\/grupotajo\/2015-2\/\" class=\"more-link\">Seguir leyendo <span class=\"screen-reader-text\">Conferencias 2015<\/span> <span class=\"meta-nav\">&rarr;<\/span><\/a><\/p>\n","protected":false},"author":184,"featured_media":0,"parent":0,"menu_order":0,"comment_status":"closed","ping_status":"closed","template":"","meta":{"footnotes":""},"class_list":["post-515","page","type-page","status-publish","hentry"],"_links":{"self":[{"href":"https:\/\/blog.uclm.es\/grupotajo\/wp-json\/wp\/v2\/pages\/515","targetHints":{"allow":["GET"]}}],"collection":[{"href":"https:\/\/blog.uclm.es\/grupotajo\/wp-json\/wp\/v2\/pages"}],"about":[{"href":"https:\/\/blog.uclm.es\/grupotajo\/wp-json\/wp\/v2\/types\/page"}],"author":[{"embeddable":true,"href":"https:\/\/blog.uclm.es\/grupotajo\/wp-json\/wp\/v2\/users\/184"}],"replies":[{"embeddable":true,"href":"https:\/\/blog.uclm.es\/grupotajo\/wp-json\/wp\/v2\/comments?post=515"}],"version-history":[{"count":0,"href":"https:\/\/blog.uclm.es\/grupotajo\/wp-json\/wp\/v2\/pages\/515\/revisions"}],"wp:attachment":[{"href":"https:\/\/blog.uclm.es\/grupotajo\/wp-json\/wp\/v2\/media?parent=515"}],"curies":[{"name":"wp","href":"https:\/\/api.w.org\/{rel}","templated":true}]}}