{"id":489,"date":"2016-01-28T21:27:14","date_gmt":"2016-01-28T20:27:14","guid":{"rendered":"http:\/\/blog.uclm.es\/grupotajo\/?page_id=489"},"modified":"2016-01-28T21:27:14","modified_gmt":"2016-01-28T20:27:14","slug":"actividades-desarrolladas-por-el-grupo-de-investigacion-del-tajo","status":"publish","type":"page","link":"https:\/\/blog.uclm.es\/grupotajo\/actividades-desarrolladas-por-el-grupo-de-investigacion-del-tajo\/","title":{"rendered":"Actividades desarrolladas por el Grupo de Investigaci\u00f3n del Tajo"},"content":{"rendered":"<h1>2016<\/h1>\n<hr \/>\n<h1>\u00a0\u00a0 \u00a0<a href=\"https:\/\/blog.uclm.es\/grupotajo\/wp-content\/uploads\/sites\/35\/2016\/01\/cartel2016.png\" rel=\"attachment wp-att-751\"><img loading=\"lazy\" decoding=\"async\" class=\"alignnone size-medium wp-image-751\" src=\"https:\/\/blog.uclm.es\/grupotajo\/wp-content\/uploads\/sites\/35\/2016\/01\/cartel2016-208x300.png\" alt=\"cartel2016\" width=\"208\" height=\"300\" srcset=\"https:\/\/blog.uclm.es\/grupotajo\/wp-content\/uploads\/sites\/35\/2016\/01\/cartel2016-208x300.png 208w, https:\/\/blog.uclm.es\/grupotajo\/wp-content\/uploads\/sites\/35\/2016\/01\/cartel2016.png 412w\" sizes=\"auto, (max-width: 208px) 100vw, 208px\" \/><\/a>\u00a0 \u00a0\u00a0<a href=\"https:\/\/blog.uclm.es\/grupotajo\/wp-content\/uploads\/sites\/35\/2016\/01\/master2016.png\" rel=\"attachment wp-att-752\"><img loading=\"lazy\" decoding=\"async\" class=\"alignnone size-medium wp-image-752\" src=\"https:\/\/blog.uclm.es\/grupotajo\/wp-content\/uploads\/sites\/35\/2016\/01\/master2016-205x300.png\" alt=\"master2016\" width=\"205\" height=\"300\" srcset=\"https:\/\/blog.uclm.es\/grupotajo\/wp-content\/uploads\/sites\/35\/2016\/01\/master2016-205x300.png 205w, https:\/\/blog.uclm.es\/grupotajo\/wp-content\/uploads\/sites\/35\/2016\/01\/master2016.png 403w\" sizes=\"auto, (max-width: 205px) 100vw, 205px\" \/><\/a><\/h1>\n<p style=\"text-align: justify\">\u00a0Ser\u00e1 del 4 al 8 de julio en la Facultad de Ciencias Jur\u00eddicas y Sociales de Toledo y estar\u00e1 coordinado por Beatriz Larraz y Nuria Fern\u00e1ndez-Mora.<\/p>\n<p style=\"text-align: justify\">No se exige ning\u00fan requisito previo. Pueden apuntarse alumnos de cualquier titulaci\u00f3n, graduados y personas en general interesadas por el tema. Compartiremos la experiencia con los alumnos del M\u00e1ster.<u><\/u><u><\/u><\/p>\n<p class=\"x_MsoNormal\"><u><\/u>\u00a0<a href=\"https:\/\/blog.uclm.es\/grupotajo\/wp-content\/uploads\/sites\/35\/2016\/01\/Programa-Caso-Practico-Tajo-Version-UCLM_03042016.pdf\" rel=\"\">Programa &#8211; III Edici\u00f3n del CURSO PROPIO DE GESTI\u00d3N Y PLANIFICACI\u00d3N DEL AGUA EN LA CUENCA DEL TAJO <\/a><\/p>\n<h1>2015<\/h1>\n<hr \/>\n<p class=\"pretitulo negrita\" style=\"text-align: justify\"><a href=\"https:\/\/blog.uclm.es\/grupotajo\/wp-content\/uploads\/sites\/35\/2016\/01\/curso2015.png\" rel=\"attachment wp-att-694\"><img loading=\"lazy\" decoding=\"async\" class=\"size-medium wp-image-694 aligncenter\" src=\"https:\/\/blog.uclm.es\/grupotajo\/wp-content\/uploads\/sites\/35\/2016\/01\/curso2015-205x300.png\" alt=\"curso2015\" width=\"205\" height=\"300\" srcset=\"https:\/\/blog.uclm.es\/grupotajo\/wp-content\/uploads\/sites\/35\/2016\/01\/curso2015-205x300.png 205w, https:\/\/blog.uclm.es\/grupotajo\/wp-content\/uploads\/sites\/35\/2016\/01\/curso2015.png 604w\" sizes=\"auto, (max-width: 205px) 100vw, 205px\" \/><\/a><\/p>\n<p class=\"pretitulo negrita\" style=\"text-align: justify\">La UCLM imparti\u00f3 por segundo a\u00f1o el curso propio de gesti\u00f3n y planificaci\u00f3n del agua en la cuenca del Tajo, celebrado del 31 de agosto al 4 de septiembre en la Facultad de Ciencias Ambientales y Bioqu\u00edmica.<\/p>\n<p class=\"pretitulo negrita\" style=\"text-align: justify\">El curso ofreci\u00f3 una panor\u00e1mica de las principales cuestiones relacionadas con la gesti\u00f3n y planificaci\u00f3n del agua en la cuenca del Tajo, con un \u00e9nfasis fundamental en la gesti\u00f3n del agua en el macro-sistema (desde la cabecera del Tajo hasta Talavera de la Reina), sin olvidar el tramo medio ni el car\u00e1cter internacional de la cuenca.<\/p>\n<p class=\"pretitulo negrita\" style=\"text-align: justify\">Fueron objeto de estudio y an\u00e1lisis en el programa las cinco cuestiones que m\u00e1s afectan a la gesti\u00f3n de la cuenca. Una de ellas el peso del uso del agua para abastecimientos (aproximadamente el 30 % de los usos consuntivos de agua en la cuenca frente al 12 % de media para usos de abastecimiento en Espa\u00f1a) y la consiguiente menor importancia del regad\u00edo (60 % de usos consuntivos frente al 82 % en Espa\u00f1a), por la presencia de la concentraci\u00f3n poblacional del eje Madrid-Lisboa; la otra es la disminuci\u00f3n de las aportaciones naturales en cabecera en m\u00e1s del 40 % en los \u00faltimos 30 a\u00f1os.<\/p>\n<p>El curso, se enmarc\u00f3 en el programa de\u00a0Curso de Verano del Agua en el M\u00e1ster Propio en Gesti\u00f3n Fluvial y Sostenible y Gesti\u00f3n Integrada de Aguas, que gracias a la colaboraci\u00f3n entre las universidades de Zaragoza, Castilla-La Mancha, Internacional de Andaluc\u00eda y la Fundaci\u00f3n Nueva Cultura del Agua abre sus casos pr\u00e1cticos a la problem\u00e1tica de la gesti\u00f3n de r\u00edos como el Tajo, el bajo Guadalquivir o el Matarra\u00f1a.<\/p>\n<h1><strong>2014<\/strong><\/h1>\n<p><img decoding=\"async\" class=\"alignright\" src=\"https:\/\/blog.uclm.es\/grupotajo\/wp-content\/uploads\/sites\/35\/2016\/01\/cursopropio2014-208x300.png\" alt=\"cursopropio2014\" \/><\/p>\n<hr \/>\n<p style=\"text-align: justify\">Durante el\u00a02014, se celebraron las jornadas sobre gesti\u00f3n de la cuenca del Tajo, \u00e9stas fueron transformadas en un Curso Propio, dando lugar a la I Edici\u00f3n del Curso Propio de la UCLM en Gesti\u00f3n y Planificaci\u00f3n del Agua en la Cuenca del Tajo (UCLM, 2014b). En dicho curso, celebrado<br \/>\ndel 7 al 11 de julio de 2014, se expuso la ubicaci\u00f3n geogr\u00e1fica de subcuencas, de la fauna y flora, del estado ecol\u00f3gico y del recurso h\u00eddrico en general, del recurso subterr\u00e1neo y de las relaciones y compromisos con Portugal, en particular. Se reflexion\u00f3 sobre diversos temas conflictivos en la gesti\u00f3n de la cuenca, abordando la econom\u00eda del trasvase Tajo-Segura, las ventas de agua, la consideraci\u00f3n de otros usuarios, como regantes, hidroel\u00e9ctricos, e incluso el actual Plan 2014 y el borrador del Plan del 2016 cuyos documentos iniciales ya est\u00e1n en consulta. Finalmente, se analizaron las subcuencas de la cuenca singulares por sus\u00a0 conflictos o\u00a0 su din\u00e1mica, como el Jarama, por su alto nivel de contaminaci\u00f3n, o la cabecera con el trasvase, los tramos que pertenecen a Red Natura, o los afectados por producci\u00f3n el\u00e9ctrica. Se llev\u00f3 a cabo un paseo guiado por las riberas del Tajo en Toledo, una visita de campo a la cabecera del r\u00edo Tajo, as\u00ed como una visita a la presa de Castrej\u00f3n, Carpio de Tajo y Puebla de Montalb\u00e1n. Para completar la formaci\u00f3n, se llevaron a cabo trabajos en grupos, en los que se analizaron el estado y la problem\u00e1tica de las principales subcuencas de la cuenca del Tajo, como son el Alberche, el Ti\u00e9tar, el Taju\u00f1a y el Tajo izquierda.<\/p>\n<h1><strong>2013<\/strong><\/h1>\n<hr \/>\n<p style=\"text-align: justify\">Del 8 al 12 de julio de 2013 se llevaron a cabo las Jornadas de Planificaci\u00f3n y Gesti\u00f3n del Agua en la Cuenca del Tajo, incluido como caso pr\u00e1ctico del Master en Gesti\u00f3n Fluvial Sostenible y Gesti\u00f3n Integrada de Aguas de la Universidad de Zaragoza. Dichas jornadas fueron albergadas en la Facultad de Ciencias Ambientales y Bioqu\u00edmica de Toledo. A trav\u00e9s de dichas jornadas se ofreci\u00f3 una panor\u00e1mica de las principales cuestiones relacionadas con la gesti\u00f3n y planificaci\u00f3n del agua en la cuenca del Tajo, con un \u00e9nfasis fundamental en la gesti\u00f3n del agua en el macro-sistema (desde la cabecera del Tajo hasta Talavera de la Reina), pero sin olvidar el tramo medio ni el car\u00e1cter internacional de la cuenca. Se impartieron diversas conferencias por algunos de los principales expertos sobre las distintas problem\u00e1ticas de la planificaci\u00f3n y gesti\u00f3n del agua en el Tajo espa\u00f1ol y portugu\u00e9s, se celebraron mesas redondas con la participaci\u00f3n de distintos actores en la demarcaci\u00f3n del Tajo, se llevaron a cabo salidas de campo para conocer sobre el terreno la problem\u00e1tica ambiental y socioecon\u00f3mica de la demarcaci\u00f3n del Tajo y, finalmente, se realiz\u00f3 la puesta en com\u00fan de los trabajos en grupo de los alumnos sobre una problem\u00e1tica espec\u00edfica de la cuenca.<\/p>\n<p style=\"text-align: justify\">\u00a0<a href=\"https:\/\/blog.uclm.es\/grupotajo\/wp-content\/uploads\/sites\/35\/2016\/01\/casopractico_20132.png\" rel=\"attachment wp-att-622\"><img decoding=\"async\" src=\"http:\/\/blog.uclm.es\/grupotajo\/files\/2016\/01\/casopr%C3%A1ctico_20132-217x300.png\" alt=\"casopr\u00e1ctico_20132\" \/><img loading=\"lazy\" decoding=\"async\" class=\"alignleft\" src=\"http:\/\/blog.uclm.es\/grupotajo\/files\/2016\/01\/casopr%C3%A1ctico_2013-212x300.png\" alt=\"casopr\u00e1ctico_2013\" width=\"227\" height=\"321\" \/><\/a><\/p>\n<h1><strong>2012<\/strong><\/h1>\n<hr \/>\n<p style=\"text-align: justify\"><img loading=\"lazy\" decoding=\"async\" class=\"size-medium wp-image-650 aligncenter\" src=\"https:\/\/blog.uclm.es\/grupotajo\/wp-content\/uploads\/sites\/35\/2016\/01\/jornadasuniversitarias_2012-209x300.jpg\" alt=\"jornadasuniversitarias_2012\" width=\"209\" height=\"300\" srcset=\"https:\/\/blog.uclm.es\/grupotajo\/wp-content\/uploads\/sites\/35\/2016\/01\/jornadasuniversitarias_2012-209x300.jpg 209w, https:\/\/blog.uclm.es\/grupotajo\/wp-content\/uploads\/sites\/35\/2016\/01\/jornadasuniversitarias_2012-714x1024.jpg 714w, https:\/\/blog.uclm.es\/grupotajo\/wp-content\/uploads\/sites\/35\/2016\/01\/jornadasuniversitarias_2012-768x1101.jpg 768w, https:\/\/blog.uclm.es\/grupotajo\/wp-content\/uploads\/sites\/35\/2016\/01\/jornadasuniversitarias_2012.jpg 992w\" sizes=\"auto, (max-width: 209px) 100vw, 209px\" \/><\/p>\n<p style=\"text-align: justify\">El 20 y 21 de febrero de 2012 tuvieron lugar las Jornadas Universitarias del Tajo, an\u00e1lisis de pasado, lecciones para el futuro (UCLM, 2012), organizadas conjuntamente con la Red del Tajo y la Plataforma de Toledo en Defensa del Tajo, en las que por primera vez fue analizada la problem\u00e1tica de la cuenca del r\u00edo en el \u00e1mbito universitario y que tuvieron lugar en la Facultad de Ciencias Ambientales y Bioqu\u00edmica de Toledo.<\/p>\n<p style=\"text-align: justify\">En ellas se llev\u00f3 a cabo un an\u00e1lisis hist\u00f3rico de la situaci\u00f3n actual de la cuenca con el objetivo de apuntar soluciones y alternativas de futuro vinculadas a distintas disciplinas acad\u00e9micas, sin comprometer el desarrollo sostenible en el resto de la cuenca. Con ellas se pretendi\u00f3 contribuir a que el profesorado de Toledo pueda mirar al Tajo como un recurso desde el que impartir la docencia como fuente que es, por sus negativas caracter\u00edsticas, de an\u00e1lisis, estudio e investigaci\u00f3n y contribuir a que el alumnado encuentre en el Tajo un motivo preferente sobre el que fijar su atenci\u00f3n a la hora de hacer estudios, investigaciones, proyectos de fin de grado, master y tesis doctorales. Las Jornadas tuvieron un car\u00e1cter divulgativo y reflexivo y fueron abordadas desde un punto de vista hol\u00edstico. Las aportaciones a dichas jornadas fueron publicadas en el libro \u201cEl r\u00edo Tajo, lecciones del pasado para un futuro mejor\u201d (Larraz Iribas y Cano Saavedra, 2013), estando los alumnos del campus de Toledo invitados a la presentaci\u00f3n del mismo que tuvo lugar en la Antigua Biblioteca del Edificio Sabatini de la F\u00e1brica de Armas (UCLM, 2013a).<\/p>\n","protected":false},"excerpt":{"rendered":"<p>2016 \u00a0\u00a0 \u00a0\u00a0 \u00a0\u00a0 \u00a0Ser\u00e1 del 4 al 8 de julio en la Facultad de Ciencias Jur\u00eddicas y Sociales de Toledo y estar\u00e1 coordinado por Beatriz Larraz y Nuria Fern\u00e1ndez-Mora. No se exige ning\u00fan requisito previo. Pueden apuntarse alumnos de cualquier titulaci\u00f3n, graduados y personas en general interesadas por el tema. Compartiremos la experiencia con &hellip; <a href=\"https:\/\/blog.uclm.es\/grupotajo\/actividades-desarrolladas-por-el-grupo-de-investigacion-del-tajo\/\" class=\"more-link\">Seguir leyendo <span class=\"screen-reader-text\">Actividades desarrolladas por el Grupo de Investigaci\u00f3n del Tajo<\/span> <span class=\"meta-nav\">&rarr;<\/span><\/a><\/p>\n","protected":false},"author":184,"featured_media":0,"parent":0,"menu_order":0,"comment_status":"closed","ping_status":"closed","template":"","meta":{"footnotes":""},"class_list":["post-489","page","type-page","status-publish","hentry"],"_links":{"self":[{"href":"https:\/\/blog.uclm.es\/grupotajo\/wp-json\/wp\/v2\/pages\/489","targetHints":{"allow":["GET"]}}],"collection":[{"href":"https:\/\/blog.uclm.es\/grupotajo\/wp-json\/wp\/v2\/pages"}],"about":[{"href":"https:\/\/blog.uclm.es\/grupotajo\/wp-json\/wp\/v2\/types\/page"}],"author":[{"embeddable":true,"href":"https:\/\/blog.uclm.es\/grupotajo\/wp-json\/wp\/v2\/users\/184"}],"replies":[{"embeddable":true,"href":"https:\/\/blog.uclm.es\/grupotajo\/wp-json\/wp\/v2\/comments?post=489"}],"version-history":[{"count":0,"href":"https:\/\/blog.uclm.es\/grupotajo\/wp-json\/wp\/v2\/pages\/489\/revisions"}],"wp:attachment":[{"href":"https:\/\/blog.uclm.es\/grupotajo\/wp-json\/wp\/v2\/media?parent=489"}],"curies":[{"name":"wp","href":"https:\/\/api.w.org\/{rel}","templated":true}]}}