{"id":482,"date":"2016-01-28T21:13:57","date_gmt":"2016-01-28T20:13:57","guid":{"rendered":"http:\/\/blog.uclm.es\/grupotajo\/?page_id=482"},"modified":"2016-01-28T21:13:57","modified_gmt":"2016-01-28T20:13:57","slug":"enlaces-de-interes","status":"publish","type":"page","link":"https:\/\/blog.uclm.es\/grupotajo\/enlaces-de-interes\/","title":{"rendered":"Enlaces de inter\u00e9s"},"content":{"rendered":"<p>&#8211;<a href=\"http:\/\/www.chtajo.es\/Paginas\/default.aspx\">Confederaci\u00f3n Hidrogr\u00e1fica del Tajo (CHT)<\/a><\/p>\n<p>&#8211;<a href=\"http:\/\/www.redtajo.es\/\">Red del Tajo<\/a><\/p>\n<p>&#8211;<a href=\"http:\/\/www.fnca.eu\/\">FNCA (Fundaci\u00f3n Nueva Cultura del Agua)<\/a><\/p>\n<p>&#8211;<a href=\"http:\/\/www.mastergestionaguas.eu\/\">M\u00e1ster en Gesti\u00f3n Fluvial Sostenible de la Universidad de Zaragoza<\/a><\/p>\n<p>&#8211;<a href=\"http:\/\/tajotoledo.es\/\">Plataforma de Toledo en Defensa del Tajo<\/a><\/p>\n<p>&#8211;<a href=\"http:\/\/saihtajo.chtajo.es\/index.php\">SAIH Tajo<\/a><\/p>\n<p>&#8211;<a href=\"http:\/\/www.magrama.gob.es\/es\/agua\/temas\/default.aspx\">MAGRAMA-Secci\u00f3n Aguas<\/a><\/p>\n","protected":false},"excerpt":{"rendered":"<p>&#8211;Confederaci\u00f3n Hidrogr\u00e1fica del Tajo (CHT) &#8211;Red del Tajo &#8211;FNCA (Fundaci\u00f3n Nueva Cultura del Agua) &#8211;M\u00e1ster en Gesti\u00f3n Fluvial Sostenible de la Universidad de Zaragoza &#8211;Plataforma de Toledo en Defensa del Tajo &#8211;SAIH Tajo &#8211;MAGRAMA-Secci\u00f3n Aguas<\/p>\n","protected":false},"author":184,"featured_media":0,"parent":0,"menu_order":0,"comment_status":"closed","ping_status":"closed","template":"","meta":{"footnotes":""},"class_list":["post-482","page","type-page","status-publish","hentry"],"_links":{"self":[{"href":"https:\/\/blog.uclm.es\/grupotajo\/wp-json\/wp\/v2\/pages\/482","targetHints":{"allow":["GET"]}}],"collection":[{"href":"https:\/\/blog.uclm.es\/grupotajo\/wp-json\/wp\/v2\/pages"}],"about":[{"href":"https:\/\/blog.uclm.es\/grupotajo\/wp-json\/wp\/v2\/types\/page"}],"author":[{"embeddable":true,"href":"https:\/\/blog.uclm.es\/grupotajo\/wp-json\/wp\/v2\/users\/184"}],"replies":[{"embeddable":true,"href":"https:\/\/blog.uclm.es\/grupotajo\/wp-json\/wp\/v2\/comments?post=482"}],"version-history":[{"count":0,"href":"https:\/\/blog.uclm.es\/grupotajo\/wp-json\/wp\/v2\/pages\/482\/revisions"}],"wp:attachment":[{"href":"https:\/\/blog.uclm.es\/grupotajo\/wp-json\/wp\/v2\/media?parent=482"}],"curies":[{"name":"wp","href":"https:\/\/api.w.org\/{rel}","templated":true}]}}