{"id":474,"date":"2016-01-28T21:08:31","date_gmt":"2016-01-28T20:08:31","guid":{"rendered":"http:\/\/blog.uclm.es\/grupotajo\/?page_id=474"},"modified":"2016-01-28T21:08:31","modified_gmt":"2016-01-28T20:08:31","slug":"programas-de-radio-uned","status":"publish","type":"page","link":"https:\/\/blog.uclm.es\/grupotajo\/programas-de-radio-uned\/","title":{"rendered":"Programas de Radio: UNED"},"content":{"rendered":"<p style=\"text-align: justify\">Aqu\u00ed se encuentran los programas de radio realizados en la UNED, en los que se han tratado los aspectos m\u00e1s relevantes de la actualidad de la cuenca del Tajo.<\/p>\n<h1><b>Programas de radio durante el 2016<\/b><\/h1>\n<hr \/>\n<h1><\/h1>\n<p>&#8211;<strong>18 febrero<\/strong><\/p>\n<p>Pol\u00edtica del Agua y Planificaci\u00f3n Hidrol\u00f3gica en Espa\u00f1a: el ejemplo del Tajo<\/p>\n<p>https:\/\/www.youtube.com\/watch?v=r8xw0wYLYDQ<\/p>\n<h1><b>Programas de radio durante el 2015<\/b><\/h1>\n<hr \/>\n<h1><\/h1>\n<p>&#8211;<strong>22 abril<\/strong><\/p>\n<p><a href=\"https:\/\/canal.uned.es\/mmobj\/index\/id\/26099\">Un an\u00e1lisis econ\u00f3mico de los trasvases de agua intercuencas: el trasvase Tajo-Segura<\/a><\/p>\n<p><strong>-20 marzo\u00a0<\/strong><\/p>\n<p><strong>El Tajo: diagn\u00f3stico de un r\u00edo maltratado \u00a0<\/strong><\/p>\n<p>https:\/\/www.youtube.com\/watch?v=a0J9XQwmLpg<\/p>\n<p>&#8211;<strong>24 febrero\u00a0<\/strong><\/p>\n<p><strong>La situaci\u00f3n ecol\u00f3gica de los r\u00edos espa\u00f1oles: el caso del Tajo en el proyecto Attenagua\u00a0<\/strong><\/p>\n<p>https:\/\/www.youtube.com\/watch?v=QPCakBl73Xk<\/p>\n<h1><strong>Programas de radio durante el 2011<\/strong><\/h1>\n<p><strong>-24 Noviembre\u00a0<\/strong><\/p>\n<p><a href=\"https:\/\/canal.uned.es\/mmobj\/index\/id\/10102\">An\u00e1lisis econ\u00f3mico de los trasvases de agua intercuencas en Espa\u00f1a<\/a><\/p>\n<p>&nbsp;<\/p>\n<p>&nbsp;<\/p>\n<p>&nbsp;<\/p>\n<p>&nbsp;<\/p>\n<p>&nbsp;<\/p>\n<p>&nbsp;<\/p>\n<p>&nbsp;<\/p>\n<p>&nbsp;<\/p>\n<p>&nbsp;<\/p>\n","protected":false},"excerpt":{"rendered":"<p>Aqu\u00ed se encuentran los programas de radio realizados en la UNED, en los que se han tratado los aspectos m\u00e1s relevantes de la actualidad de la cuenca del Tajo. Programas de radio durante el 2016 &#8211;18 febrero Pol\u00edtica del Agua y Planificaci\u00f3n Hidrol\u00f3gica en Espa\u00f1a: el ejemplo del Tajo https:\/\/www.youtube.com\/watch?v=r8xw0wYLYDQ Programas de radio durante el &hellip; <a href=\"https:\/\/blog.uclm.es\/grupotajo\/programas-de-radio-uned\/\" class=\"more-link\">Seguir leyendo <span class=\"screen-reader-text\">Programas de Radio: UNED<\/span> <span class=\"meta-nav\">&rarr;<\/span><\/a><\/p>\n","protected":false},"author":184,"featured_media":0,"parent":0,"menu_order":0,"comment_status":"closed","ping_status":"closed","template":"","meta":{"footnotes":""},"class_list":["post-474","page","type-page","status-publish","hentry"],"_links":{"self":[{"href":"https:\/\/blog.uclm.es\/grupotajo\/wp-json\/wp\/v2\/pages\/474","targetHints":{"allow":["GET"]}}],"collection":[{"href":"https:\/\/blog.uclm.es\/grupotajo\/wp-json\/wp\/v2\/pages"}],"about":[{"href":"https:\/\/blog.uclm.es\/grupotajo\/wp-json\/wp\/v2\/types\/page"}],"author":[{"embeddable":true,"href":"https:\/\/blog.uclm.es\/grupotajo\/wp-json\/wp\/v2\/users\/184"}],"replies":[{"embeddable":true,"href":"https:\/\/blog.uclm.es\/grupotajo\/wp-json\/wp\/v2\/comments?post=474"}],"version-history":[{"count":0,"href":"https:\/\/blog.uclm.es\/grupotajo\/wp-json\/wp\/v2\/pages\/474\/revisions"}],"wp:attachment":[{"href":"https:\/\/blog.uclm.es\/grupotajo\/wp-json\/wp\/v2\/media?parent=474"}],"curies":[{"name":"wp","href":"https:\/\/api.w.org\/{rel}","templated":true}]}}