{"id":469,"date":"2016-01-28T20:39:17","date_gmt":"2016-01-28T19:39:17","guid":{"rendered":"http:\/\/blog.uclm.es\/grupotajo\/?page_id=469"},"modified":"2016-01-28T20:39:17","modified_gmt":"2016-01-28T19:39:17","slug":"articulos-cientificos","status":"publish","type":"page","link":"https:\/\/blog.uclm.es\/grupotajo\/articulos-cientificos\/","title":{"rendered":"Art\u00edculos cient\u00edficos"},"content":{"rendered":"<p>-Villasante et al. (2016).<a href=\"https:\/\/blog.uclm.es\/grupotajo\/wp-content\/uploads\/sites\/35\/2016\/01\/IBERUS-ARTICULO-MAQUETADO-DEFINITIVO-Marga-QXP.pdf\" rel=\"\">Aportaci\u00f3n al conocimiento de la presencia de Margaritifera auricularia en el cauce del r\u00edo Tajo (Espa\u00f1a)<\/a><\/p>\n<p>-J. M. Bodoque, et al. (2016).\u00a0<a href=\"https:\/\/blog.uclm.es\/grupotajo\/wp-content\/uploads\/sites\/35\/2016\/01\/Bodoqueetal.pdf\" rel=\"\">Recovering hydromorphological functionality to improve natural purification capacity of a highly human-modified wetland<\/a><\/p>\n<p>-E. San Mart\u00edn, B. Larraz, N. Hern\u00e1ndez-Mora &amp; S. Gallego, (2015).\u00a0<a href=\"https:\/\/blog.uclm.es\/grupotajo\/wp-content\/uploads\/sites\/35\/2016\/01\/La-gestion-insostenible-del-rio-Tajo.pdf\" rel=\"\">La gesti\u00f3n insostenible del r\u00edo Tajo<\/a><\/p>\n<p>-N. Hern\u00e1ndez-Mora &amp; L. del Moral, (2015).\u00a0<a href=\"https:\/\/blog.uclm.es\/grupotajo\/wp-content\/uploads\/sites\/35\/2016\/01\/Developing-markets-for-water-reallocation-Revisiting-the-experience-of-Spanish-water-mercantilizacion.pdf\" rel=\"\">Developing markets for water reallocation Revisiting the experience of Spanish water mercantilizaci\u00f3n<\/a><\/p>\n<p>-J. I. L\u00f3pez-Moreno, S.M. Vicente-Serrano, S. Beguer\u00eda, J.M. Garc\u00eda-Ru\u00edz , M.M. Portela &amp; A. B. Almeida, (2009).<a href=\"https:\/\/blog.uclm.es\/grupotajo\/wp-content\/uploads\/sites\/35\/2016\/01\/Dam-effects-on-droughts-magnitude-and-duration-in-a-transboundary-basin-The-Lower-River-Tagus-Spain-and-Portugal.pdf\" rel=\"\">Dam effects on droughts magnitude and duration in a transboundary basin The Lower River Tagus, Spain and Portugal<\/a><\/p>\n<p>-A. Almod\u00f3var, G.G. Nicola &amp; B. Elvira, (2009).\u00a0<a href=\"https:\/\/blog.uclm.es\/grupotajo\/wp-content\/uploads\/sites\/35\/2016\/01\/Influence-of-hydrologic-attributes-on-brown-trout-recruitment-in-low-latitude-range-margins.pdf\" rel=\"\">Influence of hydrologic attributes on brown trout recruitment in low-latitude range margins<\/a><\/p>\n<p>-A. Almod\u00f3var, G.G. Nicola &amp; B. Elvira, (2008).\u00a0<a href=\"https:\/\/blog.uclm.es\/grupotajo\/wp-content\/uploads\/sites\/35\/2016\/01\/Natural-hybridization-of-Barbus-bocagei-x-Barbus-comizo-Cyprinidae-in-Tagus-River-basin-central-Spain.pdf\" rel=\"\">Natural hybridization of Barbus bocagei x Barbus comizo (Cyprinidae) in Tagus River basin, central Spain<\/a><\/p>\n<p>-D. Almeida,\u00a0A. Almod\u00f3var, G.G. Nicola &amp; B. Elvira, (2008).\u00a0<a href=\"https:\/\/blog.uclm.es\/grupotajo\/wp-content\/uploads\/sites\/35\/2016\/01\/Feeding-tactics-and-body-condition-of-two-introduced-populations-of-pumpkinseed-Lepomis-gibbosus-taking-advantages-of-human-disturbances.pdf\" rel=\"\">Feeding tactics and body condition of two introduced populations of pumpkinseed Lepomis gibbosus taking advantages of human disturbances<\/a><\/p>\n<p>-B. Elvira, A. Almod\u00f3var &amp; G.G. Nicola, (2006).<a href=\"https:\/\/blog.uclm.es\/grupotajo\/wp-content\/uploads\/sites\/35\/2016\/01\/Spatial-Variation-in-Brown-Trout-Production-The-Role-of-Environmental-Factors.pdf\" rel=\"\">Spatial Variation in Brown Trout Production The Role of Environmental Factors<\/a><\/p>\n<p>-D. Baeza &amp; D. Garc\u00eda de Jal\u00f3n, (2005).\u00a0<a href=\"https:\/\/blog.uclm.es\/grupotajo\/wp-content\/uploads\/sites\/35\/2016\/01\/Characterisation-of-streamflow-regimes-in-central-Spain-based-on-relevant-hydrobiological-parameters.pdf\" rel=\"\">Characterisation of streamflow regimes in central Spain, based on relevant hydrobiological parameters<\/a><\/p>\n<p>-A. Almod\u00f3var, G.G. Nicola, (2004).\u00a0<a href=\"https:\/\/blog.uclm.es\/grupotajo\/wp-content\/uploads\/sites\/35\/2016\/01\/Angling-impact-on-conservation-of-Spanish-stream-dwelling-brown-trout-Salmo-trutta.pdf\" rel=\"\">Angling impact on conservation of Spanish stream-dwelling brown trout Salmo trutta<\/a><\/p>\n<p>-B. Elvira, A. Almod\u00f3var &amp; G.G. Nicola, (2003).\u00a0<a href=\"https:\/\/blog.uclm.es\/grupotajo\/wp-content\/uploads\/sites\/35\/2016\/01\/Ictiofauna-del-Rio-Tajo-entre-la-presa-de-Bolarque-y-su-confluencia-con-el-Rio-Jarama-Catalogo-Distribucion-y-Estado-de-Conservacion.pdf\" rel=\"\">Ictiofauna del R\u00edo Tajo entre la presa de Bolarque y su confluencia con el R\u00edo Jarama Cat\u00e1logo, Distribuci\u00f3n y Estado de Conservaci\u00f3n<\/a><\/p>\n<p>-A. Almod\u00f3var, G.G. Nicola &amp;\u00a0J. Su\u00e1rez, (2002).\u00a0<a href=\"https:\/\/blog.uclm.es\/grupotajo\/wp-content\/uploads\/sites\/35\/2016\/01\/Effects-of-fishery-management-on-populations-of-brown-trout-Salmo-trutta-in-central-Spain.pdf\" rel=\"\">Effects of fishery management on populations of brown trout, Salmo trutta, in central Spain<\/a><\/p>\n<p>-A. Almod\u00f3var, G.G. Nicola, (1999).\u00a0<a href=\"https:\/\/blog.uclm.es\/grupotajo\/wp-content\/uploads\/sites\/35\/2016\/01\/Effects-os-a-small-hydropower-station-upon-Brown-trout-Salmo-Trutta-in-the-river-Hoz-Seca-Taguas-Basin-Spain-one-year-after-regulation.pdf\" rel=\"\">Effects os a small hydropower station upon Brown trout Salmo Trutta in the river Hoz Seca (Taguas Basin, Spain) one year after regulation<\/a><\/p>\n<p>-D. Baeza &amp; D. Garc\u00eda de Jal\u00f3n, (1999).<a href=\"https:\/\/blog.uclm.es\/grupotajo\/wp-content\/uploads\/sites\/35\/2016\/01\/Calculo-de-caudales-de-mantenimiento-en-rios-de-la-cuenca-del-Tajo-a-partir-de-variables-climaticas-y-de-sus-cuencas.pdf\" rel=\"\">C\u00e1lculo de caudales de mantenimiento en r\u00edos de la cuenca del Tajo a partir de variables clim\u00e1ticas y de sus cuencas<\/a><\/p>\n<p>-A. Almod\u00f3var, G.G. Nicola, (1998).\u00a0<a href=\"https:\/\/blog.uclm.es\/grupotajo\/wp-content\/uploads\/sites\/35\/2016\/01\/Assessment-of-a-brown-trout-Salmo-trutta-population-in-the-River-Gallo-central-Spain-angling-effects-and-management-implications-Salmonidae.pdf\" rel=\"\">Assessment of a brown trout Salmo trutta population in the River Gallo (central Spain) angling effects and management implications (Salmonidae)<\/a><\/p>\n<p>-B. Elvira, A. Almod\u00f3var &amp; G.G. Nicola, (1998).\u00a0<a href=\"https:\/\/blog.uclm.es\/grupotajo\/wp-content\/uploads\/sites\/35\/2016\/01\/Fish-communities-of-the-middle-upper-Tagus-River-central-Spain-a-story-of-river-regulation-and-exotic-introductions.pdf\" rel=\"\">Fish communities of the middle-upper Tagus River (central Spain) a story of river regulation and exotic introductions<\/a><\/p>\n<p>-D. Baeza &amp; D. Garc\u00eda de Jal\u00f3n, (1997).\u00a0<a href=\"https:\/\/blog.uclm.es\/grupotajo\/wp-content\/uploads\/sites\/35\/2016\/01\/Caracterizacion-del-regimen-de-caudales-de-rios-de-la-cuenca-del-Tajo-atendiendo-a-criterios-biologicos.pdf\" rel=\"\">Caracterizaci\u00f3n del r\u00e9gimen de caudales de r\u00edos de la cuenca del Tajo atendiendo a criterios biol\u00f3gicos<\/a><\/p>\n<p>-B. Elvira, A. Almod\u00f3var &amp; G.G. Nicola, (1996).\u00a0<a href=\"https:\/\/blog.uclm.es\/grupotajo\/wp-content\/uploads\/sites\/35\/2016\/01\/Pike-and-red-swamp-crayfish-a-new-case-on-predator-prey-relationship-between-aliens-in-central-Spain.pdf\" rel=\"\">Pike and red swamp crayfish a new case on predator prey relationship between aliens in central Spain<\/a><\/p>\n<p>-B. Elvira, A. Almod\u00f3var &amp; G.G. Nicola, (1996).\u00a0<a href=\"https:\/\/blog.uclm.es\/grupotajo\/wp-content\/uploads\/sites\/35\/2016\/01\/The-diet-of-introduced-largemouth-bass-Micropterus-Salmoides-in-the-natural-park-of-the-Ruidera-Lakes-Central-Spain.pdf\" rel=\"\">The diet of introduced largemouth bass, Micropterus Salmoides, in the natural park of the Ruidera Lakes, Central Spain<\/a><\/p>\n<p>-L. Pinilla, A. P\u00e9rez-Gonz\u00e1lez &amp; G. Benito (1995).\u00a0<a href=\"https:\/\/blog.uclm.es\/grupotajo\/wp-content\/uploads\/sites\/35\/2016\/01\/Cambios-historicos-de-los-cauces-de-los-rios-Tajo-y-Jarama-en-Aranjuez.pdf\" rel=\"\">Cambios hist\u00f3ricos de los cauces de los r\u00edos Tajo y Jarama en Aranjuez<\/a><\/p>\n<p>-B. Elvira &amp; A. Almod\u00f3var, (1994).<a href=\"https:\/\/blog.uclm.es\/grupotajo\/wp-content\/uploads\/sites\/35\/2016\/01\/Further-data-on-the-fish-fauna-catalogue-of-the-Natural-Park-of-Ruidera-Lakes-Guadiana-River-basin-Central-Spain.pdf\" rel=\"\">Further data on the fish fauna catalogue of the Natural Park of Ruidera Lakes (Guadiana River basin, Central Spain)<\/a><\/p>\n<p>-C. Casado, C. Montes, D. Garc\u00eda de Jal\u00f3n &amp; O. Soriano (1990).\u00a0<a href=\"https:\/\/blog.uclm.es\/grupotajo\/wp-content\/uploads\/sites\/35\/2016\/01\/Contribucion-al-estudio-faunistico-del-bentos-fluvial-del-rio-Lozoya-Sierra-de-Guadarrama-Espana.pdf\" rel=\"\">Contribuci\u00f3n al estudio faun\u00edstico del bentos fluvial del r\u00edo Lozoya (Sierra de Guadarrama, Espa\u00f1a)<\/a><\/p>\n<p>&nbsp;<\/p>\n","protected":false},"excerpt":{"rendered":"<p>-Villasante et al. (2016).Aportaci\u00f3n al conocimiento de la presencia de Margaritifera auricularia en el cauce del r\u00edo Tajo (Espa\u00f1a) -J. M. Bodoque, et al. (2016).\u00a0Recovering hydromorphological functionality to improve natural purification capacity of a highly human-modified wetland -E. San Mart\u00edn, B. Larraz, N. Hern\u00e1ndez-Mora &amp; S. Gallego, (2015).\u00a0La gesti\u00f3n insostenible del r\u00edo Tajo -N. Hern\u00e1ndez-Mora &hellip; <a href=\"https:\/\/blog.uclm.es\/grupotajo\/articulos-cientificos\/\" class=\"more-link\">Seguir leyendo <span class=\"screen-reader-text\">Art\u00edculos cient\u00edficos<\/span> <span class=\"meta-nav\">&rarr;<\/span><\/a><\/p>\n","protected":false},"author":184,"featured_media":0,"parent":0,"menu_order":0,"comment_status":"closed","ping_status":"closed","template":"","meta":{"footnotes":""},"class_list":["post-469","page","type-page","status-publish","hentry"],"_links":{"self":[{"href":"https:\/\/blog.uclm.es\/grupotajo\/wp-json\/wp\/v2\/pages\/469","targetHints":{"allow":["GET"]}}],"collection":[{"href":"https:\/\/blog.uclm.es\/grupotajo\/wp-json\/wp\/v2\/pages"}],"about":[{"href":"https:\/\/blog.uclm.es\/grupotajo\/wp-json\/wp\/v2\/types\/page"}],"author":[{"embeddable":true,"href":"https:\/\/blog.uclm.es\/grupotajo\/wp-json\/wp\/v2\/users\/184"}],"replies":[{"embeddable":true,"href":"https:\/\/blog.uclm.es\/grupotajo\/wp-json\/wp\/v2\/comments?post=469"}],"version-history":[{"count":0,"href":"https:\/\/blog.uclm.es\/grupotajo\/wp-json\/wp\/v2\/pages\/469\/revisions"}],"wp:attachment":[{"href":"https:\/\/blog.uclm.es\/grupotajo\/wp-json\/wp\/v2\/media?parent=469"}],"curies":[{"name":"wp","href":"https:\/\/api.w.org\/{rel}","templated":true}]}}