{"id":464,"date":"2016-01-28T20:36:25","date_gmt":"2016-01-28T19:36:25","guid":{"rendered":"http:\/\/blog.uclm.es\/grupotajo\/?page_id=464"},"modified":"2016-01-28T20:36:25","modified_gmt":"2016-01-28T19:36:25","slug":"pacto-de-toledo-por-el-tajo","status":"publish","type":"page","link":"https:\/\/blog.uclm.es\/grupotajo\/pacto-de-toledo-por-el-tajo\/","title":{"rendered":"Pacto de Toledo por el Tajo"},"content":{"rendered":"<p><span style=\"text-decoration: underline\"><strong>Comisi\u00f3n Gestora del Pacto por el Tajo de la Ciudad de Toledo<\/strong><\/span><\/p>\n<p style=\"text-align: justify\">El 30 de octubre de 2015 se celebr\u00f3 la<strong> SESI\u00d3N DE CONSTITUCI\u00d3N DE LA COMISI\u00d3N GESTORA DEL CONSEJO DEL PACTO DE LA CIUDAD DE TOLEDO POR EL TAJO, <\/strong>presidida por la alcaldesa de la ciudad,<\/p>\n<p style=\"text-align: justify\">D\u00aa Milagros Tol\u00f3n Jaime, seguida del Asesor de Presidencia, D. Jos\u00e9 Pablo Sabrido Fern\u00e1ndez, los vocales D\u00aa Noelia de la Cruz Chozas (Grupo Socialistas Toledo), D\u00aa Cristina Peces Moreno (Grupo Popular Toledo), D\u00aa Eva Jim\u00e9nez Rodr\u00edguez ( Grupo Ganemos Toledo), D. Esteban Jos\u00e9 Pa\u00f1os Mart\u00ednez (Grupo Ciudadanos Toledo), D. Mart\u00edn Molina L\u00f3pez, D. Julio Herrera Sant, <strong>D. Alejandro Cano Saavedra,<\/strong><\/p>\n<p style=\"text-align: justify\"><strong>D\u00aa Beatriz Larraz Iribas, D\u00aa Nuria Hern\u00e1ndez Mora, D. Jos\u00e9 Mar\u00eda Bodoque del Pozo, D\u00aa Mar\u00eda Soledad Gallego Bernard<\/strong> y Secretario D. Carlos Trivi\u00f1o Gallego<\/p>\n<p style=\"text-align: justify\">Se espera que esta comisi\u00f3n sirva para crear un \u00d3rgano importante de representaci\u00f3n y participaci\u00f3n social con el \u00fanico objetivo de compromiso con la defensa del r\u00edo. En el siglo XXI, no se puede dar la espalda a nuestro r\u00edo por la importancia que tiene para nuestro desarrollo econ\u00f3mico y conservaci\u00f3n del patrimonio natural de la ciudad.<\/p>\n","protected":false},"excerpt":{"rendered":"<p>Comisi\u00f3n Gestora del Pacto por el Tajo de la Ciudad de Toledo El 30 de octubre de 2015 se celebr\u00f3 la SESI\u00d3N DE CONSTITUCI\u00d3N DE LA COMISI\u00d3N GESTORA DEL CONSEJO DEL PACTO DE LA CIUDAD DE TOLEDO POR EL TAJO, presidida por la alcaldesa de la ciudad, D\u00aa Milagros Tol\u00f3n Jaime, seguida del Asesor de &hellip; <a href=\"https:\/\/blog.uclm.es\/grupotajo\/pacto-de-toledo-por-el-tajo\/\" class=\"more-link\">Seguir leyendo <span class=\"screen-reader-text\">Pacto de Toledo por el Tajo<\/span> <span class=\"meta-nav\">&rarr;<\/span><\/a><\/p>\n","protected":false},"author":184,"featured_media":0,"parent":0,"menu_order":0,"comment_status":"closed","ping_status":"closed","template":"","meta":{"footnotes":""},"class_list":["post-464","page","type-page","status-publish","hentry"],"_links":{"self":[{"href":"https:\/\/blog.uclm.es\/grupotajo\/wp-json\/wp\/v2\/pages\/464","targetHints":{"allow":["GET"]}}],"collection":[{"href":"https:\/\/blog.uclm.es\/grupotajo\/wp-json\/wp\/v2\/pages"}],"about":[{"href":"https:\/\/blog.uclm.es\/grupotajo\/wp-json\/wp\/v2\/types\/page"}],"author":[{"embeddable":true,"href":"https:\/\/blog.uclm.es\/grupotajo\/wp-json\/wp\/v2\/users\/184"}],"replies":[{"embeddable":true,"href":"https:\/\/blog.uclm.es\/grupotajo\/wp-json\/wp\/v2\/comments?post=464"}],"version-history":[{"count":0,"href":"https:\/\/blog.uclm.es\/grupotajo\/wp-json\/wp\/v2\/pages\/464\/revisions"}],"wp:attachment":[{"href":"https:\/\/blog.uclm.es\/grupotajo\/wp-json\/wp\/v2\/media?parent=464"}],"curies":[{"name":"wp","href":"https:\/\/api.w.org\/{rel}","templated":true}]}}