{"id":452,"date":"2016-01-28T20:29:51","date_gmt":"2016-01-28T19:29:51","guid":{"rendered":"http:\/\/blog.uclm.es\/grupotajo\/?page_id=452"},"modified":"2016-01-28T20:29:51","modified_gmt":"2016-01-28T19:29:51","slug":"httpwww-attenagua-sudoe-eues","status":"publish","type":"page","link":"https:\/\/blog.uclm.es\/grupotajo\/httpwww-attenagua-sudoe-eues\/","title":{"rendered":"Proyecto Europeo Interreg SUDOE ATTENAGUA"},"content":{"rendered":"<p><a href=\"https:\/\/blog.uclm.es\/grupotajo\/wp-content\/uploads\/sites\/35\/2016\/01\/attenagua.png\" rel=\"attachment wp-att-704\"><img loading=\"lazy\" decoding=\"async\" class=\"size-medium wp-image-704 aligncenter\" src=\"https:\/\/blog.uclm.es\/grupotajo\/wp-content\/uploads\/sites\/35\/2016\/01\/attenagua-300x139.png\" alt=\"attenagua\" width=\"300\" height=\"139\" srcset=\"https:\/\/blog.uclm.es\/grupotajo\/wp-content\/uploads\/sites\/35\/2016\/01\/attenagua-300x139.png 300w, https:\/\/blog.uclm.es\/grupotajo\/wp-content\/uploads\/sites\/35\/2016\/01\/attenagua-768x357.png 768w, https:\/\/blog.uclm.es\/grupotajo\/wp-content\/uploads\/sites\/35\/2016\/01\/attenagua.png 900w\" sizes=\"auto, (max-width: 300px) 100vw, 300px\" \/><\/a><\/p>\n<h1><\/h1>\n<p style=\"text-align: justify\">ATTENAGUA ofrece soluciones:<\/p>\n<p style=\"text-align: justify\">La captaci\u00f3n de agua &#8211; hist\u00f3ricamente el bombeo de aguas subterr\u00e1neas- ha ido progresivamente dirigi\u00e9ndose hacia las aguas superficiales debido a problemas de cantidad y\/o calidad de las aguas.<\/p>\n<p style=\"text-align: justify\">Ahora bien, el agua de los r\u00edos est\u00e1 sometida a los efectos directos de los contaminantes de origen puntual y difuso (agricultura, industria), lo que obliga a las entidades responsables a dedicar recursos econ\u00f3micos importantes para la potabilizaci\u00f3n del agua.<\/p>\n<p style=\"text-align: justify\">La explotaci\u00f3n de aguas subterr\u00e1neas, con fines de producci\u00f3n de agua potable, en zonas h\u00famedas de ribera alimentadas por la infiltraci\u00f3n de agua del r\u00edo permite beneficiarse de la capacidad de filtraci\u00f3n y de autodepuraci\u00f3n del suelo de esas zonas, reduciendo as\u00ed los costes de producci\u00f3n a la vez que se aumenta la seguridad, a largo plazo, del suministro.<\/p>\n<p style=\"text-align: justify\">ATTENAGUA considera la puesta en marcha de una metodolog\u00eda capaz de prever los mejores emplazamientos para la explotaci\u00f3n de aguas subterr\u00e1neas en las zonas de ribera del territorio SUDOE.<\/p>\n<p>\u00a0<a href=\"https:\/\/blog.uclm.es\/grupotajo\/wp-content\/uploads\/sites\/35\/2016\/01\/Manuel_Attenagua_Espagnol.pdf\" rel=\"\">Manual Attenagua. Diciembre 2014<\/a><\/p>\n<p><a href=\"https:\/\/blog.uclm.es\/grupotajo\/wp-content\/uploads\/sites\/35\/2016\/01\/Attenagua_Noticias_Octobre-2014_ES.pdf\" rel=\"\">Noticias Attenagua. Octubre 2014<\/a><\/p>\n<p><a href=\"https:\/\/blog.uclm.es\/grupotajo\/wp-content\/uploads\/sites\/35\/2016\/01\/Attenagua_Noticias_Marzo-2014_ES.pdf\" rel=\"\">Noticias Attenagua. Marzo 2014<\/a><\/p>\n<p><a href=\"https:\/\/blog.uclm.es\/grupotajo\/wp-content\/uploads\/sites\/35\/2016\/01\/Attenagua_Noticias_Octobre-2013_ES.pdf\" rel=\"\">Noticias Attenagua. Octubre 2013<\/a><\/p>\n<p><a href=\"https:\/\/blog.uclm.es\/grupotajo\/wp-content\/uploads\/sites\/35\/2016\/01\/Attenagua_Noticias_Marzo-2013_ES.pdf\" rel=\"\">Noticias Attenagua. Marzo 2013<\/a><\/p>\n<p>&nbsp;<\/p>\n","protected":false},"excerpt":{"rendered":"<p>ATTENAGUA ofrece soluciones: La captaci\u00f3n de agua &#8211; hist\u00f3ricamente el bombeo de aguas subterr\u00e1neas- ha ido progresivamente dirigi\u00e9ndose hacia las aguas superficiales debido a problemas de cantidad y\/o calidad de las aguas. Ahora bien, el agua de los r\u00edos est\u00e1 sometida a los efectos directos de los contaminantes de origen puntual y difuso (agricultura, industria), &hellip; <a href=\"https:\/\/blog.uclm.es\/grupotajo\/httpwww-attenagua-sudoe-eues\/\" class=\"more-link\">Seguir leyendo <span class=\"screen-reader-text\">Proyecto Europeo Interreg SUDOE ATTENAGUA<\/span> <span class=\"meta-nav\">&rarr;<\/span><\/a><\/p>\n","protected":false},"author":184,"featured_media":0,"parent":0,"menu_order":0,"comment_status":"closed","ping_status":"closed","template":"","meta":{"footnotes":""},"class_list":["post-452","page","type-page","status-publish","hentry"],"_links":{"self":[{"href":"https:\/\/blog.uclm.es\/grupotajo\/wp-json\/wp\/v2\/pages\/452","targetHints":{"allow":["GET"]}}],"collection":[{"href":"https:\/\/blog.uclm.es\/grupotajo\/wp-json\/wp\/v2\/pages"}],"about":[{"href":"https:\/\/blog.uclm.es\/grupotajo\/wp-json\/wp\/v2\/types\/page"}],"author":[{"embeddable":true,"href":"https:\/\/blog.uclm.es\/grupotajo\/wp-json\/wp\/v2\/users\/184"}],"replies":[{"embeddable":true,"href":"https:\/\/blog.uclm.es\/grupotajo\/wp-json\/wp\/v2\/comments?post=452"}],"version-history":[{"count":0,"href":"https:\/\/blog.uclm.es\/grupotajo\/wp-json\/wp\/v2\/pages\/452\/revisions"}],"wp:attachment":[{"href":"https:\/\/blog.uclm.es\/grupotajo\/wp-json\/wp\/v2\/media?parent=452"}],"curies":[{"name":"wp","href":"https:\/\/api.w.org\/{rel}","templated":true}]}}