{"id":260,"date":"2015-12-23T12:03:38","date_gmt":"2015-12-23T11:03:38","guid":{"rendered":"http:\/\/blog.uclm.es\/grupotajo\/?page_id=260"},"modified":"2015-12-23T12:03:38","modified_gmt":"2015-12-23T11:03:38","slug":"exposicion-sobre-el-tajo-de-la-uclm","status":"publish","type":"page","link":"https:\/\/blog.uclm.es\/grupotajo\/exposicion-sobre-el-tajo-de-la-uclm\/","title":{"rendered":"Exposici\u00f3n sobre el Tajo de la UCLM"},"content":{"rendered":"<p style=\"text-align: justify\">El pasado d\u00eda 4 de febrero fue presentada ante los medios de comunicaci\u00f3n la Exposici\u00f3n del Tajo promovida por la UCLM a trav\u00e9s de la Facultad de Ciencias Jur\u00eddicas y Sociales de Toledo en colaboraci\u00f3n con la Plataforma de Toledo en Defensa del Tajo.<\/p>\n<p style=\"text-align: justify\">En ese acto la vicedecana de Administraci\u00f3n y Direcci\u00f3n de Empresas, Leticia Bl\u00e1zquez, ha destacado el papel transversalizador de la UCLM a trav\u00e9s del Grupo de Investigaci\u00f3n \u00abEl Tajo, hacia un enfoque hol\u00edstico de sus problemas y soluciones\u00bb,irrumpiendo as\u00ed en la vida real y estableciendo lazos con la sociedad en forma de servicio p\u00fablico para el an\u00e1lisis de su realidad, la constataci\u00f3n de sus problemas y la propuesta de soluciones.<\/p>\n<p style=\"text-align: center\">D\u00edptico Exposici\u00f3n<\/p>\n<p><a href=\"https:\/\/blog.uclm.es\/grupotajo\/wp-content\/uploads\/sites\/35\/2015\/12\/dipticoexposicion.png\" rel=\"attachment wp-att-690\"><img loading=\"lazy\" decoding=\"async\" class=\"wp-image-690 aligncenter\" src=\"https:\/\/blog.uclm.es\/grupotajo\/wp-content\/uploads\/sites\/35\/2015\/12\/dipticoexposicion-300x211.png\" alt=\"dipticoexposicion\" width=\"334\" height=\"235\" srcset=\"https:\/\/blog.uclm.es\/grupotajo\/wp-content\/uploads\/sites\/35\/2015\/12\/dipticoexposicion-300x211.png 300w, https:\/\/blog.uclm.es\/grupotajo\/wp-content\/uploads\/sites\/35\/2015\/12\/dipticoexposicion-768x541.png 768w, https:\/\/blog.uclm.es\/grupotajo\/wp-content\/uploads\/sites\/35\/2015\/12\/dipticoexposicion.png 852w\" sizes=\"auto, (max-width: 334px) 100vw, 334px\" \/><\/a>\u00a0\u00a0<a href=\"https:\/\/blog.uclm.es\/grupotajo\/wp-content\/uploads\/sites\/35\/2015\/12\/dipticoexpo.png\" rel=\"attachment wp-att-707\"><img loading=\"lazy\" decoding=\"async\" class=\" wp-image-707 aligncenter\" src=\"https:\/\/blog.uclm.es\/grupotajo\/wp-content\/uploads\/sites\/35\/2015\/12\/dipticoexpo-300x211.png\" alt=\"dipticoexpo\" width=\"343\" height=\"241\" srcset=\"https:\/\/blog.uclm.es\/grupotajo\/wp-content\/uploads\/sites\/35\/2015\/12\/dipticoexpo-300x211.png 300w, https:\/\/blog.uclm.es\/grupotajo\/wp-content\/uploads\/sites\/35\/2015\/12\/dipticoexpo-768x541.png 768w, https:\/\/blog.uclm.es\/grupotajo\/wp-content\/uploads\/sites\/35\/2015\/12\/dipticoexpo.png 852w\" sizes=\"auto, (max-width: 343px) 100vw, 343px\" \/><\/a><\/p>\n<p style=\"text-align: center\"><a href=\"http:\/\/www.redtajo.es\/images\/newformato\/INFORME%20SOBRE%20LA%20EXPOSICION.pdf\">Informe sobre la exposici\u00f3n<\/a><\/p>\n<div style=\"text-align: justify\">\n<p>Por su parte, la investigadora principal de ese Grupo de Investigaci\u00f3n, Beatr\u00edz Larraz, ha puesto de manifiesto la necesaria voluntad pol\u00edtica para trasladar esas soluciones definitivamente, como ya ocurri\u00f3 con otros r\u00edos europeos, Rhin, Sena y T\u00e1mesis, apostando por la puesta en escena de los \u00faltimos avances cient\u00edficos en materia de depuraci\u00f3n y el necesario caudal de cabecera que permita la regeneraci\u00f3n natural de las aguas de depuraci\u00f3n vertidas a los r\u00edos de la cuenca. Para ello es imprescindible que Madrid asuma su papel como territorio perteneciente \u00edntegramente a la cuenca del Tajo.<\/p>\n<\/div>\n<div style=\"text-align: justify\">\n<p>El presidente de la Plataforma de Toledo en Defensa del Tajo, Alejandro Cano, ha hecho un recorrido estructural de la exposici\u00f3n, de la que ha destacado que no es la calidad fotogr\u00e1fica de sus im\u00e1genes lo que se pretende exponer, sino de asistir a la cruda realidad de m\u00e1s de 35 a\u00f1os de agon\u00eda de un r\u00edo, con la pretendida justificaci\u00f3n de un desarrollo que se ha vuelto insostenible y de una rentabilidad econ\u00f3mica que se ha vuelto un lastre para toda su cuenca y un agujero econ\u00f3mico para todos los espa\u00f1oles.<\/p>\n<\/div>\n<div style=\"text-align: justify\">\n<p>El noticiario territorial de TVE se ha hecho eco en titulares y dedica a esta exposici\u00f3n desde el minuto 15:20 al 16:55 (<a href=\"http:\/\/www.rtve.es\/alacarta\/videos\/noticias-de-castilla-la-mancha\/noticias-castilla-mancha-04-02-15\/2981029\/\" target=\"_blank\" rel=\"noopener\">http:\/\/www.rtve.es\/alacarta\/videos\/noticias-de-castilla-la-mancha\/noticias-castilla-mancha-04-02-15\/2981029\/<\/a>).<\/p>\n<\/div>\n<div style=\"text-align: justify\">\n<p>Por su parte EFE ha distribuido la noticia que se recoge en\u00a0<a href=\"http:\/\/www.encastillalamancha.es\/noticia\/52508\/wwwencastillalamanchaes\" target=\"_blank\" rel=\"noopener\">http:\/\/www.encastillalamancha.es\/noticia\/52508\/wwwencastillalamanchaes<\/a>.<\/p>\n<\/div>\n<div style=\"text-align: justify\">La exposici\u00f3n tendr\u00e1 un car\u00e1cter itinerante, pues tendr\u00e1 diferentes destinos por los Campus universitarios de la UCLM y tambi\u00e9n en las plazas de cualquier instituci\u00f3n que se preste a ello.Estar\u00e1 en San Pedro M\u00e1rtir todo el mes de febrero. En marzo se podr\u00e1 visitar en el Alc\u00e1zar de Toledo y en abril en el vest\u00edbulo del Centro C\u00edvico y Social de Santa Mar\u00eda de Benquerencia.<\/div>\n<div style=\"text-align: justify\"><\/div>\n<p style=\"text-align: justify\">La exposici\u00f3n consiste en 22 paneles con 35 fotograf\u00edas, brevemente comentadas y recogidas a lo largo de toda la cuenca del Tajo desde su nacimiento en los Montes Universales hasta su desembocadura en Lisboa. Se puede descargar gratuitamente en formato PDF (<a href=\"https:\/\/www.dropbox.com\/l\/d0eVEpRNHDfTaTub7RZh9q\">https:\/\/www.dropbox.com\/l\/d0eVEpRNHDfTaTub7RZh9q<\/a>).\u00a0Tambi\u00e9n hay una versi\u00f3n en baja resoluci\u00f3n (<a href=\"https:\/\/www.dropbox.com\/l\/CCDYJbrdE31QKZsr7kkiFn\">https:\/\/www.dropbox.com\/l\/CCDYJbrdE31QKZsr7kkiFn<\/a>) para su f\u00e1cil distribuci\u00f3n por correo electr\u00f3nico, blogs, webs y redes sociales.<\/p>\n<div class=\"ecxgmail_default\" style=\"text-align: justify\">Esta actividad, costeada al 90% por la UCLM, es una muestra del compromiso social de la Universidad con el que su profesorado trasciende de las aulas, visibiliza una realidad y sensibiliza al resto de profesorado y alumando en busca de conocimiento e investigaci\u00f3n que permitan revertir la ag\u00f3nica situaci\u00f3n del r\u00edo m\u00e1s largo de la pen\u00ednsula ib\u00e9rica. Tambi\u00e9n pone de manifiesto la apuesta estatutaria de la Plataforma por implicar en involucrar en la causa del Tajo a instituciones que son un referente para la ciudadan\u00eda a la que, como ribere\u00f1a del Tajo que es, tambi\u00e9n necesita hacer c\u00f3mplice de su suerte.<\/div>\n","protected":false},"excerpt":{"rendered":"<p>El pasado d\u00eda 4 de febrero fue presentada ante los medios de comunicaci\u00f3n la Exposici\u00f3n del Tajo promovida por la UCLM a trav\u00e9s de la Facultad de Ciencias Jur\u00eddicas y Sociales de Toledo en colaboraci\u00f3n con la Plataforma de Toledo en Defensa del Tajo. En ese acto la vicedecana de Administraci\u00f3n y Direcci\u00f3n de Empresas, &hellip; <a href=\"https:\/\/blog.uclm.es\/grupotajo\/exposicion-sobre-el-tajo-de-la-uclm\/\" class=\"more-link\">Seguir leyendo <span class=\"screen-reader-text\">Exposici\u00f3n sobre el Tajo de la UCLM<\/span> <span class=\"meta-nav\">&rarr;<\/span><\/a><\/p>\n","protected":false},"author":184,"featured_media":0,"parent":0,"menu_order":0,"comment_status":"closed","ping_status":"closed","template":"","meta":{"footnotes":""},"class_list":["post-260","page","type-page","status-publish","hentry"],"_links":{"self":[{"href":"https:\/\/blog.uclm.es\/grupotajo\/wp-json\/wp\/v2\/pages\/260","targetHints":{"allow":["GET"]}}],"collection":[{"href":"https:\/\/blog.uclm.es\/grupotajo\/wp-json\/wp\/v2\/pages"}],"about":[{"href":"https:\/\/blog.uclm.es\/grupotajo\/wp-json\/wp\/v2\/types\/page"}],"author":[{"embeddable":true,"href":"https:\/\/blog.uclm.es\/grupotajo\/wp-json\/wp\/v2\/users\/184"}],"replies":[{"embeddable":true,"href":"https:\/\/blog.uclm.es\/grupotajo\/wp-json\/wp\/v2\/comments?post=260"}],"version-history":[{"count":0,"href":"https:\/\/blog.uclm.es\/grupotajo\/wp-json\/wp\/v2\/pages\/260\/revisions"}],"wp:attachment":[{"href":"https:\/\/blog.uclm.es\/grupotajo\/wp-json\/wp\/v2\/media?parent=260"}],"curies":[{"name":"wp","href":"https:\/\/api.w.org\/{rel}","templated":true}]}}