{"id":134,"date":"2015-11-28T09:46:12","date_gmt":"2015-11-28T08:46:12","guid":{"rendered":"http:\/\/blog.uclm.es\/grupotajo\/?page_id=134"},"modified":"2015-11-28T09:46:12","modified_gmt":"2015-11-28T08:46:12","slug":"biblioteca","status":"publish","type":"page","link":"https:\/\/blog.uclm.es\/grupotajo\/biblioteca\/","title":{"rendered":"Libros recomendados"},"content":{"rendered":"<p style=\"text-align: center\"><a href=\"https:\/\/www.dropbox.com\/s\/3td8uks4otjk3kj\/El%20R%C3%ADo%20tajo%20lecciones%20del%20pasado%20para%20un%20futuro%20mejor%20-%20ALTA%20-%20COLOR.pdf\">El r\u00edo Tajo, lecciones del pasado para un futuro mejor<\/a><\/p>\n<p style=\"text-align: center\"><a href=\"https:\/\/blog.uclm.es\/grupotajo\/wp-content\/uploads\/sites\/35\/2015\/11\/el-rio-tajo-lecciones-del-pasado-para-un-futuro-mejor.jpg\" rel=\"attachment wp-att-659\"><img decoding=\"async\" src=\"https:\/\/blog.uclm.es\/grupotajo\/wp-content\/uploads\/sites\/35\/2015\/11\/el-rio-tajo-lecciones-del-pasado-para-un-futuro-mejor-214x300.jpg\" alt=\"el rio tajo, lecciones del pasado para un futuro mejor\" \/><\/a><\/p>\n<p style=\"text-align: center\"><a href=\"http:\/\/fnca.eu\/biblioteca-del-agua\/directorio\/file\/2767?search=1\">El Agua &#8211; Perspectiva ecosist\u00e9mica y gesti\u00f3n integrada<\/a><\/p>\n<p style=\"text-align: center\"><a href=\"https:\/\/blog.uclm.es\/grupotajo\/wp-content\/uploads\/sites\/35\/2015\/11\/nuevo-libro-de-FNCA.png\" rel=\"attachment wp-att-727\"><img loading=\"lazy\" decoding=\"async\" class=\"alignnone size-medium wp-image-727\" src=\"https:\/\/blog.uclm.es\/grupotajo\/wp-content\/uploads\/sites\/35\/2015\/11\/nuevo-libro-de-FNCA-197x300.png\" alt=\"nuevo libro de FNCA\" width=\"197\" height=\"300\" srcset=\"https:\/\/blog.uclm.es\/grupotajo\/wp-content\/uploads\/sites\/35\/2015\/11\/nuevo-libro-de-FNCA-197x300.png 197w, https:\/\/blog.uclm.es\/grupotajo\/wp-content\/uploads\/sites\/35\/2015\/11\/nuevo-libro-de-FNCA.png 386w\" sizes=\"auto, (max-width: 197px) 100vw, 197px\" \/><\/a><\/p>\n<p style=\"text-align: center\"><a href=\"http:\/\/www.fnca.eu\/component\/content\/article\/69-libreria\/390-el-tajo-historia-de-un-rio-olvidado\">El Tajo. Historia de un r\u00edo ignorado<\/a><\/p>\n<p style=\"text-align: center\"><a href=\"https:\/\/blog.uclm.es\/grupotajo\/wp-content\/uploads\/sites\/35\/2015\/11\/rio-ignorado.jpg\" rel=\"attachment wp-att-664\"><img loading=\"lazy\" decoding=\"async\" class=\"alignnone size-medium wp-image-664\" src=\"https:\/\/blog.uclm.es\/grupotajo\/wp-content\/uploads\/sites\/35\/2015\/11\/rio-ignorado-198x300.jpg\" alt=\"rio ignorado\" width=\"198\" height=\"300\" srcset=\"https:\/\/blog.uclm.es\/grupotajo\/wp-content\/uploads\/sites\/35\/2015\/11\/rio-ignorado-198x300.jpg 198w, https:\/\/blog.uclm.es\/grupotajo\/wp-content\/uploads\/sites\/35\/2015\/11\/rio-ignorado-677x1024.jpg 677w, https:\/\/blog.uclm.es\/grupotajo\/wp-content\/uploads\/sites\/35\/2015\/11\/rio-ignorado-768x1162.jpg 768w, https:\/\/blog.uclm.es\/grupotajo\/wp-content\/uploads\/sites\/35\/2015\/11\/rio-ignorado-1015x1536.jpg 1015w, https:\/\/blog.uclm.es\/grupotajo\/wp-content\/uploads\/sites\/35\/2015\/11\/rio-ignorado.jpg 1150w\" sizes=\"auto, (max-width: 198px) 100vw, 198px\" \/><\/a><\/p>\n<p style=\"text-align: center\"><a href=\"http:\/\/www.docecalles.com\/b2c\/index.php?page=pp_producto.php&amp;md=0&amp;codp=1110\">Ecolog\u00eda de las riberas del R\u00edo Tajo a su paso por Aranjuez<\/a><\/p>\n<p style=\"text-align: center\"><a href=\"https:\/\/blog.uclm.es\/grupotajo\/wp-content\/uploads\/sites\/35\/2015\/11\/libro-jose-angel-garcia-redondo.jpg\" rel=\"attachment wp-att-661\"><img loading=\"lazy\" decoding=\"async\" class=\"alignnone size-medium wp-image-661\" src=\"https:\/\/blog.uclm.es\/grupotajo\/wp-content\/uploads\/sites\/35\/2015\/11\/libro-jose-angel-garcia-redondo-215x300.jpg\" alt=\"libro jos\u00e9 angel garc\u00eda-redondo\" width=\"215\" height=\"300\" srcset=\"https:\/\/blog.uclm.es\/grupotajo\/wp-content\/uploads\/sites\/35\/2015\/11\/libro-jose-angel-garcia-redondo-215x300.jpg 215w, https:\/\/blog.uclm.es\/grupotajo\/wp-content\/uploads\/sites\/35\/2015\/11\/libro-jose-angel-garcia-redondo.jpg 487w\" sizes=\"auto, (max-width: 215px) 100vw, 215px\" \/><\/a><\/p>\n<p style=\"text-align: center\"><a href=\"https:\/\/www.naoslibros.es\/libros\/los-molinos-de-toledo-de-produccion-de-harina-a-generacion-de-electricidad-de-produccion-harinera-a-generacion-de-electricidad\/978-84-16005-50-5\/\">Los Molinos de Toledo. De producci\u00f3n de harina a generaci\u00f3n de electricidad<\/a><\/p>\n<p style=\"text-align: center\"><a href=\"https:\/\/blog.uclm.es\/grupotajo\/wp-content\/uploads\/sites\/35\/2015\/11\/LOS_MOLINOS_DE_TOLEDOO_01.jpg\" rel=\"attachment wp-att-662\"><img loading=\"lazy\" decoding=\"async\" class=\"alignnone size-full wp-image-662\" src=\"https:\/\/blog.uclm.es\/grupotajo\/wp-content\/uploads\/sites\/35\/2015\/11\/LOS_MOLINOS_DE_TOLEDOO_01.jpg\" alt=\"LOS_MOLINOS_DE_TOLEDOO_01\" width=\"150\" height=\"211\" \/><\/a><\/p>\n<p style=\"text-align: center\"><a href=\"http:\/\/www.magrama.gob.es\/es\/prensa\/noticias\/el-ministerio-de-agricultura-alimentaci%C3%B3n-y-medio-ambiente-publica-un-estudio-sobre-la-vegetaci%C3%B3n-ribere%C3%B1a-de-los-r%C3%ADos-y-ramblas-\/tcm7-238489-16\">Vegetaci\u00f3n Ribere\u00f1a de los r\u00edos y ramblas de la Espa\u00f1a Meridional (Pen\u00ednsula y Archipi\u00e9lagos)<\/a><\/p>\n<p style=\"text-align: center\"><a href=\"https:\/\/blog.uclm.es\/grupotajo\/wp-content\/uploads\/sites\/35\/2015\/11\/rios-y-vegetacion-riberena.jpg\" rel=\"attachment wp-att-665\"><img loading=\"lazy\" decoding=\"async\" class=\"alignnone size-full wp-image-665\" src=\"https:\/\/blog.uclm.es\/grupotajo\/wp-content\/uploads\/sites\/35\/2015\/11\/rios-y-vegetacion-riberena.jpg\" alt=\"rios y vegetaci\u00f3n ribere\u00f1a\" width=\"148\" height=\"208\" \/><\/a><\/p>\n<p style=\"text-align: center\"><a href=\"http:\/\/www.traficantes.net\/sites\/default\/files\/pdfs\/M%C3%A1s%20claro%20agua%20-%20Traficantes%20de%20Sue%C3%B1os%20y%20Marea%20Azul.pdf\">m\u00e1s claro AGUA. El Plan de saqueo del Canal de Isabel II<\/a><\/p>\n<p style=\"text-align: center\"><a href=\"https:\/\/blog.uclm.es\/grupotajo\/wp-content\/uploads\/sites\/35\/2015\/11\/portada-libro-cyii.jpg\" rel=\"attachment wp-att-663\"><img decoding=\"async\" src=\"https:\/\/blog.uclm.es\/grupotajo\/wp-content\/uploads\/sites\/35\/2015\/11\/portada-libro-cyii-225x300.jpg\" alt=\"portada-libro-cyii\" \/><\/a><\/p>\n<p style=\"text-align: center\"><a href=\"http:\/\/www.lamela.com\/DEPOT\/arch_publicaciones\/archivo-dossier_agua_espana.pdf\">El Agua en Espa\u00f1a. Nuevos lagos sustentables<\/a><\/p>\n<p style=\"text-align: center\"><a href=\"https:\/\/blog.uclm.es\/grupotajo\/wp-content\/uploads\/sites\/35\/2015\/11\/El-Agua-En-Espa-a-Nuevos-Lagos-Sustentables-LEO-.jpg\" rel=\"attachment wp-att-660\"><img decoding=\"async\" src=\"https:\/\/blog.uclm.es\/grupotajo\/wp-content\/uploads\/sites\/35\/2015\/11\/El-Agua-En-Espa-a-Nuevos-Lagos-Sustentables-LEO-.jpg\" alt=\"El-Agua-En-Espa--a--Nuevos-Lagos-Sustentables--LEO-\" \/><\/a><\/p>\n","protected":false},"excerpt":{"rendered":"<p>El r\u00edo Tajo, lecciones del pasado para un futuro mejor El Agua &#8211; Perspectiva ecosist\u00e9mica y gesti\u00f3n integrada El Tajo. Historia de un r\u00edo ignorado Ecolog\u00eda de las riberas del R\u00edo Tajo a su paso por Aranjuez Los Molinos de Toledo. De producci\u00f3n de harina a generaci\u00f3n de electricidad Vegetaci\u00f3n Ribere\u00f1a de los r\u00edos y &hellip; <a href=\"https:\/\/blog.uclm.es\/grupotajo\/biblioteca\/\" class=\"more-link\">Seguir leyendo <span class=\"screen-reader-text\">Libros recomendados<\/span> <span class=\"meta-nav\">&rarr;<\/span><\/a><\/p>\n","protected":false},"author":184,"featured_media":0,"parent":0,"menu_order":0,"comment_status":"closed","ping_status":"closed","template":"","meta":{"footnotes":""},"class_list":["post-134","page","type-page","status-publish","hentry"],"_links":{"self":[{"href":"https:\/\/blog.uclm.es\/grupotajo\/wp-json\/wp\/v2\/pages\/134","targetHints":{"allow":["GET"]}}],"collection":[{"href":"https:\/\/blog.uclm.es\/grupotajo\/wp-json\/wp\/v2\/pages"}],"about":[{"href":"https:\/\/blog.uclm.es\/grupotajo\/wp-json\/wp\/v2\/types\/page"}],"author":[{"embeddable":true,"href":"https:\/\/blog.uclm.es\/grupotajo\/wp-json\/wp\/v2\/users\/184"}],"replies":[{"embeddable":true,"href":"https:\/\/blog.uclm.es\/grupotajo\/wp-json\/wp\/v2\/comments?post=134"}],"version-history":[{"count":0,"href":"https:\/\/blog.uclm.es\/grupotajo\/wp-json\/wp\/v2\/pages\/134\/revisions"}],"wp:attachment":[{"href":"https:\/\/blog.uclm.es\/grupotajo\/wp-json\/wp\/v2\/media?parent=134"}],"curies":[{"name":"wp","href":"https:\/\/api.w.org\/{rel}","templated":true}]}}