{"id":122,"date":"2015-11-28T09:41:22","date_gmt":"2015-11-28T08:41:22","guid":{"rendered":"http:\/\/blog.uclm.es\/grupotajo\/?page_id=122"},"modified":"2015-11-28T09:41:22","modified_gmt":"2015-11-28T08:41:22","slug":"por-que-lo-hacemos","status":"publish","type":"page","link":"https:\/\/blog.uclm.es\/grupotajo\/por-que-lo-hacemos\/","title":{"rendered":"Por qu\u00e9 lo hacemos"},"content":{"rendered":"<p style=\"text-align: justify\">Por conciencia ambiental y social. La raz\u00f3n que nos mueve a trabajar conjuntamente es la situaci\u00f3n en la que se encuentra el r\u00edo Tajo, a lo largo y ancho de su cuenca, tanto en su parte espa\u00f1ola como portuguesa. La situaci\u00f3n que\u00a0 est\u00e1 viviendo el r\u00edo puede considerarse singular, ya que en Espa\u00f1a no hay otro r\u00edo que contenga un cat\u00e1logo tan amplio de problem\u00e1ticas como el r\u00edo Tajo. La motivaci\u00f3n de los miembros no es s\u00f3lo el puro inter\u00e9s que puedan tener el estudio de sus aguas y llanuras aluviales sino que es una necesidad el tener al alcance informaci\u00f3n fidedigna de lo que realmente est\u00e1 padeciendo el r\u00edo. Esa informaci\u00f3n es el apoyo en el que sustentarse para poder perseverar en la mejora de su estado ecol\u00f3gico.<\/p>\n","protected":false},"excerpt":{"rendered":"<p>Por conciencia ambiental y social. La raz\u00f3n que nos mueve a trabajar conjuntamente es la situaci\u00f3n en la que se encuentra el r\u00edo Tajo, a lo largo y ancho de su cuenca, tanto en su parte espa\u00f1ola como portuguesa. La situaci\u00f3n que\u00a0 est\u00e1 viviendo el r\u00edo puede considerarse singular, ya que en Espa\u00f1a no hay &hellip; <a href=\"https:\/\/blog.uclm.es\/grupotajo\/por-que-lo-hacemos\/\" class=\"more-link\">Seguir leyendo <span class=\"screen-reader-text\">Por qu\u00e9 lo hacemos<\/span> <span class=\"meta-nav\">&rarr;<\/span><\/a><\/p>\n","protected":false},"author":184,"featured_media":0,"parent":0,"menu_order":0,"comment_status":"closed","ping_status":"closed","template":"","meta":{"footnotes":""},"class_list":["post-122","page","type-page","status-publish","hentry"],"_links":{"self":[{"href":"https:\/\/blog.uclm.es\/grupotajo\/wp-json\/wp\/v2\/pages\/122","targetHints":{"allow":["GET"]}}],"collection":[{"href":"https:\/\/blog.uclm.es\/grupotajo\/wp-json\/wp\/v2\/pages"}],"about":[{"href":"https:\/\/blog.uclm.es\/grupotajo\/wp-json\/wp\/v2\/types\/page"}],"author":[{"embeddable":true,"href":"https:\/\/blog.uclm.es\/grupotajo\/wp-json\/wp\/v2\/users\/184"}],"replies":[{"embeddable":true,"href":"https:\/\/blog.uclm.es\/grupotajo\/wp-json\/wp\/v2\/comments?post=122"}],"version-history":[{"count":0,"href":"https:\/\/blog.uclm.es\/grupotajo\/wp-json\/wp\/v2\/pages\/122\/revisions"}],"wp:attachment":[{"href":"https:\/\/blog.uclm.es\/grupotajo\/wp-json\/wp\/v2\/media?parent=122"}],"curies":[{"name":"wp","href":"https:\/\/api.w.org\/{rel}","templated":true}]}}