{"id":120,"date":"2015-11-28T09:40:57","date_gmt":"2015-11-28T08:40:57","guid":{"rendered":"http:\/\/blog.uclm.es\/grupotajo\/?page_id=120"},"modified":"2015-11-28T09:40:57","modified_gmt":"2015-11-28T08:40:57","slug":"donde-lo-hacemos","status":"publish","type":"page","link":"https:\/\/blog.uclm.es\/grupotajo\/donde-lo-hacemos\/","title":{"rendered":"D\u00f3nde lo hacemos"},"content":{"rendered":"<p style=\"text-align: justify\">El grupo tiene establecida su sede en el Campus de Toledo de la UCLM, si bien sus investigadores se encuentran distribuidos por toda la pen\u00ednsula ib\u00e9rica, fuera y dentro de la propia cuenca de Tajo. A trav\u00e9s de reuniones peri\u00f3dicas en Toledo y de las nuevas tecnolog\u00edas ponemos en com\u00fan nuestros avances en la investigaci\u00f3n, as\u00ed como a trav\u00e9s de las conferencias, trabajos o proyectos que se realizan de forma conjunta.<\/p>\n","protected":false},"excerpt":{"rendered":"<p>El grupo tiene establecida su sede en el Campus de Toledo de la UCLM, si bien sus investigadores se encuentran distribuidos por toda la pen\u00ednsula ib\u00e9rica, fuera y dentro de la propia cuenca de Tajo. A trav\u00e9s de reuniones peri\u00f3dicas en Toledo y de las nuevas tecnolog\u00edas ponemos en com\u00fan nuestros avances en la investigaci\u00f3n, &hellip; <a href=\"https:\/\/blog.uclm.es\/grupotajo\/donde-lo-hacemos\/\" class=\"more-link\">Seguir leyendo <span class=\"screen-reader-text\">D\u00f3nde lo hacemos<\/span> <span class=\"meta-nav\">&rarr;<\/span><\/a><\/p>\n","protected":false},"author":184,"featured_media":0,"parent":0,"menu_order":0,"comment_status":"open","ping_status":"closed","template":"","meta":{"footnotes":""},"class_list":["post-120","page","type-page","status-publish","hentry"],"_links":{"self":[{"href":"https:\/\/blog.uclm.es\/grupotajo\/wp-json\/wp\/v2\/pages\/120","targetHints":{"allow":["GET"]}}],"collection":[{"href":"https:\/\/blog.uclm.es\/grupotajo\/wp-json\/wp\/v2\/pages"}],"about":[{"href":"https:\/\/blog.uclm.es\/grupotajo\/wp-json\/wp\/v2\/types\/page"}],"author":[{"embeddable":true,"href":"https:\/\/blog.uclm.es\/grupotajo\/wp-json\/wp\/v2\/users\/184"}],"replies":[{"embeddable":true,"href":"https:\/\/blog.uclm.es\/grupotajo\/wp-json\/wp\/v2\/comments?post=120"}],"version-history":[{"count":0,"href":"https:\/\/blog.uclm.es\/grupotajo\/wp-json\/wp\/v2\/pages\/120\/revisions"}],"wp:attachment":[{"href":"https:\/\/blog.uclm.es\/grupotajo\/wp-json\/wp\/v2\/media?parent=120"}],"curies":[{"name":"wp","href":"https:\/\/api.w.org\/{rel}","templated":true}]}}