{"id":118,"date":"2015-11-28T09:40:24","date_gmt":"2015-11-28T08:40:24","guid":{"rendered":"http:\/\/blog.uclm.es\/grupotajo\/?page_id=118"},"modified":"2015-11-28T09:40:24","modified_gmt":"2015-11-28T08:40:24","slug":"que-hacemos","status":"publish","type":"page","link":"https:\/\/blog.uclm.es\/grupotajo\/que-hacemos\/","title":{"rendered":"Qu\u00e9 hacemos"},"content":{"rendered":"<p style=\"text-align: justify\">Avanzar en el conocimiento del r\u00edo Tajo a trav\u00e9s de las l\u00edneas de investigaci\u00f3n que consideramos prioritarias, entre las que cabe destacar el\u00a0 medio ambiente, la econom\u00eda, la educaci\u00f3n, la sociolog\u00eda y los aspectos jur\u00eddicos<\/p>\n","protected":false},"excerpt":{"rendered":"<p>Avanzar en el conocimiento del r\u00edo Tajo a trav\u00e9s de las l\u00edneas de investigaci\u00f3n que consideramos prioritarias, entre las que cabe destacar el\u00a0 medio ambiente, la econom\u00eda, la educaci\u00f3n, la sociolog\u00eda y los aspectos jur\u00eddicos<\/p>\n","protected":false},"author":184,"featured_media":0,"parent":0,"menu_order":0,"comment_status":"open","ping_status":"closed","template":"","meta":{"footnotes":""},"class_list":["post-118","page","type-page","status-publish","hentry"],"_links":{"self":[{"href":"https:\/\/blog.uclm.es\/grupotajo\/wp-json\/wp\/v2\/pages\/118","targetHints":{"allow":["GET"]}}],"collection":[{"href":"https:\/\/blog.uclm.es\/grupotajo\/wp-json\/wp\/v2\/pages"}],"about":[{"href":"https:\/\/blog.uclm.es\/grupotajo\/wp-json\/wp\/v2\/types\/page"}],"author":[{"embeddable":true,"href":"https:\/\/blog.uclm.es\/grupotajo\/wp-json\/wp\/v2\/users\/184"}],"replies":[{"embeddable":true,"href":"https:\/\/blog.uclm.es\/grupotajo\/wp-json\/wp\/v2\/comments?post=118"}],"version-history":[{"count":0,"href":"https:\/\/blog.uclm.es\/grupotajo\/wp-json\/wp\/v2\/pages\/118\/revisions"}],"wp:attachment":[{"href":"https:\/\/blog.uclm.es\/grupotajo\/wp-json\/wp\/v2\/media?parent=118"}],"curies":[{"name":"wp","href":"https:\/\/api.w.org\/{rel}","templated":true}]}}