{"id":115,"date":"2015-11-28T09:39:14","date_gmt":"2015-11-28T08:39:14","guid":{"rendered":"http:\/\/blog.uclm.es\/grupotajo\/?page_id=115"},"modified":"2015-11-28T09:39:14","modified_gmt":"2015-11-28T08:39:14","slug":"que-buscamos-2","status":"publish","type":"page","link":"https:\/\/blog.uclm.es\/grupotajo\/que-buscamos-2\/","title":{"rendered":"Qu\u00e9 buscamos"},"content":{"rendered":"<p style=\"text-align: justify\">Mejorar el estado en el que se encuentra el r\u00edo Tajo. Creemos que a trav\u00e9s de la historia y el an\u00e1lisis de su situaci\u00f3n actual se pueden conocer aquellos hechos que explican su preocupante situaci\u00f3n y, por tanto, las acciones futuras que deber\u00edan llevarse a cabo para mejorar su estado ecol\u00f3gico.<\/p>\n<p style=\"text-align: justify\">Nuestras investigaciones tienen como objetivo conseguir la recuperaci\u00f3n integral o mejora del estado ecol\u00f3gico de la cuenca del Tajo a trav\u00e9s del avance en la investigaci\u00f3n cient\u00edfica. Con los resultados obtenidos en las mismas, se busca ser un referente internacional en el estudio del r\u00edo Tajo desde un punto de vista multidisciplinar, as\u00ed como un referente en la defensa del buen estado ecol\u00f3gico del r\u00edo.<\/p>\n<p style=\"text-align: justify\">Estimamos conveniente la difusi\u00f3n de los resultados de nuestras investigaciones a trav\u00e9s de la organizaci\u00f3n de conferencias, workshops internacionales y jornadas universitarias, as\u00ed como establecer relaciones con grupos de investigaci\u00f3n de universidades extranjeras con el fin de contribuir a la mejora de la actual situaci\u00f3n del r\u00edo.<\/p>\n<p>&nbsp;<\/p>\n","protected":false},"excerpt":{"rendered":"<p>Mejorar el estado en el que se encuentra el r\u00edo Tajo. Creemos que a trav\u00e9s de la historia y el an\u00e1lisis de su situaci\u00f3n actual se pueden conocer aquellos hechos que explican su preocupante situaci\u00f3n y, por tanto, las acciones futuras que deber\u00edan llevarse a cabo para mejorar su estado ecol\u00f3gico. Nuestras investigaciones tienen como &hellip; <a href=\"https:\/\/blog.uclm.es\/grupotajo\/que-buscamos-2\/\" class=\"more-link\">Seguir leyendo <span class=\"screen-reader-text\">Qu\u00e9 buscamos<\/span> <span class=\"meta-nav\">&rarr;<\/span><\/a><\/p>\n","protected":false},"author":184,"featured_media":0,"parent":0,"menu_order":0,"comment_status":"closed","ping_status":"closed","template":"","meta":{"footnotes":""},"class_list":["post-115","page","type-page","status-publish","hentry"],"_links":{"self":[{"href":"https:\/\/blog.uclm.es\/grupotajo\/wp-json\/wp\/v2\/pages\/115","targetHints":{"allow":["GET"]}}],"collection":[{"href":"https:\/\/blog.uclm.es\/grupotajo\/wp-json\/wp\/v2\/pages"}],"about":[{"href":"https:\/\/blog.uclm.es\/grupotajo\/wp-json\/wp\/v2\/types\/page"}],"author":[{"embeddable":true,"href":"https:\/\/blog.uclm.es\/grupotajo\/wp-json\/wp\/v2\/users\/184"}],"replies":[{"embeddable":true,"href":"https:\/\/blog.uclm.es\/grupotajo\/wp-json\/wp\/v2\/comments?post=115"}],"version-history":[{"count":0,"href":"https:\/\/blog.uclm.es\/grupotajo\/wp-json\/wp\/v2\/pages\/115\/revisions"}],"wp:attachment":[{"href":"https:\/\/blog.uclm.es\/grupotajo\/wp-json\/wp\/v2\/media?parent=115"}],"curies":[{"name":"wp","href":"https:\/\/api.w.org\/{rel}","templated":true}]}}