{"id":1022,"date":"2020-07-27T08:42:32","date_gmt":"2020-07-27T07:42:32","guid":{"rendered":"http:\/\/blog.uclm.es\/grupotajo\/?page_id=1022"},"modified":"2020-07-27T08:42:32","modified_gmt":"2020-07-27T07:42:32","slug":"propuesta-de-mejora-de-las-reglas-de-explotacion-del-trasvase-tajo-segura","status":"publish","type":"page","link":"https:\/\/blog.uclm.es\/grupotajo\/propuesta-de-mejora-de-las-reglas-de-explotacion-del-trasvase-tajo-segura\/","title":{"rendered":"PROPUESTA DE MEJORA DE LAS REGLAS DE EXPLOTACI\u00d3N DEL TRASVASE TAJO-SEGURA"},"content":{"rendered":"\n<p><strong>El Grupo\nde investigaci\u00f3n del Tajo pone en entredicho al CEDEX en su propuesta de mejora\nde las Reglas de Explotaci\u00f3n del Trasvase Tajo-Segura<\/strong><strong><\/strong><\/p>\n\n\n\n<p><strong>El informe elaborado por el Grupo de\nInvestigaci\u00f3n del Tajo a propuesta de la Asociaci\u00f3n de Municipios Ribere\u00f1os de\nlos Embalses de Entrepe\u00f1as y Buend\u00eda (AMREEB) considera insuficiente para una\nadecuada gesti\u00f3n de los embalases la propuesta del CEDEX de reducir de 38 a 27 hm<sup>3<\/sup>\nel agua a trasvasar en Nivel 2.<\/strong><\/p>\n\n\n\n<p>El pasado 26 de mayo de 2020, la Comisi\u00f3n Central de Explotaci\u00f3n del Acueducto Tajo-Segura encarg\u00f3 al Centro de Estudios y Experimentaci\u00f3n de Obras P\u00fablicas (CEDEX) un informe para analizar las razones de la elevada ocurrencia de situaciones hidrol\u00f3gicas excepcionales en la aplicaci\u00f3n de las normas de explotaci\u00f3n del acueducto Tajo-Segura. Le encomienda la tarea de revisar la norma para minimizar este tipo de situaciones, dotando as\u00ed de una mayor estabilidad al sistema<a href=\"#_ftn1\">[1]<\/a>. Como resultado, el CEDEX emite un informe<a href=\"#_ftn2\">[2]<\/a>, fechado en junio de 2020, en el que propone rebajar de 38 a 27 hm<sup>3<\/sup> la cantidad a trasvasar cuando los embalses de la cabecera del Tajo se encuentren en Nivel 2 y elevar de 1200 a 1400 hm<sup>3<\/sup> el l\u00edmite de las aportaciones de los \u00faltimos meses necesario para entrar en Nivel 1.<\/p>\n\n\n\n<p>El pasado 26 de mayo de 2020, la\nComisi\u00f3n Central de Explotaci\u00f3n del Acueducto Tajo-Segura encarg\u00f3 al Centro de\nEstudios y Experimentaci\u00f3n de Obras P\u00fablicas (CEDEX) un informe para analizar las\nrazones de la elevada ocurrencia de situaciones hidrol\u00f3gicas excepcionales en\nla aplicaci\u00f3n de las normas de explotaci\u00f3n del acueducto Tajo-Segura. Le\nencomienda la tarea de revisar la norma para minimizar este tipo de\nsituaciones, dotando as\u00ed de una mayor estabilidad al sistema<a href=\"#_ftn1\">[1]<\/a>.\nComo resultado, el CEDEX emite un informe<a href=\"#_ftn2\">[2]<\/a>,\nfechado en junio de 2020, en el que propone rebajar de 38 a 27 hm<sup>3<\/sup>\nla cantidad a trasvasar cuando los embalses de la cabecera del Tajo se\nencuentren en Nivel 2 y elevar de 1200 a 1400 hm<sup>3<\/sup> el l\u00edmite de las\naportaciones de los \u00faltimos meses necesario para entrar en Nivel 1.<\/p>\n\n\n\n<p>En paralelo, <strong>Beatriz\nLarraz, Enrique San Mart\u00edn, Domingo Baeza y Miguel \u00c1ngel S\u00e1nchez<\/strong>, miembros del Grupo\nde Investigaci\u00f3n del Tajo, a petici\u00f3n de AMREEB, trabajan en la elaboraci\u00f3n de\nuna propuesta de mejora de dichas reglas que cumpla con los dos requerimientos\nde la Comisi\u00f3n: minimizar las ocasiones en las que los embalses se encuentran\nen niveles 3 (de excepcionalidad hidrol\u00f3gica) y 4 (de trasvase cero) y dotar de\nmayor estabilidad a los trasvases<a href=\"#_ftn3\">[3]<\/a>.\n<\/p>\n\n\n\n<p>Como resultado\nde este trabajo, basado en la tesis doctoral de De Lucas (2019)<a href=\"#_ftn4\">[4]<\/a>,\nlos autores proponen un cambio de los par\u00e1metros de las Reglas de Explotaci\u00f3n que\npuede llevarse a cabo mediante un real decreto, como prev\u00e9 la Ley 21\/2015.\nDichos cambios habr\u00edan permitido al sistema de cabecera no entrar ning\u00fan mes en\nNivel 3 ni 4 (0%), consiguiendo regularizar los trasvases a la cuenca del\nSegura, tal y como ped\u00eda la Comisi\u00f3n en su solicitud. Para ello, proponen rebajar\nde 38 a 20 hm<sup>3<\/sup> la cantidad a trasvasar en Nivel 2 y de 20 a 10 hm<sup>3<\/sup>\nen Nivel 3, elevando el umbral de reservas de 1300 hm\u00b3 a 2000 hm\u00b3 para entrar\nen Nivel 1. Por el contrario, con la propuesta del CEDEX los embalses de Entrepe\u00f1as\ny Buend\u00eda habr\u00edan estado un 19% de los meses en Nivel 3 y un 5% de los meses en\nNivel 4, que suman un 24% de los meses en situaci\u00f3n de excepcionalidad\nhidrol\u00f3gica o peor y, adem\u00e1s, no conseguir\u00eda estabilizar los trasvases.<\/p>\n\n\n\n<p>Esta propuesta del Grupo de Investigaci\u00f3n del Tajo consigue: en primer\nlugar, racionalizar la gesti\u00f3n del TTS en base a criterios y an\u00e1lisis t\u00e9cnicos\nque permitan estabilizar su explotaci\u00f3n y, en segundo lugar, demostrar que\nexisten alternativas para gestionar el trasvase de forma m\u00e1s eficiente pero\ntambi\u00e9n m\u00e1s equitativa. En concreto, defiende que haya un reparto de los\nbeneficios de estabilizar la gesti\u00f3n del trasvase y que dichos beneficios no redunden\nexclusivamente en las cuencas receptoras de las aguas trasvasadas. <\/p>\n\n\n\n<p>Esta propuesta\ndel Grupo de investigaci\u00f3n fue presentada por AMREEB en la reuni\u00f3n de la\nComisi\u00f3n de Explotaci\u00f3n del pasado jueves 23 de julio, sin que fuera siquiera\ndebatida en el seno de la misma. &nbsp;<br \/><\/p>\n\n\n\n<hr class=\"wp-block-separator\" \/>\n\n\n\n<p><a href=\"#_ftnref1\">[1]<\/a> <a href=\"https:\/\/www.miteco.gob.es\/es\/prensa\/ultimas-noticias\/la-comisi%C3%B3n-central-de-explotaci%C3%B3n-del-acueducto-tajo-segura-encarga-al-cedex-un-informe-para-el-abordaje-de-situaciones-hidrol%C3%B3gicas-excepciona\/tcm:30-509373\">https:\/\/www.miteco.gob.es\/es\/prensa\/ultimas-noticias\/la-comisi%C3%B3n-central-de-explotaci%C3%B3n-del-acueducto-tajo-segura-encarga-al-cedex-un-informe-para-el-abordaje-de-situaciones-hidrol%C3%B3gicas-excepciona\/tcm:30-509373<\/a><\/p>\n\n\n\n<p><a href=\"#_ftnref2\">[2]<\/a>\n<a href=\"http:\/\/blog.uclm.es\/grupotajo\/informe-del-cedex-junio-2020\/\">http:\/\/blog.uclm.es\/grupotajo\/informe-del-cedex-junio-2020\/<\/a><\/p>\n\n\n\n<p><a href=\"#_ftnref3\">[3]<\/a>\n<a href=\"http:\/\/blog.uclm.es\/grupotajo\/propuesta-del-grupo-de-investigacion-a-peticion-de-amreeb\/\">http:\/\/blog.uclm.es\/grupotajo\/propuesta-del-grupo-de-investigacion-a-peticion-de-amreeb\/<\/a><\/p>\n\n\n\n<p><a href=\"#_ftnref4\">[4]<\/a>\n<a href=\"http:\/\/blog.uclm.es\/grupotajo\/tesis-doctorales\/\">http:\/\/blog.uclm.es\/grupotajo\/tesis-doctorales\/<\/a><\/p>\n","protected":false},"excerpt":{"rendered":"<p>El Grupo de investigaci\u00f3n del Tajo pone en entredicho al CEDEX en su propuesta de mejora de las Reglas de Explotaci\u00f3n del Trasvase Tajo-Segura El informe elaborado por el Grupo de Investigaci\u00f3n del Tajo a propuesta de la Asociaci\u00f3n de Municipios Ribere\u00f1os de los Embalses de Entrepe\u00f1as y Buend\u00eda (AMREEB) considera insuficiente para una adecuada &hellip; <a href=\"https:\/\/blog.uclm.es\/grupotajo\/propuesta-de-mejora-de-las-reglas-de-explotacion-del-trasvase-tajo-segura\/\" class=\"more-link\">Seguir leyendo <span class=\"screen-reader-text\">PROPUESTA DE MEJORA DE LAS REGLAS DE EXPLOTACI\u00d3N DEL TRASVASE TAJO-SEGURA<\/span> <span class=\"meta-nav\">&rarr;<\/span><\/a><\/p>\n","protected":false},"author":30,"featured_media":0,"parent":0,"menu_order":0,"comment_status":"closed","ping_status":"closed","template":"","meta":{"footnotes":""},"class_list":["post-1022","page","type-page","status-publish","hentry"],"_links":{"self":[{"href":"https:\/\/blog.uclm.es\/grupotajo\/wp-json\/wp\/v2\/pages\/1022","targetHints":{"allow":["GET"]}}],"collection":[{"href":"https:\/\/blog.uclm.es\/grupotajo\/wp-json\/wp\/v2\/pages"}],"about":[{"href":"https:\/\/blog.uclm.es\/grupotajo\/wp-json\/wp\/v2\/types\/page"}],"author":[{"embeddable":true,"href":"https:\/\/blog.uclm.es\/grupotajo\/wp-json\/wp\/v2\/users\/30"}],"replies":[{"embeddable":true,"href":"https:\/\/blog.uclm.es\/grupotajo\/wp-json\/wp\/v2\/comments?post=1022"}],"version-history":[{"count":0,"href":"https:\/\/blog.uclm.es\/grupotajo\/wp-json\/wp\/v2\/pages\/1022\/revisions"}],"wp:attachment":[{"href":"https:\/\/blog.uclm.es\/grupotajo\/wp-json\/wp\/v2\/media?parent=1022"}],"curies":[{"name":"wp","href":"https:\/\/api.w.org\/{rel}","templated":true}]}}