{"id":26,"date":"2019-07-22T13:09:47","date_gmt":"2019-07-22T12:09:47","guid":{"rendered":"http:\/\/blog.uclm.es\/gruposmile\/?page_id=26"},"modified":"2023-01-20T11:55:43","modified_gmt":"2023-01-20T10:55:43","slug":"projects","status":"publish","type":"page","link":"https:\/\/blog.uclm.es\/gruposmile\/projects\/","title":{"rendered":"Projects"},"content":{"rendered":"\n<hr class=\"wp-block-separator aligncenter has-alpha-channel-opacity is-style-wide\" \/>\n\n\n\n<div class=\"wp-block-query is-layout-flow wp-block-query-is-layout-flow\"><ul class=\"wp-block-post-template is-layout-flow wp-block-post-template-is-layout-flow\"><li class=\"wp-block-post post-896 post type-post status-publish format-standard has-post-thumbnail hentry category-projects\">\n\n<div class=\"wp-block-columns is-layout-flex wp-container-core-columns-is-layout-9d6595d7 wp-block-columns-is-layout-flex\">\n<div class=\"wp-block-column is-vertically-aligned-center is-layout-flow wp-block-column-is-layout-flow\" style=\"flex-basis:25%\"><figure style=\"width:150px;height:200px;\" class=\"wp-block-post-featured-image\"><img loading=\"lazy\" decoding=\"async\" width=\"400\" height=\"510\" src=\"https:\/\/blog.uclm.es\/gruposmile\/wp-content\/uploads\/sites\/169\/2023\/01\/CLAP-e1674157565719-400x510.jpg\" class=\"attachment-post-thumbnail size-post-thumbnail wp-post-image\" alt=\"\" style=\"height:200px;object-fit:cover;\" \/><span class=\"wp-block-post-featured-image__overlay has-background-dim has-background-dim-20\" style=\"\" aria-hidden=\"true\"><\/span><\/figure><\/div>\n\n\n\n<div class=\"wp-block-column is-vertically-aligned-top is-layout-flow wp-block-column-is-layout-flow\" style=\"flex-basis:75%\"><h4 class=\"wp-block-post-title\"><a href=\"https:\/\/blog.uclm.es\/gruposmile\/2023\/01\/19\/ciencias-letrasclap-ciencias-y-linguistica-aplicaciones-practicas\/\" target=\"_self\" >Ciencias + Letras=CLAP (Ciencias y ling\u00fc\u00edstica: Aplicaciones pr\u00e1cticas)<\/a><\/h4><\/div>\n<\/div>\n\n<\/li><li class=\"wp-block-post post-909 post type-post status-publish format-standard has-post-thumbnail hentry category-projects\">\n\n<div class=\"wp-block-columns is-layout-flex wp-container-core-columns-is-layout-9d6595d7 wp-block-columns-is-layout-flex\">\n<div class=\"wp-block-column is-vertically-aligned-center is-layout-flow wp-block-column-is-layout-flow\" style=\"flex-basis:25%\"><figure style=\"width:150px;height:200px;\" class=\"wp-block-post-featured-image\"><img loading=\"lazy\" decoding=\"async\" width=\"603\" height=\"417\" src=\"https:\/\/blog.uclm.es\/gruposmile\/wp-content\/uploads\/sites\/169\/2022\/01\/positive.png\" class=\"attachment-post-thumbnail size-post-thumbnail wp-post-image\" alt=\"\" style=\"height:200px;object-fit:cover;\" srcset=\"https:\/\/blog.uclm.es\/gruposmile\/wp-content\/uploads\/sites\/169\/2022\/01\/positive.png 603w, https:\/\/blog.uclm.es\/gruposmile\/wp-content\/uploads\/sites\/169\/2022\/01\/positive-300x207.png 300w\" sizes=\"auto, (max-width: 603px) 100vw, 603px\" \/><span class=\"wp-block-post-featured-image__overlay has-background-dim has-background-dim-20\" style=\"\" aria-hidden=\"true\"><\/span><\/figure><\/div>\n\n\n\n<div class=\"wp-block-column is-vertically-aligned-top is-layout-flow wp-block-column-is-layout-flow\" style=\"flex-basis:75%\"><h4 class=\"wp-block-post-title\"><a href=\"https:\/\/blog.uclm.es\/gruposmile\/2023\/01\/20\/safer-analysis-and-validation-of-software-and-web-resources-pid2019-104735rb-c42-ministerio-de-ciencia-innovacion-y-universidades\/\" target=\"_self\" >SAFER: Analysis and Validation of Software and Web Resources (PID2019-104735RB-C42 &#8211; Ministerio de Ciencia, Innovaci\u00f3n y Universidades)<\/a><\/h4><\/div>\n<\/div>\n\n<\/li><li class=\"wp-block-post post-911 post type-post status-publish format-standard has-post-thumbnail hentry category-projects\">\n\n<div class=\"wp-block-columns is-layout-flex wp-container-core-columns-is-layout-9d6595d7 wp-block-columns-is-layout-flex\">\n<div class=\"wp-block-column is-vertically-aligned-center is-layout-flow wp-block-column-is-layout-flow\" style=\"flex-basis:25%\"><figure style=\"width:150px;height:200px;\" class=\"wp-block-post-featured-image\"><img loading=\"lazy\" decoding=\"async\" width=\"640\" height=\"452\" src=\"https:\/\/blog.uclm.es\/gruposmile\/wp-content\/uploads\/sites\/169\/2019\/07\/monitor-560634_640.jpg\" class=\"attachment-post-thumbnail size-post-thumbnail wp-post-image\" alt=\"\" style=\"height:200px;object-fit:cover;\" srcset=\"https:\/\/blog.uclm.es\/gruposmile\/wp-content\/uploads\/sites\/169\/2019\/07\/monitor-560634_640.jpg 640w, https:\/\/blog.uclm.es\/gruposmile\/wp-content\/uploads\/sites\/169\/2019\/07\/monitor-560634_640-300x212.jpg 300w\" sizes=\"auto, (max-width: 640px) 100vw, 640px\" \/><span class=\"wp-block-post-featured-image__overlay has-background-dim has-background-dim-20\" style=\"\" aria-hidden=\"true\"><\/span><\/figure><\/div>\n\n\n\n<div class=\"wp-block-column is-vertically-aligned-top is-layout-flow wp-block-column-is-layout-flow\" style=\"flex-basis:75%\"><h4 class=\"wp-block-post-title\"><a href=\"https:\/\/blog.uclm.es\/gruposmile\/2023\/01\/20\/merinet-rigurous-methods-for-the-future-internet\/\" target=\"_self\" >MERINET: Rigurous Methods for the Future Internet<\/a><\/h4><\/div>\n<\/div>\n\n<\/li><li class=\"wp-block-post post-913 post type-post status-publish format-standard has-post-thumbnail hentry category-projects\">\n\n<div class=\"wp-block-columns is-layout-flex wp-container-core-columns-is-layout-9d6595d7 wp-block-columns-is-layout-flex\">\n<div class=\"wp-block-column is-vertically-aligned-center is-layout-flow wp-block-column-is-layout-flow\" style=\"flex-basis:25%\"><figure style=\"width:150px;height:200px;\" class=\"wp-block-post-featured-image\"><img loading=\"lazy\" decoding=\"async\" width=\"640\" height=\"358\" src=\"https:\/\/blog.uclm.es\/gruposmile\/wp-content\/uploads\/sites\/169\/2019\/07\/email-3249062_640.png\" class=\"attachment-post-thumbnail size-post-thumbnail wp-post-image\" alt=\"\" style=\"height:200px;object-fit:cover;\" srcset=\"https:\/\/blog.uclm.es\/gruposmile\/wp-content\/uploads\/sites\/169\/2019\/07\/email-3249062_640.png 640w, https:\/\/blog.uclm.es\/gruposmile\/wp-content\/uploads\/sites\/169\/2019\/07\/email-3249062_640-300x168.png 300w\" sizes=\"auto, (max-width: 640px) 100vw, 640px\" \/><span class=\"wp-block-post-featured-image__overlay has-background-dim has-background-dim-20\" style=\"\" aria-hidden=\"true\"><\/span><\/figure><\/div>\n\n\n\n<div class=\"wp-block-column is-vertically-aligned-top is-layout-flow wp-block-column-is-layout-flow\" style=\"flex-basis:75%\"><h4 class=\"wp-block-post-title\"><a href=\"https:\/\/blog.uclm.es\/gruposmile\/2023\/01\/20\/fidelio-fuzzy-information-filtering-techniques-applied-to-metasearch-engines\/\" target=\"_self\" >FIDELIO: Fuzzy Information Filtering Techniques applied to Metasearch Engines<\/a><\/h4><\/div>\n<\/div>\n\n<\/li><li class=\"wp-block-post post-916 post type-post status-publish format-standard has-post-thumbnail hentry category-projects\">\n\n<div class=\"wp-block-columns is-layout-flex wp-container-core-columns-is-layout-9d6595d7 wp-block-columns-is-layout-flex\">\n<div class=\"wp-block-column is-vertically-aligned-center is-layout-flow wp-block-column-is-layout-flow\" style=\"flex-basis:25%\"><figure style=\"width:150px;height:200px;\" class=\"wp-block-post-featured-image\"><img loading=\"lazy\" decoding=\"async\" width=\"640\" height=\"328\" src=\"https:\/\/blog.uclm.es\/gruposmile\/wp-content\/uploads\/sites\/169\/2019\/07\/climate-change-2254711_640.jpg\" class=\"attachment-post-thumbnail size-post-thumbnail wp-post-image\" alt=\"\" style=\"height:200px;object-fit:cover;\" srcset=\"https:\/\/blog.uclm.es\/gruposmile\/wp-content\/uploads\/sites\/169\/2019\/07\/climate-change-2254711_640.jpg 640w, https:\/\/blog.uclm.es\/gruposmile\/wp-content\/uploads\/sites\/169\/2019\/07\/climate-change-2254711_640-300x154.jpg 300w\" sizes=\"auto, (max-width: 640px) 100vw, 640px\" \/><span class=\"wp-block-post-featured-image__overlay has-background-dim has-background-dim-20\" style=\"\" aria-hidden=\"true\"><\/span><\/figure><\/div>\n\n\n\n<div class=\"wp-block-column is-vertically-aligned-top is-layout-flow wp-block-column-is-layout-flow\" style=\"flex-basis:75%\"><h4 class=\"wp-block-post-title\"><a href=\"https:\/\/blog.uclm.es\/gruposmile\/2023\/01\/20\/plinio-observatory-on-the-effects-of-climate-change-based-on-the-intelligent-extraction-of-information-from-the-internet\/\" target=\"_self\" >PLINIO: Observatory on the Effects of Climate Change based on the intelligent extraction of information from the Internet<\/a><\/h4><\/div>\n<\/div>\n\n<\/li><li class=\"wp-block-post post-918 post type-post status-publish format-standard has-post-thumbnail hentry category-projects\">\n\n<div class=\"wp-block-columns is-layout-flex wp-container-core-columns-is-layout-9d6595d7 wp-block-columns-is-layout-flex\">\n<div class=\"wp-block-column is-vertically-aligned-center is-layout-flow wp-block-column-is-layout-flow\" style=\"flex-basis:25%\"><figure style=\"width:150px;height:200px;\" class=\"wp-block-post-featured-image\"><img loading=\"lazy\" decoding=\"async\" width=\"640\" height=\"426\" src=\"https:\/\/blog.uclm.es\/gruposmile\/wp-content\/uploads\/sites\/169\/2019\/07\/web-2496193_640.jpg\" class=\"attachment-post-thumbnail size-post-thumbnail wp-post-image\" alt=\"\" style=\"height:200px;object-fit:cover;\" srcset=\"https:\/\/blog.uclm.es\/gruposmile\/wp-content\/uploads\/sites\/169\/2019\/07\/web-2496193_640.jpg 640w, https:\/\/blog.uclm.es\/gruposmile\/wp-content\/uploads\/sites\/169\/2019\/07\/web-2496193_640-300x200.jpg 300w\" sizes=\"auto, (max-width: 640px) 100vw, 640px\" \/><span class=\"wp-block-post-featured-image__overlay has-background-dim has-background-dim-20\" style=\"\" aria-hidden=\"true\"><\/span><\/figure><\/div>\n\n\n\n<div class=\"wp-block-column is-vertically-aligned-top is-layout-flow wp-block-column-is-layout-flow\" style=\"flex-basis:75%\"><h4 class=\"wp-block-post-title\"><a href=\"https:\/\/blog.uclm.es\/gruposmile\/2023\/01\/20\/scaiweb1-scaiweb2-retrieval-organization-and-management-of-information-on-the-web-using-soft-computing-techniques\/\" target=\"_self\" >SCAIWEB1 &amp; SCAIWEB2: Retrieval, Organization and Management of Information on the Web using Soft Computing techniques<\/a><\/h4><\/div>\n<\/div>\n\n<\/li><li class=\"wp-block-post post-920 post type-post status-publish format-standard has-post-thumbnail hentry category-projects\">\n\n<div class=\"wp-block-columns is-layout-flex wp-container-core-columns-is-layout-9d6595d7 wp-block-columns-is-layout-flex\">\n<div class=\"wp-block-column is-vertically-aligned-center is-layout-flow wp-block-column-is-layout-flow\" style=\"flex-basis:25%\"><figure style=\"width:150px;height:200px;\" class=\"wp-block-post-featured-image\"><img loading=\"lazy\" decoding=\"async\" width=\"510\" height=\"510\" src=\"https:\/\/blog.uclm.es\/gruposmile\/wp-content\/uploads\/sites\/169\/2019\/07\/look.png\" class=\"attachment-post-thumbnail size-post-thumbnail wp-post-image\" alt=\"\" style=\"height:200px;object-fit:cover;\" srcset=\"https:\/\/blog.uclm.es\/gruposmile\/wp-content\/uploads\/sites\/169\/2019\/07\/look.png 640w, https:\/\/blog.uclm.es\/gruposmile\/wp-content\/uploads\/sites\/169\/2019\/07\/look-300x300.png 300w, https:\/\/blog.uclm.es\/gruposmile\/wp-content\/uploads\/sites\/169\/2019\/07\/look-150x150.png 150w\" sizes=\"auto, (max-width: 510px) 100vw, 510px\" \/><span class=\"wp-block-post-featured-image__overlay has-background-dim has-background-dim-20\" style=\"\" aria-hidden=\"true\"><\/span><\/figure><\/div>\n\n\n\n<div class=\"wp-block-column is-vertically-aligned-top is-layout-flow wp-block-column-is-layout-flow\" style=\"flex-basis:75%\"><h4 class=\"wp-block-post-title\"><a href=\"https:\/\/blog.uclm.es\/gruposmile\/2023\/01\/20\/f-meta-soft-computing-techniques-for-fuzzy-meta-search-engines-development\/\" target=\"_self\" >F-META: Soft-Computing Techniques for Fuzzy Meta Search Engines Development<\/a><\/h4><\/div>\n<\/div>\n\n<\/li><li class=\"wp-block-post post-922 post type-post status-publish format-standard has-post-thumbnail hentry category-projects\">\n\n<div class=\"wp-block-columns is-layout-flex wp-container-core-columns-is-layout-9d6595d7 wp-block-columns-is-layout-flex\">\n<div class=\"wp-block-column is-vertically-aligned-center is-layout-flow wp-block-column-is-layout-flow\" style=\"flex-basis:25%\"><figure style=\"width:150px;height:200px;\" class=\"wp-block-post-featured-image\"><img loading=\"lazy\" decoding=\"async\" width=\"640\" height=\"474\" src=\"https:\/\/blog.uclm.es\/gruposmile\/wp-content\/uploads\/sites\/169\/2019\/07\/airplane-145889_640.png\" class=\"attachment-post-thumbnail size-post-thumbnail wp-post-image\" alt=\"\" style=\"height:200px;object-fit:cover;\" srcset=\"https:\/\/blog.uclm.es\/gruposmile\/wp-content\/uploads\/sites\/169\/2019\/07\/airplane-145889_640.png 640w, https:\/\/blog.uclm.es\/gruposmile\/wp-content\/uploads\/sites\/169\/2019\/07\/airplane-145889_640-300x222.png 300w\" sizes=\"auto, (max-width: 640px) 100vw, 640px\" \/><span class=\"wp-block-post-featured-image__overlay has-background-dim has-background-dim-20\" style=\"\" aria-hidden=\"true\"><\/span><\/figure><\/div>\n\n\n\n<div class=\"wp-block-column is-vertically-aligned-top is-layout-flow wp-block-column-is-layout-flow\" style=\"flex-basis:75%\"><h4 class=\"wp-block-post-title\"><a href=\"https:\/\/blog.uclm.es\/gruposmile\/2023\/01\/20\/an-information-system-on-the-quality-of-air-transport-based-on-the-following-techniques-artificial-intelligence-and-oriented-to-the-citizen\/\" target=\"_self\" >An information system on the quality of air transport based on the following techniques Artificial Intelligence and oriented to the citizen<\/a><\/h4><\/div>\n<\/div>\n\n<\/li><\/ul><\/div>\n\n\n\n<h2 class=\"wp-block-heading\">Technology transfer<\/h2>\n\n\n\n<div class=\"wp-block-query is-layout-flow wp-block-query-is-layout-flow\"><ul class=\"wp-block-post-template is-layout-flow wp-block-post-template-is-layout-flow\"><li class=\"wp-block-post post-925 post type-post status-publish format-standard has-post-thumbnail hentry category-technology-transfer\">\n\n<div class=\"wp-block-columns is-layout-flex wp-container-core-columns-is-layout-9d6595d7 wp-block-columns-is-layout-flex\">\n<div class=\"wp-block-column is-vertically-aligned-center is-layout-flow wp-block-column-is-layout-flow\" style=\"flex-basis:25%\"><figure style=\"width:154px;height:150px;\" class=\"wp-block-post-featured-image\"><img loading=\"lazy\" decoding=\"async\" width=\"212\" height=\"237\" src=\"https:\/\/blog.uclm.es\/gruposmile\/wp-content\/uploads\/sites\/169\/2019\/07\/zowi.jpeg\" class=\"attachment-post-thumbnail size-post-thumbnail wp-post-image\" alt=\"\" style=\"height:150px;object-fit:contain;\" \/><span class=\"wp-block-post-featured-image__overlay has-background-dim has-background-dim-20\" style=\"\" aria-hidden=\"true\"><\/span><\/figure><\/div>\n\n\n\n<div class=\"wp-block-column is-vertically-aligned-top is-layout-flow wp-block-column-is-layout-flow\" style=\"flex-basis:75%\">\n<div class=\"wp-block-group\"><div class=\"wp-block-group__inner-container is-layout-constrained wp-block-group-is-layout-constrained\"><h4 class=\"wp-block-post-title\">BOTBLOQ: Integral system for the design, manufacture and programming of DIY robots<\/h4>\n\n<div class=\"entry-content wp-block-post-content has-small-font-size is-layout-flow wp-block-post-content-is-layout-flow\">\n<p>Tutor for programming robots<\/p>\n<\/div><\/div><\/div>\n<\/div>\n<\/div>\n\n<\/li><li class=\"wp-block-post post-928 post type-post status-publish format-standard has-post-thumbnail hentry category-technology-transfer\">\n\n<div class=\"wp-block-columns is-layout-flex wp-container-core-columns-is-layout-9d6595d7 wp-block-columns-is-layout-flex\">\n<div class=\"wp-block-column is-vertically-aligned-center is-layout-flow wp-block-column-is-layout-flow\" style=\"flex-basis:25%\"><figure style=\"width:154px;height:150px;\" class=\"wp-block-post-featured-image\"><img loading=\"lazy\" decoding=\"async\" width=\"640\" height=\"320\" src=\"https:\/\/blog.uclm.es\/gruposmile\/wp-content\/uploads\/sites\/169\/2019\/07\/book-2943383_640.png\" class=\"attachment-post-thumbnail size-post-thumbnail wp-post-image\" alt=\"\" style=\"height:150px;object-fit:contain;\" srcset=\"https:\/\/blog.uclm.es\/gruposmile\/wp-content\/uploads\/sites\/169\/2019\/07\/book-2943383_640.png 640w, https:\/\/blog.uclm.es\/gruposmile\/wp-content\/uploads\/sites\/169\/2019\/07\/book-2943383_640-300x150.png 300w\" sizes=\"auto, (max-width: 640px) 100vw, 640px\" \/><span class=\"wp-block-post-featured-image__overlay has-background-dim has-background-dim-20\" style=\"\" aria-hidden=\"true\"><\/span><\/figure><\/div>\n\n\n\n<div class=\"wp-block-column is-vertically-aligned-top is-layout-flow wp-block-column-is-layout-flow\" style=\"flex-basis:75%\">\n<div class=\"wp-block-group\"><div class=\"wp-block-group__inner-container is-layout-constrained wp-block-group-is-layout-constrained\"><h4 class=\"wp-block-post-title\">Applications of fuzzy logic within the text field<\/h4>\n\n<div class=\"entry-content wp-block-post-content has-small-font-size is-layout-flow wp-block-post-content-is-layout-flow\">\n<p>Semantic document classification\/clustering<\/p>\n<\/div><\/div><\/div>\n<\/div>\n<\/div>\n\n<\/li><li class=\"wp-block-post post-930 post type-post status-publish format-standard has-post-thumbnail hentry category-technology-transfer\">\n\n<div class=\"wp-block-columns is-layout-flex wp-container-core-columns-is-layout-9d6595d7 wp-block-columns-is-layout-flex\">\n<div class=\"wp-block-column is-vertically-aligned-center is-layout-flow wp-block-column-is-layout-flow\" style=\"flex-basis:25%\"><figure style=\"width:154px;height:150px;\" class=\"wp-block-post-featured-image\"><img loading=\"lazy\" decoding=\"async\" width=\"640\" height=\"396\" src=\"https:\/\/blog.uclm.es\/gruposmile\/wp-content\/uploads\/sites\/169\/2019\/07\/mindmap-4324289_640.jpg\" class=\"attachment-post-thumbnail size-post-thumbnail wp-post-image\" alt=\"\" style=\"height:150px;object-fit:contain;\" srcset=\"https:\/\/blog.uclm.es\/gruposmile\/wp-content\/uploads\/sites\/169\/2019\/07\/mindmap-4324289_640.jpg 640w, https:\/\/blog.uclm.es\/gruposmile\/wp-content\/uploads\/sites\/169\/2019\/07\/mindmap-4324289_640-300x186.jpg 300w\" sizes=\"auto, (max-width: 640px) 100vw, 640px\" \/><span class=\"wp-block-post-featured-image__overlay has-background-dim has-background-dim-20\" style=\"\" aria-hidden=\"true\"><\/span><\/figure><\/div>\n\n\n\n<div class=\"wp-block-column is-vertically-aligned-top is-layout-flow wp-block-column-is-layout-flow\" style=\"flex-basis:75%\">\n<div class=\"wp-block-group\"><div class=\"wp-block-group__inner-container is-layout-constrained wp-block-group-is-layout-constrained\"><h4 class=\"wp-block-post-title\">FOG-Generation of Fuzzy Ontologies<\/h4>\n\n<div class=\"entry-content wp-block-post-content has-small-font-size is-layout-flow wp-block-post-content-is-layout-flow\">\n<p>Semantic web<\/p>\n<\/div><\/div><\/div>\n<\/div>\n<\/div>\n\n<\/li><li class=\"wp-block-post post-932 post type-post status-publish format-standard has-post-thumbnail hentry category-technology-transfer\">\n\n<div class=\"wp-block-columns is-layout-flex wp-container-core-columns-is-layout-9d6595d7 wp-block-columns-is-layout-flex\">\n<div class=\"wp-block-column is-vertically-aligned-center is-layout-flow wp-block-column-is-layout-flow\" style=\"flex-basis:25%\"><figure style=\"width:154px;height:150px;\" class=\"wp-block-post-featured-image\"><img loading=\"lazy\" decoding=\"async\" width=\"640\" height=\"371\" src=\"https:\/\/blog.uclm.es\/gruposmile\/wp-content\/uploads\/sites\/169\/2019\/07\/seo-3910506_640.jpg\" class=\"attachment-post-thumbnail size-post-thumbnail wp-post-image\" alt=\"\" style=\"height:150px;object-fit:contain;\" srcset=\"https:\/\/blog.uclm.es\/gruposmile\/wp-content\/uploads\/sites\/169\/2019\/07\/seo-3910506_640.jpg 640w, https:\/\/blog.uclm.es\/gruposmile\/wp-content\/uploads\/sites\/169\/2019\/07\/seo-3910506_640-300x174.jpg 300w\" sizes=\"auto, (max-width: 640px) 100vw, 640px\" \/><span class=\"wp-block-post-featured-image__overlay has-background-dim has-background-dim-20\" style=\"\" aria-hidden=\"true\"><\/span><\/figure><\/div>\n\n\n\n<div class=\"wp-block-column is-vertically-aligned-top is-layout-flow wp-block-column-is-layout-flow\" style=\"flex-basis:75%\">\n<div class=\"wp-block-group\"><div class=\"wp-block-group__inner-container is-layout-constrained wp-block-group-is-layout-constrained\"><h4 class=\"wp-block-post-title\">BUDI-Information fuzzy search<\/h4>\n\n<div class=\"entry-content wp-block-post-content has-small-font-size is-layout-flow wp-block-post-content-is-layout-flow\">\n<p>Semantic meta-searcher<\/p>\n<\/div><\/div><\/div>\n<\/div>\n<\/div>\n\n<\/li><\/ul><\/div>\n","protected":false},"excerpt":{"rendered":"<p>Technology transfer<\/p>\n","protected":false},"author":229,"featured_media":0,"parent":0,"menu_order":0,"comment_status":"closed","ping_status":"closed","template":"","meta":{"footnotes":""},"class_list":["post-26","page","type-page","status-publish","hentry"],"_links":{"self":[{"href":"https:\/\/blog.uclm.es\/gruposmile\/wp-json\/wp\/v2\/pages\/26","targetHints":{"allow":["GET"]}}],"collection":[{"href":"https:\/\/blog.uclm.es\/gruposmile\/wp-json\/wp\/v2\/pages"}],"about":[{"href":"https:\/\/blog.uclm.es\/gruposmile\/wp-json\/wp\/v2\/types\/page"}],"author":[{"embeddable":true,"href":"https:\/\/blog.uclm.es\/gruposmile\/wp-json\/wp\/v2\/users\/229"}],"replies":[{"embeddable":true,"href":"https:\/\/blog.uclm.es\/gruposmile\/wp-json\/wp\/v2\/comments?post=26"}],"version-history":[{"count":52,"href":"https:\/\/blog.uclm.es\/gruposmile\/wp-json\/wp\/v2\/pages\/26\/revisions"}],"predecessor-version":[{"id":980,"href":"https:\/\/blog.uclm.es\/gruposmile\/wp-json\/wp\/v2\/pages\/26\/revisions\/980"}],"wp:attachment":[{"href":"https:\/\/blog.uclm.es\/gruposmile\/wp-json\/wp\/v2\/media?parent=26"}],"curies":[{"name":"wp","href":"https:\/\/api.w.org\/{rel}","templated":true}]}}