{"id":84,"date":"2016-12-20T12:15:52","date_gmt":"2016-12-20T11:15:52","guid":{"rendered":"http:\/\/blog.uclm.es\/gruposes\/?page_id=84"},"modified":"2016-12-20T12:15:52","modified_gmt":"2016-12-20T11:15:52","slug":"books-chapters","status":"publish","type":"page","link":"https:\/\/blog.uclm.es\/gruposes\/books-chapters\/","title":{"rendered":"books &amp; chapters"},"content":{"rendered":"<ul>\n<li style=\"text-align: justify\">CALLEJAS ALBI\u00d1ANA, F.; MART\u00cdNEZ RODR\u00cdGUEZ, I.; TARANC\u00d3N MOR\u00c1N, M. A. (2015) \u201cNormative vs Positive Fiscal Policies: An International Analysis on Their Contribution to Economic Growth\u201d, en D\u00cdAZ-ROLD\u00c1N, C.; PEROTE, J. (eds.) (2015) Advances on International Economics. Cambridge Scholars Publishing, United Kingdom.<\/li>\n<li style=\"text-align: justify\">DEL R\u00cdO GONZ\u00c1LEZ, P.; TARANC\u00d3N MOR\u00c1N; M. A.; PE\u00d1ASCO PAT\u00d3N, C. \u201cAn Analytical Framework to Assess the Interactions between CO2 Mitigation Instruments in the Transport Sector\u201d, en MOLINELLI, F. E.; PACCAGNELLA, L. S. (eds.) (2012) Economics of Regulation and Outsourcing. Nova Science Publishers, New York, U.S.<\/li>\n<li style=\"text-align: justify\">TARANC\u00d3N MOR\u00c1N; M. A.; DEL R\u00cdO GONZ\u00c1LEZ (2011) \u201cNAMEA and the input-output framework: sensitivity of environmental variables to changes in the production structure\u201d, en COSTANTINI, V.; MAZZANTI, M.; MONTINI, A. (ed.) (2011) Hybrid Economic-Environmental Accounts. Routledge Studies in Ecological Economics, Routledge, United Kingdom.<\/li>\n<li style=\"text-align: justify\">DEL R\u00cdO GONZ\u00c1LEZ, P.; TARANC\u00d3N MOR\u00c1N; M. A. (2011) \u201cClean Electricity in a Low-Carbon Context: Assessing the Current Situation in Europe\u201d, en HARRIS, A. M. (ed.) (2011) Clean Energy: Resources, Production and Developments. Nova Science Publishers, New York, U.S.<\/li>\n<li style=\"text-align: justify\">RAMOS CARVAJAL, C.; TARANC\u00d3N MOR\u00c1N; M. A. (2011) \u201cAn\u00e1lisis de la situaci\u00f3n ambiental en Europa como estrategia de cooperaci\u00f3n\u201d, en CHANTAL, E.; AROCHE REYES, F. (eds.) (2011) Cooperaci\u00f3n en Ciencia y Tecnolog\u00eda en Am\u00e9rica del Norte y Europa, Universidad Nacional Aut\u00f3noma de M\u00e9xico, M\u00e9xico D. F.<\/li>\n<li style=\"text-align: justify\">RUIZ-FUENSANTA, M. J.; SOLER MARCO, V. (2011) \u201cGrowth patterns and spatial dynamics of population and employment in local labour markets: an analysis for Spain\u201d, en Galindo, M.A. y Nardi, C. (eds.) (2011) Public Finance: Lessons from the Past and Effects on the Future. Nova Science Publishers, New York, U.S.<\/li>\n<li style=\"text-align: justify\">DEL R\u00cdO GONZ\u00c1LEZ, P.; TARANC\u00d3N MOR\u00c1N; M. A. (2009) \u201cIdentifying the Sources of Energy Consumption and CO2 Emissions in the Transport Sector. An Empirical Analysis of the Spanish Case\u201d, en JACOBS, N. B. (ed.) (2009) Energy Policy: Economic Effects, Security Aspects and Environmental Issues. Nova Science Publishers, New York, U.S.<\/li>\n<li style=\"text-align: justify\">RUIZ-FUENSANTA, M. J. (2009). Distritos Industriales y Desarrollo Local: un an\u00e1lisis aplicado a Castilla-La Mancha. Thomson-Civitas. Espa\u00f1a.<\/li>\n<li style=\"text-align: justify\">TARANC\u00d3N MOR\u00c1N; M. A. (2007) \u201cEmisiones de Co2 en Andaluc\u00eda: identificaci\u00f3n de los sectores productivos estructuralmente contaminantes\u201d, en INSTITUTO DE ESTAD\u00cdSTICA DE ANDALUC\u00cdA (2007) Marco Input-Output de Andaluc\u00eda 2000. An\u00e1lisis de Resultados. Editado por el I.E.A. Sevilla, Espa\u00f1a.<\/li>\n<li style=\"text-align: justify\">TARANC\u00d3N MOR\u00c1N, M. A., V\u00c1ZQUEZ MU\u00d1IZ, A. M. (2004) \u201cAn\u00e1lisis de Sensibilidad y Programaci\u00f3n Matem\u00e1tica\u201d, en RAMOS CARVAJAL, C., TARANC\u00d3N MOR\u00c1N, M. A. (Coords.) (2004) Estructura Input-Output y Din\u00e1mica Econ\u00f3mica, Editorial ECU. Alicante, Espa\u00f1a.<\/li>\n<\/ul>\n","protected":false},"excerpt":{"rendered":"<p>CALLEJAS ALBI\u00d1ANA, F.; MART\u00cdNEZ RODR\u00cdGUEZ, I.; TARANC\u00d3N MOR\u00c1N, M. A. (2015) \u201cNormative vs Positive Fiscal Policies: An International Analysis on Their Contribution to Economic Growth\u201d, en D\u00cdAZ-ROLD\u00c1N, C.; PEROTE, J. (eds.) (2015) Advances on International Economics. Cambridge Scholars Publishing, United Kingdom. DEL R\u00cdO GONZ\u00c1LEZ, P.; TARANC\u00d3N MOR\u00c1N; M. A.; PE\u00d1ASCO PAT\u00d3N, C. \u201cAn Analytical Framework &hellip; <\/p>\n<p class=\"link-more\"><a href=\"https:\/\/blog.uclm.es\/gruposes\/books-chapters\/\" class=\"more-link\">Continuar leyendo<span class=\"screen-reader-text\"> \u00abbooks &amp; chapters\u00bb<\/span><\/a><\/p>\n","protected":false},"author":78,"featured_media":0,"parent":0,"menu_order":0,"comment_status":"closed","ping_status":"closed","template":"sidebar-page.php","meta":{"footnotes":""},"class_list":["post-84","page","type-page","status-publish","hentry"],"_links":{"self":[{"href":"https:\/\/blog.uclm.es\/gruposes\/wp-json\/wp\/v2\/pages\/84","targetHints":{"allow":["GET"]}}],"collection":[{"href":"https:\/\/blog.uclm.es\/gruposes\/wp-json\/wp\/v2\/pages"}],"about":[{"href":"https:\/\/blog.uclm.es\/gruposes\/wp-json\/wp\/v2\/types\/page"}],"author":[{"embeddable":true,"href":"https:\/\/blog.uclm.es\/gruposes\/wp-json\/wp\/v2\/users\/78"}],"replies":[{"embeddable":true,"href":"https:\/\/blog.uclm.es\/gruposes\/wp-json\/wp\/v2\/comments?post=84"}],"version-history":[{"count":0,"href":"https:\/\/blog.uclm.es\/gruposes\/wp-json\/wp\/v2\/pages\/84\/revisions"}],"wp:attachment":[{"href":"https:\/\/blog.uclm.es\/gruposes\/wp-json\/wp\/v2\/media?parent=84"}],"curies":[{"name":"wp","href":"https:\/\/api.w.org\/{rel}","templated":true}]}}