{"id":80,"date":"2016-12-20T12:13:39","date_gmt":"2016-12-20T11:13:39","guid":{"rendered":"http:\/\/blog.uclm.es\/gruposes\/?page_id=80"},"modified":"2016-12-20T12:13:39","modified_gmt":"2016-12-20T11:13:39","slug":"papers-published-in-scientific-journals","status":"publish","type":"page","link":"https:\/\/blog.uclm.es\/gruposes\/papers-published-in-scientific-journals\/","title":{"rendered":"publication in scientific journals"},"content":{"rendered":"<ul>\n<li style=\"list-style-type: none\">\n<ul>\n<li style=\"text-align: justify\">GUTI\u00c9RREZ PEDRERO, M. J.; RUIZ FUENSANTA, M. J.; TARANC\u00d3N MOR\u00c1N, M. A. (2020) \u201cRegional Factors Driving the Deployment of Wind Energy in Spain.\u00bb Energies, vol. 13: 3590. MDPI.<\/li>\n<\/ul>\n<\/li>\n<li style=\"list-style-type: none\">&nbsp;\n<ul>\n<li style=\"text-align: justify\">QUINTANA ROJO, C.; CALLEJAS ALBI\u00d1ANA, F.; TARANC\u00d3N MOR\u00c1N, M. A.; MART\u00cdNEZ RODR\u00cdGUEZ, I. (2020) \u201cEconometric Studies on the Development of Renewable Energy Sources to Support the European Union 2020\u20132030 Climate and Energy Framework: A Critical Appraisal.\u00bb Sustainability, vol. 12 (12): 4828. MDPI.<\/li>\n<\/ul>\n<\/li>\n<li style=\"list-style-type: none\">&nbsp;\n<ul>\n<li style=\"text-align: justify\">QUINTANA ROJO, C.; CALLEJAS ALBI\u00d1ANA, F.; TARANC\u00d3N MOR\u00c1N, M. A.; DEL R\u00cdO GONZ\u00c1LEZ, P. (2020) \u201cAssessing the feasibility of deployment policies in wind energy systems. A sensitivity analysis on a multiequational econometric framework.\u201d Energy Economics, vol. 86: 104688. Elsevier.<\/li>\n<\/ul>\n<\/li>\n<\/ul>\n<ul>\n<li style=\"list-style-type: none\">\n<ul>\n<li style=\"text-align: justify\">RUIZ FUENSANTA, M. J. (2019) \u201cEntrepreneurship dynamics and economic cycles: an analysis for local systems and industrial districts.\u00bb European Planning Studies, vol. 11 (21): 5937. MDPI.<\/li>\n<\/ul>\n<\/li>\n<\/ul>\n<ul>\n<li style=\"list-style-type: none\">\n<ul>\n<li style=\"text-align: justify\">RUIZ FUENSANTA, M. J.; GUTI\u00c9RREZ PEDRERO, M. J.; TARANC\u00d3N MOR\u00c1N, M. A. (2019) \u201cThe Role of Regional Determinants in the Deployment of Renewable Energy in Farms. The Case of Spain.\u00bb Sustainability, vol. 27 (9): 1-21. Taylor &amp; Francis Group.<\/li>\n<\/ul>\n<\/li>\n<\/ul>\n<ul>\n<li style=\"list-style-type: none\">\n<ul>\n<li style=\"text-align: justify\">QUINTANA ROJO, C.; CALLEJAS ALBI\u00d1ANA, F.; TARANC\u00d3N MOR\u00c1N, M. A.; DEL R\u00cdO GONZ\u00c1LEZ, P. (2019) \u201cIdentifying the Drivers of Wind Capacity Additions: The Case of Spain. A Multiequational Approach.\u00bb Energies, vol. 12 (10): 1944. MDPI.<\/li>\n<\/ul>\n<\/li>\n<\/ul>\n<ul>\n<li style=\"list-style-type: none\">\n<ul>\n<li style=\"text-align: justify\">TARANC\u00d3N MOR\u00c1N, M. A.; GUTI\u00c9RREZ PEDRERO, M. J.; CALLEJAS ALBI\u00d1ANA, F.; MART\u00cdNEZ RODR\u00cdGUEZ, I. (2018) \u201cVerifying the relation between Labor Productivity and Productive Efficiency by means of the properties of the Input-Output matrices. The European case.\u201d International Journal of Production Economics, vol. 195: 54-65. Elsevier.<\/li>\n<\/ul>\n<\/li>\n<\/ul>\n<ul>\n<li style=\"list-style-type: none\">\n<ul>\n<li style=\"text-align: justify\">GUTI\u00c9RREZ PEDRERO, M. J.; TARANC\u00d3N MOR\u00c1N, M. A.; DEL R\u00cdO GONZ\u00c1LEZ, P.; ALC\u00c1NTARA ESCOLANO, V. (2018) \u201cAnalysing the drivers of the intensity of electricity consumption of non-residential sectors in Europe.\u201d Applied Energy, vol. 211: 743-754. Elsevier.<\/li>\n<\/ul>\n<\/li>\n<\/ul>\n<ul>\n<li style=\"list-style-type: none\">\n<ul>\n<li style=\"text-align: justify\">PAT\u00d3N GARC\u00cdA, G. (2017) \u00abEl <a href=\"http:\/\/www.actualidadjuridicaambiental.com\/wp-content\/uploads\/2017\/12\/2017_12_18_Paton_Autoconsumo-electrico.pdf\" target=\"_blank\" rel=\"noopener noreferrer\">Derecho de Autoconsumo el\u00e9ctrico versus el &#8216;Impuesto al Sol&#8217;: comentarios a la sentencia del Tribunal Supremo de 13 de octubre de 2017.<\/a>\u00bb Actualidad Jur\u00eddica Ambiental, vol. 74: 1-14. Centro Internacional de Estudios de Derecho Ambiental (CIEDA-CIEMAT).<\/li>\n<\/ul>\n<\/li>\n<\/ul>\n<ul>\n<li style=\"list-style-type: none\">\n<ul>\n<li style=\"text-align: justify\">GUTI\u00c9RREZ PEDRERO, M. J.; TARANC\u00d3N MOR\u00c1N, M. A. (2017) \u201cEvaluaci\u00f3n del nivel de eficiencia productiva de los pa\u00edses de la UE: un enfoque intersectorial.\u201d Revista de Econom\u00eda Mundial, vol. 45. UHU.<\/li>\n<\/ul>\n<\/li>\n<\/ul>\n<ul>\n<li style=\"list-style-type: none\">\n<ul>\n<li style=\"text-align: justify\">RUIZ-FUENSANTA, M. J. (2016) \u201cThe region matters: A comparative analysis of regional energy efficiency in Spain.\u201d Energy, vol. 101: 325-331. Elsevier.<\/li>\n<\/ul>\n<\/li>\n<\/ul>\n<ul>\n<li style=\"list-style-type: none\">\n<ul>\n<li style=\"text-align: justify\">RUIZ FUENSANTA, M. J.; HERN\u00c1NDEZ-SANCHO, F; SOLER-MARCO, V. (2015) \u201cIn vino veritas: competitive factors in wine-producing industrial districts.\u201d Investigaciones Regionales, vol. 32: 149-164. Elsevier.<\/li>\n<\/ul>\n<\/li>\n<\/ul>\n<ul>\n<li style=\"list-style-type: none\">\n<ul>\n<li style=\"text-align: justify\">DEL R\u00cdO GONZ\u00c1LEZ, P.; TARANC\u00d3N MOR\u00c1N, M. A.; PE\u00d1ASCO PAT\u00d3N, C. (2014) \u201cThe determinants of support levels for wind energy in the European Union. An econometric study.\u201d Mitigation and Adaptation Strategies for Global Change, vol. 19 (4): 391-410. Springer.<\/li>\n<\/ul>\n<\/li>\n<\/ul>\n<ul>\n<li style=\"list-style-type: none\">\n<ul>\n<li style=\"text-align: justify\">ALC\u00c1NTARA ESCOLANO, V.; TARANC\u00d3N MOR\u00c1N, M. A.; DEL R\u00cdO GONZ\u00c1LEZ, P. (2013) \u201cAssessing the technological responsibility of productive structures in electricity consumption.\u201d Energy Economics, vol. 40: 457-467. Elsevier.<\/li>\n<\/ul>\n<\/li>\n<\/ul>\n<ul>\n<li style=\"list-style-type: none\">\n<ul>\n<li style=\"text-align: justify\">DEL R\u00cdO GONZ\u00c1LEZ, P.; TARANC\u00d3N MOR\u00c1N, M. A. (2012) \u201cAnalysing the determinants of on-shore wind capacity additions in the EU. An econometric study.\u201d Applied Energy, vol. 95: 12-21. Elsevier.<\/li>\n<\/ul>\n<\/li>\n<\/ul>\n<ul>\n<li style=\"list-style-type: none\">\n<ul>\n<li style=\"text-align: justify\">TARANC\u00d3N MOR\u00c1N, M. A., DEL R\u00cdO GONZ\u00c1LEZ, P. (2012) \u201cAssessing energy-related CO2 emissions with sensitivity analysis and input-output techniques.\u201d Energy, vol. 37 (1): 161-170. Elsevier.<\/li>\n<\/ul>\n<\/li>\n<\/ul>\n<ul>\n<li style=\"list-style-type: none\">\n<ul>\n<li style=\"text-align: justify\">DEL R\u00cdO GONZ\u00c1LEZ, P.; TARANC\u00d3N MOR\u00c1N, M. A.; CALLEJAS ALBI\u00d1ANA, F. (2011) \u201cAnalysing the determinants of environmental technology investments. A panel data study of Spanish industrial sectors.\u201d Journal of Cleaner Production, vol. 19 (11): 1170-1179. Elsevier.<\/li>\n<\/ul>\n<\/li>\n<\/ul>\n<ul>\n<li style=\"list-style-type: none\">\n<ul>\n<li style=\"text-align: justify\">TARANC\u00d3N MOR\u00c1N, M. A., DEL R\u00cdO GONZ\u00c1LEZ, P.; CALLEJAS ALBI\u00d1ANA, F. (2011) \u201cDetermining the responsibility of manufacturing sectors regarding electricity consumption. The Spanish case.\u201d Energy, vol. 36 (1): 46-52. Elsevier.<\/li>\n<\/ul>\n<\/li>\n<\/ul>\n<ul>\n<li style=\"list-style-type: none\">\n<ul>\n<li style=\"text-align: justify\">BELLANDI, M.; RUIZ-FUENSANTA, M. J. (2010). \u201cAn empirical analysis of district external economies based on a structure-conduct-performance framework.\u201d Papers in Regional Science, vol. 89 (4):801-818. Wiley.<\/li>\n<\/ul>\n<\/li>\n<\/ul>\n<ul>\n<li style=\"list-style-type: none\">\n<ul>\n<li style=\"text-align: justify\">RUIZ-FUENSANTA, M. J. (2010) \u201cAn\u00e1lisis del impacto de la I+D p\u00fablica sobre la intensidad energ\u00e9tica\u201d CLM-Econom\u00eda, vol. 16: 381-399.<\/li>\n<\/ul>\n<\/li>\n<\/ul>\n<ul>\n<li style=\"list-style-type: none\">\n<ul>\n<li style=\"text-align: justify\">RUIZ-FUENSANTA, M. J. (2010) \u201cInfluencia de las econom\u00edas externas de distrito sobre la productividad empresarial: un enfoque multinivel.\u201d Investigaciones Regionales, vol. 18: 61-82. Elsevier.<\/li>\n<\/ul>\n<\/li>\n<\/ul>\n<ul>\n<li style=\"list-style-type: none\">\n<ul>\n<li style=\"text-align: justify\">TARANC\u00d3N MOR\u00c1N, M. A., DEL R\u00cdO GONZ\u00c1LEZ, P.; CALLEJAS ALBI\u00d1ANA, F. (2010) \u201cAssessing the influence of manufacturing sectors on electricity demand. A cross-country input-output approach.\u201d Energy Policy, vol. 38 (4): 1900-1908. Elsevier.<\/li>\n<\/ul>\n<\/li>\n<\/ul>\n<ul>\n<li style=\"list-style-type: none\">\n<ul>\n<li style=\"text-align: justify\">TARANC\u00d3N MOR\u00c1N, M. A., DEL R\u00cdO GONZ\u00c1LEZ, P.; CALLEJAS ALBI\u00d1ANA, F. (2008) \u201cTracking the genealogy of CO2 emissions in the electricity sector. An intersectoral approach applied to the Spanish case.\u201d Energy Policy, vol. 36 (6): 1915-1926. Elsevier.<\/li>\n<\/ul>\n<\/li>\n<\/ul>\n<ul>\n<li style=\"list-style-type: none\">\n<ul>\n<li style=\"text-align: justify\">TARANC\u00d3N MOR\u00c1N, M. A., CALLEJAS ALBI\u00d1ANA, F., DIETZENBACHER, E.; LAHR, M. L. (2008) \u201cA Revision of the Tolerable Limits Approach: Searching for the Important Coefficients.\u201d Economic Systems Research, vol. 20 (1). International Input-Output Association. Routledge.<\/li>\n<\/ul>\n<\/li>\n<\/ul>\n<ul>\n<li style=\"list-style-type: none\">\n<ul>\n<li style=\"text-align: justify\">TARANC\u00d3N MOR\u00c1N, M. A., DEL R\u00cdO GONZ\u00c1LEZ, P. (2007) \u201cStructural Factors affecting land-transport CO2 emissions: a European comparison.\u201d Transportation Research Part D: Transport and Environment, vol. 12 (4). Elsevier.<\/li>\n<\/ul>\n<\/li>\n<\/ul>\n<ul>\n<li style=\"list-style-type: none\">\n<ul>\n<li style=\"text-align: justify\">TARANC\u00d3N MOR\u00c1N, M. A., DEL R\u00cdO GONZ\u00c1LEZ, P. (2007) \u201cA combined input-output and sensitivity analysis approach to analyse sector linkages and CO2 emissions.\u201d Energy Economics, vol. 29 (3). Elsevier.<\/li>\n<\/ul>\n<\/li>\n<\/ul>\n<ul>\n<li style=\"list-style-type: none\">\n<ul>\n<li style=\"text-align: justify\">TARANC\u00d3N MOR\u00c1N, M. A., DEL R\u00cdO GONZ\u00c1LEZ, P. (2007) \u201cCO2 emissions and intersectoral linkages. The case of Spain.\u201d Energy Policy, vol. 35 (2): 1100-1116. Elsevier.<\/li>\n<\/ul>\n<\/li>\n<\/ul>\n<ul>\n<li style=\"list-style-type: none\">\n<ul>\n<li style=\"text-align: justify\">DEL R\u00cdO GONZ\u00c1LEZ, P., TARANC\u00d3N MOR\u00c1N, M. A. (2005) \u201cA Multinomial Logit model of the factors influencing the adoption of environmental technologies in the pulp and Paper Sector in Spain.\u201d International Journal of Environmental Technology and Management, vol 5 (4). Inderscience Publishers.<\/li>\n<\/ul>\n<\/li>\n<\/ul>\n<ul>\n<li style=\"list-style-type: none\">\n<ul>\n<li style=\"text-align: justify\">TARANC\u00d3N MOR\u00c1N, M.A., DEL R\u00cdO GONZ\u00c1LEZ, P. (2005) \u201cProjection of Input-Output Tables by means of Mathematical Programming based on the Hypothesis of Stable Structural Evolution.\u201d Economic Systems Research, vol. 17 (1). International Input-Output Association. Routledge.<\/li>\n<\/ul>\n<\/li>\n<\/ul>\n<ul>\n<li style=\"list-style-type: none\">\n<ul>\n<li style=\"text-align: justify\">TARANC\u00d3N MOR\u00c1N, M.A. (2004) \u201cMedici\u00f3n de la Sensibilidad de la Estructura Productiva al Desarrollo Sostenible.\u201d Problemas del Desarrollo, Revista Latinoamericana de Econom\u00eda. Vol. 35 (139). Instituto de Investigaciones Econ\u00f3micas. UNAM. M\u00e9xico, D. F.<\/li>\n<\/ul>\n<\/li>\n<\/ul>\n<ul>\n<li style=\"list-style-type: none\">\n<ul>\n<li style=\"text-align: justify\">TARANC\u00d3N MOR\u00c1N, M.A., DEL R\u00cdO GONZ\u00c1LEZ, P. (2004) \u201cCambio Tecnol\u00f3gico y emisiones de CO2: An\u00e1lisis Input-Output y an\u00e1lisis de sensibilidad mediante programaci\u00f3n lineal.\u201d Estudios Econ\u00f3micos de Desarrollo Internacional, vol. 4 (1). Asociaci\u00f3n Euro-Americana de Estudios de Desarrollo Econ\u00f3mico. Mundi-Prensa, Madrid.<\/li>\n<\/ul>\n<\/li>\n<\/ul>\n<ul>\n<li style=\"list-style-type: none\">\n<ul>\n<li style=\"text-align: justify\">TARANC\u00d3N MOR\u00c1N, M.A. (2003) \u201cAjuste y proyecci\u00f3n de las tablas input-output en condiciones de coherencia estructural mediante optimizaci\u00f3n matem\u00e1tica.\u201d Revista de An\u00e1lisis Econ\u00f3mico, vol. 2 (2). ILADES \/ Georgetown University, Santiago de Chile.<\/li>\n<\/ul>\n<\/li>\n<\/ul>\n","protected":false},"excerpt":{"rendered":"<p>GUTI\u00c9RREZ PEDRERO, M. J.; RUIZ FUENSANTA, M. J.; TARANC\u00d3N MOR\u00c1N, M. A. (2020) \u201cRegional Factors Driving the Deployment of Wind Energy in Spain.\u00bb Energies, vol. 13: 3590. MDPI. &nbsp; QUINTANA ROJO, C.; CALLEJAS ALBI\u00d1ANA, F.; TARANC\u00d3N MOR\u00c1N, M. A.; MART\u00cdNEZ RODR\u00cdGUEZ, I. (2020) \u201cEconometric Studies on the Development of Renewable Energy Sources to Support the &hellip; <\/p>\n<p class=\"link-more\"><a href=\"https:\/\/blog.uclm.es\/gruposes\/papers-published-in-scientific-journals\/\" class=\"more-link\">Continuar leyendo<span class=\"screen-reader-text\"> \u00abpublication in scientific journals\u00bb<\/span><\/a><\/p>\n","protected":false},"author":78,"featured_media":0,"parent":0,"menu_order":0,"comment_status":"closed","ping_status":"closed","template":"","meta":{"footnotes":""},"class_list":["post-80","page","type-page","status-publish","hentry"],"_links":{"self":[{"href":"https:\/\/blog.uclm.es\/gruposes\/wp-json\/wp\/v2\/pages\/80","targetHints":{"allow":["GET"]}}],"collection":[{"href":"https:\/\/blog.uclm.es\/gruposes\/wp-json\/wp\/v2\/pages"}],"about":[{"href":"https:\/\/blog.uclm.es\/gruposes\/wp-json\/wp\/v2\/types\/page"}],"author":[{"embeddable":true,"href":"https:\/\/blog.uclm.es\/gruposes\/wp-json\/wp\/v2\/users\/78"}],"replies":[{"embeddable":true,"href":"https:\/\/blog.uclm.es\/gruposes\/wp-json\/wp\/v2\/comments?post=80"}],"version-history":[{"count":0,"href":"https:\/\/blog.uclm.es\/gruposes\/wp-json\/wp\/v2\/pages\/80\/revisions"}],"wp:attachment":[{"href":"https:\/\/blog.uclm.es\/gruposes\/wp-json\/wp\/v2\/media?parent=80"}],"curies":[{"name":"wp","href":"https:\/\/api.w.org\/{rel}","templated":true}]}}