{"id":22,"date":"2016-12-19T14:13:40","date_gmt":"2016-12-19T13:13:40","guid":{"rendered":"http:\/\/blog.uclm.es\/gruposes\/?page_id=22"},"modified":"2022-11-04T08:49:36","modified_gmt":"2022-11-04T08:49:36","slug":"research-team","status":"publish","type":"page","link":"https:\/\/blog.uclm.es\/gruposes\/research-team\/","title":{"rendered":"research team"},"content":{"rendered":"\n<h2 class=\"has-large-font-size wp-block-heading\">Researchers:<\/h2>\n\n\n\n<div class=\"wp-block-media-text alignwide is-stacked-on-mobile is-image-fill\"><figure class=\"wp-block-media-text__media\" style=\"background-image:url(https:\/\/blog.uclm.es\/gruposes\/wp-content\/uploads\/sites\/43\/2022\/08\/sin-titulo-0036-4.jpg);background-position:50% 50%\"><img loading=\"lazy\" decoding=\"async\" width=\"315\" height=\"315\" src=\"https:\/\/blog.uclm.es\/gruposes\/wp-content\/uploads\/sites\/43\/2022\/08\/sin-titulo-0036-4.jpg\" alt=\"\" class=\"wp-image-449 size-full\" srcset=\"https:\/\/blog.uclm.es\/gruposes\/wp-content\/uploads\/sites\/43\/2022\/08\/sin-titulo-0036-4.jpg 315w, https:\/\/blog.uclm.es\/gruposes\/wp-content\/uploads\/sites\/43\/2022\/08\/sin-titulo-0036-4-300x300.jpg 300w, https:\/\/blog.uclm.es\/gruposes\/wp-content\/uploads\/sites\/43\/2022\/08\/sin-titulo-0036-4-150x150.jpg 150w, https:\/\/blog.uclm.es\/gruposes\/wp-content\/uploads\/sites\/43\/2022\/08\/sin-titulo-0036-4-100x100.jpg 100w\" sizes=\"auto, (max-width: 315px) 100vw, 315px\" \/><\/figure><div class=\"wp-block-media-text__content\">\n<p class=\"has-medium-font-size\">Miguel \u00c1ngel Taranc\u00f3n Mor\u00e1n.<\/p>\n\n\n\n<p>Catedr\u00e1tico de Econom\u00eda Aplicada. UCLM.<\/p>\n\n\n\n<p>Coordinador.<\/p>\n<\/div><\/div>\n\n\n\n<div class=\"wp-block-media-text alignwide has-media-on-the-right is-stacked-on-mobile is-image-fill\"><figure class=\"wp-block-media-text__media\" style=\"background-image:url(https:\/\/blog.uclm.es\/gruposes\/wp-content\/uploads\/sites\/43\/2022\/08\/sin-titulo-.jpg);background-position:50% 50%\"><img loading=\"lazy\" decoding=\"async\" width=\"400\" height=\"400\" src=\"https:\/\/blog.uclm.es\/gruposes\/wp-content\/uploads\/sites\/43\/2022\/08\/sin-titulo-.jpg\" alt=\"\" class=\"wp-image-447 size-full\" srcset=\"https:\/\/blog.uclm.es\/gruposes\/wp-content\/uploads\/sites\/43\/2022\/08\/sin-titulo-.jpg 400w, https:\/\/blog.uclm.es\/gruposes\/wp-content\/uploads\/sites\/43\/2022\/08\/sin-titulo--300x300.jpg 300w, https:\/\/blog.uclm.es\/gruposes\/wp-content\/uploads\/sites\/43\/2022\/08\/sin-titulo--150x150.jpg 150w, https:\/\/blog.uclm.es\/gruposes\/wp-content\/uploads\/sites\/43\/2022\/08\/sin-titulo--100x100.jpg 100w\" sizes=\"auto, (max-width: 400px) 100vw, 400px\" \/><\/figure><div class=\"wp-block-media-text__content\">\n<p class=\"has-medium-font-size\">Fernando E. Callejas Albi\u00f1ana.<\/p>\n\n\n\n<p>Catedr\u00e1tico de Econom\u00eda Aplicada. UCLM.<\/p>\n<\/div><\/div>\n\n\n\n<div class=\"wp-block-media-text alignwide is-stacked-on-mobile is-image-fill\"><figure class=\"wp-block-media-text__media\" style=\"background-image:url(https:\/\/blog.uclm.es\/gruposes\/wp-content\/uploads\/sites\/43\/2016\/12\/IMG-20161219-WA0004-576x1024.jpg);background-position:51% 46%\"><img loading=\"lazy\" decoding=\"async\" width=\"576\" height=\"1024\" src=\"https:\/\/blog.uclm.es\/gruposes\/wp-content\/uploads\/sites\/43\/2016\/12\/IMG-20161219-WA0004-576x1024.jpg\" alt=\"\" class=\"wp-image-34 size-large\" srcset=\"https:\/\/blog.uclm.es\/gruposes\/wp-content\/uploads\/sites\/43\/2016\/12\/IMG-20161219-WA0004-576x1024.jpg 576w, https:\/\/blog.uclm.es\/gruposes\/wp-content\/uploads\/sites\/43\/2016\/12\/IMG-20161219-WA0004-169x300.jpg 169w, https:\/\/blog.uclm.es\/gruposes\/wp-content\/uploads\/sites\/43\/2016\/12\/IMG-20161219-WA0004.jpg 720w\" sizes=\"auto, (max-width: 576px) 100vw, 576px\" \/><\/figure><div class=\"wp-block-media-text__content\">\n<p class=\"has-medium-font-size\">Mar\u00eda Jes\u00fas Ruiz Fuensanta.<\/p>\n\n\n\n<p>Profesora Titular de Econom\u00eda Aplicada. UCLM.<\/p>\n\n\n\n<p><\/p>\n<\/div><\/div>\n\n\n\n<div class=\"wp-block-media-text alignwide has-media-on-the-right is-stacked-on-mobile is-image-fill\"><figure class=\"wp-block-media-text__media\" style=\"background-image:url(https:\/\/blog.uclm.es\/gruposes\/wp-content\/uploads\/sites\/43\/2018\/09\/MJGP.jpg);background-position:50% 50%\"><img loading=\"lazy\" decoding=\"async\" width=\"433\" height=\"434\" src=\"https:\/\/blog.uclm.es\/gruposes\/wp-content\/uploads\/sites\/43\/2018\/09\/MJGP.jpg\" alt=\"\" class=\"wp-image-316 size-full\" srcset=\"https:\/\/blog.uclm.es\/gruposes\/wp-content\/uploads\/sites\/43\/2018\/09\/MJGP.jpg 433w, https:\/\/blog.uclm.es\/gruposes\/wp-content\/uploads\/sites\/43\/2018\/09\/MJGP-300x300.jpg 300w, https:\/\/blog.uclm.es\/gruposes\/wp-content\/uploads\/sites\/43\/2018\/09\/MJGP-150x150.jpg 150w, https:\/\/blog.uclm.es\/gruposes\/wp-content\/uploads\/sites\/43\/2018\/09\/MJGP-100x100.jpg 100w\" sizes=\"auto, (max-width: 433px) 100vw, 433px\" \/><\/figure><div class=\"wp-block-media-text__content\">\n<p class=\"has-medium-font-size\">Mar\u00eda Jes\u00fas Guti\u00e9rrez Pedrero.<\/p>\n\n\n\n<p>Profesora Contratada Doctora Interina. UCLM.<\/p>\n<\/div><\/div>\n\n\n\n<div class=\"wp-block-media-text alignwide is-stacked-on-mobile is-image-fill\"><figure class=\"wp-block-media-text__media\" style=\"background-image:url(https:\/\/blog.uclm.es\/gruposes\/wp-content\/uploads\/sites\/43\/2016\/12\/20160525_140015-801x1024.jpg);background-position:50% 50%\"><img loading=\"lazy\" decoding=\"async\" width=\"801\" height=\"1024\" src=\"https:\/\/blog.uclm.es\/gruposes\/wp-content\/uploads\/sites\/43\/2016\/12\/20160525_140015-801x1024.jpg\" alt=\"\" class=\"wp-image-46 size-large\" srcset=\"https:\/\/blog.uclm.es\/gruposes\/wp-content\/uploads\/sites\/43\/2016\/12\/20160525_140015-801x1024.jpg 801w, https:\/\/blog.uclm.es\/gruposes\/wp-content\/uploads\/sites\/43\/2016\/12\/20160525_140015-235x300.jpg 235w, https:\/\/blog.uclm.es\/gruposes\/wp-content\/uploads\/sites\/43\/2016\/12\/20160525_140015-768x982.jpg 768w, https:\/\/blog.uclm.es\/gruposes\/wp-content\/uploads\/sites\/43\/2016\/12\/20160525_140015.jpg 1196w\" sizes=\"auto, (max-width: 767px) 89vw, (max-width: 1000px) 54vw, (max-width: 1071px) 543px, 580px\" \/><\/figure><div class=\"wp-block-media-text__content\">\n<p class=\"has-medium-font-size\">Isabel Mart\u00ednez Rodr\u00edguez.<\/p>\n\n\n\n<p>Profesora Contratada Doctora Interina. UCLM.<\/p>\n\n\n\n<p><\/p>\n<\/div><\/div>\n\n\n\n<div class=\"wp-block-media-text alignwide has-media-on-the-right is-stacked-on-mobile is-image-fill\"><figure class=\"wp-block-media-text__media\" style=\"background-image:url(https:\/\/blog.uclm.es\/gruposes\/wp-content\/uploads\/sites\/43\/2019\/01\/Dioni_2.jpg);background-position:38% 5%\"><img loading=\"lazy\" decoding=\"async\" width=\"208\" height=\"216\" src=\"https:\/\/blog.uclm.es\/gruposes\/wp-content\/uploads\/sites\/43\/2019\/01\/Dioni_2.jpg\" alt=\"\" class=\"wp-image-337 size-full\" \/><\/figure><div class=\"wp-block-media-text__content\">\n<p class=\"has-medium-font-size\">Dionisio Ram\u00edrez Carrera.<\/p>\n\n\n\n<p>Profesor Contratado Doctor Interino. UCLM.<\/p>\n<\/div><\/div>\n\n\n\n<div class=\"wp-block-media-text alignwide is-stacked-on-mobile is-image-fill\"><figure class=\"wp-block-media-text__media\" style=\"background-image:url(https:\/\/blog.uclm.es\/gruposes\/wp-content\/uploads\/sites\/43\/2022\/08\/sin-titulo-0036-6.jpg);background-position:50% 50%\"><img loading=\"lazy\" decoding=\"async\" width=\"333\" height=\"333\" src=\"https:\/\/blog.uclm.es\/gruposes\/wp-content\/uploads\/sites\/43\/2022\/08\/sin-titulo-0036-6.jpg\" alt=\"\" class=\"wp-image-450 size-full\" srcset=\"https:\/\/blog.uclm.es\/gruposes\/wp-content\/uploads\/sites\/43\/2022\/08\/sin-titulo-0036-6.jpg 333w, https:\/\/blog.uclm.es\/gruposes\/wp-content\/uploads\/sites\/43\/2022\/08\/sin-titulo-0036-6-300x300.jpg 300w, https:\/\/blog.uclm.es\/gruposes\/wp-content\/uploads\/sites\/43\/2022\/08\/sin-titulo-0036-6-150x150.jpg 150w, https:\/\/blog.uclm.es\/gruposes\/wp-content\/uploads\/sites\/43\/2022\/08\/sin-titulo-0036-6-100x100.jpg 100w\" sizes=\"auto, (max-width: 333px) 100vw, 333px\" \/><\/figure><div class=\"wp-block-media-text__content\">\n<p class=\"has-medium-font-size\">Consolaci\u00f3n Quintana Rojo.<\/p>\n\n\n\n<p>Profesora Ayudante (grado de doctora). UCLM.<\/p>\n\n\n\n<p><\/p>\n<\/div><\/div>\n\n\n\n<div class=\"wp-block-media-text alignwide has-media-on-the-right is-stacked-on-mobile is-image-fill\"><figure class=\"wp-block-media-text__media\" style=\"background-image:url(https:\/\/blog.uclm.es\/gruposes\/wp-content\/uploads\/sites\/43\/2022\/08\/sin-titulo-0036-5.jpg);background-position:50% 50%\"><img loading=\"lazy\" decoding=\"async\" width=\"278\" height=\"278\" src=\"https:\/\/blog.uclm.es\/gruposes\/wp-content\/uploads\/sites\/43\/2022\/08\/sin-titulo-0036-5.jpg\" alt=\"\" class=\"wp-image-451 size-full\" srcset=\"https:\/\/blog.uclm.es\/gruposes\/wp-content\/uploads\/sites\/43\/2022\/08\/sin-titulo-0036-5.jpg 278w, https:\/\/blog.uclm.es\/gruposes\/wp-content\/uploads\/sites\/43\/2022\/08\/sin-titulo-0036-5-150x150.jpg 150w, https:\/\/blog.uclm.es\/gruposes\/wp-content\/uploads\/sites\/43\/2022\/08\/sin-titulo-0036-5-100x100.jpg 100w\" sizes=\"auto, (max-width: 278px) 100vw, 278px\" \/><\/figure><div class=\"wp-block-media-text__content\">\n<p class=\"has-medium-font-size\">Daniel Rojas Pe\u00f1a.<\/p>\n\n\n\n<p>Profesor Asociado. UCLM.<\/p>\n<\/div><\/div>\n\n\n\n<h2 class=\"has-large-font-size wp-block-heading\">External fellows:<\/h2>\n\n\n\n<div class=\"wp-block-media-text alignwide is-stacked-on-mobile is-image-fill\"><figure class=\"wp-block-media-text__media\" style=\"background-image:url(https:\/\/blog.uclm.es\/gruposes\/wp-content\/uploads\/sites\/43\/2016\/12\/FOTO-PABLO-DEL-RIO-1024x768.jpg);background-position:50% 50%\"><img loading=\"lazy\" decoding=\"async\" width=\"1024\" height=\"768\" src=\"https:\/\/blog.uclm.es\/gruposes\/wp-content\/uploads\/sites\/43\/2016\/12\/FOTO-PABLO-DEL-RIO-1024x768.jpg\" alt=\"\" class=\"wp-image-65 size-full\" srcset=\"https:\/\/blog.uclm.es\/gruposes\/wp-content\/uploads\/sites\/43\/2016\/12\/FOTO-PABLO-DEL-RIO-1024x768.jpg 1024w, https:\/\/blog.uclm.es\/gruposes\/wp-content\/uploads\/sites\/43\/2016\/12\/FOTO-PABLO-DEL-RIO-300x225.jpg 300w, https:\/\/blog.uclm.es\/gruposes\/wp-content\/uploads\/sites\/43\/2016\/12\/FOTO-PABLO-DEL-RIO-768x576.jpg 768w, https:\/\/blog.uclm.es\/gruposes\/wp-content\/uploads\/sites\/43\/2016\/12\/FOTO-PABLO-DEL-RIO-1536x1152.jpg 1536w, https:\/\/blog.uclm.es\/gruposes\/wp-content\/uploads\/sites\/43\/2016\/12\/FOTO-PABLO-DEL-RIO-2048x1536.jpg 2048w\" sizes=\"auto, (max-width: 767px) 89vw, (max-width: 1000px) 54vw, (max-width: 1071px) 543px, 580px\" \/><\/figure><div class=\"wp-block-media-text__content\">\n<p class=\"has-medium-font-size\">Pablo del R\u00edo Gonz\u00e1lez.<\/p>\n\n\n\n<p>CSIC.<\/p>\n\n\n\n<p><\/p>\n<\/div><\/div>\n\n\n\n<div class=\"wp-block-media-text alignwide has-media-on-the-right is-stacked-on-mobile is-image-fill\"><figure class=\"wp-block-media-text__media\" style=\"background-image:url(https:\/\/blog.uclm.es\/gruposes\/wp-content\/uploads\/sites\/43\/2019\/01\/Eugenio_2.jpg);background-position:26% 47%\"><img loading=\"lazy\" decoding=\"async\" width=\"238\" height=\"298\" src=\"https:\/\/blog.uclm.es\/gruposes\/wp-content\/uploads\/sites\/43\/2019\/01\/Eugenio_2.jpg\" alt=\"\" class=\"wp-image-338 size-full\" \/><\/figure><div class=\"wp-block-media-text__content\">\n<p class=\"has-medium-font-size\">Eugenio Due\u00f1as N\u00fa\u00f1ez.<\/p>\n\n\n\n<p>COITI-CR.<\/p>\n<\/div><\/div>\n\n\n\n<div class=\"wp-block-media-text alignwide is-stacked-on-mobile is-image-fill\"><figure class=\"wp-block-media-text__media\" style=\"background-image:url(https:\/\/blog.uclm.es\/gruposes\/wp-content\/uploads\/sites\/43\/2016\/12\/CPP.jpg);background-position:50% 22%\"><img loading=\"lazy\" decoding=\"async\" width=\"205\" height=\"205\" src=\"https:\/\/blog.uclm.es\/gruposes\/wp-content\/uploads\/sites\/43\/2016\/12\/CPP.jpg\" alt=\"\" class=\"wp-image-78 size-full\" srcset=\"https:\/\/blog.uclm.es\/gruposes\/wp-content\/uploads\/sites\/43\/2016\/12\/CPP.jpg 205w, https:\/\/blog.uclm.es\/gruposes\/wp-content\/uploads\/sites\/43\/2016\/12\/CPP-150x150.jpg 150w, https:\/\/blog.uclm.es\/gruposes\/wp-content\/uploads\/sites\/43\/2016\/12\/CPP-100x100.jpg 100w\" sizes=\"auto, (max-width: 205px) 100vw, 205px\" \/><\/figure><div class=\"wp-block-media-text__content\">\n<p class=\"has-medium-font-size\">Cristina Pe\u00f1asco Pat\u00f3n.<\/p>\n\n\n\n<p>University of Cambridge.<\/p>\n<\/div><\/div>\n\n\n\n<div class=\"wp-block-media-text alignwide has-media-on-the-right is-stacked-on-mobile is-image-fill\"><figure class=\"wp-block-media-text__media\" style=\"background-image:url(https:\/\/blog.uclm.es\/gruposes\/wp-content\/uploads\/sites\/43\/2016\/12\/Natalia-Caldes.jpg);background-position:50% 50%\"><img loading=\"lazy\" decoding=\"async\" width=\"446\" height=\"572\" src=\"https:\/\/blog.uclm.es\/gruposes\/wp-content\/uploads\/sites\/43\/2016\/12\/Natalia-Caldes.jpg\" alt=\"\" class=\"wp-image-132 size-full\" srcset=\"https:\/\/blog.uclm.es\/gruposes\/wp-content\/uploads\/sites\/43\/2016\/12\/Natalia-Caldes.jpg 446w, https:\/\/blog.uclm.es\/gruposes\/wp-content\/uploads\/sites\/43\/2016\/12\/Natalia-Caldes-234x300.jpg 234w\" sizes=\"auto, (max-width: 446px) 100vw, 446px\" \/><\/figure><div class=\"wp-block-media-text__content\">\n<p class=\"has-medium-font-size\">Natalia Cald\u00e9s G\u00f3mez.<\/p>\n\n\n\n<p>Comisi\u00f3n Europea.<\/p>\n<\/div><\/div>\n","protected":false},"excerpt":{"rendered":"<p>Researchers: Miguel \u00c1ngel Taranc\u00f3n Mor\u00e1n. Catedr\u00e1tico de Econom\u00eda Aplicada. UCLM. Coordinador. Fernando E. Callejas Albi\u00f1ana. Catedr\u00e1tico de Econom\u00eda Aplicada. UCLM. Mar\u00eda Jes\u00fas Ruiz Fuensanta. Profesora Titular de Econom\u00eda Aplicada. UCLM. Mar\u00eda Jes\u00fas Guti\u00e9rrez Pedrero. Profesora Contratada Doctora Interina. UCLM. Isabel Mart\u00ednez Rodr\u00edguez. Profesora Contratada Doctora Interina. UCLM. Dionisio Ram\u00edrez Carrera. Profesor Contratado Doctor Interino. UCLM. &hellip; <\/p>\n<p class=\"link-more\"><a href=\"https:\/\/blog.uclm.es\/gruposes\/research-team\/\" class=\"more-link\">Continuar leyendo<span class=\"screen-reader-text\"> \u00abresearch team\u00bb<\/span><\/a><\/p>\n","protected":false},"author":78,"featured_media":0,"parent":0,"menu_order":0,"comment_status":"closed","ping_status":"closed","template":"","meta":{"footnotes":""},"class_list":["post-22","page","type-page","status-publish","hentry"],"_links":{"self":[{"href":"https:\/\/blog.uclm.es\/gruposes\/wp-json\/wp\/v2\/pages\/22","targetHints":{"allow":["GET"]}}],"collection":[{"href":"https:\/\/blog.uclm.es\/gruposes\/wp-json\/wp\/v2\/pages"}],"about":[{"href":"https:\/\/blog.uclm.es\/gruposes\/wp-json\/wp\/v2\/types\/page"}],"author":[{"embeddable":true,"href":"https:\/\/blog.uclm.es\/gruposes\/wp-json\/wp\/v2\/users\/78"}],"replies":[{"embeddable":true,"href":"https:\/\/blog.uclm.es\/gruposes\/wp-json\/wp\/v2\/comments?post=22"}],"version-history":[{"count":2,"href":"https:\/\/blog.uclm.es\/gruposes\/wp-json\/wp\/v2\/pages\/22\/revisions"}],"predecessor-version":[{"id":470,"href":"https:\/\/blog.uclm.es\/gruposes\/wp-json\/wp\/v2\/pages\/22\/revisions\/470"}],"wp:attachment":[{"href":"https:\/\/blog.uclm.es\/gruposes\/wp-json\/wp\/v2\/media?parent=22"}],"curies":[{"name":"wp","href":"https:\/\/api.w.org\/{rel}","templated":true}]}}