{"id":142,"date":"2016-12-20T18:43:59","date_gmt":"2016-12-20T17:43:59","guid":{"rendered":"http:\/\/blog.uclm.es\/gruposes\/?page_id=142"},"modified":"2016-12-20T18:43:59","modified_gmt":"2016-12-20T17:43:59","slug":"databases-databanks","status":"publish","type":"page","link":"https:\/\/blog.uclm.es\/gruposes\/databases-databanks\/","title":{"rendered":"databases &amp; databanks"},"content":{"rendered":"<ul>\n<li>Spain.\n<ul>\n<li><a href=\"http:\/\/www.ine.es\/inebmenu\/indice.htm\" target=\"_blank\" rel=\"noopener\">Inebase, Instituto Nacional de Estad\u00edstica (INE).<\/a><\/li>\n<li><a href=\"http:\/\/app.bde.es\/bie_www\/GestorDePeticiones?IdOperacion=bebie_www_BusquedaTematica&amp;token=8e19104b-bd34-4e5f-838a-fedfc3a77247\" target=\"_blank\" rel=\"noopener\">Banco de Espa\u00f1a. Indicadores econ\u00f3micos y financieros.<\/a><\/li>\n<li><a href=\"http:\/\/serviciosede.mineco.gob.es\/Indeco\/BDSICE\/homebdsice.aspx\" target=\"_blank\" rel=\"noopener\"><span class=\"subtitulo\">Base de datos de Series de Indicadores de Coyuntura Econ\u00f3mica (BDSICE)<\/span>. Ministerio de Econom\u00eda<\/a><\/li>\n<li><a href=\"http:\/\/www.bmerv.es\/esp\/aspx\/Empresas\/Empresas.aspx\" target=\"_blank\" rel=\"noopener\">Informaci\u00f3n empresas cotizadas en bolsa espa\u00f1ola (BME).<\/a><\/li>\n<\/ul>\n<\/li>\n<li>National Statistics.\n<ul>\n<li><a href=\"http:\/\/unstats.un.org\/unsd\/methods\/inter-natlinks\/sd_natstat.asp\" target=\"_blank\" rel=\"noopener\">National Statistical Offices around the World (via UN).<\/a><\/li>\n<\/ul>\n<\/li>\n<li>European Statistics.\n<ul>\n<li><a href=\"http:\/\/ec.europa.eu\/eurostat\/data\/database\" target=\"_blank\" rel=\"noopener\">Base de Datos de Eurostat.<\/a><\/li>\n<li><a href=\"http:\/\/ec.europa.eu\/economy_finance\/db_indicators\/ameco\/index_en.htm\" target=\"_blank\" rel=\"noopener\">AMECO, Base de Datos Macroecon\u00f3micos de la Comisi\u00f3n Europea. Economic and Financial Affairs.<\/a><\/li>\n<\/ul>\n<\/li>\n<li>OECD Statistics.\n<ul>\n<li><a href=\"http:\/\/stats.oecd.org\/\" target=\"_blank\" rel=\"noopener\">OECD Database.<\/a><\/li>\n<\/ul>\n<\/li>\n<li>World Databases.\n<ul>\n<li><a href=\"http:\/\/unstats.un.org\/unsd\/databases.htm\" target=\"_blank\" rel=\"noopener\">Databases from United Nations.<\/a><\/li>\n<\/ul>\n<\/li>\n<li>Input-Output Framework.\n<ul>\n<li><a href=\"http:\/\/www.wiod.org\/database\/wiots16\" target=\"_blank\" rel=\"noopener\">World Input-Output Database (WIOD).<\/a><\/li>\n<\/ul>\n<\/li>\n<li>Energy.\n<ul>\n<li><a href=\"https:\/\/ec.europa.eu\/energy\/en\/data-analysis\/energy-statistical-pocketbook\" target=\"_blank\" rel=\"noopener\">European Dataset (by country). European Commission.<\/a><\/li>\n<li><a href=\"https:\/\/www.esios.ree.es\/es\" target=\"_blank\" rel=\"noopener\">ESIOS (Sistema de Informaci\u00f3n del Operador del Sistema). Red El\u00e9ctrica de Espa\u00f1a.<\/a><\/li>\n<li><a href=\"http:\/\/www.minetad.gob.es\/energia\/balances\/Publicaciones\/ElectricasAnuales\/Paginas\/ElectricasAnuales.aspx\" target=\"_blank\" rel=\"noopener\">Estad\u00edsticas el\u00e9ctricas en Espa\u00f1a anuales. Secretar\u00eda de Estado de Energ\u00eda.<\/a><\/li>\n<li><a href=\"http:\/\/www.idae.es\/estudios-informes-y-estadisticas\" target=\"_blank\" rel=\"noopener\">Estad\u00edsticas del Instituto para la Diversificaci\u00f3n y el Ahorro Energ\u00e9tico (IDAE).<\/a><\/li>\n<li><a href=\"http:\/\/www.iea.org\/policiesandmeasures\/renewableenergy\/\" target=\"_blank\" rel=\"noopener\">Joint Policies and Measures Database for Global Renewable Energy (132 countries). IEA. &amp; IRENA.<\/a><\/li>\n<li><a href=\"http:\/\/www.res-legal.eu\/home\/\" target=\"_blank\" rel=\"noopener\">RES-Legal: Legal Sources on Renewable Energy.<\/a><\/li>\n<li><a href=\"http:\/\/resourceirena.irena.org\/gateway\/\" target=\"_blank\" rel=\"noopener\">REsource (Renewable Energy Information) Data, Statistics and Country Profiles. IRENA.<\/a><\/li>\n<li><a href=\"https:\/\/www.bp.com\/en\/global\/corporate\/energy-economics\/statistical-review-of-world-energy.html\" target=\"_blank\" rel=\"noopener\">Statistical Review of World Energy \/ Energy Economics (BP, British Petroleum).<\/a><\/li>\n<\/ul>\n<\/li>\n<li>Environment.\n<ul>\n<li><a href=\"http:\/\/www.prtr-es.es\/\" target=\"_blank\" rel=\"noopener\">Registro Estatal de Emisiones y Fuentes Contaminantes (PRTR-Espa\u00f1a).<\/a><\/li>\n<li><a href=\"http:\/\/www.eea.europa.eu\/data-and-maps\/data#c17=&amp;c11=&amp;c5=all&amp;c0=5&amp;b_start=0\" target=\"_blank\" rel=\"noopener\">Data from the European Environmental Agency (EEA).<\/a><\/li>\n<\/ul>\n<\/li>\n<\/ul>\n","protected":false},"excerpt":{"rendered":"<p>Spain. Inebase, Instituto Nacional de Estad\u00edstica (INE). Banco de Espa\u00f1a. Indicadores econ\u00f3micos y financieros. Base de datos de Series de Indicadores de Coyuntura Econ\u00f3mica (BDSICE). Ministerio de Econom\u00eda Informaci\u00f3n empresas cotizadas en bolsa espa\u00f1ola (BME). National Statistics. National Statistical Offices around the World (via UN). European Statistics. Base de Datos de Eurostat. AMECO, Base de &hellip; <\/p>\n<p class=\"link-more\"><a href=\"https:\/\/blog.uclm.es\/gruposes\/databases-databanks\/\" class=\"more-link\">Continuar leyendo<span class=\"screen-reader-text\"> \u00abdatabases &amp; databanks\u00bb<\/span><\/a><\/p>\n","protected":false},"author":78,"featured_media":0,"parent":0,"menu_order":0,"comment_status":"closed","ping_status":"closed","template":"","meta":{"footnotes":""},"class_list":["post-142","page","type-page","status-publish","hentry"],"_links":{"self":[{"href":"https:\/\/blog.uclm.es\/gruposes\/wp-json\/wp\/v2\/pages\/142","targetHints":{"allow":["GET"]}}],"collection":[{"href":"https:\/\/blog.uclm.es\/gruposes\/wp-json\/wp\/v2\/pages"}],"about":[{"href":"https:\/\/blog.uclm.es\/gruposes\/wp-json\/wp\/v2\/types\/page"}],"author":[{"embeddable":true,"href":"https:\/\/blog.uclm.es\/gruposes\/wp-json\/wp\/v2\/users\/78"}],"replies":[{"embeddable":true,"href":"https:\/\/blog.uclm.es\/gruposes\/wp-json\/wp\/v2\/comments?post=142"}],"version-history":[{"count":0,"href":"https:\/\/blog.uclm.es\/gruposes\/wp-json\/wp\/v2\/pages\/142\/revisions"}],"wp:attachment":[{"href":"https:\/\/blog.uclm.es\/gruposes\/wp-json\/wp\/v2\/media?parent=142"}],"curies":[{"name":"wp","href":"https:\/\/api.w.org\/{rel}","templated":true}]}}