{"id":139,"date":"2016-12-20T18:42:44","date_gmt":"2016-12-20T17:42:44","guid":{"rendered":"http:\/\/blog.uclm.es\/gruposes\/?page_id=139"},"modified":"2016-12-20T18:42:44","modified_gmt":"2016-12-20T17:42:44","slug":"institutions","status":"publish","type":"page","link":"https:\/\/blog.uclm.es\/gruposes\/institutions\/","title":{"rendered":"institutions"},"content":{"rendered":"<ul>\n<li><a href=\"http:\/\/www.uclm.es\/\" target=\"_blank\" rel=\"noopener\">Universidad de Castilla \u2013 La Mancha.<\/a><\/li>\n<li><a href=\"http:\/\/ipp.csic.es\/\" target=\"_blank\" rel=\"noopener\">Instituto de Pol\u00edticas y Bienes P\u00fablicos (CSIC).<\/a><\/li>\n<li><a href=\"http:\/\/www.ciemat.es\/\" target=\"_blank\" rel=\"noopener\">Centro de investigaciones Energ\u00e9ticas, Medioambientales y Tecnol\u00f3gicas (CIEMAT).<\/a><\/li>\n<\/ul>\n","protected":false},"excerpt":{"rendered":"<p>Universidad de Castilla \u2013 La Mancha. Instituto de Pol\u00edticas y Bienes P\u00fablicos (CSIC). Centro de investigaciones Energ\u00e9ticas, Medioambientales y Tecnol\u00f3gicas (CIEMAT).<\/p>\n","protected":false},"author":78,"featured_media":0,"parent":0,"menu_order":0,"comment_status":"closed","ping_status":"closed","template":"sidebar-page.php","meta":{"footnotes":""},"class_list":["post-139","page","type-page","status-publish","hentry"],"_links":{"self":[{"href":"https:\/\/blog.uclm.es\/gruposes\/wp-json\/wp\/v2\/pages\/139","targetHints":{"allow":["GET"]}}],"collection":[{"href":"https:\/\/blog.uclm.es\/gruposes\/wp-json\/wp\/v2\/pages"}],"about":[{"href":"https:\/\/blog.uclm.es\/gruposes\/wp-json\/wp\/v2\/types\/page"}],"author":[{"embeddable":true,"href":"https:\/\/blog.uclm.es\/gruposes\/wp-json\/wp\/v2\/users\/78"}],"replies":[{"embeddable":true,"href":"https:\/\/blog.uclm.es\/gruposes\/wp-json\/wp\/v2\/comments?post=139"}],"version-history":[{"count":0,"href":"https:\/\/blog.uclm.es\/gruposes\/wp-json\/wp\/v2\/pages\/139\/revisions"}],"wp:attachment":[{"href":"https:\/\/blog.uclm.es\/gruposes\/wp-json\/wp\/v2\/media?parent=139"}],"curies":[{"name":"wp","href":"https:\/\/api.w.org\/{rel}","templated":true}]}}