{"id":526,"date":"2023-04-16T18:53:44","date_gmt":"2023-04-16T18:53:44","guid":{"rendered":"https:\/\/blog.uclm.es\/gruponanomat\/?page_id=526"},"modified":"2023-04-16T19:54:47","modified_gmt":"2023-04-16T19:54:47","slug":"presentacion","status":"publish","type":"page","link":"https:\/\/blog.uclm.es\/gruponanomat\/","title":{"rendered":"Presentaci\u00f3n"},"content":{"rendered":"<p>Nuestro grupo desarrolla su actividad en Almad\u00e9n, ubicados en la <a href=\"http:\/\/eimia.uclm.es\">EIMIA (UCLM)<\/a>. Nuestro objetivo es desarrollar <span style=\"color: #ff0000\"><em>investigaci\u00f3n de excelencia<\/em><\/span> e <span style=\"color: #ff0000\"><em>innovaci\u00f3n basada en el conocimiento<\/em><\/span> capaz de transformar nuestro entorno.<\/p>\n","protected":false},"excerpt":{"rendered":"<p>Nuestro grupo desarrolla su actividad en Almad\u00e9n, ubicados en la EIMIA (UCLM). Nuestro objetivo es desarrollar investigaci\u00f3n de excelencia e innovaci\u00f3n basada en el conocimiento capaz de transformar nuestro entorno.<\/p>\n","protected":false},"author":104,"featured_media":456,"parent":0,"menu_order":0,"comment_status":"closed","ping_status":"closed","template":"","meta":{"footnotes":""},"class_list":["post-526","page","type-page","status-publish","has-post-thumbnail","hentry","entry"],"_links":{"self":[{"href":"https:\/\/blog.uclm.es\/gruponanomat\/wp-json\/wp\/v2\/pages\/526","targetHints":{"allow":["GET"]}}],"collection":[{"href":"https:\/\/blog.uclm.es\/gruponanomat\/wp-json\/wp\/v2\/pages"}],"about":[{"href":"https:\/\/blog.uclm.es\/gruponanomat\/wp-json\/wp\/v2\/types\/page"}],"author":[{"embeddable":true,"href":"https:\/\/blog.uclm.es\/gruponanomat\/wp-json\/wp\/v2\/users\/104"}],"replies":[{"embeddable":true,"href":"https:\/\/blog.uclm.es\/gruponanomat\/wp-json\/wp\/v2\/comments?post=526"}],"version-history":[{"count":7,"href":"https:\/\/blog.uclm.es\/gruponanomat\/wp-json\/wp\/v2\/pages\/526\/revisions"}],"predecessor-version":[{"id":540,"href":"https:\/\/blog.uclm.es\/gruponanomat\/wp-json\/wp\/v2\/pages\/526\/revisions\/540"}],"wp:featuredmedia":[{"embeddable":true,"href":"https:\/\/blog.uclm.es\/gruponanomat\/wp-json\/wp\/v2\/media\/456"}],"wp:attachment":[{"href":"https:\/\/blog.uclm.es\/gruponanomat\/wp-json\/wp\/v2\/media?parent=526"}],"curies":[{"name":"wp","href":"https:\/\/api.w.org\/{rel}","templated":true}]}}