{"id":35,"date":"2023-04-03T23:11:30","date_gmt":"2023-04-03T23:11:30","guid":{"rendered":"http:\/\/blog.uclm.es\/apingloclm\/?page_id=35"},"modified":"2025-11-11T16:19:58","modified_gmt":"2025-11-11T16:19:58","slug":"members-2","status":"publish","type":"page","link":"https:\/\/blog.uclm.es\/gruponanomat\/members-2\/","title":{"rendered":"Personal"},"content":{"rendered":"<ul>\n<li><a href=\"https:\/\/blog.uclm.es\/teresacuberes\/\">M. Teresa Cuberes<\/a> &#8211; CU en Ciencia e Ing de Materiales (UCLM)<\/li>\n<li>Demetrio Fuentes &#8211; TU en Expresi\u00f3n Gr\u00e1fica (UCLM)<\/li>\n<li><a href=\"https:\/\/blog.uclm.es\/davidcasas\/\">David Casas<\/a> &#8211; Prof Ayudante Dr en F\u00edsica Aplicada (UCLM)<\/li>\n<li>Ganna I. Kovtun &#8211; Investigadora Dra (UCLM), <em>del V.G. Baryakhtar <a href=\"https:\/\/imag.kyiv.ua\/index.php\/en\/about-institute.html\">Institute of Magnetisme of the NAS of Ukraine.<\/a><\/em><\/li>\n<li>Dionisio Rodrigo &#8211; TEU en Expresi\u00f3n Gr\u00e1fica (UCLM)<\/li>\n<li>Rodrigo Bastante &#8211; PAS T\u00e9cnico Laboratorio Mec\u00e1nica (UCLM)<\/li>\n<\/ul>\n\n\n<p><\/p>\n\n\n\n<p><\/p>\n\n\n\n<p><\/p>\n","protected":false},"excerpt":{"rendered":"<p>M. Teresa Cuberes &#8211; CU en Ciencia e Ing de Materiales (UCLM) Demetrio Fuentes &#8211; TU en Expresi\u00f3n Gr\u00e1fica (UCLM) David Casas &#8211; Prof Ayudante Dr en F\u00edsica Aplicada (UCLM) Ganna I. Kovtun &#8211; Investigadora Dra (UCLM), del V.G. Baryakhtar Institute of Magnetisme of the NAS of Ukraine. Dionisio Rodrigo &#8211; TEU en Expresi\u00f3n Gr\u00e1fica&hellip; <a class=\"more-link\" href=\"https:\/\/blog.uclm.es\/gruponanomat\/members-2\/\">Seguir leyendo <span class=\"screen-reader-text\">Personal<\/span><\/a><\/p>\n","protected":false},"author":172,"featured_media":0,"parent":0,"menu_order":0,"comment_status":"closed","ping_status":"closed","template":"","meta":{"footnotes":""},"class_list":["post-35","page","type-page","status-publish","hentry","entry"],"_links":{"self":[{"href":"https:\/\/blog.uclm.es\/gruponanomat\/wp-json\/wp\/v2\/pages\/35","targetHints":{"allow":["GET"]}}],"collection":[{"href":"https:\/\/blog.uclm.es\/gruponanomat\/wp-json\/wp\/v2\/pages"}],"about":[{"href":"https:\/\/blog.uclm.es\/gruponanomat\/wp-json\/wp\/v2\/types\/page"}],"author":[{"embeddable":true,"href":"https:\/\/blog.uclm.es\/gruponanomat\/wp-json\/wp\/v2\/users\/172"}],"replies":[{"embeddable":true,"href":"https:\/\/blog.uclm.es\/gruponanomat\/wp-json\/wp\/v2\/comments?post=35"}],"version-history":[{"count":11,"href":"https:\/\/blog.uclm.es\/gruponanomat\/wp-json\/wp\/v2\/pages\/35\/revisions"}],"predecessor-version":[{"id":890,"href":"https:\/\/blog.uclm.es\/gruponanomat\/wp-json\/wp\/v2\/pages\/35\/revisions\/890"}],"wp:attachment":[{"href":"https:\/\/blog.uclm.es\/gruponanomat\/wp-json\/wp\/v2\/media?parent=35"}],"curies":[{"name":"wp","href":"https:\/\/api.w.org\/{rel}","templated":true}]}}