{"id":146,"date":"2023-04-03T23:12:49","date_gmt":"2023-04-03T23:12:49","guid":{"rendered":"http:\/\/blog.uclm.es\/apingloclm\/?page_id=146"},"modified":"2026-01-05T01:21:23","modified_gmt":"2026-01-05T01:21:23","slug":"in-progress","status":"publish","type":"page","link":"https:\/\/blog.uclm.es\/gruponanomat\/in-progress\/","title":{"rendered":"Divulgaci\u00f3n"},"content":{"rendered":"\n<p><a href=\"https:\/\/blog.uclm.es\/gruponanomat\/resumenes-divulgativos-de-articulos-cientificos\/\" data-type=\"page\" data-id=\"934\"><strong><em>RES\u00daMENES DIVULGATIVOS DE ART\u00cdCULOS CIENT\u00cdFICOS<\/em><\/strong><\/a><\/p>\n\n\n\n<p><strong><em><a href=\"https:\/\/pruebasaluuclm-my.sharepoint.com\/:v:\/g\/personal\/teresa_cuberes_uclm_es\/IQCyN93B_vjsQJDBmFWGLra2AQjhjdVNeFJVa7ywcPpC5DI?e=a5hYuR\">NANOTECNOLOG\u00cdA EN MINER\u00cdA, <\/a><\/em><\/strong>Teresa Cuberes (Diciembre 2025)<\/p>\n\n\n\n<p><strong><em><a href=\"https:\/\/blog.uclm.es\/gruponanomat\/wp-content\/uploads\/sites\/39\/2025\/11\/Presentacion_Impresion3D_Biotecnologia_Demetrio-Fuentes.pdf\">IMPRESI\u00d3N 3D Y BIOTECNOLOG\u00cdA<\/a><\/em><\/strong>, Demetrio Fuentes, Charla divulgativa en el stand de la UCLM en la Feria de Albacete 2025<\/p>\n\n\n\n<p><a href=\"https:\/\/blog.uclm.es\/gruponanomat\/wp-content\/uploads\/sites\/39\/2025\/02\/nanotecnologia_agua_27Nov24.pdf\"><em><strong>AGUA Y NANOTECNOLOG\u00cdA: INNOVACI\u00d3N PARA UN FUTURO SOSTENIBLE<\/strong><\/em><\/a>, M. T. Cuberes, ConCede Ciencia 2024<\/p>\n\n\n\n<p><a href=\"https:\/\/blog.uclm.es\/gruponanomat\/wp-content\/uploads\/sites\/39\/2025\/02\/CEIP_HIJOSdeOBREROS_11FEBRERO24-2.pdf\" data-type=\"link\" data-id=\"https:\/\/blog.uclm.es\/gruponanomat\/wp-content\/uploads\/sites\/39\/2025\/02\/CEIP_HIJOSdeOBREROS_11FEBRERO24-2.pdf\"><em><strong>AVENTURA CON CIENT\u00cdFICAS, 11F 2024<\/strong><\/em><\/a><\/p>\n\n\n<p><em><strong><a href=\"https:\/\/blog.uclm.es\/gruponanomat\/wp-content\/uploads\/sites\/39\/2023\/04\/NANOTECNOLOGIA_ACTUALIDAD-Y-FUTURO.pdf\">NANOTECNOLOG\u00cdA_ACTUALIDAD Y FUTURO<\/a>, <\/strong><\/em>M. T. Cuberes, Ref. Bolet\u00edn de Antiguos Alumnos de la Escuela Polit\u00e9cnica de Almad\u00e9n (Julio-Sept., 2006).<\/p>\n\n\n<p><\/p>\n","protected":false},"excerpt":{"rendered":"<p>RES\u00daMENES DIVULGATIVOS DE ART\u00cdCULOS CIENT\u00cdFICOS NANOTECNOLOG\u00cdA EN MINER\u00cdA, Teresa Cuberes (Diciembre 2025) IMPRESI\u00d3N 3D Y BIOTECNOLOG\u00cdA, Demetrio Fuentes, Charla divulgativa en el stand de la UCLM en la Feria de Albacete 2025 AGUA Y NANOTECNOLOG\u00cdA: INNOVACI\u00d3N PARA UN FUTURO SOSTENIBLE, M. T. Cuberes, ConCede Ciencia 2024 AVENTURA CON CIENT\u00cdFICAS, 11F 2024 NANOTECNOLOG\u00cdA_ACTUALIDAD Y FUTURO, M.&hellip; <a class=\"more-link\" href=\"https:\/\/blog.uclm.es\/gruponanomat\/in-progress\/\">Seguir leyendo <span class=\"screen-reader-text\">Divulgaci\u00f3n<\/span><\/a><\/p>\n","protected":false},"author":172,"featured_media":0,"parent":0,"menu_order":0,"comment_status":"closed","ping_status":"closed","template":"","meta":{"footnotes":""},"class_list":["post-146","page","type-page","status-publish","hentry","entry"],"_links":{"self":[{"href":"https:\/\/blog.uclm.es\/gruponanomat\/wp-json\/wp\/v2\/pages\/146","targetHints":{"allow":["GET"]}}],"collection":[{"href":"https:\/\/blog.uclm.es\/gruponanomat\/wp-json\/wp\/v2\/pages"}],"about":[{"href":"https:\/\/blog.uclm.es\/gruponanomat\/wp-json\/wp\/v2\/types\/page"}],"author":[{"embeddable":true,"href":"https:\/\/blog.uclm.es\/gruponanomat\/wp-json\/wp\/v2\/users\/172"}],"replies":[{"embeddable":true,"href":"https:\/\/blog.uclm.es\/gruponanomat\/wp-json\/wp\/v2\/comments?post=146"}],"version-history":[{"count":29,"href":"https:\/\/blog.uclm.es\/gruponanomat\/wp-json\/wp\/v2\/pages\/146\/revisions"}],"predecessor-version":[{"id":944,"href":"https:\/\/blog.uclm.es\/gruponanomat\/wp-json\/wp\/v2\/pages\/146\/revisions\/944"}],"wp:attachment":[{"href":"https:\/\/blog.uclm.es\/gruponanomat\/wp-json\/wp\/v2\/media?parent=146"}],"curies":[{"name":"wp","href":"https:\/\/api.w.org\/{rel}","templated":true}]}}