{"id":266,"date":"2019-03-04T13:39:25","date_gmt":"2019-03-04T13:39:25","guid":{"rendered":"http:\/\/blog.uclm.es\/grupomat\/?page_id=2"},"modified":"2023-02-28T11:30:24","modified_gmt":"2023-02-28T11:30:24","slug":"pagina-ejemplo-2","status":"publish","type":"page","link":"https:\/\/blog.uclm.es\/grupomat\/","title":{"rendered":"Grupo MAT"},"content":{"rendered":"\n<div class=\"wp-block-group\"><div class=\"wp-block-group__inner-container is-layout-constrained wp-block-group-is-layout-constrained\">\n<div class=\"wp-block-group\"><div class=\"wp-block-group__inner-container is-layout-constrained wp-block-group-is-layout-constrained\"><div class=\"wp-block-image\">\n<figure class=\"aligncenter size-large\"><img loading=\"lazy\" decoding=\"async\" width=\"1024\" height=\"398\" src=\"https:\/\/blog.uclm.es\/grupomat\/wp-content\/uploads\/sites\/226\/2020\/02\/GrupoMAT-Nuevo-1024x398.png\" alt=\"\" class=\"wp-image-195\" srcset=\"https:\/\/blog.uclm.es\/grupomat\/wp-content\/uploads\/sites\/226\/2020\/02\/GrupoMAT-Nuevo-1024x398.png 1024w, https:\/\/blog.uclm.es\/grupomat\/wp-content\/uploads\/sites\/226\/2020\/02\/GrupoMAT-Nuevo-300x117.png 300w, https:\/\/blog.uclm.es\/grupomat\/wp-content\/uploads\/sites\/226\/2020\/02\/GrupoMAT-Nuevo-768x299.png 768w, https:\/\/blog.uclm.es\/grupomat\/wp-content\/uploads\/sites\/226\/2020\/02\/GrupoMAT-Nuevo-624x243.png 624w, https:\/\/blog.uclm.es\/grupomat\/wp-content\/uploads\/sites\/226\/2020\/02\/GrupoMAT-Nuevo.png 1301w\" sizes=\"auto, (max-width: 1024px) 100vw, 1024px\" \/><\/figure>\n<\/div>\n\n\n<p class=\"has-medium-font-size\">El grupo de <strong>Modelos y Algoritmos en Sistemas de Transportes (MAT)<\/strong> nace en el Departamento de Matem\u00e1ticas de la Universidad de Castilla-La Mancha en el a\u00f1o 2004. La investigaci\u00f3n del grupo se ha orientado desde su inicio en la modelizaci\u00f3n matem\u00e1tica de los sistemas de transporte. Un elemento esencial del grupo, potenciado por radicar parte de sus miembros en la Escuela Superior de Inform\u00e1tica, es el aspecto computacional. <\/p>\n\n\n\n<p class=\"has-medium-font-size\">Esta tr\u00edada formada por las matem\u00e1ticas, los ordenadores y un dominio de aplicaci\u00f3n est\u00e1 presente en m\u00faltiples desarrollos de la matem\u00e1tica aplicada. A continuaci\u00f3n se muestran de forma sint\u00e9tica los referentes en los que se mueve las investigaciones del grupo MAT.<\/p>\n\n\n<div class=\"wp-block-image\">\n<figure class=\"aligncenter size-large\"><img loading=\"lazy\" decoding=\"async\" width=\"1024\" height=\"899\" src=\"https:\/\/blog.uclm.es\/grupomat\/wp-content\/uploads\/sites\/226\/2019\/03\/Captura-de-pantalla-de-2019-03-05-13-47-07-1024x899.png\" alt=\"\" class=\"wp-image-58\" srcset=\"https:\/\/blog.uclm.es\/grupomat\/wp-content\/uploads\/sites\/226\/2019\/03\/Captura-de-pantalla-de-2019-03-05-13-47-07-1024x899.png 1024w, https:\/\/blog.uclm.es\/grupomat\/wp-content\/uploads\/sites\/226\/2019\/03\/Captura-de-pantalla-de-2019-03-05-13-47-07-300x263.png 300w, https:\/\/blog.uclm.es\/grupomat\/wp-content\/uploads\/sites\/226\/2019\/03\/Captura-de-pantalla-de-2019-03-05-13-47-07-768x674.png 768w, https:\/\/blog.uclm.es\/grupomat\/wp-content\/uploads\/sites\/226\/2019\/03\/Captura-de-pantalla-de-2019-03-05-13-47-07-624x548.png 624w, https:\/\/blog.uclm.es\/grupomat\/wp-content\/uploads\/sites\/226\/2019\/03\/Captura-de-pantalla-de-2019-03-05-13-47-07.png 1126w\" sizes=\"auto, (max-width: 1024px) 100vw, 1024px\" \/><\/figure>\n<\/div>\n\n\n<p class=\"has-medium-font-size\">El grupo MAT ha participado en 9 proyectos de investigaci\u00f3n, financiados en convocatorias competitivas como las del Plan Nacional de Investigaci\u00f3n, del Ministerio de Fomento y de la Junta de Comunidades de Castilla-La Mancha, en los que ha desarrollado dos tem\u00e1ticas:<\/p>\n<\/div><\/div>\n<\/div><\/div>\n\n\n\n<div class=\"wp-block-columns is-layout-flex wp-container-core-columns-is-layout-9d6595d7 wp-block-columns-is-layout-flex\">\n<div class=\"wp-block-column is-layout-flow wp-block-column-is-layout-flow\">\n<h5 class=\"wp-block-heading\">Planificaci\u00f3n del transporte<\/h5>\n\n\n\n<p>Se ha investigado el dise\u00f1o de intercambiadores multimodales urbanos, dise\u00f1o de redes de transporte (privado y p\u00fablico), modelizaci\u00f3n de la congesti\u00f3n de redes de tr\u00e1fico (mediante modelos de equilibrio en redes y de simulaci\u00f3n), regulaci\u00f3n semaf\u00f3rica, sistemas inteligentes de tr\u00e1fico, localizaci\u00f3n de autov\u00edas, localizaci\u00f3n de hidrogenares, estimaci\u00f3n de matrices origen-destino y planificaci\u00f3n de sistemas ferroviarios; paralelamente se ha trabajado en el campo.<\/p>\n<\/div>\n\n\n\n<div class=\"wp-block-column is-layout-flow wp-block-column-is-layout-flow\">\n<h5 class=\"wp-block-heading\">Optimizaci\u00f3n<\/h5>\n\n\n\n<p>Se han desarrollado algoritmos exactos para problemas estructurados de gran escala, para programaci\u00f3n matem\u00e1tica binivel, m\u00e9todos de descomposici\u00f3n, optimizaci\u00f3n de problemas convexos, y en la actualidad se est\u00e1 trabajando en m\u00e9todos metaheur\u00edsticos y en la optimizaci\u00f3n de funciones costosas de tipo caja negra.<\/p>\n<\/div>\n<\/div>\n\n\n\n<p class=\"has-medium-font-size\">Recientemente el grupo MAT est\u00e1 desarrollando una nueva l\u00ednea de investigaci\u00f3n:<\/p>\n\n\n\n<h5 class=\"wp-block-heading\">M\u00e9todos de aprendizaje autom\u00e1tico<\/h5>\n\n\n\n<p>Esta l\u00ednea de investigaci\u00f3n proporciona nuevas herramientas de modelizaci\u00f3n que cambian el paradigma seguido durante las \u00faltimas tres d\u00e9cadas, pasando de un enfoque de construcci\u00f3n de modelos basados en la especificaci\u00f3n de los elementos causales a modelos guiados por los datos.<\/p>\n","protected":false},"excerpt":{"rendered":"<p>El grupo de Modelos y Algoritmos en Sistemas de Transportes (MAT) nace en el Departamento de Matem\u00e1ticas de la Universidad de Castilla-La Mancha en el a\u00f1o 2004. La investigaci\u00f3n del grupo se ha orientado desde su inicio en la modelizaci\u00f3n matem\u00e1tica de los sistemas de transporte. Un elemento esencial del grupo, potenciado por radicar parte [&hellip;]<\/p>\n","protected":false},"author":354,"featured_media":0,"parent":0,"menu_order":0,"comment_status":"closed","ping_status":"open","template":"page-templates\/full-width.php","meta":{"footnotes":""},"class_list":["post-266","page","type-page","status-publish","hentry"],"_links":{"self":[{"href":"https:\/\/blog.uclm.es\/grupomat\/wp-json\/wp\/v2\/pages\/266","targetHints":{"allow":["GET"]}}],"collection":[{"href":"https:\/\/blog.uclm.es\/grupomat\/wp-json\/wp\/v2\/pages"}],"about":[{"href":"https:\/\/blog.uclm.es\/grupomat\/wp-json\/wp\/v2\/types\/page"}],"author":[{"embeddable":true,"href":"https:\/\/blog.uclm.es\/grupomat\/wp-json\/wp\/v2\/users\/354"}],"replies":[{"embeddable":true,"href":"https:\/\/blog.uclm.es\/grupomat\/wp-json\/wp\/v2\/comments?post=266"}],"version-history":[{"count":7,"href":"https:\/\/blog.uclm.es\/grupomat\/wp-json\/wp\/v2\/pages\/266\/revisions"}],"predecessor-version":[{"id":285,"href":"https:\/\/blog.uclm.es\/grupomat\/wp-json\/wp\/v2\/pages\/266\/revisions\/285"}],"wp:attachment":[{"href":"https:\/\/blog.uclm.es\/grupomat\/wp-json\/wp\/v2\/media?parent=266"}],"curies":[{"name":"wp","href":"https:\/\/api.w.org\/{rel}","templated":true}]}}