{"id":22,"date":"2019-03-05T13:32:33","date_gmt":"2019-03-05T12:32:33","guid":{"rendered":"http:\/\/blog.uclm.es\/grupomat\/?page_id=22"},"modified":"2023-03-01T09:20:41","modified_gmt":"2023-03-01T09:20:41","slug":"contacto","status":"publish","type":"page","link":"https:\/\/blog.uclm.es\/grupomat\/contacto\/","title":{"rendered":"Contacto"},"content":{"rendered":"\n<div class=\"wp-block-media-text alignwide is-stacked-on-mobile\" style=\"grid-template-columns:61% auto\"><figure class=\"wp-block-media-text__media\"><a href=\"https:\/\/www.google.com\/maps\/place\/Escuela+Superior+de+Inform%C3%A1tica\/@38.9902177,-3.9200747,17z\/data=!3m1!4b1!4m6!3m5!1s0xd6bc3441815e52f:0xe9d3de4afcb57d4d!8m2!3d38.9902177!4d-3.9200747!16s%2Fg%2F1tf_v65_?hl=es\" target=\"_blank\" rel=\"noreferrer noopener\"><img loading=\"lazy\" decoding=\"async\" width=\"598\" height=\"449\" src=\"https:\/\/blog.uclm.es\/grupomat\/wp-content\/uploads\/sites\/226\/2020\/02\/Captura-de-pantalla-de-2020-02-13-12-43-29.png\" alt=\"\" class=\"wp-image-216 size-full\" srcset=\"https:\/\/blog.uclm.es\/grupomat\/wp-content\/uploads\/sites\/226\/2020\/02\/Captura-de-pantalla-de-2020-02-13-12-43-29.png 598w, https:\/\/blog.uclm.es\/grupomat\/wp-content\/uploads\/sites\/226\/2020\/02\/Captura-de-pantalla-de-2020-02-13-12-43-29-300x225.png 300w\" sizes=\"auto, (max-width: 598px) 100vw, 598px\" \/><\/a><\/figure><div class=\"wp-block-media-text__content\">\n<h4 class=\"has-medium-font-size wp-block-heading\">Ciudad Real<\/h4>\n\n\n\n<p class=\"has-medium-font-size\"><strong>Escuela Superior de Inform\u00e1tica<\/strong><\/p>\n\n\n\n<p class=\"has-medium-font-size\">Paseo de la Universidad, 4<br>13071, Ciudad Real. Espa\u00f1a<\/p>\n\n\n\n<p class=\"has-medium-font-size\">+926 29 53 00 Ext: 96683<\/p>\n\n\n\n<p class=\"has-medium-font-size\"><a href=\"mailto:info@designagency.com\">Ricardo.Garcia@uclm.es<\/a><\/p>\n<\/div><\/div>\n\n\n\n<p><\/p>\n\n\n\n<h2 class=\"wp-block-heading\">Contactanos.<\/h2>\n\n\n\n<p>Puedes contactarnos mediante <strong>correo electr\u00f3nico<\/strong><\/p>\n","protected":false},"excerpt":{"rendered":"<p>Ciudad Real Escuela Superior de Inform\u00e1tica Paseo de la Universidad, 413071, Ciudad Real. Espa\u00f1a +926 29 53 00 Ext: 96683 Ricardo.Garcia@uclm.es Contactanos. Puedes contactarnos mediante correo electr\u00f3nico<\/p>\n","protected":false},"author":355,"featured_media":0,"parent":0,"menu_order":0,"comment_status":"closed","ping_status":"closed","template":"page-templates\/full-width.php","meta":{"footnotes":""},"class_list":["post-22","page","type-page","status-publish","hentry"],"_links":{"self":[{"href":"https:\/\/blog.uclm.es\/grupomat\/wp-json\/wp\/v2\/pages\/22","targetHints":{"allow":["GET"]}}],"collection":[{"href":"https:\/\/blog.uclm.es\/grupomat\/wp-json\/wp\/v2\/pages"}],"about":[{"href":"https:\/\/blog.uclm.es\/grupomat\/wp-json\/wp\/v2\/types\/page"}],"author":[{"embeddable":true,"href":"https:\/\/blog.uclm.es\/grupomat\/wp-json\/wp\/v2\/users\/355"}],"replies":[{"embeddable":true,"href":"https:\/\/blog.uclm.es\/grupomat\/wp-json\/wp\/v2\/comments?post=22"}],"version-history":[{"count":6,"href":"https:\/\/blog.uclm.es\/grupomat\/wp-json\/wp\/v2\/pages\/22\/revisions"}],"predecessor-version":[{"id":305,"href":"https:\/\/blog.uclm.es\/grupomat\/wp-json\/wp\/v2\/pages\/22\/revisions\/305"}],"wp:attachment":[{"href":"https:\/\/blog.uclm.es\/grupomat\/wp-json\/wp\/v2\/media?parent=22"}],"curies":[{"name":"wp","href":"https:\/\/api.w.org\/{rel}","templated":true}]}}