{"id":58,"date":"2016-11-12T14:48:41","date_gmt":"2016-11-12T13:48:41","guid":{"rendered":"http:\/\/blog.uclm.es\/grupolabintic\/?page_id=58"},"modified":"2022-11-02T12:15:58","modified_gmt":"2022-11-02T12:15:58","slug":"portada","status":"publish","type":"page","link":"https:\/\/blog.uclm.es\/grupolabintic\/portada\/","title":{"rendered":"Contacto"},"content":{"rendered":"\n<p><strong>Labintic.&nbsp;<\/strong><\/p>\n\n\n\n<p>Laboratorio de integraci\u00f3n de la tecnolog\u00eda en las aulas<br>Facultad de Educaci\u00f3n de Albacete<br>Plaza de la Universidad, n\u00ba 3, 02071, Albacete (Spain)<br>Universidad de Castilla-La Mancha<br>Tfno. 967599200 Ext. 97146<br>Email: <a href=\"mailto:labintic.educacion.ab@uclm.es\">labintic.educacion.ab@uclm.es<\/a>&nbsp;<\/p>\n","protected":false},"excerpt":{"rendered":"<p>Labintic.&nbsp; Laboratorio de integraci\u00f3n de la tecnolog\u00eda en las aulasFacultad de Educaci\u00f3n de AlbacetePlaza de la Universidad, n\u00ba 3, 02071, Albacete (Spain)Universidad de Castilla-La ManchaTfno. 967599200 Ext. 97146Email: labintic.educacion.ab@uclm.es&nbsp;<\/p>\n","protected":false},"author":237,"featured_media":0,"parent":0,"menu_order":0,"comment_status":"closed","ping_status":"closed","template":"page-no-separators","meta":{"footnotes":""},"class_list":["post-58","page","type-page","status-publish","hentry"],"_links":{"self":[{"href":"https:\/\/blog.uclm.es\/grupolabintic\/wp-json\/wp\/v2\/pages\/58","targetHints":{"allow":["GET"]}}],"collection":[{"href":"https:\/\/blog.uclm.es\/grupolabintic\/wp-json\/wp\/v2\/pages"}],"about":[{"href":"https:\/\/blog.uclm.es\/grupolabintic\/wp-json\/wp\/v2\/types\/page"}],"author":[{"embeddable":true,"href":"https:\/\/blog.uclm.es\/grupolabintic\/wp-json\/wp\/v2\/users\/237"}],"replies":[{"embeddable":true,"href":"https:\/\/blog.uclm.es\/grupolabintic\/wp-json\/wp\/v2\/comments?post=58"}],"version-history":[{"count":6,"href":"https:\/\/blog.uclm.es\/grupolabintic\/wp-json\/wp\/v2\/pages\/58\/revisions"}],"predecessor-version":[{"id":2135,"href":"https:\/\/blog.uclm.es\/grupolabintic\/wp-json\/wp\/v2\/pages\/58\/revisions\/2135"}],"wp:attachment":[{"href":"https:\/\/blog.uclm.es\/grupolabintic\/wp-json\/wp\/v2\/media?parent=58"}],"curies":[{"name":"wp","href":"https:\/\/api.w.org\/{rel}","templated":true}]}}