{"id":2394,"date":"2024-10-03T07:43:37","date_gmt":"2024-10-03T07:43:37","guid":{"rendered":"https:\/\/blog.uclm.es\/grupolabintic\/?page_id=2394"},"modified":"2024-10-03T07:52:20","modified_gmt":"2024-10-03T07:52:20","slug":"la-ensenanza-y-el-aprendizaje-de-competencias-historicas-en-bachillerato","status":"publish","type":"page","link":"https:\/\/blog.uclm.es\/grupolabintic\/la-ensenanza-y-el-aprendizaje-de-competencias-historicas-en-bachillerato\/","title":{"rendered":"La ense\u00f1anza y el aprendizaje de competencias hist\u00f3ricas en Bachillerato."},"content":{"rendered":"\n<p><strong>LA ENSE\u00d1ANZA Y EL APRENDIZAJE DE COMPETENCIAS HIST\u00d3RICAS EN BACHILLERATO.<\/strong><\/p>\n\n\n\n<p><strong>FINANCIA:<\/strong><\/p>\n\n\n\n<p>Este trabajo forma parte del proyecto de I+D+i&nbsp;<em>La ense\u00f1anza y el aprendizaje de competencias hist\u00f3ricas en bachillerato: un reto para lograr una ciudadan\u00eda cr\u00edtica y democr\u00e1tica<\/em>&nbsp;(PID2020-113453RB-I00), financiado por MCIN\/AEI\/10.13039\/501100011033.<\/p>\n\n\n\n<p><strong>COLABORAN:<\/strong><\/p>\n\n\n\n<p>Universidad de Murcia, Universidad de Almer\u00eda , Universidad de Granada, Universidad de Santiago de Compostela, Universidad de Castilla-La Mancha, Universidad de La Laguna, Universidad de Valladolid y Universidad Aut\u00f3noma de Madrid.&nbsp;<\/p>\n\n\n\n<p><strong>INSTRUCCIONES:<\/strong><\/p>\n\n\n\n<p>LEE CON ATENCI\u00d3N LAS SIGUIENTES PAUTAS PARA CUMPLIMENTAR CON \u00c9XITO LA PRUEBA<\/p>\n\n\n\n<p>&#8211; Esta prueba sobre competencias hist\u00f3ricas forma parte de un estudio de investigaci\u00f3n nacional orientado a hacer la ense\u00f1anza y la evaluaci\u00f3n de la asignatura de Historia durante el Bachillerato m\u00e1s interesante y atractiva, favoreciendo as\u00ed el an\u00e1lisis y el razonamiento del contenido cursado.<\/p>\n\n\n\n<p>&#8211; Tus respuestas ser\u00e1n de gran ayuda para los futuros estudiantes, por lo que es muy importante las aportaciones que realices en cada una de las cuestiones que se plantean. Concretamente, la prueba consta de cinco bloques diferentes.<\/p>\n\n\n\n<p>&#8211; Encontrar\u00e1s preguntas con distintos documentos (mapas, im\u00e1genes, textos, etc.). Para responderlas solo tienes que fijarte con atenci\u00f3n y comprender los documentos que acompa\u00f1an a estas preguntas.<\/p>\n\n\n\n<p>&nbsp;&nbsp;&nbsp;&nbsp;&nbsp;&nbsp;&nbsp; Tienes una hora para completar las seis partes del cuestionario.&nbsp;<\/p>\n\n\n\n<p class=\"has-text-align-center\"><a href=\"https:\/\/docs.google.com\/forms\/d\/e\/1FAIpQLSeA07Ar_q1NMKHHGarsgoLtdN1KSudcojToesWuMnOdKcYuwQ\/viewform?fbzx=3878913122752302211\">ENLACE AL CUESTIONARIO<\/a><\/p>\n\n\n\n<p><\/p>\n","protected":false},"excerpt":{"rendered":"<p>LA ENSE\u00d1ANZA Y EL APRENDIZAJE DE COMPETENCIAS HIST\u00d3RICAS EN BACHILLERATO. FINANCIA: Este trabajo forma parte del proyecto de I+D+i&nbsp;La ense\u00f1anza y el aprendizaje de competencias hist\u00f3ricas en bachillerato: un reto para lograr una ciudadan\u00eda cr\u00edtica y democr\u00e1tica&nbsp;(PID2020-113453RB-I00), financiado por MCIN\/AEI\/10.13039\/501100011033. COLABORAN: Universidad de Murcia, Universidad de Almer\u00eda , Universidad de Granada, Universidad de Santiago de &hellip; <\/p>\n<p class=\"link-more\"><a href=\"https:\/\/blog.uclm.es\/grupolabintic\/la-ensenanza-y-el-aprendizaje-de-competencias-historicas-en-bachillerato\/\" class=\"more-link\">Continuar leyendo<span class=\"screen-reader-text\"> \u00abLa ense\u00f1anza y el aprendizaje de competencias hist\u00f3ricas en Bachillerato.\u00bb<\/span><\/a><\/p>\n","protected":false},"author":242,"featured_media":0,"parent":0,"menu_order":0,"comment_status":"closed","ping_status":"closed","template":"","meta":{"footnotes":""},"class_list":["post-2394","page","type-page","status-publish","hentry"],"_links":{"self":[{"href":"https:\/\/blog.uclm.es\/grupolabintic\/wp-json\/wp\/v2\/pages\/2394","targetHints":{"allow":["GET"]}}],"collection":[{"href":"https:\/\/blog.uclm.es\/grupolabintic\/wp-json\/wp\/v2\/pages"}],"about":[{"href":"https:\/\/blog.uclm.es\/grupolabintic\/wp-json\/wp\/v2\/types\/page"}],"author":[{"embeddable":true,"href":"https:\/\/blog.uclm.es\/grupolabintic\/wp-json\/wp\/v2\/users\/242"}],"replies":[{"embeddable":true,"href":"https:\/\/blog.uclm.es\/grupolabintic\/wp-json\/wp\/v2\/comments?post=2394"}],"version-history":[{"count":5,"href":"https:\/\/blog.uclm.es\/grupolabintic\/wp-json\/wp\/v2\/pages\/2394\/revisions"}],"predecessor-version":[{"id":2400,"href":"https:\/\/blog.uclm.es\/grupolabintic\/wp-json\/wp\/v2\/pages\/2394\/revisions\/2400"}],"wp:attachment":[{"href":"https:\/\/blog.uclm.es\/grupolabintic\/wp-json\/wp\/v2\/media?parent=2394"}],"curies":[{"name":"wp","href":"https:\/\/api.w.org\/{rel}","templated":true}]}}