{"id":1278,"date":"2021-02-09T23:26:07","date_gmt":"2021-02-09T22:26:07","guid":{"rendered":"http:\/\/blog.uclm.es\/grupolabintic\/?page_id=1278"},"modified":"2025-03-25T19:46:26","modified_gmt":"2025-03-25T19:46:26","slug":"1278-2","status":"publish","type":"page","link":"https:\/\/blog.uclm.es\/grupolabintic\/1278-2\/","title":{"rendered":"Proyectos"},"content":{"rendered":"\n<div class=\"wp-block-group\"><div class=\"wp-block-group__inner-container is-layout-constrained wp-block-group-is-layout-constrained\">\n<div class=\"wp-block-group\"><div class=\"wp-block-group__inner-container is-layout-constrained wp-block-group-is-layout-constrained\">\n<figure class=\"wp-block-image size-full is-resized\"><img loading=\"lazy\" decoding=\"async\" width=\"936\" height=\"150\" src=\"https:\/\/blog.uclm.es\/grupolabintic\/wp-content\/uploads\/sites\/174\/2025\/03\/logo-MICIU.png\" alt=\"\" class=\"wp-image-2591\" style=\"width:674px;height:auto\" srcset=\"https:\/\/blog.uclm.es\/grupolabintic\/wp-content\/uploads\/sites\/174\/2025\/03\/logo-MICIU.png 936w, https:\/\/blog.uclm.es\/grupolabintic\/wp-content\/uploads\/sites\/174\/2025\/03\/logo-MICIU-300x48.png 300w, https:\/\/blog.uclm.es\/grupolabintic\/wp-content\/uploads\/sites\/174\/2025\/03\/logo-MICIU-768x123.png 768w\" sizes=\"auto, (max-width: 767px) 89vw, (max-width: 1000px) 54vw, (max-width: 1071px) 543px, 580px\" \/><\/figure>\n\n\n\n<p><\/p>\n\n\n\n<h5 class=\"wp-block-heading\">Pensamiento computacional: Habilidades digitales para el siglo XXI desde una perspectiva inclusiva y equitativa de g\u00e9nero y rural (CT21FORALL)<\/h5>\n\n\n\n<p class=\"has-text-align-left\"><strong>Entidad financiadora:<\/strong>\u00a0Convocatoria de ayudas para Proyectos Estrat\u00e9gicos Orientados a la Transici\u00f3n Ecol\u00f3gica y a la Transici\u00f3n Digital.<a href=\"http:\/\/www.educa.jccm.es\/idiuniv\/es\/investigacion\/convocatorias-ayudas-proyectos-investigacion\/ayudas-proyectos-investigacion-transferencia-tecnologia\/convocatoria-ayudas-proyectos-investigacion-cientifica-tr-1\"><\/a>\u00a0Ministerio de Ciencia e Innovaci\u00f3n. <\/p>\n\n\n\n<p>Proyecto TED2021-131557B-IOO financiado por MICIN\/AEI\/10.13039\/501100000033 y por la Uni\u00f3n europea \u00abNextGenerationEU\u00bb\/PRTR<\/p>\n\n\n\n<p class=\"has-text-align-left\"><strong>Duraci\u00f3n desde:<\/strong>&nbsp;12\/1\/2022&nbsp; &nbsp; &nbsp; &nbsp; &nbsp; &nbsp; &nbsp; &nbsp; &nbsp; &nbsp; &nbsp; &nbsp; <strong>hasta:<\/strong>&nbsp;11\/30\/2024<\/p>\n\n\n\n<p class=\"has-text-align-left\"><strong>Investigadores responsables:<\/strong>\u00a0Dr. Ram\u00f3n C\u00f3zar Guti\u00e9rrez y Dr. Jos\u00e9 Antonio Gonz\u00e1lez-Calero<\/p>\n<\/div><\/div>\n\n\n\n<p class=\"has-text-align-center\">&#8212;&#8212;&#8212;&#8212;&#8212;&#8212;&#8212;&#8212;&#8212;&#8212;&#8212;&#8212;&#8212;&#8212;&#8212;&#8212;&#8212;&#8212;&#8212;&#8211;<\/p>\n<\/div><\/div>\n\n\n\n<div class=\"wp-block-group\"><div class=\"wp-block-group__inner-container is-layout-constrained wp-block-group-is-layout-constrained\">\n<div class=\"wp-block-group\"><div class=\"wp-block-group__inner-container is-layout-constrained wp-block-group-is-layout-constrained\">\n<figure class=\"wp-block-image size-full is-resized\"><img loading=\"lazy\" decoding=\"async\" width=\"2560\" height=\"991\" src=\"https:\/\/blog.uclm.es\/grupolabintic\/wp-content\/uploads\/sites\/174\/2021\/02\/jccm01-1-scaled-1.jpg\" alt=\"\" class=\"wp-image-1283\" style=\"width:674px;height:auto\" srcset=\"https:\/\/blog.uclm.es\/grupolabintic\/wp-content\/uploads\/sites\/174\/2021\/02\/jccm01-1-scaled-1.jpg 2560w, https:\/\/blog.uclm.es\/grupolabintic\/wp-content\/uploads\/sites\/174\/2021\/02\/jccm01-1-scaled-1-300x116.jpg 300w, https:\/\/blog.uclm.es\/grupolabintic\/wp-content\/uploads\/sites\/174\/2021\/02\/jccm01-1-scaled-1-1024x396.jpg 1024w, https:\/\/blog.uclm.es\/grupolabintic\/wp-content\/uploads\/sites\/174\/2021\/02\/jccm01-1-scaled-1-768x297.jpg 768w, https:\/\/blog.uclm.es\/grupolabintic\/wp-content\/uploads\/sites\/174\/2021\/02\/jccm01-1-scaled-1-1536x595.jpg 1536w, https:\/\/blog.uclm.es\/grupolabintic\/wp-content\/uploads\/sites\/174\/2021\/02\/jccm01-1-scaled-1-2048x793.jpg 2048w\" sizes=\"auto, (max-width: 767px) 89vw, (max-width: 1000px) 54vw, (max-width: 1071px) 543px, 580px\" \/><\/figure>\n\n\n\n<p><\/p>\n\n\n\n<h5 class=\"wp-block-heading\" id=\"block-9520a70a-da82-4bfc-b893-6eb98988aefb\">Dise\u00f1o e implementaci\u00f3n de modelos de ense\u00f1anza basados en errores y en Learning Analytics.<\/h5>\n\n\n\n<p id=\"block-8cc2343a-694f-4e5c-b1c0-a777c73ff1c0\"><strong>Entidad financiadora:<\/strong>&nbsp;Convocatoria de ayudas para proyectos de investigaci\u00f3n cient\u00edfica y transferencia tecnol\u00f3gica.<a href=\"http:\/\/www.educa.jccm.es\/idiuniv\/es\/investigacion\/convocatorias-ayudas-proyectos-investigacion\/ayudas-proyectos-investigacion-transferencia-tecnologia\/convocatoria-ayudas-proyectos-investigacion-cientifica-tr-1\"><\/a>&nbsp;Junta de Comunidades de Castilla-La Mancha<\/p>\n\n\n\n<p id=\"block-c0a8cf48-bb1d-4620-993d-c5d60a9da7ce\"><strong>Duraci\u00f3n desde:<\/strong>&nbsp;01\/01\/2020&nbsp; &nbsp; &nbsp; &nbsp; &nbsp; &nbsp; &nbsp; &nbsp; &nbsp; &nbsp; &nbsp; &nbsp; <strong>hasta:<\/strong>&nbsp;31\/12\/2022<\/p>\n\n\n\n<p id=\"block-a6ad3c87-8b52-4dc0-b2f2-4cc6619d5818\"><strong>Investigadores responsables:<\/strong>&nbsp;Dr. Jos\u00e9 Antonio Gonz\u00e1lez-Calero y Dr. Ram\u00f3n C\u00f3zar Guti\u00e9rrez<\/p>\n<\/div><\/div>\n\n\n\n<p class=\"has-text-align-center\">&#8212;&#8212;&#8212;&#8212;&#8212;&#8212;&#8212;&#8212;&#8212;&#8212;&#8212;&#8212;&#8212;&#8212;&#8212;&#8212;&#8212;&#8212;&#8212;&#8211;<\/p>\n<\/div><\/div>\n\n\n\n<div class=\"wp-block-group\"><div class=\"wp-block-group__inner-container is-layout-constrained wp-block-group-is-layout-constrained\">\n<div class=\"wp-block-group\"><div class=\"wp-block-group__inner-container is-layout-constrained wp-block-group-is-layout-constrained\">\n<figure class=\"wp-block-image size-full is-resized\"><img loading=\"lazy\" decoding=\"async\" width=\"764\" height=\"347\" src=\"https:\/\/blog.uclm.es\/grupolabintic\/wp-content\/uploads\/sites\/174\/2021\/02\/logoincities.jpg\" alt=\"\" class=\"wp-image-1281\" style=\"width:674px;height:auto\" srcset=\"https:\/\/blog.uclm.es\/grupolabintic\/wp-content\/uploads\/sites\/174\/2021\/02\/logoincities.jpg 764w, https:\/\/blog.uclm.es\/grupolabintic\/wp-content\/uploads\/sites\/174\/2021\/02\/logoincities-300x136.jpg 300w\" sizes=\"auto, (max-width: 706px) 89vw, (max-width: 767px) 82vw, 740px\" \/><\/figure>\n\n\n\n<h5 class=\"wp-block-heading\" id=\"block-9520a70a-da82-4bfc-b893-6eb98988aefb\">Dise\u00f1o, desarrollo y evaluaci\u00f3n de una App para promover el desarrollo de la Competencia Intercultural y Competencia TIC en docentes de Educaci\u00f3n Superior.<\/h5>\n\n\n\n<p><strong>Entidad financiadora:<\/strong>&nbsp;Fundaci\u00f3n Universidad del Norte (Colombia).<br>Contrato de asistencia t\u00e9cnica.<\/p>\n\n\n\n<p><strong>Duraci\u00f3n desde:<\/strong>&nbsp;01\/01\/2020&nbsp; &nbsp; &nbsp; &nbsp; &nbsp; &nbsp; &nbsp; &nbsp; &nbsp; &nbsp; &nbsp; &nbsp;&nbsp;<strong>hasta:<\/strong>&nbsp;31\/12\/2020<\/p>\n\n\n\n<p id=\"block-a6ad3c87-8b52-4dc0-b2f2-4cc6619d5818\"><strong>Investigadores responsables:<\/strong>&nbsp;Dr. Ram\u00f3n C\u00f3zar Guti\u00e9rrez y&nbsp;Dr. Jos\u00e9 Antonio Gonz\u00e1lez-Calero<\/p>\n<\/div><\/div>\n\n\n\n<p class=\"has-text-align-center\">&#8212;&#8212;&#8212;&#8212;&#8212;&#8212;&#8212;&#8212;&#8212;&#8212;&#8212;&#8212;&#8212;&#8212;&#8212;&#8212;&#8212;&#8212;&#8212;&#8211;<\/p>\n<\/div><\/div>\n\n\n\n<div class=\"wp-block-group\"><div class=\"wp-block-group__inner-container is-layout-constrained wp-block-group-is-layout-constrained\">\n<figure class=\"wp-block-image size-full is-resized\"><img loading=\"lazy\" decoding=\"async\" width=\"764\" height=\"347\" src=\"https:\/\/blog.uclm.es\/grupolabintic\/wp-content\/uploads\/sites\/174\/2024\/10\/entreculturas.jpg\" alt=\"\" class=\"wp-image-2481\" style=\"width:674px;height:auto\" srcset=\"https:\/\/blog.uclm.es\/grupolabintic\/wp-content\/uploads\/sites\/174\/2024\/10\/entreculturas.jpg 764w, https:\/\/blog.uclm.es\/grupolabintic\/wp-content\/uploads\/sites\/174\/2024\/10\/entreculturas-300x136.jpg 300w\" sizes=\"auto, (max-width: 706px) 89vw, (max-width: 767px) 82vw, 740px\" \/><\/figure>\n\n\n\n<h5 class=\"wp-block-heading\" id=\"block-9520a70a-da82-4bfc-b893-6eb98988aefb\">Aprendemos \u00abenter\u00bb culturas: a un click de la cohesi\u00f3n social intercultural.<\/h5>\n\n\n\n<p><strong>Entidad financiadora<\/strong>: Fundaci\u00f3n La Caixa<\/p>\n\n\n\n<p><strong>Duraci\u00f3n desde:<\/strong>&nbsp;01\/09\/2019&nbsp; &nbsp; &nbsp; &nbsp; &nbsp; &nbsp; &nbsp; &nbsp; &nbsp; &nbsp; &nbsp; &nbsp; &nbsp;&nbsp;<strong>hasta:<\/strong>&nbsp;31\/12\/2020<\/p>\n\n\n\n<p id=\"block-a6ad3c87-8b52-4dc0-b2f2-4cc6619d5818\"><strong>Investigadora responsable:<\/strong>&nbsp;Dra. Isabel G\u00f3mez Barreto&nbsp;<\/p>\n<\/div><\/div>\n\n\n\n<p class=\"has-text-align-center\">&#8212;&#8212;&#8212;&#8212;&#8212;&#8212;&#8212;&#8212;&#8212;&#8212;&#8212;&#8212;&#8212;&#8212;&#8212;&#8212;&#8212;&#8212;&#8212;&#8211;<\/p>\n\n\n\n<div class=\"wp-block-group\"><div class=\"wp-block-group__inner-container is-layout-constrained wp-block-group-is-layout-constrained\">\n<figure class=\"wp-block-image size-full is-resized\"><img loading=\"lazy\" decoding=\"async\" width=\"1450\" height=\"724\" src=\"https:\/\/blog.uclm.es\/grupolabintic\/wp-content\/uploads\/sites\/174\/2021\/02\/ayudas.jpeg\" alt=\"\" class=\"wp-image-1301\" style=\"width:674px;height:auto\" srcset=\"https:\/\/blog.uclm.es\/grupolabintic\/wp-content\/uploads\/sites\/174\/2021\/02\/ayudas.jpeg 1450w, https:\/\/blog.uclm.es\/grupolabintic\/wp-content\/uploads\/sites\/174\/2021\/02\/ayudas-300x150.jpeg 300w, https:\/\/blog.uclm.es\/grupolabintic\/wp-content\/uploads\/sites\/174\/2021\/02\/ayudas-1024x511.jpeg 1024w, https:\/\/blog.uclm.es\/grupolabintic\/wp-content\/uploads\/sites\/174\/2021\/02\/ayudas-768x383.jpeg 768w\" sizes=\"auto, (max-width: 767px) 89vw, (max-width: 1000px) 54vw, (max-width: 1071px) 543px, 580px\" \/><\/figure>\n\n\n\n<h5 class=\"wp-block-heading\" id=\"block-9520a70a-da82-4bfc-b893-6eb98988aefb\">Laboratorio de integraci\u00f3n de las TIC en el aula.<\/h5>\n\n\n\n<p><strong>Entidad financiadora:<\/strong>&nbsp;UCLM \u2013 Vicerrectorado de Investigaci\u00f3n \u2013 Fondo Europeo de Desarrollo Regional.<\/p>\n\n\n\n<p><strong>Duraci\u00f3n desde:<\/strong>&nbsp;01\/01\/2015&nbsp; &nbsp; &nbsp; &nbsp; &nbsp; &nbsp; &nbsp; &nbsp; &nbsp; &nbsp; &nbsp; &nbsp; &nbsp;<strong>&nbsp;hasta:<\/strong>&nbsp;31\/12\/2020<\/p>\n\n\n\n<p id=\"block-a6ad3c87-8b52-4dc0-b2f2-4cc6619d5818\"><strong>Investigadores responsables:<\/strong>&nbsp;Dr. Ram\u00f3n C\u00f3zar Guti\u00e9rrez y&nbsp;Dr. Jos\u00e9 Antonio Gonz\u00e1lez-Calero<\/p>\n<\/div><\/div>\n\n\n\n<p class=\"has-text-align-center\">&#8212;&#8212;&#8212;&#8212;&#8212;&#8212;&#8212;&#8212;&#8212;&#8212;&#8212;&#8212;&#8212;&#8212;&#8212;&#8212;&#8212;&#8212;&#8212;&#8211;<\/p>\n\n\n\n<div class=\"wp-block-group\"><div class=\"wp-block-group__inner-container is-layout-constrained wp-block-group-is-layout-constrained\">\n<figure class=\"wp-block-image size-full is-resized\"><img loading=\"lazy\" decoding=\"async\" width=\"1450\" height=\"724\" src=\"https:\/\/blog.uclm.es\/grupolabintic\/wp-content\/uploads\/sites\/174\/2021\/02\/ucci.jpeg\" alt=\"\" class=\"wp-image-1312\" style=\"width:674px;height:auto\" srcset=\"https:\/\/blog.uclm.es\/grupolabintic\/wp-content\/uploads\/sites\/174\/2021\/02\/ucci.jpeg 1450w, https:\/\/blog.uclm.es\/grupolabintic\/wp-content\/uploads\/sites\/174\/2021\/02\/ucci-300x150.jpeg 300w, https:\/\/blog.uclm.es\/grupolabintic\/wp-content\/uploads\/sites\/174\/2021\/02\/ucci-1024x511.jpeg 1024w, https:\/\/blog.uclm.es\/grupolabintic\/wp-content\/uploads\/sites\/174\/2021\/02\/ucci-768x383.jpeg 768w\" sizes=\"auto, (max-width: 767px) 89vw, (max-width: 1000px) 54vw, (max-width: 1071px) 543px, 580px\" \/><\/figure>\n\n\n\n<h5 class=\"wp-block-heading\" id=\"block-9520a70a-da82-4bfc-b893-6eb98988aefb\">Pensamiento Computacional Docente: cimientos para una escuela STEAM.<\/h5>\n\n\n\n<p><strong>Entidad financiadora:<\/strong>&nbsp;Convocatoria de Ayudas a la Realizaci\u00f3n de<br>Proyectos de Divulgaci\u00f3n (ARPD). Unidad de Cultura Cient\u00edfica e Innovaci\u00f3n UCLM<\/p>\n\n\n\n<p><strong>Duraci\u00f3n desde:<\/strong>&nbsp;7\/03\/2021&nbsp; &nbsp; &nbsp; &nbsp; &nbsp; &nbsp; &nbsp; &nbsp; &nbsp; &nbsp; &nbsp; &nbsp; &nbsp;<strong>hasta:<\/strong>&nbsp;31\/12\/2021<\/p>\n\n\n\n<p id=\"block-a6ad3c87-8b52-4dc0-b2f2-4cc6619d5818\"><strong>Investigador responsable:&nbsp;<\/strong>Dr. Jos\u00e9 Antonio Gonz\u00e1lez-Calero<\/p>\n<\/div><\/div>\n\n\n\n<p class=\"has-text-align-center\">&#8212;&#8212;&#8212;&#8212;&#8212;&#8212;&#8212;&#8212;&#8212;&#8212;&#8212;&#8212;&#8212;&#8212;&#8212;&#8212;&#8212;&#8212;&#8212;&#8211;<\/p>\n\n\n\n<div class=\"wp-block-group\"><div class=\"wp-block-group__inner-container is-layout-constrained wp-block-group-is-layout-constrained\">\n<figure class=\"wp-block-image size-full is-resized\"><img loading=\"lazy\" decoding=\"async\" width=\"1450\" height=\"724\" src=\"https:\/\/blog.uclm.es\/grupolabintic\/wp-content\/uploads\/sites\/174\/2021\/02\/edusteam.jpeg\" alt=\"\" class=\"wp-image-1332\" style=\"width:674px;height:auto\" srcset=\"https:\/\/blog.uclm.es\/grupolabintic\/wp-content\/uploads\/sites\/174\/2021\/02\/edusteam.jpeg 1450w, https:\/\/blog.uclm.es\/grupolabintic\/wp-content\/uploads\/sites\/174\/2021\/02\/edusteam-300x150.jpeg 300w, https:\/\/blog.uclm.es\/grupolabintic\/wp-content\/uploads\/sites\/174\/2021\/02\/edusteam-1024x511.jpeg 1024w, https:\/\/blog.uclm.es\/grupolabintic\/wp-content\/uploads\/sites\/174\/2021\/02\/edusteam-768x383.jpeg 768w\" sizes=\"auto, (max-width: 767px) 89vw, (max-width: 1000px) 54vw, (max-width: 1071px) 543px, 580px\" \/><\/figure>\n\n\n\n<h5 class=\"wp-block-heading\" id=\"block-9520a70a-da82-4bfc-b893-6eb98988aefb\">Edu-STEAM-Labs. Talleres para fomentar las vocaciones cient\u00edficas y<br>tecnol\u00f3gicas en el alumnado de Educaci\u00f3n Primaria.<\/h5>\n\n\n\n<p><strong>Entidad financiadora:<\/strong>&nbsp;Convocatoria de Ayudas a la Realizaci\u00f3n de<br>Proyectos de Divulgaci\u00f3n (ARPD). Unidad de Cultura Cient\u00edfica e Innovaci\u00f3n UCLM<\/p>\n\n\n\n<p><strong>Duraci\u00f3n desde:<\/strong>&nbsp;27\/02\/2020&nbsp; &nbsp; &nbsp; &nbsp; &nbsp; &nbsp; &nbsp; &nbsp; &nbsp; &nbsp; &nbsp; &nbsp; &nbsp;<strong>&nbsp;hasta:<\/strong>&nbsp;31\/12\/2020<\/p>\n\n\n\n<p id=\"block-a6ad3c87-8b52-4dc0-b2f2-4cc6619d5818\"><strong>Investigadores responsables:&nbsp;<\/strong>Dr. Ram\u00f3n C\u00f3zar Guti\u00e9rrez y Dr. Jos\u00e9 Antonio Gonz\u00e1lez-Calero&nbsp;<\/p>\n<\/div><\/div>\n\n\n\n<p class=\"has-text-align-center\">&#8212;&#8212;&#8212;&#8212;&#8212;&#8212;&#8212;&#8212;&#8212;&#8212;&#8212;&#8212;&#8212;&#8212;&#8212;&#8212;&#8212;&#8212;&#8212;&#8211;<\/p>\n\n\n\n<div class=\"wp-block-group\"><div class=\"wp-block-group__inner-container is-layout-constrained wp-block-group-is-layout-constrained\">\n<figure class=\"wp-block-image size-full is-resized\"><img loading=\"lazy\" decoding=\"async\" width=\"768\" height=\"246\" src=\"https:\/\/blog.uclm.es\/grupolabintic\/wp-content\/uploads\/sites\/174\/2021\/02\/docencia.jpg\" alt=\"\" class=\"wp-image-1307\" style=\"width:674px;height:auto\" srcset=\"https:\/\/blog.uclm.es\/grupolabintic\/wp-content\/uploads\/sites\/174\/2021\/02\/docencia.jpg 768w, https:\/\/blog.uclm.es\/grupolabintic\/wp-content\/uploads\/sites\/174\/2021\/02\/docencia-300x96.jpg 300w\" sizes=\"auto, (max-width: 767px) 89vw, (max-width: 1000px) 54vw, (max-width: 1071px) 543px, 580px\" \/><\/figure>\n\n\n\n<h5 class=\"wp-block-heading\" id=\"block-9520a70a-da82-4bfc-b893-6eb98988aefb\">Construcci\u00f3n de un modelo de acreditaci\u00f3n de trayectorias de aprendizaje para la formaci\u00f3n de maestros digitalmente competentes.<\/h5>\n\n\n\n<p><strong>Entidad financiadora:<\/strong>&nbsp;UCLM \u2013 Vicerrectorado de Docencia<\/p>\n\n\n\n<p><strong>Duraci\u00f3n desde:<\/strong>&nbsp;30\/11\/2017&nbsp; &nbsp; &nbsp; &nbsp; &nbsp; &nbsp; &nbsp; &nbsp; &nbsp; &nbsp; &nbsp; &nbsp;&nbsp;<strong>&nbsp; hasta:<\/strong>&nbsp;15\/03\/2019<\/p>\n\n\n\n<p id=\"block-a6ad3c87-8b52-4dc0-b2f2-4cc6619d5818\"><strong>Investigador responsable:<\/strong>&nbsp;Dr. Jos\u00e9 Antonio Gonz\u00e1lez-Calero Somoza<\/p>\n<\/div><\/div>\n\n\n\n<p class=\"has-text-align-center\">&#8212;&#8212;&#8212;&#8212;&#8212;&#8212;&#8212;&#8212;&#8212;&#8212;&#8212;&#8212;&#8212;&#8212;&#8212;&#8212;&#8212;&#8212;&#8212;&#8211;<\/p>\n\n\n\n<div class=\"wp-block-group\"><div class=\"wp-block-group__inner-container is-layout-constrained wp-block-group-is-layout-constrained\">\n<figure class=\"wp-block-image size-full is-resized\"><img loading=\"lazy\" decoding=\"async\" width=\"768\" height=\"246\" src=\"https:\/\/blog.uclm.es\/grupolabintic\/wp-content\/uploads\/sites\/174\/2021\/02\/docencia.jpg\" alt=\"\" class=\"wp-image-1307\" style=\"width:674px;height:auto\" srcset=\"https:\/\/blog.uclm.es\/grupolabintic\/wp-content\/uploads\/sites\/174\/2021\/02\/docencia.jpg 768w, https:\/\/blog.uclm.es\/grupolabintic\/wp-content\/uploads\/sites\/174\/2021\/02\/docencia-300x96.jpg 300w\" sizes=\"auto, (max-width: 767px) 89vw, (max-width: 1000px) 54vw, (max-width: 1071px) 543px, 580px\" \/><\/figure>\n\n\n\n<h5 class=\"wp-block-heading\" id=\"block-9520a70a-da82-4bfc-b893-6eb98988aefb\">Nuevos escenarios de aprendizaje: hacia una alfabetizaci\u00f3n digital real de los futuros maestros.<\/h5>\n\n\n\n<p><strong>Entidad financiadora:<\/strong>&nbsp;UCLM \u2013 Vicerrectorado de Docencia<\/p>\n\n\n\n<p><strong>Duraci\u00f3n desde:<\/strong>&nbsp;24\/04\/2015&nbsp;&nbsp;&nbsp;&nbsp;&nbsp;&nbsp;&nbsp;&nbsp;&nbsp;&nbsp;&nbsp;&nbsp;&nbsp;&nbsp;&nbsp;&nbsp;&nbsp;&nbsp;&nbsp;&nbsp;&nbsp;&nbsp;&nbsp;&nbsp;<strong>&nbsp; hasta:<\/strong>&nbsp;15\/07\/2016<\/p>\n\n\n\n<p id=\"block-a6ad3c87-8b52-4dc0-b2f2-4cc6619d5818\"><strong>Investigador responsable:<\/strong>&nbsp;Dr. Ram\u00f3n C\u00f3zar Guti\u00e9rrez<\/p>\n<\/div><\/div>\n\n\n\n<p class=\"has-text-align-center\">&#8212;&#8212;&#8212;&#8212;&#8212;&#8212;&#8212;&#8212;&#8212;&#8212;&#8212;&#8212;&#8212;&#8212;&#8212;&#8212;&#8212;&#8212;&#8212;&#8211;<\/p>\n","protected":false},"excerpt":{"rendered":"<p>Pensamiento computacional: Habilidades digitales para el siglo XXI desde una perspectiva inclusiva y equitativa de g\u00e9nero y rural (CT21FORALL) Entidad financiadora:\u00a0Convocatoria de ayudas para Proyectos Estrat\u00e9gicos Orientados a la Transici\u00f3n Ecol\u00f3gica y a la Transici\u00f3n Digital.\u00a0Ministerio de Ciencia e Innovaci\u00f3n. Proyecto TED2021-131557B-IOO financiado por MICIN\/AEI\/10.13039\/501100000033 y por la Uni\u00f3n europea \u00abNextGenerationEU\u00bb\/PRTR Duraci\u00f3n desde:&nbsp;12\/1\/2022&nbsp; &nbsp; &nbsp; &hellip; <\/p>\n<p class=\"link-more\"><a href=\"https:\/\/blog.uclm.es\/grupolabintic\/1278-2\/\" class=\"more-link\">Continuar leyendo<span class=\"screen-reader-text\"> \u00abProyectos\u00bb<\/span><\/a><\/p>\n","protected":false},"author":237,"featured_media":0,"parent":0,"menu_order":0,"comment_status":"closed","ping_status":"closed","template":"page-no-separators","meta":{"footnotes":""},"class_list":["post-1278","page","type-page","status-publish","hentry"],"_links":{"self":[{"href":"https:\/\/blog.uclm.es\/grupolabintic\/wp-json\/wp\/v2\/pages\/1278","targetHints":{"allow":["GET"]}}],"collection":[{"href":"https:\/\/blog.uclm.es\/grupolabintic\/wp-json\/wp\/v2\/pages"}],"about":[{"href":"https:\/\/blog.uclm.es\/grupolabintic\/wp-json\/wp\/v2\/types\/page"}],"author":[{"embeddable":true,"href":"https:\/\/blog.uclm.es\/grupolabintic\/wp-json\/wp\/v2\/users\/237"}],"replies":[{"embeddable":true,"href":"https:\/\/blog.uclm.es\/grupolabintic\/wp-json\/wp\/v2\/comments?post=1278"}],"version-history":[{"count":15,"href":"https:\/\/blog.uclm.es\/grupolabintic\/wp-json\/wp\/v2\/pages\/1278\/revisions"}],"predecessor-version":[{"id":2593,"href":"https:\/\/blog.uclm.es\/grupolabintic\/wp-json\/wp\/v2\/pages\/1278\/revisions\/2593"}],"wp:attachment":[{"href":"https:\/\/blog.uclm.es\/grupolabintic\/wp-json\/wp\/v2\/media?parent=1278"}],"curies":[{"name":"wp","href":"https:\/\/api.w.org\/{rel}","templated":true}]}}