{"id":74,"date":"2017-01-24T11:08:32","date_gmt":"2017-01-24T10:08:32","guid":{"rendered":"http:\/\/blog.uclm.es\/santiagoexposito\/?page_id=74"},"modified":"2022-10-28T09:07:43","modified_gmt":"2022-10-28T09:07:43","slug":"inicio","status":"publish","type":"page","link":"https:\/\/blog.uclm.es\/grupola2ic\/","title":{"rendered":"Inicio"},"content":{"rendered":"<p><img loading=\"lazy\" decoding=\"async\" class=\"aligncenter wp-image-75 size-full\" src=\"https:\/\/blog.uclm.es\/grupola2ic\/wp-content\/uploads\/sites\/38\/2017\/01\/foto.png\" alt=\"\" width=\"509\" height=\"295\" srcset=\"https:\/\/blog.uclm.es\/grupola2ic\/wp-content\/uploads\/sites\/38\/2017\/01\/foto.png 509w, https:\/\/blog.uclm.es\/grupola2ic\/wp-content\/uploads\/sites\/38\/2017\/01\/foto-300x174.png 300w, https:\/\/blog.uclm.es\/grupola2ic\/wp-content\/uploads\/sites\/38\/2017\/01\/foto-500x290.png 500w\" sizes=\"auto, (max-width: 509px) 100vw, 509px\" \/><\/p>\n<p><strong>Profesor: Dr. SANTIAGO EXP\u00d3SITO PAJE<\/strong><\/p>\n<p>Universidad de Castilla-La Mancha<br \/>\nE.T.S. de Ingenieros de Caminos, Canales y Puertos<br \/>\nDpto. F\u00edsica Aplicada<\/p>\n<p>Avda. Camilo Jos\u00e9 Cela s\/n<br \/>\n13071 Ciudad Real,<br \/>\nEspa\u00f1a<br \/>\nTelf.: (+34) 902 204 100, ext. 3270<br \/>\nTelf.:\u00a0(+34) 926 29 54 17<br \/>\ne-mail:<span style=\"color: #3366ff\"> <b><a style=\"color: #3366ff\" href=\"mailto:santiago.exposito@uclm.es\">santiago.exposito@uclm.es<\/a><\/b><\/span><\/p>\n<h5><\/h5>\n<h5><strong><span style=\"color: #ff0000\">Breve curr\u00edculum vitae<\/span><\/strong><\/h5>\n<p><strong>Categor\u00eda profesional<\/strong>: Catedr\u00e1tico\u00a0de Universidad (Universidad de Castilla-La Mancha).<\/p>\n<p><strong>Formaci\u00f3n Acad\u00e9mica:<\/strong><\/p>\n<p><strong>\u00a0&#8211;<\/strong>Licenciado en Ciencias F\u00edsicas, Facultad de Ciencias F\u00edsicas, Universidad Complutense de Madrid (UCM), 1990.<br \/>\n-Especialista en Inspecci\u00f3n de Materiales, Facultad de Ciencias Qu\u00edmicas, UCM, 1991.<\/p>\n<p><strong>Doctorado: \u00a0 \u00a0 \u00a0 \u00a0 \u00a0 \u00a0 \u00a0 \u00a0 \u00a0 \u00a0 \u00a0 \u00a0 \u00a0 \u00a0 \u00a0 \u00a0 \u00a0 \u00a0 \u00a0 \u00a0 \u00a0 \u00a0 \u00a0 \u00a0 \u00a0 \u00a0 \u00a0 \u00a0 \u00a0 \u00a0 \u00a0 \u00a0 \u00a0 \u00a0 \u00a0 \u00a0 \u00a0 \u00a0 \u00a0 \u00a0 \u00a0 \u00a0 \u00a0 \u00a0 \u00a0 \u00a0 \u00a0 \u00a0 \u00a0\u00a0<\/strong><\/p>\n<p>-Doctor en Ciencias F\u00edsicas.\u00a0Departamento de F\u00edsica de Materiales, Facultad de Ciencias F\u00edsicas .\u00a0Universidad Complutense de Madrid, 1995.<\/p>\n<p><strong>Actividades de car\u00e1cter cient\u00edfico profesional:<\/strong><\/p>\n<p>-Profesor Ayudante de E.U., Tiempo Completo, UCM, 1990-1995.<br \/>\n-Profesor Asociado, Tiempo Completo, UCM, 1995-1996.<br \/>\n-Profesor Ayudante de Facultad, Tiempo Completo, UCM, 1996- 2000.<br \/>\n-Profesor Asociado, Tiempo Completo, UCLM, 2000-2001. \u00a0 \u00a0 \u00a0 &#8211; Profesor Titular Universidad, UCLM, 2001-<\/p>\n<p>-Coordinador de Pr\u00e1cticas Externas, E.T.S. de Ingenieros de Caminos, Canales y Puertos, Universidad de Casilla-La Mancha (UCLM), 2003-2004.<\/p>\n<p>&#8211; Subdirector E.T.S. de Ingenieros de Caminos Canales y Puertos, Universidad de Castilla-La Mancha (UCLM), 2004-2005.<\/p>\n<p>-Direcci\u00f3n LA<sup>2<\/sup>IC (Laboratorio de Ac\u00fastica Aplicada a la Ingenier\u00eda Civil) Universidad de Castilla-La Mancha, 2005-<\/p>\n<p>-Coordinador del Programa de Doctorado en Territorio, Infraestructuras y Medio Ambiente, E.T.S. de Ingenieros de Caminos, Canales y Puertos, Universidad de Casilla-La Mancha (UCLM), 2014-2015 .<\/p>\n<p><strong>L\u00edneas de Investigaci\u00f3n:<\/strong><\/p>\n<p>\u00b7\u00a0\u00a0\u00a0\u00a0Espectroscopia \u00f3ptica de materiales cer\u00e1micos y monocristales de <em>Zr0<sub>2<\/sub><\/em><\/p>\n<p>\u00b7\u00a0\u00a0\u00a0\u00a0Propiedades \u00f3pticas de vidrios dopados con <em>Ag<\/em>.<\/p>\n<p>\u00b7\u00a0\u00a0\u00a0\u00a0Propiedades el\u00e9ctricas y magn\u00e9ticas de pel\u00edculas delgadas con <em>Ag<\/em>.<\/p>\n<p>\u00b7\u00a0\u00a0\u00a0\u00a0Propiedades ac\u00fasticas de materiales asf\u00e1lticos.<\/p>\n<p>\u00b7\u00a0\u00a0\u00a0\u00a0Auscultaci\u00f3n ac\u00fastica de carreteras.<\/p>\n<p>\u00b7 \u00a0 \u00a0 Evaluaci\u00f3n y control del ruido ambiental por infraestructuras de transporte y urbano.<\/p>\n<p><strong>\u00a0<\/strong><strong>\u2013 Estancias en centros de investigaci\u00f3n en el extranjero (m\u00e1s de tres meses): <\/strong>2<\/p>\n<p><strong>\u00a0<\/strong><strong>\u2013 Tesis Doctorales dirigidas:\u00a0<\/strong>3<\/p>\n<p><strong>\u00a0<\/strong><strong>\u2013 Tesis Doctorales en realizaci\u00f3n: <\/strong>1<\/p>\n<p><strong>\u2013 DEAS y TIT Dirigidos:<\/strong>\u00a03<\/p>\n<p><strong>\u2013 Autor de m\u00e1s de 50 art\u00edculos cient\u00edficos internacionales SCI<\/strong><\/p>\n<p><strong>\u2013 Proyectos de investigaci\u00f3n financiados por entidades p\u00fablicas como I.P.: \u00a0 \u00a0 \u00a0<\/strong>11<\/p>\n<p><strong>\u00a0<\/strong><strong>\u2013 Proyectos de investigaci\u00f3n financiados por Empresas como I.P.: \u00a0 \u00a0 \u00a0<\/strong>6<\/p>\n<p><strong>\u2013 Gesti\u00f3n de m\u00e1s de 1 Mill\u00f3n\u00a0\u20ac en I+D+i como I.P.<\/strong><\/p>\n<p><strong>\u2013 Autor\/coautor de libros: \u00a0 \u00a0 \u00a0<\/strong>7<\/p>\n<p><em><strong><u>Otros m\u00e9ritos<\/u><\/strong><\/em><\/p>\n<p><strong>Censor de revistas cient\u00edficas internacionales<\/strong>: Journal of Acoustical Society of America, Optical Materials, \u2026<\/p>\n<p><strong>\u00a0<\/strong><strong>Miembro de asociaciones cient\u00edficas:\u00a0<\/strong>Miembro de la Real Sociedad Espa\u00f1ola de F\u00edsica.<\/p>\n<p>Creador del <strong>Laboratorio de Ac\u00fastica Aplicada a la Ingenier\u00eda Civil<\/strong> (<em>LA<sup>2<\/sup>IC<\/em>) &#8211; UCLM.<\/p>\n<p>EVALUADOR de la <strong>Agencia Nacional de Evaluaci\u00f3n y Prospectiva <\/strong>(ANEP) del Ministerio de Ciencia e Innovaci\u00f3n para proyectos de convocatoria CDTI. Plan Estatal de Investigaci\u00f3n Cient\u00edfica y T\u00e9cnica y de Innovaci\u00f3n, Programa Nacional de Investigaci\u00f3n Cient\u00edfica, Desarrollo e Innovaci\u00f3n Tecnol\u00f3gica, Planes Comunidades Aut\u00f3nomas\u2026<\/p>\n","protected":false},"excerpt":{"rendered":"<p>Profesor: Dr. SANTIAGO EXP\u00d3SITO PAJE Universidad de Castilla-La Mancha E.T.S. de Ingenieros de Caminos, Canales y Puertos Dpto. F\u00edsica Aplicada Avda. Camilo Jos\u00e9 Cela s\/n 13071 Ciudad Real, Espa\u00f1a Telf.: (+34) 902 204 100, ext. 3270 Telf.:\u00a0(+34) 926 29 54 &hellip; <a href=\"https:\/\/blog.uclm.es\/grupola2ic\/\">Sigue leyendo <span class=\"meta-nav\">&rarr;<\/span><\/a><\/p>\n","protected":false},"author":96,"featured_media":0,"parent":0,"menu_order":0,"comment_status":"closed","ping_status":"closed","template":"","meta":{"footnotes":""},"class_list":["post-74","page","type-page","status-publish","hentry"],"_links":{"self":[{"href":"https:\/\/blog.uclm.es\/grupola2ic\/wp-json\/wp\/v2\/pages\/74","targetHints":{"allow":["GET"]}}],"collection":[{"href":"https:\/\/blog.uclm.es\/grupola2ic\/wp-json\/wp\/v2\/pages"}],"about":[{"href":"https:\/\/blog.uclm.es\/grupola2ic\/wp-json\/wp\/v2\/types\/page"}],"author":[{"embeddable":true,"href":"https:\/\/blog.uclm.es\/grupola2ic\/wp-json\/wp\/v2\/users\/96"}],"replies":[{"embeddable":true,"href":"https:\/\/blog.uclm.es\/grupola2ic\/wp-json\/wp\/v2\/comments?post=74"}],"version-history":[{"count":2,"href":"https:\/\/blog.uclm.es\/grupola2ic\/wp-json\/wp\/v2\/pages\/74\/revisions"}],"predecessor-version":[{"id":384,"href":"https:\/\/blog.uclm.es\/grupola2ic\/wp-json\/wp\/v2\/pages\/74\/revisions\/384"}],"wp:attachment":[{"href":"https:\/\/blog.uclm.es\/grupola2ic\/wp-json\/wp\/v2\/media?parent=74"}],"curies":[{"name":"wp","href":"https:\/\/api.w.org\/{rel}","templated":true}]}}