{"id":122,"date":"2017-01-25T08:54:57","date_gmt":"2017-01-25T07:54:57","guid":{"rendered":"http:\/\/blog.uclm.es\/santiagoexposito\/?page_id=122"},"modified":"2022-10-31T17:57:56","modified_gmt":"2022-10-31T17:57:56","slug":"mapas-de-ruido-de-rodadura_tra2016","status":"publish","type":"page","link":"https:\/\/blog.uclm.es\/grupola2ic\/mapas-de-ruido-de-rodadura_tra2016\/","title":{"rendered":"Proyecto TRA216_ MAPAS de RUIDO de RODADURA"},"content":{"rendered":"<p style=\"text-align: center\"><img decoding=\"async\" src=\"https:\/\/blog.uclm.es\/santiagoexposito\/wp-content\/uploads\/sites\/96\/2017\/01\/x-scaled.jpg\" \/><\/p>\n<p><span style=\"color: #0000ff\">Uno de los objetivos espec\u00edficos de Horizonte 2020, y de la estrategia Espa\u00f1ola de ciencia, tecnolog\u00eda e innovaci\u00f3n 2013-2020, <strong>Retos de\u00a0la Sociedad<\/strong>, es lograr un sistema Europeo de transporte m\u00e1s eficaz en el uso de los recursos, respetuoso con el medio ambiente y\u00a0seguro.<\/span><\/p>\n<p><span style=\"color: #0000ff\">Acciones como la creaci\u00f3n de <strong>mapas de ruido de rodadura<\/strong> y caracter\u00edsticas superficiales, y la reutilizaci\u00f3n de\u00a0materiales de desecho (material retirado de capas de rodadura agotadas: RAP y polvo de caucho proveniente de neum\u00e1ticos fuera de\u00a0uso: NFU) en la construcci\u00f3n de nuevas carreteras, suponen un paso adelante en el objetivo de hacer un uso m\u00e1s eficiente de los\u00a0recursos.<\/span><\/p>\n<p><span style=\"color: #0000ff\">Las acciones relacionadas con la construcci\u00f3n de firmes m\u00e1s inteligentes (<strong>capas de rodadura con caracter\u00edsticas superficiales\u00a0optimizadas<\/strong> y utilizaci\u00f3n de RAP\/NFU) contribuyen, por tanto, en la consecuci\u00f3n de una sociedad con <strong>baja emisi\u00f3n de carbono y de ruido-vibraciones<\/strong>,\u00a0una sociedad con carreteras m\u00e1s seguras, confortables y medioambientalmente amigables (Transporte inteligente, sostenible\u00a0e integrado; Acci\u00f3n sobre el cambio clim\u00e1tico y eficiencia en la utilizaci\u00f3n de recursos y materias primas).<\/span><\/p>\n<p><span style=\"color: #0000ff\">Este proyecto de investigaci\u00f3n tiene como objetivo el estudio y caracterizaci\u00f3n de nuevas capas de rodadura (mezclas bituminosas) con\u00a0material reciclado y caracter\u00edsticas optimizadas. Esta investigaci\u00f3n permitir\u00e1 en el futuro el dise\u00f1o de carreteras m\u00e1s confortables,\u00a0seguras y medioambientalmente amigables.<\/span><\/p>\n<p><img loading=\"lazy\" decoding=\"async\" class=\"aligncenter  wp-image-246\" src=\"https:\/\/blog.uclm.es\/santiagoexposito\/wp-content\/uploads\/sites\/96\/2017\/01\/LOGO-TRA2016.jpg\" alt=\"\" width=\"343\" height=\"193\" \/><\/p>\n<hr \/>\n<p style=\"text-align: center\"><a href=\"http:\/\/www.uclm.es\/organos\/vic_investigacion\/contratacion\/convocatoriaContratacion_nuevo.asp?cod_convocatoria=8139&amp;tema=\">Contrato con cargo a Proyecto de Investigaci\u00f3n<\/a><\/p>\n<h3>CONVOCATORIA DE CONTRATACI\u00d3N LABORAL TEMPORAL.\u00a0Ref.: 2017-COB-6342.<\/h3>\n<p>Proyecto <span class=\"negrita\">MAPAS DE RUIDO DE RODADURA Y CARACTER\u00cdSTICAS SUPERFICIALES: PAVIMENTOS SONO-REDUCTORES. TRA2016-77418-R . (AEI \/ FEDER, UE).<\/span><\/p>\n<hr \/>\n<p><strong><span style=\"color: #3366ff\"><a style=\"color: #3366ff\" href=\"https:\/\/blog.uclm.es\/santiagoexposito\/wp-content\/uploads\/sites\/96\/2017\/01\/0Informe-Tecnicas-experimentales-Ensayos-La2ic.pdf\">0Informe T\u00e9cnicas Experimentales Ensayos -La2ic<\/a><\/span><\/strong><\/p>\n<p style=\"text-align: center\"><img loading=\"lazy\" decoding=\"async\" class=\"aligncenter size-full wp-image-250\" src=\"https:\/\/blog.uclm.es\/santiagoexposito\/wp-content\/uploads\/sites\/96\/2017\/01\/Informe-Tecnicas-Experimentales-LA2IC.jpg\" alt=\"\" width=\"1280\" height=\"720\" \/><\/p>\n<p style=\"text-align: center\"><a href=\"https:\/\/www.youtube.com\/watch?v=BkKrhkWCdlA\">Medida de Ruido de Rodadura y Caracter\u00edsticas Funcionales del Pavimento<\/a><\/p>\n<p><a href=\"https:\/\/www.youtube.com\/watch?v=BkKrhkWCdlA&amp;vl=en\"><img loading=\"lazy\" decoding=\"async\" class=\"wp-image-263 aligncenter\" src=\"https:\/\/blog.uclm.es\/santiagoexposito\/wp-content\/uploads\/sites\/96\/2017\/01\/Medida-Ruido-Rodadura-Caracteristicas-Funcionales-Pavimento-300x169.jpg\" alt=\"\" width=\"554\" height=\"312\" \/><\/a><\/p>\n<p style=\"text-align: center\"><strong>Video<\/strong>:\u00a0<a href=\"https:\/\/www.youtube.com\/watch?v=BkKrhkWCdlA\">https:\/\/www.youtube.com\/watch?v=BkKrhkWCdlA<\/a><\/p>\n<h1><\/h1>\n<h1><strong>Jornada: Mapas de Ruido de Rodadura: Pavimentos Sono-Reductores<\/strong><\/h1>\n<h2><strong>Bolet\u00edn de Inscripci\u00f3n y Programa de la Jornada MR2<\/strong><\/h2>\n<p style=\"padding-left: 60px;text-align: left\">Descarga <a href=\"https:\/\/blog.uclm.es\/santiagoexposito\/wp-content\/uploads\/sites\/96\/2017\/03\/Jornada-Mapas-de-Ruido-de-Rodadura-Pavimentos-Sono-Reductores.pdf\"><span style=\"color: #99cc00\"><strong>Mapas de Ruido de Rodadura. \u00a0<\/strong><\/span><span style=\"color: #99cc00\"><strong>Pavimentos Sono-Reductores<\/strong><\/span><\/a><\/p>\n<p>Ciudad Real, 27 abril, 2017<\/p>\n<p><img loading=\"lazy\" decoding=\"async\" class=\"aligncenter wp-image-305 size-full\" src=\"https:\/\/blog.uclm.es\/santiagoexposito\/wp-content\/uploads\/sites\/96\/2017\/01\/MR2b.jpg\" width=\"1280\" height=\"720\" srcset=\"https:\/\/blog.uclm.es\/grupola2ic\/wp-content\/uploads\/sites\/38\/2017\/01\/MR2b.jpg 1280w, https:\/\/blog.uclm.es\/grupola2ic\/wp-content\/uploads\/sites\/38\/2017\/01\/MR2b-300x169.jpg 300w, https:\/\/blog.uclm.es\/grupola2ic\/wp-content\/uploads\/sites\/38\/2017\/01\/MR2b-1024x576.jpg 1024w, https:\/\/blog.uclm.es\/grupola2ic\/wp-content\/uploads\/sites\/38\/2017\/01\/MR2b-768x432.jpg 768w, https:\/\/blog.uclm.es\/grupola2ic\/wp-content\/uploads\/sites\/38\/2017\/01\/MR2b-500x281.jpg 500w\" sizes=\"auto, (max-width: 1280px) 100vw, 1280px\" \/><\/p>\n<p><img loading=\"lazy\" decoding=\"async\" class=\"wp-image-304 size-full aligncenter\" src=\"https:\/\/blog.uclm.es\/santiagoexposito\/wp-content\/uploads\/sites\/96\/2017\/01\/MR2a.jpg\" width=\"1280\" height=\"720\" srcset=\"https:\/\/blog.uclm.es\/grupola2ic\/wp-content\/uploads\/sites\/38\/2017\/01\/MR2a.jpg 1280w, https:\/\/blog.uclm.es\/grupola2ic\/wp-content\/uploads\/sites\/38\/2017\/01\/MR2a-300x169.jpg 300w, https:\/\/blog.uclm.es\/grupola2ic\/wp-content\/uploads\/sites\/38\/2017\/01\/MR2a-1024x576.jpg 1024w, https:\/\/blog.uclm.es\/grupola2ic\/wp-content\/uploads\/sites\/38\/2017\/01\/MR2a-768x432.jpg 768w, https:\/\/blog.uclm.es\/grupola2ic\/wp-content\/uploads\/sites\/38\/2017\/01\/MR2a-500x281.jpg 500w\" sizes=\"auto, (max-width: 1280px) 100vw, 1280px\" \/><\/p>\n<h1><strong>Conferencias Mapas de Ruido de Rodadura. Pavimentos Sono-Reductores 2017<\/strong><\/h1>\n<p style=\"text-align: left\" align=\"center\"><a href=\"http:\/\/blogdev.uclm.es\/santiagoexposito\/\"><b>Santiago Exp\u00f3sito Paje<\/b><\/a><br \/>\n<i>Director de la Jornada<\/i><\/p>\n<p style=\"text-align: left\" align=\"center\">Laboratorio de Ac\u00fastica Aplicada a la Ingenier\u00eda Civil<b><br \/>\nLA2IC<\/b><\/p>\n<p>27 de abril de 2017<\/p>\n<p align=\"center\">Dpto. F\u00edsica Aplicada, E.T.S. de Ingenieros de Caminos, Canales y Puertos<br \/>\nUniversidad de Castilla-La Mancha Ciudad Real<\/p>\n<p align=\"left\"><strong>Colaboran<\/strong><\/p>\n<p align=\"left\">Gobierno de Espa\u00f1a. Ministerio de Medio Ambiente y Medio Rural y Marino<\/p>\n<p align=\"left\">Gobierno de Espa\u00f1a. Ministerio de Fomento. Demarcaci\u00f3n de Carreteras en Castilla-La Mancha<\/p>\n<p align=\"left\">Junta de Comunidades de Castilla-La Mancha. Consejer\u00eda de Fomento<\/p>\n<p align=\"left\">\u00a0Ayuntamiento de Ciudad Real<\/p>\n<p align=\"left\">SACYR Construcci\u00f3n<\/p>\n<p align=\"left\">EMPA. Materials Science and Technology. Road Engineering Laboratory<\/p>\n<p><b>PROGRAMA DE LA JORNADA<\/b><\/p>\n<p align=\"center\"><span style=\"color: #008000\"><b>Descarga del <a style=\"color: #008000\" href=\"https:\/\/blog.uclm.es\/santiagoexposito\/wp-content\/uploads\/sites\/96\/2017\/03\/Jornada-Mapas-de-Ruido-de-Rodadura-Pavimentos-Sono-Reductores.pdf\" target=\"_blank\" rel=\"noopener noreferrer\">Bolet\u00edn del PROGRAMA e INSCRIPCI\u00d3N al curso<\/a><\/b><\/span><\/p>\n<p align=\"center\"><strong>Conferencias:<\/strong><\/p>\n<div id=\"attachment_341\" style=\"width: 1290px\" class=\"wp-caption aligncenter\"><img loading=\"lazy\" decoding=\"async\" aria-describedby=\"caption-attachment-341\" class=\"wp-image-341 size-full\" src=\"https:\/\/blog.uclm.es\/santiagoexposito\/wp-content\/uploads\/sites\/96\/2017\/05\/Presentacion-Mapas-de-Ruido-de-Rodadura-Pavimentos-Sono-Reductores.jpg\" alt=\"\" width=\"1280\" height=\"720\" \/><p id=\"caption-attachment-341\" class=\"wp-caption-text\">Mapas de Ruido de Rodadura. Pavimentos Sono-Reductores. Inauguraci\u00f3n 27 abril. Ana Mar\u00eda Rivas Directora de la Escuela de Caminos, Canales y Puertos de Ciudad Real.<\/p><\/div>\n<ul>\n<li><a href=\"https:\/\/blog.uclm.es\/santiagoexposito\/wp-content\/uploads\/sites\/96\/2017\/04\/Mapas-de-Ruido-de-Rodadura-27-abril-Ciudad-Real-la2ic.pdf\">Mapas de Ruido de Rodadura 27 abril Ciudad Real la2ic<\/a><\/li>\n<\/ul>\n<p><img loading=\"lazy\" decoding=\"async\" class=\"size-medium wp-image-344 aligncenter\" src=\"https:\/\/blog.uclm.es\/santiagoexposito\/wp-content\/uploads\/sites\/96\/2017\/05\/Victor-Jornada-300x169.jpg\" alt=\"\" width=\"300\" height=\"169\" \/><\/p>\n<ul>\n<li><a href=\"https:\/\/blog.uclm.es\/santiagoexposito\/wp-content\/uploads\/sites\/96\/2017\/04\/MAPAS-DE-RUIDO-DE-RODADURA.-CIUDAD-REAL-SIN-RUIDOS-27.04.17-la2ic.pdf\">Ciudad Real Sin Ruidos- ECOINTEGRADOR. Mapas de Ruido de Rodadura. Pavimentos Sono-Reductores la2ic<\/a><\/li>\n<\/ul>\n<p><img loading=\"lazy\" decoding=\"async\" class=\"size-medium wp-image-348 aligncenter\" src=\"https:\/\/blog.uclm.es\/santiagoexposito\/wp-content\/uploads\/sites\/96\/2017\/05\/Ciudad-Real-Jornada-300x169.jpg\" alt=\"\" width=\"300\" height=\"169\" \/><\/p>\n<ul>\n<li><a href=\"https:\/\/blog.uclm.es\/santiagoexposito\/wp-content\/uploads\/sites\/96\/2017\/04\/Mapas-estrategicos-de-Ruido-Planes-de-Accion-3a-Fase-2017.-Mapas-de-Ruido-de-Rodadura-27-abril-Ciudad-Real-la2ic-1.pdf\">Mapas Estrat\u00e9gicos de Ruido y Planes de Acci\u00f3n 3\u00aa Fase, 2017. Ley del Ruido<\/a>.<a href=\"https:\/\/blog.uclm.es\/santiagoexposito\/wp-content\/uploads\/sites\/96\/2017\/04\/Mapas-estrategicos-de-Ruido-Planes-de-Accion-3a-Fase-2017.-Mapas-de-Ruido-de-Rodadura-27-abril-Ciudad-Real-la2ic-1.pdf\"><img loading=\"lazy\" decoding=\"async\" class=\"size-medium wp-image-347 aligncenter\" src=\"https:\/\/blog.uclm.es\/santiagoexposito\/wp-content\/uploads\/sites\/96\/2017\/05\/JMSanz-Jornada-300x169.jpg\" alt=\"\" width=\"300\" height=\"169\" \/><\/a><\/li>\n<li><a href=\"https:\/\/blog.uclm.es\/santiagoexposito\/wp-content\/uploads\/sites\/96\/2017\/04\/IDi-en-Pavimentos.-Experiencia-Internacional-en-EMPA.-Mapas-de-Ruido-de-Rodadura-27-abril-Ciudad-Real-la2ic.pdf\">I+D+i \u00a0en Pavimentos. Experiencia Internacional en EMPA Road Engineering Laboratory<\/a><\/li>\n<\/ul>\n<p><img loading=\"lazy\" decoding=\"async\" class=\"size-medium wp-image-353 aligncenter\" src=\"https:\/\/blog.uclm.es\/santiagoexposito\/wp-content\/uploads\/sites\/96\/2017\/01\/Moises-Jornada-1-300x169.jpg\" alt=\"\" width=\"300\" height=\"169\" \/><\/p>\n<ul>\n<li><a href=\"https:\/\/blog.uclm.es\/santiagoexposito\/wp-content\/uploads\/sites\/96\/2017\/04\/Empleo-de-materiales-reciclados-para-pavimentos-Sono-Reductores-Mapas-de-Ruido-de-Rodadura-27-abril-Ciudad-Real-la2ic.pdf\">Empleo de Materiales Reciclados para Pavimentos Sono-Reductores. REPARA2.0<\/a><\/li>\n<\/ul>\n<p><img loading=\"lazy\" decoding=\"async\" class=\"size-medium wp-image-343 aligncenter\" src=\"https:\/\/blog.uclm.es\/santiagoexposito\/wp-content\/uploads\/sites\/96\/2017\/05\/Sacyr-Jornada-300x169.jpg\" alt=\"\" width=\"300\" height=\"169\" \/><\/p>\n<ul>\n<li><a href=\"https:\/\/blog.uclm.es\/santiagoexposito\/wp-content\/uploads\/sites\/96\/2017\/04\/Actuaciones-de-conservacion-de-carreteras.-M.-FOMENTO-Mapas-de-Ruido-de-Rodadura.-Pavimentos-Sono-Reductores-la2ic-2.pdf\">Actuaciones de Rehabilitaci\u00f3n del Pavimento. M Fomento Ciudad Real<\/a><\/li>\n<\/ul>\n<p><img loading=\"lazy\" decoding=\"async\" class=\"size-medium wp-image-345 aligncenter\" src=\"https:\/\/blog.uclm.es\/santiagoexposito\/wp-content\/uploads\/sites\/96\/2017\/05\/MFomento-Mesones-Jornada-300x169.jpg\" alt=\"\" width=\"300\" height=\"169\" \/><\/p>\n<ul>\n<li><a href=\"https:\/\/blog.uclm.es\/santiagoexposito\/wp-content\/uploads\/sites\/96\/2017\/04\/Actuaciones-de-rehabilitacion-de-pavimentos.-JCCM-Fomento-Ciudad-Real-Mapas-de-Ruido-de-Rodadura.-Pavimentos-Sono-Reductores-la2ic.pdf\">Actuaciones de Rehabilitaci\u00f3n del Pavimento . JCCM Fomento Ciudad Real<\/a><\/li>\n<\/ul>\n<p><img loading=\"lazy\" decoding=\"async\" class=\"size-medium wp-image-346 aligncenter\" src=\"https:\/\/blog.uclm.es\/santiagoexposito\/wp-content\/uploads\/sites\/96\/2017\/05\/Moises-Jornada-300x169.jpg\" alt=\"\" width=\"300\" height=\"169\" \/><\/p>\n<ul>\n<li><a href=\"https:\/\/blog.uclm.es\/santiagoexposito\/wp-content\/uploads\/sites\/96\/2017\/04\/Equipos-para-la-caracterizacion-acustica-de-mezclas.-Mapas-de-ruido-de-rodadura.-Pavimentos-Sono-Reductores-27-abril-Ciudad-Real-la2ic.pdf\">Equipos para la Caracterizaci\u00f3n de Pavimentos. Mapas de Ruido de Rodadura.<\/a><\/li>\n<\/ul>\n<ul>\n<li><a href=\"https:\/\/blog.uclm.es\/santiagoexposito\/wp-content\/uploads\/sites\/96\/2017\/04\/Clasificacion-Acustica-de-Mezcla-Mapas-de-Ruido-de-Rodadura-27-abril-Ciudad-Real-la2ic.pdf\">Clasificaci\u00f3n Ac\u00fastica de Mezclas en Servicio. Pavimentos Sono-Reductores la2ic<\/a><\/li>\n<\/ul>\n<p><img loading=\"lazy\" decoding=\"async\" class=\"aligncenter wp-image-354 size-large\" src=\"https:\/\/blog.uclm.es\/santiagoexposito\/wp-content\/uploads\/sites\/96\/2017\/01\/asistencia-2-Jornada-1024x576.jpg\" alt=\"\" width=\"525\" height=\"295\" \/><\/p>\n<h1 style=\"text-align: center\"><strong><span style=\"color: #0000ff\">Publicaciones\u00a0<\/span><\/strong><\/h1>\n<p style=\"text-align: center\"><a href=\"https:\/\/cdnsciencepub.com\/doi\/10.1139\/cjce-2017-0310#.w73a7hszbcs\" target=\"_blank\" rel=\"noopener\"><img loading=\"lazy\" decoding=\"async\" class=\"aligncenter wp-image-413 size-full\" src=\"https:\/\/blog.uclm.es\/santiagoexposito\/wp-content\/uploads\/sites\/96\/2018\/10\/Canadian-Journal-of-Civil-E-2017-LA2IC-.png\" alt=\"\" width=\"960\" height=\"720\" \/><\/a><\/p>\n<p style=\"text-align: center\"><a href=\"https:\/\/www.sciencedirect.com\/science\/article\/pii\/S0959652618318432?via%dihub\" target=\"_blank\" rel=\"noopener\"><img loading=\"lazy\" decoding=\"async\" class=\"aligncenter wp-image-446 size-full\" src=\"https:\/\/blog.uclm.es\/santiagoexposito\/wp-content\/uploads\/sites\/96\/2021\/09\/Field-assessment-of-a-cold-in-place-recycled-pavement-JCleaner-P-2018.jpg\" alt=\"\" width=\"1703\" height=\"1241\" \/><\/a><\/p>\n<p style=\"text-align: center\"><a href=\"https:\/\/www.mdpi.com\/2079-6412\/8\/6\/206\" target=\"_blank\" rel=\"noopener\"><img loading=\"lazy\" decoding=\"async\" class=\"aligncenter wp-image-409 size-full\" src=\"https:\/\/blog.uclm.es\/santiagoexposito\/wp-content\/uploads\/sites\/96\/2018\/10\/COATINGS-2018-LA2IC.jpg\" alt=\"\" width=\"1280\" height=\"720\" \/><\/a><\/p>\n<p style=\"text-align: center\"><a href=\"https:\/\/www.mdpi.com\/2079-6412\/9\/2\/123\" target=\"_blank\" rel=\"noopener\"><img loading=\"lazy\" decoding=\"async\" class=\"aligncenter wp-image-447 size-full\" src=\"https:\/\/blog.uclm.es\/santiagoexposito\/wp-content\/uploads\/sites\/96\/2021\/09\/Functional-Performance-of-Stone-Mastic-Asphalt-COATINGS-2019.jpg\" alt=\"\" width=\"1156\" height=\"1216\" \/><\/a><\/p>\n<p style=\"text-align: center\"><a href=\"https:\/\/www.sciencedirect.com\/science\/article\/pii\/S0003682x19311351\" target=\"_blank\" rel=\"noopener\"><img loading=\"lazy\" decoding=\"async\" class=\"aligncenter wp-image-448 size-full\" src=\"https:\/\/blog.uclm.es\/santiagoexposito\/wp-content\/uploads\/sites\/96\/2021\/09\/Tire-road-noise-texture-and-vertical-accelerations-Surface-assessment-of-urban-road-APAC-2020.jpg\" alt=\"\" width=\"1301\" height=\"1099\" \/><\/a><\/p>\n<p style=\"text-align: center\"><a href=\"https:\/\/www.sciencedirect.com\/science\/article\/pii\/S0048969720331144\" target=\"_blank\" rel=\"noopener\"><img loading=\"lazy\" decoding=\"async\" class=\"aligncenter wp-image-449 size-full\" src=\"https:\/\/blog.uclm.es\/santiagoexposito\/wp-content\/uploads\/sites\/96\/2021\/09\/Dynamic-stiffness-of-road-pavements-Construction-characterics-based-model-and-influence-on-tire-road-noise-STOTTEN-2020.jpg\" alt=\"\" width=\"1181\" height=\"1375\" \/><\/a><\/p>\n<p style=\"text-align: center\"><a href=\"https:\/\/www.sciencedirect.com\/science\/article\/pii\/S0048969721031363\" target=\"_blank\" rel=\"noopener\"><img loading=\"lazy\" decoding=\"async\" class=\"aligncenter wp-image-451 size-full\" src=\"https:\/\/blog.uclm.es\/santiagoexposito\/wp-content\/uploads\/sites\/96\/2021\/09\/Functional-characterization-of-a-Cold-in-place-Recycled-pavement-at-different-stages-of-the-curing-precess-2021-STOTEN.jpg\" alt=\"\" width=\"1182\" height=\"1286\" \/><\/a><\/p>\n<h3><\/h3>\n","protected":false},"excerpt":{"rendered":"<p>Uno de los objetivos espec\u00edficos de Horizonte 2020, y de la estrategia Espa\u00f1ola de ciencia, tecnolog\u00eda e innovaci\u00f3n 2013-2020, Retos de\u00a0la Sociedad, es lograr un sistema Europeo de transporte m\u00e1s eficaz en el uso de los recursos, respetuoso con el &hellip; <a href=\"https:\/\/blog.uclm.es\/grupola2ic\/mapas-de-ruido-de-rodadura_tra2016\/\">Sigue leyendo <span class=\"meta-nav\">&rarr;<\/span><\/a><\/p>\n","protected":false},"author":96,"featured_media":0,"parent":0,"menu_order":0,"comment_status":"closed","ping_status":"closed","template":"","meta":{"footnotes":""},"class_list":["post-122","page","type-page","status-publish","hentry"],"_links":{"self":[{"href":"https:\/\/blog.uclm.es\/grupola2ic\/wp-json\/wp\/v2\/pages\/122","targetHints":{"allow":["GET"]}}],"collection":[{"href":"https:\/\/blog.uclm.es\/grupola2ic\/wp-json\/wp\/v2\/pages"}],"about":[{"href":"https:\/\/blog.uclm.es\/grupola2ic\/wp-json\/wp\/v2\/types\/page"}],"author":[{"embeddable":true,"href":"https:\/\/blog.uclm.es\/grupola2ic\/wp-json\/wp\/v2\/users\/96"}],"replies":[{"embeddable":true,"href":"https:\/\/blog.uclm.es\/grupola2ic\/wp-json\/wp\/v2\/comments?post=122"}],"version-history":[{"count":2,"href":"https:\/\/blog.uclm.es\/grupola2ic\/wp-json\/wp\/v2\/pages\/122\/revisions"}],"predecessor-version":[{"id":389,"href":"https:\/\/blog.uclm.es\/grupola2ic\/wp-json\/wp\/v2\/pages\/122\/revisions\/389"}],"wp:attachment":[{"href":"https:\/\/blog.uclm.es\/grupola2ic\/wp-json\/wp\/v2\/media?parent=122"}],"curies":[{"name":"wp","href":"https:\/\/api.w.org\/{rel}","templated":true}]}}