{"id":104,"date":"2017-01-25T08:51:32","date_gmt":"2017-01-25T07:51:32","guid":{"rendered":"http:\/\/blog.uclm.es\/santiagoexposito\/?page_id=104"},"modified":"2022-10-31T18:12:02","modified_gmt":"2022-10-31T18:12:02","slug":"proyectos-idi-s-e-paje","status":"publish","type":"page","link":"https:\/\/blog.uclm.es\/grupola2ic\/proyectos-idi-s-e-paje\/","title":{"rendered":"Memoria de Proyectos I+D"},"content":{"rendered":"<h1><strong>Proyectos de Investigaci\u00f3n y Contratos de I+D+i con Empresas<\/strong><\/h1>\n<h2>Proyectos de I+D financiados en Convocatorias p\u00fablicas como Investigador Principal (S.E.Paje)<\/h2>\n<ul type=\"square\">\n<li>T\u00edtulo del proyecto: MAPAS DE RUIDO DE RODADURA Y CARACTER\u00cdSTICAS SUPERFICIALES: PAVIMENTOS SONO-REDUCTORES.\u00a0Referencia <strong>TRA2016-77418-R<\/strong><br \/>\nEntidad financiadora: MINISTERIO DE CIENCIA E INNOVACI\u00d3N<br \/>\nEntidades participantes: Universidad de Castilla-La Mancha (LA2IC)<br \/>\nDuraci\u00f3n, desde: 2016 hasta: 2019<br \/>\nCuant\u00eda de la subvenci\u00f3n: 130.680 \u20ac<br \/>\nInvestigador principal: Santiago Exp\u00f3sito Paje (LA2IC)<\/li>\n<\/ul>\n<ul type=\"square\">\n<li>T\u00edtulo del proyecto: IMPEDANCIA MEC\u00c1NICA DE SUPERFICIES DE CARRETERA CON POLVO DE CAUCHO (NFU). INFLUENCIA EN LA GENERACI\u00d3N Y PROPAGACI\u00d3N DEL RUIDO DE RODADURA.\u00a0Referencia <strong>BIA2012-32177<\/strong><br \/>\nEntidad financiadora: MINISTERIO DE CIENCIA E INNOVACI\u00d3N<br \/>\nEntidades participantes: Universidad de Castilla-La Mancha (LA2IC)<br \/>\nDuraci\u00f3n, desde: 2013 hasta: 2015<br \/>\nCuant\u00eda de la subvenci\u00f3n: 98.200 \u20ac<br \/>\nInvestigador principal: Santiago Exp\u00f3sito Paje (LA2IC)<\/li>\n<\/ul>\n<ul type=\"square\">\n<li>T\u00edtulo del proyecto: CLASIFICACI\u00d3N AC\u00daSTICA DE PAVIMENTOS PARA CAPAS DE RODADURA CON C\u00c1MARA SEMIANECOICA PII2I09-0084-6751<br \/>\nEntidad financiadora: Consejer\u00eda de Educaci\u00f3n y Ciencia de JCCM<br \/>\nEntidades participantes: Universidad de Castilla-La Mancha (LA2IC)<br \/>\nDuraci\u00f3n, desde: 2009 hasta: 2012<br \/>\nCuant\u00eda de la subvenci\u00f3n: 50.000 \u20ac<br \/>\nInvestigador principal: Santiago Exp\u00f3sito Paje (LA2IC)<\/li>\n<\/ul>\n<ul type=\"square\">\n<li>T\u00edtulo del proyecto: INFLUENCIA DE LA CAPA DE RODADURA EN LA GENERACION Y PROPAGACION DEL RUIDO. CORRELACION RUIDO DE RODADURA\/TEXTURA DE PAVIMENTO. <strong>DPI2008-06212<\/strong><br \/>\nEntidad financiadora: Ministerio de Ciencia e Innovaci\u00f3n<br \/>\nEntidades participantes: Universidad de Castilla-La Mancha (LA2IC)<br \/>\nDuraci\u00f3n, desde: 2009 hasta: 2011<br \/>\nCuant\u00eda de la subvenci\u00f3n: 64.100 \u20ac<br \/>\nInvestigador principal: Santiago Exp\u00f3sito Paje (LA2IC)<\/li>\n<\/ul>\n<ul type=\"square\">\n<li>T\u00edtulo del proyecto: DISE\u00d1O, DESARROLLO Y AUSCULTACI\u00d3N DE NUEVOS MATERIALES PARA REDUCIR LA CONTAMINACI\u00d3N AC\u00daSTICA. PAC07-0098-7433<br \/>\nEntidad financiadora: Consejer\u00eda de Educaci\u00f3n y Ciencia. JCCM<br \/>\nEntidades participantes: Universidad de Castilla-La Mancha (LA2IC)<br \/>\nDuraci\u00f3n, desde: 2006 hasta: 2007<br \/>\nCuant\u00eda de la subvenci\u00f3n: 10.000 \u20ac Investigador principal: Santiago Exp\u00f3sito Paje (LA2IC)<\/li>\n<\/ul>\n<ul type=\"square\">\n<li>T\u00edtulo del proyecto: EVALUACI\u00d3N DEL COMPORTAMIENTO AC\u00daSTICO DE LA SUPERFICIE DEL PAVIMENTO DE CARRETERA CON EL M\u00c9TODO CPX. <strong>BIA2006-04783<\/strong> Entidad financiadora: Ministerio de Educaci\u00f3n y Ciencia Entidades participantes: Universidad de Castilla-La Mancha (LA2IC)<br \/>\nDuraci\u00f3n, desde: 2006 hasta: 2007<br \/>\nCuant\u00eda de la subvenci\u00f3n: 6.000 \u20ac<br \/>\nInvestigador responsable: Santiago Exp\u00f3sito Paje (LA2IC)<\/li>\n<\/ul>\n<ul type=\"square\">\n<li>T\u00edtulo del proyecto: DISE\u00d1O DIN\u00c1MICO DE GEOESTRUCTURAS VIARIAS EN CASTILLA-LA MANCHA T\u00edtulo del subproyecto 2: ASPECTOS AC\u00daSTICOS. PAC06-0165 Entidad financiadora: Consejer\u00eda de Educaci\u00f3n y Ciencia. JCCM Entidades participantes: Universidad de Castilla-La Mancha.<br \/>\nDuraci\u00f3n, desde: 2006 hasta: 2008<br \/>\nCuant\u00eda de la subvenci\u00f3n: 125.200 \u20ac<br \/>\nInvestigador responsable: Rafael Bl\u00e1zquez Mart\u00ednez Investigador principal Subproyecto 2: Santiago Exp\u00f3sito Paje (LA2IC)<\/li>\n<\/ul>\n<ul type=\"square\">\n<li>T\u00edtulo del proyecto: ESTUDIO DE LAS SUPERFICIE DE RODADURA DE LAS CARRETERAS DE CASTILLA-LA MANCHA POR M\u00c9TODOS AC\u00daSTICOS. MAPAS ESTRAT\u00c9GICOS. PCI-05-025<br \/>\nEntidad financiadora: Consejer\u00eda de Educaci\u00f3n y Ciencia. JCCM<br \/>\nEntidades participantes: Universidad de Castilla-La Mancha (LA2IC) AGLOMANCHA, AEPO.<br \/>\nDuraci\u00f3n, desde: 2005 hasta: 2007<br \/>\nCuant\u00eda de la subvenci\u00f3n: 29.700 \u20ac<br \/>\nInvestigador responsable: Santiago Exp\u00f3sito Paje<\/li>\n<\/ul>\n<ul type=\"square\">\n<li>T\u00edtulo del proyecto: EQUIPAMIENTO DE INVESTIGACI\u00d3N EN INFRAESTRUCTURA DEL TRANSPORTE. \u00c1REA DE AC\u00daSTICA APLICADA A LA INGENIER\u00cdA CIVIL. UNCMO5-24-084<br \/>\nEntidad financiadora: MEC<br \/>\nEntidades participantes: Universidad de Castilla-La Mancha<br \/>\nDuraci\u00f3n, desde: 2005 hasta: 2007<br \/>\nCuant\u00eda de la subvenci\u00f3n: 150.000 \u20ac<br \/>\nInvestigador responsable: Santiago Exp\u00f3sito Paje<\/li>\n<\/ul>\n<h1><strong>Participaci\u00f3n en contratos de I+D de especial relevancia con Empresas como Investigador Principal (S.E.Paje)<\/strong><\/h1>\n<ul>\n<li>T\u00edtulo del contrato\/proyecto: INVESTIGACI\u00d3N EN NUEVOS CONCEPTOS DE CARRETERAS M\u00c1S SEGURAS Y SOSTENIBLES (FENIX. PROYECTO CENIT 2007.<br \/>\nTipo de contrato: I+D+I Empresa\/Administraci\u00f3n financiadora: A.I.E. FENIX -MINISTERIO DE INDUSTRIA-CDTI<br \/>\nEntidades participantes:<br \/>\nDuraci\u00f3n, desde: 29\/05\/2007 hasta: 31\/12\/2010<br \/>\nInvestigador responsable: Santiago Exp\u00f3sito Paje (LA2IC) N\u00famero de investigadores participantes: 4 PRECIO TOTAL DEL PROYECTO: 307.000 \u20ac<\/li>\n<\/ul>\n<ul>\n<li>T\u00edtulo del contrato\/proyecto: CARACTERIZACI\u00d3N AC\u00daSTICA DE L A CAPA DE RODADURA EN LA B-140 (CATALU\u00d1A) CON C\u00c1MARA SEMIANECOICA.<br \/>\nTipo de contrato: I+D+I Empresa\/Administraci\u00f3n financiadora: APplus+ Norcontrol<br \/>\nEntidades participantes: Universidad de Castilla-La Mancha (LA2IC)<br \/>\nDuraci\u00f3n, desde: hasta:<br \/>\nInvestigador responsable: Santiago Exp\u00f3sito Paje (LA2IC) N\u00famero de investigadores participantes: 4 PRECIO TOTAL DEL PROYECTO: 16.240 \u20ac<\/li>\n<\/ul>\n<ul>\n<li>T\u00edtulo del proyecto: EVALUACI\u00d3N AC\u00daSTICA DE NUEVAS MEZCLAS BITUMINOSAS SMA M\u00c1S SOSTENIBLES Y MEDIOAMBIENTALMENTE AMIGABLES (Contrato de I+D UCTR110046)<br \/>\nTipo de contrato: I+D+I Entidad financiadora: Asfaltos y Construcciones ELSAN S.A. (Proyecto Integrado CDTI, IDI-20100936)<br \/>\nEntidades participantes: Universidad de Castilla-La Mancha (LA2IC)<br \/>\nDuraci\u00f3n, desde: 01\/01\/2010 hasta: 31\/12\/2012<br \/>\nInvestigador principal: Santiago Exp\u00f3sito Paje (LA2IC) N\u00famero de investigadores participantes: 5<br \/>\nPRECIO TOTAL DEL PROYECTO: 118.000 \u20ac<\/li>\n<li>T\u00edtulo del proyecto: ASESORAMIENTO PARA LA ELABORACI\u00d3N DE MEZCLAS SONO-REDUCTORAS Y SU MEDIDA CPX DENTRO DEL PROYECTO RTC-2015-4025-4.<br \/>\nTipo de contrato: I+D+I Entidad financiadora: Universidad Polit\u00e9cnica de Catalu\u00f1a<br \/>\nEntidades participantes: Universidad de Castilla-La Mancha (LA2IC)<br \/>\nDuraci\u00f3n, desde: 01\/01\/2016 hasta: 31\/12\/2018<br \/>\nInvestigador principal: Santiago Exp\u00f3sito Paje (LA2IC) N\u00famero de investigadores participantes: 5<br \/>\nPRECIO TOTAL DEL PROYECTO: 15.730 \u20ac<\/li>\n<\/ul>\n","protected":false},"excerpt":{"rendered":"<p>Proyectos de Investigaci\u00f3n y Contratos de I+D+i con Empresas Proyectos de I+D financiados en Convocatorias p\u00fablicas como Investigador Principal (S.E.Paje) T\u00edtulo del proyecto: MAPAS DE RUIDO DE RODADURA Y CARACTER\u00cdSTICAS SUPERFICIALES: PAVIMENTOS SONO-REDUCTORES.\u00a0Referencia TRA2016-77418-R Entidad financiadora: MINISTERIO DE CIENCIA E &hellip; <a href=\"https:\/\/blog.uclm.es\/grupola2ic\/proyectos-idi-s-e-paje\/\">Sigue leyendo <span class=\"meta-nav\">&rarr;<\/span><\/a><\/p>\n","protected":false},"author":96,"featured_media":0,"parent":0,"menu_order":0,"comment_status":"closed","ping_status":"closed","template":"","meta":{"footnotes":""},"class_list":["post-104","page","type-page","status-publish","hentry"],"_links":{"self":[{"href":"https:\/\/blog.uclm.es\/grupola2ic\/wp-json\/wp\/v2\/pages\/104","targetHints":{"allow":["GET"]}}],"collection":[{"href":"https:\/\/blog.uclm.es\/grupola2ic\/wp-json\/wp\/v2\/pages"}],"about":[{"href":"https:\/\/blog.uclm.es\/grupola2ic\/wp-json\/wp\/v2\/types\/page"}],"author":[{"embeddable":true,"href":"https:\/\/blog.uclm.es\/grupola2ic\/wp-json\/wp\/v2\/users\/96"}],"replies":[{"embeddable":true,"href":"https:\/\/blog.uclm.es\/grupola2ic\/wp-json\/wp\/v2\/comments?post=104"}],"version-history":[{"count":1,"href":"https:\/\/blog.uclm.es\/grupola2ic\/wp-json\/wp\/v2\/pages\/104\/revisions"}],"predecessor-version":[{"id":395,"href":"https:\/\/blog.uclm.es\/grupola2ic\/wp-json\/wp\/v2\/pages\/104\/revisions\/395"}],"wp:attachment":[{"href":"https:\/\/blog.uclm.es\/grupola2ic\/wp-json\/wp\/v2\/media?parent=104"}],"curies":[{"name":"wp","href":"https:\/\/api.w.org\/{rel}","templated":true}]}}