{"id":595,"date":"2024-10-31T12:42:06","date_gmt":"2024-10-31T11:42:06","guid":{"rendered":"https:\/\/blog.uclm.es\/grupoise\/?page_id=595"},"modified":"2024-11-04T11:09:31","modified_gmt":"2024-11-04T10:09:31","slug":"innovaciones-tecnologicas-terapias-rehabilitacion-evaluacion-cognitiva","status":"publish","type":"page","link":"https:\/\/blog.uclm.es\/grupoise\/transfer\/innovaciones-tecnologicas-terapias-rehabilitacion-evaluacion-cognitiva\/","title":{"rendered":"Transfer"},"content":{"rendered":"\n<h1 class=\"wp-block-heading alignwide has-text-align-center\" style=\"font-size:46px\"><strong>Innovaciones tecnol\u00f3gicas para mejorar la experiencia interactiva de los sistemas software aplicados en terapias de rehabilitaci\u00f3n y t\u00e9cnicas de evaluaci\u00f3n cognitiva<\/strong><\/h1>\n\n\n\n<div class=\"wp-block-cover alignfull\" style=\"min-height:163px;aspect-ratio:unset;\"><span aria-hidden=\"true\" class=\"wp-block-cover__background has-background-dim\"><\/span><div class=\"wp-block-cover__inner-container is-layout-flow wp-block-cover-is-layout-flow\">\n<div class=\"wp-block-group alignwide\"><div class=\"wp-block-group__inner-container is-layout-constrained wp-block-group-is-layout-constrained\">\n<h5 class=\"wp-block-heading alignwide has-text-align-center\">04\/01\/2023 &#8211; 03\/31\/2025<br><strong>P.I:<\/strong> Jose A. Gallud<br><strong>Funded by:<\/strong> Universidad de Castilla-La Mancha<\/h5>\n\n\n<div class=\"wp-block-image\">\n<figure class=\"aligncenter size-full is-resized\"><img loading=\"lazy\" decoding=\"async\" width=\"371\" height=\"100\" src=\"https:\/\/blog.uclm.es\/grupoise\/wp-content\/uploads\/sites\/171\/2024\/10\/big_logo_uclm_web.png\" alt=\"\" class=\"wp-image-421\" style=\"width:287px;height:auto\" srcset=\"https:\/\/blog.uclm.es\/grupoise\/wp-content\/uploads\/sites\/171\/2024\/10\/big_logo_uclm_web.png 371w, https:\/\/blog.uclm.es\/grupoise\/wp-content\/uploads\/sites\/171\/2024\/10\/big_logo_uclm_web-300x81.png 300w\" sizes=\"auto, (max-width: 371px) 100vw, 371px\" \/><\/figure>\n<\/div><\/div><\/div>\n<\/div><\/div>\n\n\n\n<div class=\"wp-block-buttons alignwide is-content-justification-center is-layout-flex wp-container-core-buttons-is-layout-16018d1d wp-block-buttons-is-layout-flex\">\n<div class=\"wp-block-button is-style-outline is-style-outline--1\"><a class=\"wp-block-button__link wp-element-button\" href=\"#abstract\">abstract<\/a><\/div>\n\n\n\n<div class=\"wp-block-button is-style-outline is-style-outline--2\"><a class=\"wp-block-button__link wp-element-button\" href=\"#objectives\">MAIN OBJECTIVE<\/a><\/div>\n\n\n\n<div class=\"wp-block-button is-style-outline is-style-outline--3\"><a class=\"wp-block-button__link wp-element-button\" href=\"#specific-goals\">SPECIFIC GOALS<\/a><\/div>\n\n\n\n<div class=\"wp-block-button is-style-outline is-style-outline--4\"><a class=\"wp-block-button__link wp-element-button\" href=\"#members\">MEMBERS<\/a><\/div>\n<\/div>\n\n\n\n<hr class=\"wp-block-separator has-alpha-channel-opacity is-style-wide\" \/>\n\n\n\n<div class=\"wp-block-group alignfull\"><div class=\"wp-block-group__inner-container is-layout-constrained wp-block-group-is-layout-constrained\">\n<h4 class=\"wp-block-heading alignwide has-text-align-center\" id=\"abstract\">Abstract<\/h4>\n\n\n\n<div class=\"wp-block-group alignwide\"><div class=\"wp-block-group__inner-container is-layout-constrained wp-block-group-is-layout-constrained\">\n<p class=\"has-text-align-center has-small-font-size\">The main objective of this project is to develop technological innovations to enhance the interactive experience in software systems applied to improving rehabilitation, stimulation, and medical evaluation techniques. The improvement of the interactive experience is realized through the development of multiexperience environments. Multiexperience Development Platforms (MXDP) are considered the next step in the evolution of user interfaces, where the user interacts with their ecosystem of devices in a seamless and natural manner. In these environments, interaction occurs through natural capabilities, such as touch, movement, gestures, etc., making the interaction more intuitive and natural, as it is not limited to a mouse and keyboard, as is the case in traditional graphical interfaces. The project is described based on three elements: the problem to be solved, the proposed solution, and the team responsible for its execution.<br><br>The problem to be addressed is situated in the field of health. Professionals in rehabilitation and stimulation, as well as in the evaluation of neurological damage, face the challenge of integrating different technologies into their therapies and must manage a heterogeneous ecosystem of multiple screens and devices, complicating the activities of healthcare professionals and patients. Proper integration of technologies in these two health fields will provide users with much more natural and flexible interactive systems than currently available, thereby reducing the technological gap often created by new technologies.<br><br>The solution includes advancements in the following areas: first, contributing to the development of MXDP platforms as a natural evolution of distributable\/distributed user interfaces (DUI, DeUI), enabling users to interact with a heterogeneous ecosystem of multiple screens as if it were a single device; second, designing new natural interaction mechanisms that involve the following technologies: tangible user interfaces, affective computing, enriched with gamification mechanisms and intelligent assistance systems; third, developing interactive systems applying the aforementioned interaction mechanisms using the previously defined MXDP architectures; and finally, evaluating the developed interactive systems with the participation of real users. To achieve these objectives, several lines of action are proposed. The design of MXDP software architectures will be undertaken. Subsequently, we will contribute to advancements in the field of innovative interaction mechanisms. Prototypes applied to the two mentioned health fields will be developed and evaluated in each of these areas.<\/p>\n<\/div><\/div>\n<\/div><\/div>\n\n\n\n<hr class=\"wp-block-separator has-alpha-channel-opacity is-style-wide\" \/>\n\n\n\n<h4 class=\"wp-block-heading alignwide has-text-align-center\" id=\"objectives\">Main Objective<\/h4>\n\n\n\n<p class=\"has-text-align-center has-small-font-size\">The <strong>main objective<\/strong> of the project is the development and evaluation of new interaction mechanisms integrated in interactive systems based on Natural User Interfaces to improve the interactive experience in the application domain of rehabilitation therapies and cognitive assessment techniques.&nbsp;<br><br>To this end, the aim of the project is to define new interaction mechanisms based on Affective Computing, gamification strategies and intelligent assistants to develop innovative interactive systems for their application in these two health-related fields: the rehabilitation and stimulation field, both physical and cognitive, and cognitive assessment techniques, to address the specific needs of different therapies and improve their results.&nbsp;<br><br>The use of different interaction devices for the development of these systems makes it necessary to advance in the field of multiplatform and multiexperience development and the integration of multiple devices to support the new interaction mechanisms proposed.&nbsp;<br><br>To achieve the objective in a satisfactory manner, the systems to be developed must not only be technically correct, but they must also guarantee a highly positive user experience. For this purpose, we aim to evaluate the quality in use and the user experience of the proposed solutions. These solutions must meet the current criteria in terms of usability, quality in use and user experience, both from the perspective of professionals and patients.<\/p>\n\n\n\n<hr class=\"wp-block-separator has-alpha-channel-opacity is-style-wide\" \/>\n\n\n\n<h4 class=\"wp-block-heading has-text-align-center\" id=\"specific-goals\">Specific Goals<\/h4>\n\n\n\n<div class=\"wp-block-cover has-custom-content-position is-position-top-center\" style=\"min-height:250px;aspect-ratio:unset;\"><span aria-hidden=\"true\" class=\"wp-block-cover__background has-background-dim\"><\/span><div class=\"wp-block-cover__inner-container is-layout-flow wp-block-cover-is-layout-flow\">\n<div class=\"wp-block-group\"><div class=\"wp-block-group__inner-container is-layout-constrained wp-block-group-is-layout-constrained\">\n<div class=\"wp-block-columns is-layout-flex wp-container-core-columns-is-layout-9d6595d7 wp-block-columns-is-layout-flex\">\n<div class=\"wp-block-column is-layout-flow wp-block-column-is-layout-flow\" style=\"flex-basis:100%\">\n<h5 class=\"wp-block-heading\">OBJ-1<\/h5>\n\n\n\n<p class=\"has-text-align-left\" style=\"font-size:16px\">Design and development of new software architectures and technological infrastructures to support multiexperience and multi-platform cloud-based environments.<\/p>\n<\/div>\n<\/div>\n<\/div><\/div>\n<\/div><\/div>\n\n\n\n<div class=\"wp-block-cover is-light has-custom-content-position is-position-top-center\" style=\"min-height:294px;aspect-ratio:unset;\"><span aria-hidden=\"true\" class=\"wp-block-cover__background has-background-dim\" style=\"background-color:#fdfdfd\"><\/span><img loading=\"lazy\" decoding=\"async\" width=\"1060\" height=\"1884\" class=\"wp-block-cover__image-background wp-image-431\" alt=\"\" src=\"https:\/\/blog.uclm.es\/grupoise\/wp-content\/uploads\/sites\/171\/2021\/11\/5c1cd2237f4b43db7780df6fa7fe6770.jpg\" data-object-fit=\"cover\" srcset=\"https:\/\/blog.uclm.es\/grupoise\/wp-content\/uploads\/sites\/171\/2021\/11\/5c1cd2237f4b43db7780df6fa7fe6770.jpg 1060w, https:\/\/blog.uclm.es\/grupoise\/wp-content\/uploads\/sites\/171\/2021\/11\/5c1cd2237f4b43db7780df6fa7fe6770-169x300.jpg 169w, https:\/\/blog.uclm.es\/grupoise\/wp-content\/uploads\/sites\/171\/2021\/11\/5c1cd2237f4b43db7780df6fa7fe6770-576x1024.jpg 576w, https:\/\/blog.uclm.es\/grupoise\/wp-content\/uploads\/sites\/171\/2021\/11\/5c1cd2237f4b43db7780df6fa7fe6770-768x1365.jpg 768w, https:\/\/blog.uclm.es\/grupoise\/wp-content\/uploads\/sites\/171\/2021\/11\/5c1cd2237f4b43db7780df6fa7fe6770-864x1536.jpg 864w\" sizes=\"auto, (max-width: 1060px) 100vw, 1060px\" \/><div class=\"wp-block-cover__inner-container is-layout-flow wp-block-cover-is-layout-flow\">\n<div class=\"wp-block-group\"><div class=\"wp-block-group__inner-container is-layout-constrained wp-block-group-is-layout-constrained\">\n<div class=\"wp-block-columns is-layout-flex wp-container-core-columns-is-layout-9d6595d7 wp-block-columns-is-layout-flex\">\n<div class=\"wp-block-column is-layout-flow wp-block-column-is-layout-flow\" style=\"flex-basis:100%\">\n<h5 class=\"wp-block-heading\">OBJ-2<\/h5>\n\n\n\n<p style=\"font-size:16px\">Design and development of interaction mechanisms based on Natural User Interfaces improved with Affective Computing techniques, Gamification Strategies and Intelligent Assistants to improve the interactive experience in the application of rehabilitation and cognitive assessment techniques.<\/p>\n<\/div>\n<\/div>\n<\/div><\/div>\n<\/div><\/div>\n\n\n\n<div class=\"wp-block-cover\" style=\"min-height:246px;aspect-ratio:unset;\"><span aria-hidden=\"true\" class=\"wp-block-cover__background has-background-dim\" style=\"background-color:#24394c\"><\/span><img loading=\"lazy\" decoding=\"async\" width=\"472\" height=\"85\" class=\"wp-block-cover__image-background wp-image-632\" alt=\"\" src=\"https:\/\/blog.uclm.es\/grupoise\/wp-content\/uploads\/sites\/171\/2024\/10\/fondoblog.jpg\" data-object-fit=\"cover\" srcset=\"https:\/\/blog.uclm.es\/grupoise\/wp-content\/uploads\/sites\/171\/2024\/10\/fondoblog.jpg 472w, https:\/\/blog.uclm.es\/grupoise\/wp-content\/uploads\/sites\/171\/2024\/10\/fondoblog-300x54.jpg 300w\" sizes=\"auto, (max-width: 472px) 100vw, 472px\" \/><div class=\"wp-block-cover__inner-container is-layout-constrained wp-block-cover-is-layout-constrained\">\n<h5 class=\"wp-block-heading\">OBJ-3<\/h5>\n\n\n\n<p class=\"has-text-align-left has-small-font-size\">Definition and development of interactive systems integrating the new interaction mechanisms defined in OBJ-2 and supported by the architectures and technologies defined in OBJ-1.<\/p>\n<\/div><\/div>\n\n\n\n<div class=\"wp-block-cover is-light\" style=\"min-height:260px;aspect-ratio:unset;\"><span aria-hidden=\"true\" class=\"wp-block-cover__background has-background-dim\" style=\"background-color:#fdfdfd\"><\/span><img loading=\"lazy\" decoding=\"async\" width=\"1060\" height=\"1884\" class=\"wp-block-cover__image-background wp-image-431\" alt=\"\" src=\"https:\/\/blog.uclm.es\/grupoise\/wp-content\/uploads\/sites\/171\/2021\/11\/5c1cd2237f4b43db7780df6fa7fe6770.jpg\" data-object-fit=\"cover\" srcset=\"https:\/\/blog.uclm.es\/grupoise\/wp-content\/uploads\/sites\/171\/2021\/11\/5c1cd2237f4b43db7780df6fa7fe6770.jpg 1060w, https:\/\/blog.uclm.es\/grupoise\/wp-content\/uploads\/sites\/171\/2021\/11\/5c1cd2237f4b43db7780df6fa7fe6770-169x300.jpg 169w, https:\/\/blog.uclm.es\/grupoise\/wp-content\/uploads\/sites\/171\/2021\/11\/5c1cd2237f4b43db7780df6fa7fe6770-576x1024.jpg 576w, https:\/\/blog.uclm.es\/grupoise\/wp-content\/uploads\/sites\/171\/2021\/11\/5c1cd2237f4b43db7780df6fa7fe6770-768x1365.jpg 768w, https:\/\/blog.uclm.es\/grupoise\/wp-content\/uploads\/sites\/171\/2021\/11\/5c1cd2237f4b43db7780df6fa7fe6770-864x1536.jpg 864w\" sizes=\"auto, (max-width: 1060px) 100vw, 1060px\" \/><div class=\"wp-block-cover__inner-container is-layout-flow wp-block-cover-is-layout-flow\">\n<div class=\"wp-block-group\"><div class=\"wp-block-group__inner-container is-layout-constrained wp-block-group-is-layout-constrained\">\n<h5 class=\"wp-block-heading\">OBJ-4<\/h5>\n\n\n\n<p class=\"has-small-font-size\" id=\"block-0d8ac6e3-a55e-4986-bc7f-4938b50c7069\">Project coordination and management, as well as dissemination of results.&nbsp;<\/p>\n<\/div><\/div>\n<\/div><\/div>\n\n\n\n<hr class=\"wp-block-separator has-alpha-channel-opacity is-style-wide\" \/>\n\n\n\n<h4 class=\"wp-block-heading alignwide has-text-align-center\" id=\"members\">Members<\/h4>\n\n\n\n<div class=\"wp-block-group alignwide is-nowrap is-layout-flex wp-container-core-group-is-layout-64989fb1 wp-block-group-is-layout-flex\">\n<div class=\"wp-block-columns is-layout-flex wp-container-core-columns-is-layout-9d6595d7 wp-block-columns-is-layout-flex\">\n<div class=\"wp-block-column is-layout-flow wp-block-column-is-layout-flow\" style=\"flex-basis:100%\">\n<figure class=\"wp-block-image is-resized\"><img loading=\"lazy\" decoding=\"async\" width=\"225\" height=\"300\" src=\"https:\/\/blog.uclm.es\/grupoise\/wp-content\/uploads\/sites\/171\/2024\/10\/jagallud-web-edited-1.jpg\" alt=\"\" class=\"wp-image-476\" style=\"width:225px;height:auto\" \/><\/figure>\n\n\n\n<p class=\"has-text-align-center\"><strong>Jose A. Gallud<\/strong><\/p>\n<\/div>\n<\/div>\n\n\n\n<div class=\"wp-block-columns is-layout-flex wp-container-core-columns-is-layout-9d6595d7 wp-block-columns-is-layout-flex\">\n<div class=\"wp-block-column is-layout-flow wp-block-column-is-layout-flow\" style=\"flex-basis:100%\">\n<figure class=\"wp-block-image size-full\"><img loading=\"lazy\" decoding=\"async\" width=\"225\" height=\"300\" src=\"https:\/\/blog.uclm.es\/grupoise\/wp-content\/uploads\/sites\/171\/2024\/10\/maria-web2-edited.jpg\" alt=\"\" class=\"wp-image-474\" \/><\/figure>\n\n\n\n<p class=\"has-text-align-center\"><strong>Maria D. Lozano<\/strong><\/p>\n<\/div>\n<\/div>\n\n\n\n<div class=\"wp-block-columns is-layout-flex wp-container-core-columns-is-layout-9d6595d7 wp-block-columns-is-layout-flex\">\n<div class=\"wp-block-column is-layout-flow wp-block-column-is-layout-flow\" style=\"flex-basis:100%\">\n<figure class=\"wp-block-image size-full\"><img loading=\"lazy\" decoding=\"async\" width=\"225\" height=\"300\" src=\"https:\/\/blog.uclm.es\/grupoise\/wp-content\/uploads\/sites\/171\/2024\/10\/anonymous-ise-edited.png\" alt=\"\" class=\"wp-image-477\" \/><\/figure>\n\n\n\n<p class=\"has-text-align-center\"><strong>Victor M. Ruiz Penichet<\/strong><\/p>\n<\/div>\n<\/div>\n\n\n\n<div class=\"wp-block-columns is-layout-flex wp-container-core-columns-is-layout-9d6595d7 wp-block-columns-is-layout-flex\">\n<div class=\"wp-block-column is-layout-flow wp-block-column-is-layout-flow\" style=\"flex-basis:100%\">\n<figure class=\"wp-block-image size-full\"><img loading=\"lazy\" decoding=\"async\" width=\"225\" height=\"300\" src=\"https:\/\/blog.uclm.es\/grupoise\/wp-content\/uploads\/sites\/171\/2024\/10\/rtesoriero-web-edited.jpg\" alt=\"\" class=\"wp-image-473\" \/><\/figure>\n\n\n\n<p class=\"has-text-align-center\"><strong>Ricardo Tesoriero Pszytula<\/strong><\/p>\n<\/div>\n<\/div>\n\n\n\n<div class=\"wp-block-columns is-layout-flex wp-container-core-columns-is-layout-9d6595d7 wp-block-columns-is-layout-flex\">\n<div class=\"wp-block-column is-layout-flow wp-block-column-is-layout-flow\" style=\"flex-basis:100%\">\n<figure class=\"wp-block-image size-full\"><img loading=\"lazy\" decoding=\"async\" width=\"225\" height=\"300\" src=\"https:\/\/blog.uclm.es\/grupoise\/wp-content\/uploads\/sites\/171\/2024\/10\/gabi-edited.jpg\" alt=\"\" class=\"wp-image-478\" \/><\/figure>\n\n\n\n<p class=\"has-text-align-center\"><strong>Gabriel Sebastian Rivera<\/strong><\/p>\n<\/div>\n<\/div>\n<\/div>\n\n\n\n<p><\/p>\n","protected":false},"excerpt":{"rendered":"<p>Innovaciones tecnol\u00f3gicas para mejorar la experiencia interactiva de los sistemas software aplicados en terapias de rehabilitaci\u00f3n y t\u00e9cnicas de evaluaci\u00f3n cognitiva Abstract The main objective of this project is to develop technological innovations to enhance the interactive experience in software systems applied to improving rehabilitation, stimulation, and medical evaluation techniques. The improvement of the interactive [&hellip;]<\/p>\n","protected":false},"author":583,"featured_media":0,"parent":592,"menu_order":0,"comment_status":"closed","ping_status":"closed","template":"","meta":{"footnotes":""},"class_list":["post-595","page","type-page","status-publish","hentry"],"_links":{"self":[{"href":"https:\/\/blog.uclm.es\/grupoise\/wp-json\/wp\/v2\/pages\/595","targetHints":{"allow":["GET"]}}],"collection":[{"href":"https:\/\/blog.uclm.es\/grupoise\/wp-json\/wp\/v2\/pages"}],"about":[{"href":"https:\/\/blog.uclm.es\/grupoise\/wp-json\/wp\/v2\/types\/page"}],"author":[{"embeddable":true,"href":"https:\/\/blog.uclm.es\/grupoise\/wp-json\/wp\/v2\/users\/583"}],"replies":[{"embeddable":true,"href":"https:\/\/blog.uclm.es\/grupoise\/wp-json\/wp\/v2\/comments?post=595"}],"version-history":[{"count":20,"href":"https:\/\/blog.uclm.es\/grupoise\/wp-json\/wp\/v2\/pages\/595\/revisions"}],"predecessor-version":[{"id":671,"href":"https:\/\/blog.uclm.es\/grupoise\/wp-json\/wp\/v2\/pages\/595\/revisions\/671"}],"up":[{"embeddable":true,"href":"https:\/\/blog.uclm.es\/grupoise\/wp-json\/wp\/v2\/pages\/592"}],"wp:attachment":[{"href":"https:\/\/blog.uclm.es\/grupoise\/wp-json\/wp\/v2\/media?parent=595"}],"curies":[{"name":"wp","href":"https:\/\/api.w.org\/{rel}","templated":true}]}}