{"id":592,"date":"2024-10-31T12:07:03","date_gmt":"2024-10-31T11:07:03","guid":{"rendered":"https:\/\/blog.uclm.es\/grupoise\/?page_id=592"},"modified":"2024-11-04T10:19:32","modified_gmt":"2024-11-04T09:19:32","slug":"transfer","status":"publish","type":"page","link":"https:\/\/blog.uclm.es\/grupoise\/transfer\/","title":{"rendered":"Transfer"},"content":{"rendered":"\n<p class=\"has-text-align-center\">This Transfer page highlights the group&#8217;s commitment to translating research findings into practical applications that benefit society. It serves as a platform for showcasing collaborative projects, technology transfers, and initiatives aimed at fostering innovation and enhancing real-world impact.<\/p>\n\n\n\n<div class=\"wp-block-group alignwide\"><div class=\"wp-block-group__inner-container is-layout-constrained wp-block-group-is-layout-constrained\">\n<div class=\"wp-block-columns is-layout-flex wp-container-core-columns-is-layout-9d6595d7 wp-block-columns-is-layout-flex\">\n<div class=\"wp-block-column is-layout-flow wp-block-column-is-layout-flow\" style=\"flex-basis:100%\">\n<div class=\"wp-block-cover\" style=\"min-height:431px;aspect-ratio:unset;\"><span aria-hidden=\"true\" class=\"wp-block-cover__background has-background-dim\"><\/span><img loading=\"lazy\" decoding=\"async\" width=\"225\" height=\"225\" class=\"wp-block-cover__image-background wp-image-611\" alt=\"\" src=\"https:\/\/blog.uclm.es\/grupoise\/wp-content\/uploads\/sites\/171\/2024\/10\/images.png\" data-object-fit=\"cover\" srcset=\"https:\/\/blog.uclm.es\/grupoise\/wp-content\/uploads\/sites\/171\/2024\/10\/images.png 225w, https:\/\/blog.uclm.es\/grupoise\/wp-content\/uploads\/sites\/171\/2024\/10\/images-150x150.png 150w\" sizes=\"auto, (max-width: 225px) 100vw, 225px\" \/><div class=\"wp-block-cover__inner-container is-layout-flow wp-block-cover-is-layout-flow\">\n<p class=\"has-text-align-center has-large-font-size\"><strong>Innovaciones Tecnol\u00f3gicas para Mejorar la Experiencia Interactiva de los Sistemas Software Aplicados en Terapias de Rehabilitaci\u00f3n y T\u00e9cnicas de Evaluaci\u00f3n Cognitiva<\/strong><\/p>\n<\/div><\/div>\n\n\n\n<div class=\"wp-block-buttons alignfull is-content-justification-center is-layout-flex wp-container-core-buttons-is-layout-16018d1d wp-block-buttons-is-layout-flex\">\n<div class=\"wp-block-button is-style-outline is-style-outline--1\"><a class=\"wp-block-button__link wp-element-button\" href=\"https:\/\/blog.uclm.es\/grupoise\/transfer\/innovaciones-tecnologicas-terapias-rehabilitacion-evaluacion-cognitiva\/\">MORE<\/a><\/div>\n<\/div>\n<\/div>\n<\/div>\n<\/div><\/div>\n\n\n\n<div class=\"wp-block-cover\"><span aria-hidden=\"true\" class=\"wp-block-cover__background has-background-dim\"><\/span><img loading=\"lazy\" decoding=\"async\" width=\"721\" height=\"537\" class=\"wp-block-cover__image-background wp-image-648\" alt=\"\" src=\"https:\/\/blog.uclm.es\/grupoise\/wp-content\/uploads\/sites\/171\/2024\/10\/cancer-de-mama-e1730394025148.jpg\" data-object-fit=\"cover\" srcset=\"https:\/\/blog.uclm.es\/grupoise\/wp-content\/uploads\/sites\/171\/2024\/10\/cancer-de-mama-e1730394025148.jpg 721w, https:\/\/blog.uclm.es\/grupoise\/wp-content\/uploads\/sites\/171\/2024\/10\/cancer-de-mama-e1730394025148-300x223.jpg 300w\" sizes=\"auto, (max-width: 721px) 100vw, 721px\" \/><div class=\"wp-block-cover__inner-container is-layout-flow wp-block-cover-is-layout-flow\">\n<p class=\"has-text-align-center has-large-font-size\"><strong>Transferencia de la Aplicaci\u00f3n de Apoyo a Personas con C\u00e1ncer<br>de Mama MAIA<\/strong><\/p>\n<\/div><\/div>\n\n\n\n<div class=\"wp-block-group\"><div class=\"wp-block-group__inner-container is-layout-constrained wp-block-group-is-layout-constrained\">\n<div class=\"wp-block-buttons is-content-justification-center is-layout-flex wp-container-core-buttons-is-layout-16018d1d wp-block-buttons-is-layout-flex\">\n<div class=\"wp-block-button is-style-outline is-style-outline--2\"><a class=\"wp-block-button__link wp-element-button\" href=\"https:\/\/blog.uclm.es\/grupoise\/transfer\/transfer\/\">MORE<\/a><\/div>\n<\/div>\n<\/div><\/div>\n\n\n\n<div class=\"wp-block-group\"><div class=\"wp-block-group__inner-container is-layout-constrained wp-block-group-is-layout-constrained\">\n<div class=\"wp-block-cover\"><span aria-hidden=\"true\" class=\"wp-block-cover__background has-background-dim\"><\/span><img loading=\"lazy\" decoding=\"async\" width=\"1024\" height=\"682\" class=\"wp-block-cover__image-background wp-image-659\" alt=\"\" src=\"https:\/\/blog.uclm.es\/grupoise\/wp-content\/uploads\/sites\/171\/2024\/10\/tech-1024x682-1.jpg\" data-object-fit=\"cover\" srcset=\"https:\/\/blog.uclm.es\/grupoise\/wp-content\/uploads\/sites\/171\/2024\/10\/tech-1024x682-1.jpg 1024w, https:\/\/blog.uclm.es\/grupoise\/wp-content\/uploads\/sites\/171\/2024\/10\/tech-1024x682-1-300x200.jpg 300w, https:\/\/blog.uclm.es\/grupoise\/wp-content\/uploads\/sites\/171\/2024\/10\/tech-1024x682-1-768x512.jpg 768w\" sizes=\"auto, (max-width: 1024px) 100vw, 1024px\" \/><div class=\"wp-block-cover__inner-container is-layout-flow wp-block-cover-is-layout-flow\">\n<p class=\"has-text-align-center has-large-font-size\"><strong>Innovaciones tecnol\u00f3gicas para mejorar la experiencia de usuario de sistemas interactivos aplicados al campo de la salud y de la educaci\u00f3n<\/strong><\/p>\n<\/div><\/div>\n\n\n\n<div class=\"wp-block-buttons is-content-justification-center is-layout-flex wp-container-core-buttons-is-layout-16018d1d wp-block-buttons-is-layout-flex\">\n<div class=\"wp-block-button is-style-outline is-style-outline--3\"><a class=\"wp-block-button__link wp-element-button\" href=\"https:\/\/blog.uclm.es\/grupoise\/transfer\/technological-innovations-user-experience-interactive-systems-health-education\/\">MORE<\/a><\/div>\n<\/div>\n<\/div><\/div>\n\n\n\n<p><\/p>\n","protected":false},"excerpt":{"rendered":"<p>This Transfer page highlights the group&#8217;s commitment to translating research findings into practical applications that benefit society. It serves as a platform for showcasing collaborative projects, technology transfers, and initiatives aimed at fostering innovation and enhancing real-world impact.<\/p>\n","protected":false},"author":583,"featured_media":0,"parent":0,"menu_order":0,"comment_status":"closed","ping_status":"closed","template":"","meta":{"footnotes":""},"class_list":["post-592","page","type-page","status-publish","hentry"],"_links":{"self":[{"href":"https:\/\/blog.uclm.es\/grupoise\/wp-json\/wp\/v2\/pages\/592","targetHints":{"allow":["GET"]}}],"collection":[{"href":"https:\/\/blog.uclm.es\/grupoise\/wp-json\/wp\/v2\/pages"}],"about":[{"href":"https:\/\/blog.uclm.es\/grupoise\/wp-json\/wp\/v2\/types\/page"}],"author":[{"embeddable":true,"href":"https:\/\/blog.uclm.es\/grupoise\/wp-json\/wp\/v2\/users\/583"}],"replies":[{"embeddable":true,"href":"https:\/\/blog.uclm.es\/grupoise\/wp-json\/wp\/v2\/comments?post=592"}],"version-history":[{"count":10,"href":"https:\/\/blog.uclm.es\/grupoise\/wp-json\/wp\/v2\/pages\/592\/revisions"}],"predecessor-version":[{"id":680,"href":"https:\/\/blog.uclm.es\/grupoise\/wp-json\/wp\/v2\/pages\/592\/revisions\/680"}],"wp:attachment":[{"href":"https:\/\/blog.uclm.es\/grupoise\/wp-json\/wp\/v2\/media?parent=592"}],"curies":[{"name":"wp","href":"https:\/\/api.w.org\/{rel}","templated":true}]}}