{"id":408,"date":"2024-10-29T20:34:14","date_gmt":"2024-10-29T19:34:14","guid":{"rendered":"https:\/\/blog.uclm.es\/grupoise\/?page_id=408"},"modified":"2025-12-05T11:32:41","modified_gmt":"2025-12-05T10:32:41","slug":"members","status":"publish","type":"page","link":"https:\/\/blog.uclm.es\/grupoise\/members\/","title":{"rendered":"Members"},"content":{"rendered":"\n<div class=\"wp-block-group alignwide is-content-justification-space-between is-nowrap is-layout-flex wp-container-core-group-is-layout-eaacdc6a wp-block-group-is-layout-flex\">\n<div class=\"wp-block-columns is-layout-flex wp-container-core-columns-is-layout-9d6595d7 wp-block-columns-is-layout-flex\">\n<div class=\"wp-block-column is-layout-flow wp-block-column-is-layout-flow\" style=\"flex-basis:100%\">\n<figure class=\"wp-block-image size-full\"><img loading=\"lazy\" decoding=\"async\" width=\"225\" height=\"300\" src=\"https:\/\/blog.uclm.es\/grupoise\/wp-content\/uploads\/sites\/171\/2024\/10\/maria-web2-edited.jpg\" alt=\"\" class=\"wp-image-474\" \/><\/figure>\n\n\n\n<p class=\"has-text-align-center\"><strong>Mar\u00eda D. Lozano<\/strong><br>maria.lozano@uclm.es<\/p>\n<\/div>\n<\/div>\n\n\n\n<div class=\"wp-block-columns is-layout-flex wp-container-core-columns-is-layout-9d6595d7 wp-block-columns-is-layout-flex\">\n<div class=\"wp-block-column is-layout-flow wp-block-column-is-layout-flow\" style=\"flex-basis:100%\">\n<figure class=\"wp-block-image size-full\"><img loading=\"lazy\" decoding=\"async\" width=\"225\" height=\"300\" src=\"https:\/\/blog.uclm.es\/grupoise\/wp-content\/uploads\/sites\/171\/2024\/10\/jagallud-web-edited-1.jpg\" alt=\"\" class=\"wp-image-476\" \/><\/figure>\n\n\n\n<p class=\"has-text-align-center\"><strong>Jos\u00e9 A. Gallud<\/strong><br>jose.gallud@uclm.es<\/p>\n<\/div>\n<\/div>\n\n\n\n<div class=\"wp-block-columns is-layout-flex wp-container-core-columns-is-layout-9d6595d7 wp-block-columns-is-layout-flex\">\n<div class=\"wp-block-column is-layout-flow wp-block-column-is-layout-flow\" style=\"flex-basis:100%\">\n<figure class=\"wp-block-image size-full is-resized\"><img loading=\"lazy\" decoding=\"async\" width=\"504\" height=\"672\" src=\"https:\/\/blog.uclm.es\/grupoise\/wp-content\/uploads\/sites\/171\/2025\/12\/Victor-2-edited.jpg\" alt=\"\" class=\"wp-image-716\" style=\"width:225px;height:300px\" srcset=\"https:\/\/blog.uclm.es\/grupoise\/wp-content\/uploads\/sites\/171\/2025\/12\/Victor-2-edited.jpg 504w, https:\/\/blog.uclm.es\/grupoise\/wp-content\/uploads\/sites\/171\/2025\/12\/Victor-2-edited-225x300.jpg 225w\" sizes=\"auto, (max-width: 504px) 100vw, 504px\" \/><\/figure>\n\n\n\n<p class=\"has-text-align-center\"><strong>V\u00edctor M. Ruiz Penichet<\/strong><br>victor.penichet@uclm.es<\/p>\n<\/div>\n<\/div>\n\n\n\n<div class=\"wp-block-columns is-layout-flex wp-container-core-columns-is-layout-9d6595d7 wp-block-columns-is-layout-flex\">\n<div class=\"wp-block-column is-layout-flow wp-block-column-is-layout-flow\" style=\"flex-basis:100%\">\n<figure class=\"wp-block-image size-full\"><img loading=\"lazy\" decoding=\"async\" width=\"225\" height=\"300\" src=\"https:\/\/blog.uclm.es\/grupoise\/wp-content\/uploads\/sites\/171\/2024\/10\/gabi-edited.jpg\" alt=\"\" class=\"wp-image-478\" \/><\/figure>\n\n\n\n<p class=\"has-text-align-center\"><strong>Gabriel Sebasti\u00e1n Rivera<\/strong><br>gabriel.sebastian@uclm.es<\/p>\n<\/div>\n<\/div>\n<\/div>\n\n\n\n<div class=\"wp-block-group alignwide is-content-justification-space-between is-nowrap is-layout-flex wp-container-core-group-is-layout-480676bd wp-block-group-is-layout-flex\">\n<div class=\"wp-block-columns is-layout-flex wp-container-core-columns-is-layout-9d6595d7 wp-block-columns-is-layout-flex\">\n<div class=\"wp-block-column is-layout-flow wp-block-column-is-layout-flow\" style=\"flex-basis:100%\">\n<figure class=\"wp-block-image size-full is-resized\"><img loading=\"lazy\" decoding=\"async\" width=\"225\" height=\"300\" src=\"https:\/\/blog.uclm.es\/grupoise\/wp-content\/uploads\/sites\/171\/2024\/10\/rtesoriero-web-edited.jpg\" alt=\"\" class=\"wp-image-473\" style=\"width:224px;height:auto\" \/><\/figure>\n\n\n\n<p class=\"has-text-align-center\"><strong>Ricardo Tesoriero<\/strong> <strong>Pszytula<\/strong><br>ricardo.tesoriero@uclm.es<\/p>\n<\/div>\n<\/div>\n\n\n\n<div class=\"wp-block-columns is-layout-flex wp-container-core-columns-is-layout-9d6595d7 wp-block-columns-is-layout-flex\">\n<div class=\"wp-block-column is-layout-flow wp-block-column-is-layout-flow\" style=\"flex-basis:100%\">\n<figure class=\"wp-block-image size-full\"><img loading=\"lazy\" decoding=\"async\" width=\"225\" height=\"300\" src=\"https:\/\/blog.uclm.es\/grupoise\/wp-content\/uploads\/sites\/171\/2024\/10\/juanen-edited-1.jpg\" alt=\"\" class=\"wp-image-472\" \/><\/figure>\n\n\n\n<p class=\"has-text-align-center\"><strong>Juan Enrique Garrido<\/strong><br>juanenrique.garrido@uclm.es<\/p>\n<\/div>\n<\/div>\n\n\n\n<div class=\"wp-block-columns is-layout-flex wp-container-core-columns-is-layout-9d6595d7 wp-block-columns-is-layout-flex\">\n<div class=\"wp-block-column is-layout-flow wp-block-column-is-layout-flow\" style=\"flex-basis:100%\">\n<figure class=\"wp-block-image size-full is-resized\"><img loading=\"lazy\" decoding=\"async\" width=\"828\" height=\"1104\" src=\"https:\/\/blog.uclm.es\/grupoise\/wp-content\/uploads\/sites\/171\/2024\/10\/14d0dd9e-1ecd-47bf-ab93-d91abf2e9708-edited.jpg\" alt=\"\" class=\"wp-image-502\" style=\"width:223px;height:auto\" srcset=\"https:\/\/blog.uclm.es\/grupoise\/wp-content\/uploads\/sites\/171\/2024\/10\/14d0dd9e-1ecd-47bf-ab93-d91abf2e9708-edited.jpg 828w, https:\/\/blog.uclm.es\/grupoise\/wp-content\/uploads\/sites\/171\/2024\/10\/14d0dd9e-1ecd-47bf-ab93-d91abf2e9708-edited-225x300.jpg 225w, https:\/\/blog.uclm.es\/grupoise\/wp-content\/uploads\/sites\/171\/2024\/10\/14d0dd9e-1ecd-47bf-ab93-d91abf2e9708-edited-768x1024.jpg 768w\" sizes=\"auto, (max-width: 828px) 100vw, 828px\" \/><\/figure>\n\n\n\n<p class=\"has-text-align-center\"><strong>Javier Jim\u00e9nez-Honrado<\/strong><br>javier.jhonrado@uclm.es<\/p>\n<\/div>\n<\/div>\n\n\n\n<div class=\"wp-block-columns is-layout-flex wp-container-core-columns-is-layout-9d6595d7 wp-block-columns-is-layout-flex\">\n<div class=\"wp-block-column is-layout-flow wp-block-column-is-layout-flow\" style=\"flex-basis:100%\">\n<figure class=\"wp-block-image size-full is-resized is-style-default\"><img loading=\"lazy\" decoding=\"async\" width=\"1199\" height=\"1600\" src=\"https:\/\/blog.uclm.es\/grupoise\/wp-content\/uploads\/sites\/171\/2024\/10\/2e6b5be6-1a03-46b9-a651-fb78d531ff03.jpg\" alt=\"\" class=\"wp-image-488\" style=\"width:224px;height:auto\" srcset=\"https:\/\/blog.uclm.es\/grupoise\/wp-content\/uploads\/sites\/171\/2024\/10\/2e6b5be6-1a03-46b9-a651-fb78d531ff03.jpg 1199w, https:\/\/blog.uclm.es\/grupoise\/wp-content\/uploads\/sites\/171\/2024\/10\/2e6b5be6-1a03-46b9-a651-fb78d531ff03-225x300.jpg 225w, https:\/\/blog.uclm.es\/grupoise\/wp-content\/uploads\/sites\/171\/2024\/10\/2e6b5be6-1a03-46b9-a651-fb78d531ff03-767x1024.jpg 767w, https:\/\/blog.uclm.es\/grupoise\/wp-content\/uploads\/sites\/171\/2024\/10\/2e6b5be6-1a03-46b9-a651-fb78d531ff03-768x1025.jpg 768w, https:\/\/blog.uclm.es\/grupoise\/wp-content\/uploads\/sites\/171\/2024\/10\/2e6b5be6-1a03-46b9-a651-fb78d531ff03-1151x1536.jpg 1151w\" sizes=\"auto, (max-width: 1199px) 100vw, 1199px\" \/><\/figure>\n\n\n\n<p class=\"has-text-align-center\"> <strong>Felipe  Costa-Tebar<\/strong>  <br>          felipe.costa@uclm.es          <\/p>\n<\/div>\n<\/div>\n<\/div>\n\n\n\n<div class=\"wp-block-group alignwide is-content-justification-space-between is-nowrap is-layout-flex wp-container-core-group-is-layout-480676bd wp-block-group-is-layout-flex\">\n<div class=\"wp-block-columns is-layout-flex wp-container-core-columns-is-layout-9d6595d7 wp-block-columns-is-layout-flex\">\n<div class=\"wp-block-column is-layout-flow wp-block-column-is-layout-flow\" style=\"flex-basis:100%\">\n<figure class=\"wp-block-image size-full is-resized\"><img loading=\"lazy\" decoding=\"async\" width=\"1920\" height=\"2560\" src=\"https:\/\/blog.uclm.es\/grupoise\/wp-content\/uploads\/sites\/171\/2024\/10\/4b3e0e61-0c91-4d3c-8105-5d684eec84a1-edited-scaled.jpg\" alt=\"\" class=\"wp-image-485\" style=\"width:236px;height:auto\" srcset=\"https:\/\/blog.uclm.es\/grupoise\/wp-content\/uploads\/sites\/171\/2024\/10\/4b3e0e61-0c91-4d3c-8105-5d684eec84a1-edited-scaled.jpg 1920w, https:\/\/blog.uclm.es\/grupoise\/wp-content\/uploads\/sites\/171\/2024\/10\/4b3e0e61-0c91-4d3c-8105-5d684eec84a1-edited-225x300.jpg 225w, https:\/\/blog.uclm.es\/grupoise\/wp-content\/uploads\/sites\/171\/2024\/10\/4b3e0e61-0c91-4d3c-8105-5d684eec84a1-edited-768x1024.jpg 768w, https:\/\/blog.uclm.es\/grupoise\/wp-content\/uploads\/sites\/171\/2024\/10\/4b3e0e61-0c91-4d3c-8105-5d684eec84a1-edited-1152x1536.jpg 1152w, https:\/\/blog.uclm.es\/grupoise\/wp-content\/uploads\/sites\/171\/2024\/10\/4b3e0e61-0c91-4d3c-8105-5d684eec84a1-edited-1536x2048.jpg 1536w, https:\/\/blog.uclm.es\/grupoise\/wp-content\/uploads\/sites\/171\/2024\/10\/4b3e0e61-0c91-4d3c-8105-5d684eec84a1-edited-1200x1600.jpg 1200w, https:\/\/blog.uclm.es\/grupoise\/wp-content\/uploads\/sites\/171\/2024\/10\/4b3e0e61-0c91-4d3c-8105-5d684eec84a1-edited-1980x2640.jpg 1980w\" sizes=\"auto, (max-width: 1920px) 100vw, 1920px\" \/><\/figure>\n\n\n\n<p class=\"has-text-align-center\"><strong>Bel\u00e9n Luna Lorente<\/strong><br>belen.lunalorente@uclm.es<\/p>\n<\/div>\n<\/div>\n\n\n\n<div class=\"wp-block-columns is-layout-flex wp-container-core-columns-is-layout-9d6595d7 wp-block-columns-is-layout-flex\">\n<div class=\"wp-block-column is-layout-flow wp-block-column-is-layout-flow\" style=\"flex-basis:100%\">\n<figure class=\"wp-block-image size-full is-resized\"><img loading=\"lazy\" decoding=\"async\" width=\"768\" height=\"1024\" src=\"https:\/\/blog.uclm.es\/grupoise\/wp-content\/uploads\/sites\/171\/2024\/10\/854fae98-0890-40b3-8130-52c7dc71775c-edited-1.jpg\" alt=\"\" class=\"wp-image-494\" style=\"width:235px;height:auto\" srcset=\"https:\/\/blog.uclm.es\/grupoise\/wp-content\/uploads\/sites\/171\/2024\/10\/854fae98-0890-40b3-8130-52c7dc71775c-edited-1.jpg 768w, https:\/\/blog.uclm.es\/grupoise\/wp-content\/uploads\/sites\/171\/2024\/10\/854fae98-0890-40b3-8130-52c7dc71775c-edited-1-225x300.jpg 225w\" sizes=\"auto, (max-width: 768px) 100vw, 768px\" \/><\/figure>\n\n\n\n<p class=\"has-text-align-center\"><strong>Luc\u00eda Polo Mart\u00ednez<\/strong><br>lucia.polo@uclm.es<\/p>\n<\/div>\n<\/div>\n\n\n\n<div class=\"wp-block-columns is-layout-flex wp-container-core-columns-is-layout-9d6595d7 wp-block-columns-is-layout-flex\">\n<div class=\"wp-block-column is-layout-flow wp-block-column-is-layout-flow\" style=\"flex-basis:100%\">\n<figure class=\"wp-block-image size-full is-resized\"><img loading=\"lazy\" decoding=\"async\" width=\"270\" height=\"360\" src=\"https:\/\/blog.uclm.es\/grupoise\/wp-content\/uploads\/sites\/171\/2024\/10\/458c5791-c6df-4f2a-8f55-ccc7e68c0654-1-edited.jpg\" alt=\"\" class=\"wp-image-497\" style=\"width:233px;height:auto\" srcset=\"https:\/\/blog.uclm.es\/grupoise\/wp-content\/uploads\/sites\/171\/2024\/10\/458c5791-c6df-4f2a-8f55-ccc7e68c0654-1-edited.jpg 270w, https:\/\/blog.uclm.es\/grupoise\/wp-content\/uploads\/sites\/171\/2024\/10\/458c5791-c6df-4f2a-8f55-ccc7e68c0654-1-edited-225x300.jpg 225w\" sizes=\"auto, (max-width: 270px) 100vw, 270px\" \/><\/figure>\n\n\n\n<p class=\"has-text-align-center\"><strong>Alejandro Navarro<\/strong><br>alejandro.navarro@uclm.es<\/p>\n<\/div>\n<\/div>\n\n\n\n<div class=\"wp-block-columns is-layout-flex wp-container-core-columns-is-layout-9d6595d7 wp-block-columns-is-layout-flex\">\n<div class=\"wp-block-column is-layout-flow wp-block-column-is-layout-flow\" style=\"flex-basis:100%\">\n<figure class=\"wp-block-image size-full\"><img loading=\"lazy\" decoding=\"async\" width=\"225\" height=\"300\" src=\"https:\/\/blog.uclm.es\/grupoise\/wp-content\/uploads\/sites\/171\/2024\/10\/anonymous-ise-edited.png\" alt=\"\" class=\"wp-image-477\" \/><\/figure>\n\n\n\n<p class=\"has-text-align-center\"><strong>Llanos Vergara Picazo<\/strong><br>llanos.vergara@uclm.es<\/p>\n<\/div>\n<\/div>\n<\/div>\n\n\n\n<p><\/p>\n","protected":false},"excerpt":{"rendered":"<p>Mar\u00eda D. Lozanomaria.lozano@uclm.es Jos\u00e9 A. Galludjose.gallud@uclm.es V\u00edctor M. Ruiz Penichetvictor.penichet@uclm.es Gabriel Sebasti\u00e1n Riveragabriel.sebastian@uclm.es Ricardo Tesoriero Pszytularicardo.tesoriero@uclm.es Juan Enrique Garridojuanenrique.garrido@uclm.es Javier Jim\u00e9nez-Honradojavier.jhonrado@uclm.es Felipe Costa-Tebar felipe.costa@uclm.es Bel\u00e9n Luna Lorentebelen.lunalorente@uclm.es Luc\u00eda Polo Mart\u00ednezlucia.polo@uclm.es Alejandro Navarroalejandro.navarro@uclm.es Llanos Vergara Picazollanos.vergara@uclm.es<\/p>\n","protected":false},"author":583,"featured_media":0,"parent":0,"menu_order":0,"comment_status":"closed","ping_status":"closed","template":"","meta":{"footnotes":""},"class_list":["post-408","page","type-page","status-publish","hentry"],"_links":{"self":[{"href":"https:\/\/blog.uclm.es\/grupoise\/wp-json\/wp\/v2\/pages\/408","targetHints":{"allow":["GET"]}}],"collection":[{"href":"https:\/\/blog.uclm.es\/grupoise\/wp-json\/wp\/v2\/pages"}],"about":[{"href":"https:\/\/blog.uclm.es\/grupoise\/wp-json\/wp\/v2\/types\/page"}],"author":[{"embeddable":true,"href":"https:\/\/blog.uclm.es\/grupoise\/wp-json\/wp\/v2\/users\/583"}],"replies":[{"embeddable":true,"href":"https:\/\/blog.uclm.es\/grupoise\/wp-json\/wp\/v2\/comments?post=408"}],"version-history":[{"count":47,"href":"https:\/\/blog.uclm.es\/grupoise\/wp-json\/wp\/v2\/pages\/408\/revisions"}],"predecessor-version":[{"id":727,"href":"https:\/\/blog.uclm.es\/grupoise\/wp-json\/wp\/v2\/pages\/408\/revisions\/727"}],"wp:attachment":[{"href":"https:\/\/blog.uclm.es\/grupoise\/wp-json\/wp\/v2\/media?parent=408"}],"curies":[{"name":"wp","href":"https:\/\/api.w.org\/{rel}","templated":true}]}}