{"id":391,"date":"2024-10-29T19:36:53","date_gmt":"2024-10-29T18:36:53","guid":{"rendered":"https:\/\/blog.uclm.es\/grupoise\/?page_id=391"},"modified":"2024-10-29T20:11:57","modified_gmt":"2024-10-29T19:11:57","slug":"phd-tesis","status":"publish","type":"page","link":"https:\/\/blog.uclm.es\/grupoise\/reasearch\/phd-tesis\/","title":{"rendered":"PhD Tesis"},"content":{"rendered":"\n<p class=\"has-text-align-center\">This section presents an overview of the doctoral theses completed within our research group. Each thesis reflects the depth and rigor of research conducted by our doctoral candidates, contributing significant advancements to our core areas of study. Through these dissertations, our group addresses complex challenges and explores innovative solutions, strengthening the academic foundation and practical applications within our disciplines. These works not only embody the dedication and expertise of our researchers but also serve as valuable references for future investigations.<\/p>\n\n\n\n<div class=\"wp-block-cover alignfull\" style=\"min-height:365px;aspect-ratio:unset;\"><span aria-hidden=\"true\" class=\"wp-block-cover__background has-background-dim\"><\/span><div class=\"wp-block-cover__inner-container is-layout-flow wp-block-cover-is-layout-flow\">\n<div class=\"wp-block-group\"><div class=\"wp-block-group__inner-container is-layout-constrained wp-block-group-is-layout-constrained\">\n<h5 class=\"wp-block-heading alignfull\">2023<\/h5>\n\n\n\n<ul class=\"wp-block-list\">\n<li><strong>Title:<\/strong> Proceso de Desarrollo para la Generaci\u00f3n de Aplicaciones con Interfaces Distribuidas Aplicadas a Evaluaci\u00f3n Cognitiva<\/li>\n\n\n\n<li><strong>Author:<\/strong> Cristian Cuerda Gonzalez<\/li>\n\n\n\n<li><strong>Supervised by: <\/strong>Jos\u00e9 Antonio Gallud L\u00e1zaro and Ricardo Tesoriero Pszytula<\/li>\n<\/ul>\n<\/div><\/div>\n<\/div><\/div>\n\n\n\n<h5 class=\"wp-block-heading\">2022<\/h5>\n\n\n\n<ul class=\"wp-block-list\">\n<li><strong>Title:<\/strong> Mecanismos de Interacci\u00f3n Enriquecidos con T\u00e9cnicas de Computaci\u00f3n Afectiva<\/li>\n\n\n\n<li><strong>Author:<\/strong> Jose Maria Garcia Garcia<\/li>\n\n\n\n<li><strong>Supervised by: <\/strong>Mar\u00eda Dolores Lozano P\u00e9rez and V\u00edctor Manuel Ruiz Penichet<\/li>\n<\/ul>\n\n\n\n<div class=\"wp-block-cover alignfull\" style=\"min-height:305px;aspect-ratio:unset;\"><span aria-hidden=\"true\" class=\"wp-block-cover__background has-background-dim\"><\/span><div class=\"wp-block-cover__inner-container is-layout-flow wp-block-cover-is-layout-flow\">\n<div class=\"wp-block-group\"><div class=\"wp-block-group__inner-container is-layout-constrained wp-block-group-is-layout-constrained\">\n<h5 class=\"wp-block-heading\">2020<\/h5>\n\n\n\n<ul class=\"wp-block-list\">\n<li><strong>Title:<\/strong> Arquitectura Dirigida por Modelos Aplicada al Desarrollo de Metodolog\u00edas de Aprendizaje de Idiomas<\/li>\n\n\n\n<li><strong>Author:<\/strong> Gabriel Sebastian Rivera<\/li>\n\n\n\n<li><strong>Supervised by: <\/strong>Jos\u00e9 Antonio Gallud L\u00e1zaro and Ricardo Tesoriero Pszytula<\/li>\n<\/ul>\n<\/div><\/div>\n<\/div><\/div>\n\n\n\n<h5 class=\"wp-block-heading\">2017<\/h5>\n\n\n\n<ul class=\"wp-block-list\">\n<li><strong>Title:<\/strong> Gesti\u00f3n Din\u00e1mica de la Interacci\u00f3n en Aplicaciones Web<\/li>\n\n\n\n<li><strong>Author:<\/strong> Felix Albertos Marco<\/li>\n\n\n\n<li><strong>Supervised by: <\/strong>Jos\u00e9 Antonio Gallud L\u00e1zaro and V\u00edctor Manuel Ruiz Penichet<\/li>\n<\/ul>\n\n\n\n<div class=\"wp-block-cover alignfull\" style=\"min-height:610px;aspect-ratio:unset;\"><span aria-hidden=\"true\" class=\"wp-block-cover__background has-background-dim\"><\/span><div class=\"wp-block-cover__inner-container is-layout-flow wp-block-cover-is-layout-flow\">\n<div class=\"wp-block-group\"><div class=\"wp-block-group__inner-container is-layout-constrained wp-block-group-is-layout-constrained\">\n<h5 class=\"wp-block-heading\">2016<\/h5>\n\n\n\n<ul class=\"wp-block-list\">\n<li><strong>Title:<\/strong> Positive Reinforcement Social Networks: Online Social Interactions to Measure, Analyse and Improve Academic Outcomes<\/li>\n\n\n\n<li><strong>Author:<\/strong> Sebastian Romero Lopez<\/li>\n\n\n\n<li><strong>Supervised by: <\/strong>Habib Moussa Fardoun, Jos\u00e9 Antonio Gallud L\u00e1zaro and V\u00edctor Manuel Ruiz Penichet<\/li>\n<\/ul>\n\n\n\n<hr class=\"wp-block-separator has-alpha-channel-opacity\" \/>\n\n\n\n<ul class=\"wp-block-list\">\n<li><strong>Title:<\/strong> DTUI: Dise\u00f1o de Entornos Basados en Interfaces de Usuario Distribuidas y Tangibles<\/li>\n\n\n\n<li><strong>Author:<\/strong> Maria Elena de la Guia Cantero<\/li>\n\n\n\n<li><strong>Supervised by: <\/strong>Mar\u00eda Dolores Lozano P\u00e9rez and V\u00edctor Manuel Ruiz Penichet<\/li>\n<\/ul>\n<\/div><\/div>\n<\/div><\/div>\n\n\n\n<h5 class=\"wp-block-heading\">2014<\/h5>\n\n\n\n<div class=\"wp-block-group\"><div class=\"wp-block-group__inner-container is-layout-constrained wp-block-group-is-layout-constrained\">\n<ul class=\"wp-block-list\">\n<li><strong>Title:<\/strong> Distributable User Interfaces<\/li>\n\n\n\n<li><strong>Author:<\/strong> Pedro Gonzalez Villanueva<\/li>\n\n\n\n<li><strong>Supervised by: <\/strong>Jos\u00e9 Antonio Gallud L\u00e1zaro and Ricardo Tesoriero Pszytula<\/li>\n<\/ul>\n\n\n\n<hr class=\"wp-block-separator has-alpha-channel-opacity\" \/>\n\n\n\n<ul class=\"wp-block-list\">\n<li><strong>Title:<\/strong> Solucion Integral para Mejorar la Colaboraci\u00f3n y el Awareness en Entornos Healthcare Ubicuos y Sensibles al Contexto<\/li>\n\n\n\n<li><strong>Author:<\/strong> &nbsp;Juan Enrique Garrido Navarro<\/li>\n\n\n\n<li><strong>Supervised by:<\/strong> Mar\u00eda Dolores Lozano P\u00e9rez and V\u00edctor Manuel Ruiz Penichet<\/li>\n<\/ul>\n<\/div><\/div>\n","protected":false},"excerpt":{"rendered":"<p>This section presents an overview of the doctoral theses completed within our research group. Each thesis reflects the depth and rigor of research conducted by our doctoral candidates, contributing significant advancements to our core areas of study. Through these dissertations, our group addresses complex challenges and explores innovative solutions, strengthening the academic foundation and practical [&hellip;]<\/p>\n","protected":false},"author":583,"featured_media":0,"parent":343,"menu_order":0,"comment_status":"closed","ping_status":"closed","template":"","meta":{"footnotes":""},"class_list":["post-391","page","type-page","status-publish","hentry"],"_links":{"self":[{"href":"https:\/\/blog.uclm.es\/grupoise\/wp-json\/wp\/v2\/pages\/391","targetHints":{"allow":["GET"]}}],"collection":[{"href":"https:\/\/blog.uclm.es\/grupoise\/wp-json\/wp\/v2\/pages"}],"about":[{"href":"https:\/\/blog.uclm.es\/grupoise\/wp-json\/wp\/v2\/types\/page"}],"author":[{"embeddable":true,"href":"https:\/\/blog.uclm.es\/grupoise\/wp-json\/wp\/v2\/users\/583"}],"replies":[{"embeddable":true,"href":"https:\/\/blog.uclm.es\/grupoise\/wp-json\/wp\/v2\/comments?post=391"}],"version-history":[{"count":9,"href":"https:\/\/blog.uclm.es\/grupoise\/wp-json\/wp\/v2\/pages\/391\/revisions"}],"predecessor-version":[{"id":626,"href":"https:\/\/blog.uclm.es\/grupoise\/wp-json\/wp\/v2\/pages\/391\/revisions\/626"}],"up":[{"embeddable":true,"href":"https:\/\/blog.uclm.es\/grupoise\/wp-json\/wp\/v2\/pages\/343"}],"wp:attachment":[{"href":"https:\/\/blog.uclm.es\/grupoise\/wp-json\/wp\/v2\/media?parent=391"}],"curies":[{"name":"wp","href":"https:\/\/api.w.org\/{rel}","templated":true}]}}